{"id":148563,"date":"2021-06-08T23:12:50","date_gmt":"2021-06-09T04:12:50","guid":{"rendered":"https:\/\/www.acrartex.com\/registrar-baliza\/"},"modified":"2025-07-07T08:53:30","modified_gmt":"2025-07-07T13:53:30","slug":"registrar-baliza","status":"publish","type":"page","link":"https:\/\/www.acrartex.com\/es\/registrar-baliza\/","title":{"rendered":"Registrar baliza"},"content":{"rendered":"\n<p>Registrar su EPIRB de 406 MHz, Personal Locator Beacon ( PLB ) y Emergency Locator Transmitter ( ELT ) es crucial para maximizar su eficacia en situaciones de emergencia. El registro garantiza que la informaci\u00f3n vital sobre usted y su embarcaci\u00f3n, o sus datos personales, est\u00e9 f\u00e1cilmente disponible para las autoridades de b\u00fasqueda y rescate en caso de emergencia. Esto incluye informaci\u00f3n de contacto, caracter\u00edsticas de la embarcaci\u00f3n y contactos de emergencia, lo que permite una respuesta m\u00e1s r\u00e1pida y precisa. Adem\u00e1s, el registro ayuda a prevenir falsas alarmas, ya que permite a las autoridades verificar r\u00e1pidamente las se\u00f1ales de socorro y priorizar las respuestas. Con el simple hecho de registrar su radiobaliza de emergencia, aumenta significativamente la probabilidad de \u00e9xito de una operaci\u00f3n de rescate y contribuye a la seguridad mar\u00edtima en general.    <\/p>\n","protected":false},"excerpt":{"rendered":"<p>Registrar su EPIRB de 406 MHz, Personal Locator Beacon ( PLB ) y Emergency Locator Transmitter ( ELT ) es crucial para maximizar su eficacia en situaciones de emergencia. El registro garantiza que la informaci\u00f3n vital sobre usted y su embarcaci\u00f3n, o sus datos personales, est\u00e9 f\u00e1cilmente disponible para las autoridades de b\u00fasqueda y rescate [&hellip;]<\/p>\n","protected":false},"author":8,"featured_media":0,"parent":0,"menu_order":0,"comment_status":"closed","ping_status":"closed","template":"","meta":{"_acf_changed":false,"om_disable_all_campaigns":false,"footnotes":""},"class_list":["post-148563","page","type-page","status-publish","hentry"],"acf":[],"_links":{"self":[{"href":"https:\/\/www.acrartex.com\/es\/wp-json\/wp\/v2\/pages\/148563","targetHints":{"allow":["GET"]}}],"collection":[{"href":"https:\/\/www.acrartex.com\/es\/wp-json\/wp\/v2\/pages"}],"about":[{"href":"https:\/\/www.acrartex.com\/es\/wp-json\/wp\/v2\/types\/page"}],"author":[{"embeddable":true,"href":"https:\/\/www.acrartex.com\/es\/wp-json\/wp\/v2\/users\/8"}],"replies":[{"embeddable":true,"href":"https:\/\/www.acrartex.com\/es\/wp-json\/wp\/v2\/comments?post=148563"}],"version-history":[{"count":1,"href":"https:\/\/www.acrartex.com\/es\/wp-json\/wp\/v2\/pages\/148563\/revisions"}],"predecessor-version":[{"id":148569,"href":"https:\/\/www.acrartex.com\/es\/wp-json\/wp\/v2\/pages\/148563\/revisions\/148569"}],"wp:attachment":[{"href":"https:\/\/www.acrartex.com\/es\/wp-json\/wp\/v2\/media?parent=148563"}],"curies":[{"name":"wp","href":"https:\/\/api.w.org\/{rel}","templated":true}]}}