{"id":146909,"date":"2021-02-12T16:04:28","date_gmt":"2021-02-12T21:04:28","guid":{"rendered":"https:\/\/www.acrartex.com\/compania\/"},"modified":"2025-07-07T06:04:09","modified_gmt":"2025-07-07T11:04:09","slug":"compania","status":"publish","type":"page","link":"https:\/\/www.acrartex.com\/es\/compania\/","title":{"rendered":"Compa\u00f1\u00eda"},"content":{"rendered":"\n<div class=\"wp-block-group about-us-block\"><div class=\"wp-block-group__inner-container is-layout-flow wp-block-group-is-layout-flow\">\n<h2 class=\"wp-block-heading\"><span style=\"color:#1a1818\" class=\"has-inline-color\">SOBRE NOSOTROS<\/span><\/h2>\n\n\n\n<p><span style=\"color:#1a1818\" class=\"has-inline-color\">ACR Electronics , Inc. es el centro l\u00edder en el desarrollo de balizas de emergencia dise\u00f1adas con un solo prop\u00f3sito: salvar vidas. Gracias a nuestra experiencia tecnol\u00f3gica combinada en los mercados <a href=\"https:\/\/www.acrartex.com\/product-category\/marine\/\">mar\u00edtimo<\/a> , <a href=\"http:\/\/www.artex.com\">aeron\u00e1utico<\/a> , <a href=\"https:\/\/www.acrartex.com\/product-category\/outdoor\/\">de actividades al aire libre<\/a> y militar, dise\u00f1amos y fabricamos balizas de rescate y equipos de supervivencia de vanguardia para navegantes, pilotos, cazadores, excursionistas, escaladores, ciclistas y tropas de combate, adem\u00e1s de muchos de los principales constructores de embarcaciones y fabricantes de aeronaves del sector. <\/span><\/p>\n\n\n\n<p><span style=\"color:#1a1818\" class=\"has-inline-color\">Desde 1956, la amplia gama de productos de supervivencia de ACR ha sido la favorita de la NASA, las Fuerzas Armadas de EE. UU., la Guardia Costera de EE. UU. y exploradores y aventureros de todo el mundo. Con una amplia gama de productos, desde transmisores de localizaci\u00f3n de emergencia y balizas de rescate hasta las linternas especiales utilizadas en el Apolo 13 tras su explosi\u00f3n a bordo, ACR fabrica productos dise\u00f1ados para un rendimiento \u00f3ptimo en expediciones de todos los tama\u00f1os. <\/span><\/p>\n<\/div><\/div>\n\n<div class=\"wp-block-group links-block\"><div class=\"wp-block-group__inner-container is-layout-flow wp-block-group-is-layout-flow\">\n<div class=\"wp-block-buttons is-layout-flex wp-block-buttons-is-layout-flex\">\n<div class=\"wp-block-button\"><a class=\"wp-block-button__link\" href=\"http:\/\/www.acrartex.com\/capabilities\/\">Nuestras capacidades<\/a><\/div>\n\n\n\n<div class=\"wp-block-button\"><a class=\"wp-block-button__link\" href=\"http:\/\/www.acrartex.com\/quality\/\">Sistema de gesti\u00f3n de calidad<\/a><\/div>\n\n\n\n<div class=\"wp-block-button\"><a class=\"wp-block-button__link\" href=\"http:\/\/www.acrartex.com\/use-of-conflict-minerals\/\">Uso de materiales de conflicto<\/a><\/div>\n\n\n\n<div class=\"wp-block-button\"><a class=\"wp-block-button__link\" href=\"http:\/\/www.acrartex.com\/reach-rohs-compliance\/\">Cumplir con la normativa ROHS<\/a><\/div>\n<\/div>\n<\/div><\/div>\n\n<h2 class=\"wp-block-heading\" id=\"h-our-brands\">Nuestras marcas<\/h2>\n\n<div class=\"wp-block-group brands-block\"><div class=\"wp-block-group__inner-container is-layout-flow wp-block-group-is-layout-flow\">\n<div class=\"wp-block-group brand-item-block\"><div class=\"wp-block-group__inner-container is-layout-flow wp-block-group-is-layout-flow\">\n<div class=\"wp-block-image is-style-default\"><figure class=\"aligncenter size-large is-resized\"><a href=\"www.artex.com\" target=\"_blank\" rel=\"noopener noreferrer\"><img loading=\"lazy\" decoding=\"async\" src=\"https:\/\/www.acrartex.com\/wp-content\/uploads\/2021\/02\/artex_logo_gray-1-1024x297.png\" alt=\"\" class=\"wp-image-356\" width=\"512\" height=\"149\" srcset=\"https:\/\/www.acrartex.com\/wp-content\/uploads\/2021\/02\/artex_logo_gray-1-1024x297.png 1024w, https:\/\/www.acrartex.com\/wp-content\/uploads\/2021\/02\/artex_logo_gray-1-300x87.png 300w, https:\/\/www.acrartex.com\/wp-content\/uploads\/2021\/02\/artex_logo_gray-1-768x223.png 768w, https:\/\/www.acrartex.com\/wp-content\/uploads\/2021\/02\/artex_logo_gray-1-1536x446.png 1536w, https:\/\/www.acrartex.com\/wp-content\/uploads\/2021\/02\/artex_logo_gray-1-2048x595.png 2048w, https:\/\/www.acrartex.com\/wp-content\/uploads\/2021\/02\/artex_logo_gray-1-600x174.png 600w\" sizes=\"auto, (max-width: 512px) 100vw, 512px\" \/><\/a><\/figure><\/div>\n\n\n\n<p>ARTEX dise\u00f1a y fabrica una amplia gama de Transmisores de Localizaci\u00f3n de Emergencia (ELT) para aplicaciones de aviaci\u00f3n general, comercial y militar, as\u00ed como paquetes de bater\u00edas y accesorios ELT . ARTEX es una empresa global, con clientes que abarcan desde pilotos privados hasta los mayores fabricantes de fuselajes, aerol\u00edneas y gobiernos del mundo. <\/p>\n\n\n\n<p>Para obtener m\u00e1s informaci\u00f3n, visite <a href=\"http:\/\/www.ARTEX.com\" data-type=\"URL\" data-id=\"http:\/\/www.ARTEX.com\" target=\"_blank\" rel=\"noreferrer noopener\">ARTEX<\/a><\/p>\n<\/div><\/div>\n\n\n\n<div class=\"wp-block-group brand-item-block\"><div class=\"wp-block-group__inner-container is-layout-flow wp-block-group-is-layout-flow\">\n<div class=\"wp-block-image is-style-default\"><figure class=\"aligncenter size-large is-resized\"><a href=\"https:\/\/www.oceansignal.com\" target=\"_blank\" rel=\"noopener noreferrer\"><img loading=\"lazy\" decoding=\"async\" src=\"https:\/\/www.acrartex.com\/wp-content\/uploads\/2021\/02\/OSL_logo-gray-1024x610.png\" alt=\"\" class=\"wp-image-353\" width=\"256\" height=\"153\" srcset=\"https:\/\/www.acrartex.com\/wp-content\/uploads\/2021\/02\/OSL_logo-gray-1024x610.png 1024w, https:\/\/www.acrartex.com\/wp-content\/uploads\/2021\/02\/OSL_logo-gray-300x179.png 300w, https:\/\/www.acrartex.com\/wp-content\/uploads\/2021\/02\/OSL_logo-gray-768x457.png 768w, https:\/\/www.acrartex.com\/wp-content\/uploads\/2021\/02\/OSL_logo-gray-1536x914.png 1536w, https:\/\/www.acrartex.com\/wp-content\/uploads\/2021\/02\/OSL_logo-gray-2048x1219.png 2048w, https:\/\/www.acrartex.com\/wp-content\/uploads\/2021\/02\/OSL_logo-gray-600x357.png 600w\" sizes=\"auto, (max-width: 256px) 100vw, 256px\" \/><\/a><\/figure><\/div>\n\n\n\n<p>Ocean Signal dise\u00f1a y fabrica productos de seguridad y comunicaci\u00f3n excepcionales que cumplen o superan constantemente los est\u00e1ndares t\u00e9cnicos y de seguridad internacionales. Todos los productos Ocean Signal se desarrollan mediante un dise\u00f1o cuidadoso e innovaci\u00f3n, garantizando a todos los usuarios que sus equipos siempre estar\u00e1n listos para usar, independientemente de la situaci\u00f3n. <\/p>\n\n\n\n<p>Para obtener m\u00e1s informaci\u00f3n, visite <a href=\"http:\/\/www.oceansignal.com\" data-type=\"URL\" data-id=\"www.oceansignal.com\">www.oceansignal.com<\/a><\/p>\n<\/div><\/div>\n\n\n\n<div class=\"wp-block-group brand-item-block\"><div class=\"wp-block-group__inner-container is-layout-flow wp-block-group-is-layout-flow\">\n<div class=\"wp-block-image is-style-default\"><figure class=\"aligncenter size-large is-resized\"><a href=\"https:\/\/www.uml.co.uk\/\" target=\"_blank\" rel=\"noopener noreferrer\"><img loading=\"lazy\" decoding=\"async\" src=\"https:\/\/www.acrartex.com\/wp-content\/uploads\/2021\/02\/UML_logo_gray-1024x1024.png\" alt=\"\" class=\"wp-image-355\" width=\"256\" height=\"256\" srcset=\"https:\/\/www.acrartex.com\/wp-content\/uploads\/2021\/02\/UML_logo_gray-1024x1024.png 1024w, https:\/\/www.acrartex.com\/wp-content\/uploads\/2021\/02\/UML_logo_gray-300x300.png 300w, https:\/\/www.acrartex.com\/wp-content\/uploads\/2021\/02\/UML_logo_gray-150x150.png 150w, https:\/\/www.acrartex.com\/wp-content\/uploads\/2021\/02\/UML_logo_gray-768x768.png 768w, https:\/\/www.acrartex.com\/wp-content\/uploads\/2021\/02\/UML_logo_gray-1536x1536.png 1536w, https:\/\/www.acrartex.com\/wp-content\/uploads\/2021\/02\/UML_logo_gray-2048x2048.png 2048w, https:\/\/www.acrartex.com\/wp-content\/uploads\/2021\/02\/UML_logo_gray-600x600.png 600w, https:\/\/www.acrartex.com\/wp-content\/uploads\/2021\/02\/UML_logo_gray-100x100.png 100w\" sizes=\"auto, (max-width: 256px) 100vw, 256px\" \/><\/a><\/figure><\/div>\n\n\n\n<p>United Moulders Ltd (UML) dise\u00f1a y fabrica una l\u00ednea completa de sistemas de inflado de chalecos salvavidas aprobados seg\u00fan ISO 12402-7 que se utilizan ampliamente en los sectores de ocio, comercial y militar.  <\/p>\n\n\n\n<p>Para obtener m\u00e1s informaci\u00f3n, visite <a href=\"http:\/\/www.UML.co.uk.\" data-type=\"URL\" data-id=\"www.UML.co.uk.\">www.UML.co.uk.<\/a><\/p>\n<\/div><\/div>\n<\/div><\/div>\n","protected":false},"excerpt":{"rendered":"<p>Nuestras marcas ARTEX dise\u00f1a y fabrica una amplia gama de Transmisores de Localizaci\u00f3n de Emergencia (ELT) para aplicaciones de aviaci\u00f3n general, comercial y militar, as\u00ed como paquetes de bater\u00edas y accesorios ELT . ARTEX es una empresa global, con clientes que abarcan desde pilotos privados hasta los mayores fabricantes de fuselajes, aerol\u00edneas y gobiernos del [&hellip;]<\/p>\n","protected":false},"author":1,"featured_media":0,"parent":0,"menu_order":0,"comment_status":"closed","ping_status":"closed","template":"pagetemplate-company.php","meta":{"_acf_changed":false,"om_disable_all_campaigns":false,"footnotes":""},"class_list":["post-146909","page","type-page","status-publish","hentry"],"acf":[],"_links":{"self":[{"href":"https:\/\/www.acrartex.com\/es\/wp-json\/wp\/v2\/pages\/146909","targetHints":{"allow":["GET"]}}],"collection":[{"href":"https:\/\/www.acrartex.com\/es\/wp-json\/wp\/v2\/pages"}],"about":[{"href":"https:\/\/www.acrartex.com\/es\/wp-json\/wp\/v2\/types\/page"}],"author":[{"embeddable":true,"href":"https:\/\/www.acrartex.com\/es\/wp-json\/wp\/v2\/users\/1"}],"replies":[{"embeddable":true,"href":"https:\/\/www.acrartex.com\/es\/wp-json\/wp\/v2\/comments?post=146909"}],"version-history":[{"count":1,"href":"https:\/\/www.acrartex.com\/es\/wp-json\/wp\/v2\/pages\/146909\/revisions"}],"predecessor-version":[{"id":146913,"href":"https:\/\/www.acrartex.com\/es\/wp-json\/wp\/v2\/pages\/146909\/revisions\/146913"}],"wp:attachment":[{"href":"https:\/\/www.acrartex.com\/es\/wp-json\/wp\/v2\/media?parent=146909"}],"curies":[{"name":"wp","href":"https:\/\/api.w.org\/{rel}","templated":true}]}}