{"id":146857,"date":"2021-02-26T09:20:08","date_gmt":"2021-02-26T14:20:08","guid":{"rendered":"https:\/\/www.acrartex.com\/calidad\/"},"modified":"2025-07-07T06:01:03","modified_gmt":"2025-07-07T11:01:03","slug":"calidad","status":"publish","type":"page","link":"https:\/\/www.acrartex.com\/es\/calidad\/","title":{"rendered":"Calidad"},"content":{"rendered":"\n<p>En ACR \/Artex, fabricamos productos de calidad con la certeza de que se utilizan para salvar vidas. En nuestra empresa, la ciencia lo es todo: proporciona leyes, procesos y resultados fiables que utilizamos para superar con \u00e9xito lo impredecible. La existencia de nuestra empresa se basa en el principio de la mejora continua. Somos exigentes, detallistas y precisos. Nunca nos oir\u00e1 disculparnos por ser demasiado meticulosos y obsesionados con la calidad. Dedicamos much\u00edsimo tiempo a encontrar nuevas maneras de desafiar nuestros productos, porque creemos que nuestros clientes merecen lo mejor. Dise\u00f1amos productos para superar cualquier normativa que nos impongan las agencias gubernamentales. En otras palabras, nuestros esfuerzos de prueba a menudo comienzan donde terminan las normas gubernamentales. Para nosotros, la calidad significa conocer la composici\u00f3n qu\u00edmica y met\u00e1lica exacta de cada componente de cada uno de nuestros productos. Significa desarrollar pruebas para validar cada afirmaci\u00f3n que hacemos. Significa rechazar de plano cualquier tasa de fallo que nuestros competidores consideren aceptable. En resumen, si no es lo mejor, no es ACR \/Artex. SISTEMA DE GESTI\u00d3N DE CALIDAD Todas las actividades de ACR Electronics , Inc ( ACR \/Artex) est\u00e1n sujetas a la supervisi\u00f3n de la Administraci\u00f3n Federal de Aviaci\u00f3n (FAA) y a auditor\u00edas peri\u00f3dicas seg\u00fan las Regulaciones Federales de Aviaci\u00f3n (FAR). El Sistema de Gesti\u00f3n de Calidad (QMS) ACR est\u00e1 documentado en un Manual de Calidad y procedimientos aprobados por la FAA. Los productos ELT de Artex est\u00e1n aprobados por la FAA seg\u00fan las \u00d3rdenes T\u00e9cnicas Est\u00e1ndar (TSO), la cualificaci\u00f3n europea correspondiente, ETSO, y otros organismos de aprobaci\u00f3n regionales. Para servir mejor a nuestros clientes, ACR \/Artex cuenta con una Estaci\u00f3n de Reparaci\u00f3n contratada aprobada por FAR-145, sujeta a la aprobaci\u00f3n y supervisi\u00f3n independientes de la FAA. Para cumplir con los requisitos de nuestros clientes OEM, ACR \/Artex ha registrado su QMS seg\u00fan las normas internacionales de sistemas de calidad AS9100D (Aeroespacial) e ISO-9001:2015. El Registrador de ACR es TUV USA, Inc. y figura en la base de datos del Sistema de Informaci\u00f3n de Proveedores Aeroespaciales en L\u00ednea (IAQG-OASIS).                 <\/p>\n\n<figure class=\"wp-block-image size-large\"><a href=\"https:\/\/www.acrartex.com\/wp-content\/uploads\/2022\/03\/image.png\"><img loading=\"lazy\" decoding=\"async\" width=\"1024\" height=\"111\" src=\"https:\/\/www.acrartex.com\/wp-content\/uploads\/2022\/03\/image-1024x111.png\" alt=\"\" class=\"wp-image-28338\" srcset=\"https:\/\/www.acrartex.com\/wp-content\/uploads\/2022\/03\/image-1024x111.png 1024w, https:\/\/www.acrartex.com\/wp-content\/uploads\/2022\/03\/image-300x32.png 300w, https:\/\/www.acrartex.com\/wp-content\/uploads\/2022\/03\/image-768x83.png 768w, https:\/\/www.acrartex.com\/wp-content\/uploads\/2022\/03\/image-600x65.png 600w, https:\/\/www.acrartex.com\/wp-content\/uploads\/2022\/03\/image.png 1339w\" sizes=\"auto, (max-width: 1024px) 100vw, 1024px\" \/><\/a><\/figure>\n\n<p><strong>Certificaciones de calidad:<\/strong><\/p>\n\n<p class=\"has-vivid-cyan-blue-color has-text-color\"><a href=\"https:\/\/www.dropbox.com\/scl\/fi\/v5ydoa395w61i3hb47e8e\/ISO-9001-and-AS9100D-Certification.pdf?rlkey=rigwfe1zbfejlavr32ovnocfi&amp;st=8vv015y7&amp;dl=1\">Certificaci\u00f3n ISO 9001 y AS9100D<\/a><\/p>\n\n<p class=\"has-vivid-cyan-blue-color has-text-color\"><a href=\"https:\/\/www.dropbox.com\/scl\/fi\/bj7464lwwz577bvvvuzfo\/FAA-Air-Agency-Certificate_Manufacturer-Maintenance-Facility.pdf?rlkey=ncqrwf5xvba8eystumuox5iqd&amp;dl=1\">Certificado de Agencia A\u00e9rea de la FAA (Instalaci\u00f3n de Mantenimiento del Fabricante)<\/a><\/p>\n\n<p class=\"has-vivid-cyan-blue-color has-text-color\"><a href=\"https:\/\/www.dropbox.com\/scl\/fi\/m1mtjkp8v5tdgi4oh2fbn\/FAA-Air-Agency-Certificate_Repair-Station.pdf?rlkey=jblwgu85vrjp3xhp8590ssb17&amp;dl=1\">Certificado de Agencia A\u00e9rea de la FAA (Estaci\u00f3n de Reparaci\u00f3n)<\/a><\/p>\n\n<p class=\"has-vivid-cyan-blue-color has-text-color\"><a href=\"https:\/\/www.dropbox.com\/scl\/fi\/dh8quhkwvbp0tetyiudah\/FAA_Operations-Specifications.pdf?rlkey=odkhobvjvzjzu6ddwne4xmhyo&amp;dl=1\">Especificaciones de operaciones de la FAA<\/a><\/p>\n\n<p class=\"has-vivid-cyan-blue-color has-text-color\"><a href=\"https:\/\/www.dropbox.com\/scl\/fi\/ssjmpyvgrgushnbb1diln\/EASA-Part-145__Approval-Renewal__pg-1-2___Expires-_01-June-2026.pdf?rlkey=v92tqo9evrpwgujiq6rbk9shy&amp;st=kg2trlrv&amp;dl=1\">Certificado de aprobaci\u00f3n EASA Parte 145<\/a><\/p>\n","protected":false},"excerpt":{"rendered":"<p>En ACR \/Artex, fabricamos productos de calidad con la certeza de que se utilizan para salvar vidas. En nuestra empresa, la ciencia lo es todo: proporciona leyes, procesos y resultados fiables que utilizamos para superar con \u00e9xito lo impredecible. La existencia de nuestra empresa se basa en el principio de la mejora continua. Somos exigentes, [&hellip;]<\/p>\n","protected":false},"author":2,"featured_media":0,"parent":0,"menu_order":0,"comment_status":"closed","ping_status":"closed","template":"","meta":{"_acf_changed":false,"om_disable_all_campaigns":false,"footnotes":""},"class_list":["post-146857","page","type-page","status-publish","hentry"],"acf":[],"_links":{"self":[{"href":"https:\/\/www.acrartex.com\/es\/wp-json\/wp\/v2\/pages\/146857","targetHints":{"allow":["GET"]}}],"collection":[{"href":"https:\/\/www.acrartex.com\/es\/wp-json\/wp\/v2\/pages"}],"about":[{"href":"https:\/\/www.acrartex.com\/es\/wp-json\/wp\/v2\/types\/page"}],"author":[{"embeddable":true,"href":"https:\/\/www.acrartex.com\/es\/wp-json\/wp\/v2\/users\/2"}],"replies":[{"embeddable":true,"href":"https:\/\/www.acrartex.com\/es\/wp-json\/wp\/v2\/comments?post=146857"}],"version-history":[{"count":1,"href":"https:\/\/www.acrartex.com\/es\/wp-json\/wp\/v2\/pages\/146857\/revisions"}],"predecessor-version":[{"id":146860,"href":"https:\/\/www.acrartex.com\/es\/wp-json\/wp\/v2\/pages\/146857\/revisions\/146860"}],"wp:attachment":[{"href":"https:\/\/www.acrartex.com\/es\/wp-json\/wp\/v2\/media?parent=146857"}],"curies":[{"name":"wp","href":"https:\/\/api.w.org\/{rel}","templated":true}]}}