{"id":146609,"date":"2021-11-11T11:19:29","date_gmt":"2021-11-11T16:19:29","guid":{"rendered":"https:\/\/www.acrartex.com\/prueba-406\/"},"modified":"2026-03-06T09:01:04","modified_gmt":"2026-03-06T14:01:04","slug":"prueba-406","status":"publish","type":"page","link":"https:\/\/www.acrartex.com\/es\/prueba-406\/","title":{"rendered":"Prueba 406"},"content":{"rendered":"\n<div class=\"wp-block-cover is-light\" style=\"min-height:230px;aspect-ratio:unset;\"><img loading=\"lazy\" decoding=\"async\" width=\"2560\" height=\"933\" class=\"wp-block-cover__image-background wp-image-22643\" alt=\"\" src=\"https:\/\/www.acrartex.com\/wp-content\/uploads\/2021\/08\/406Test-Landing-Page-Banner-2-scaled.jpg\" data-object-fit=\"cover\" srcset=\"https:\/\/www.acrartex.com\/wp-content\/uploads\/2021\/08\/406Test-Landing-Page-Banner-2-scaled.jpg 2560w, https:\/\/www.acrartex.com\/wp-content\/uploads\/2021\/08\/406Test-Landing-Page-Banner-2-300x109.jpg 300w, https:\/\/www.acrartex.com\/wp-content\/uploads\/2021\/08\/406Test-Landing-Page-Banner-2-1024x373.jpg 1024w, https:\/\/www.acrartex.com\/wp-content\/uploads\/2021\/08\/406Test-Landing-Page-Banner-2-768x280.jpg 768w, https:\/\/www.acrartex.com\/wp-content\/uploads\/2021\/08\/406Test-Landing-Page-Banner-2-1536x560.jpg 1536w, https:\/\/www.acrartex.com\/wp-content\/uploads\/2021\/08\/406Test-Landing-Page-Banner-2-2048x747.jpg 2048w, https:\/\/www.acrartex.com\/wp-content\/uploads\/2021\/08\/406Test-Landing-Page-Banner-2-600x219.jpg 600w\" sizes=\"auto, (max-width: 2560px) 100vw, 2560px\" \/><span aria-hidden=\"true\" class=\"wp-block-cover__background has-background-dim-10 has-background-dim\"><\/span><div class=\"wp-block-cover__inner-container is-layout-flow wp-block-cover-is-layout-flow\">\n<div class=\"wp-block-media-text alignwide is-stacked-on-mobile\" style=\"grid-template-columns:26% auto\"><figure class=\"wp-block-media-text__media\"><img loading=\"lazy\" decoding=\"async\" width=\"306\" height=\"336\" src=\"https:\/\/www.acrartex.com\/wp-content\/uploads\/2021\/08\/406Test-Logo-Basic.png\" alt=\"\" class=\"wp-image-22645 size-full\" srcset=\"https:\/\/www.acrartex.com\/wp-content\/uploads\/2021\/08\/406Test-Logo-Basic.png 306w, https:\/\/www.acrartex.com\/wp-content\/uploads\/2021\/08\/406Test-Logo-Basic-273x300.png 273w\" sizes=\"auto, (max-width: 306px) 100vw, 306px\" \/><\/figure><div class=\"wp-block-media-text__content\">\n<p class=\"has-white-color has-text-color has-large-font-size\"><strong>AUTOPRUEBA DE SAT\u00c9LITES Y GESTI\u00d3N DE BALIZAS<\/strong><\/p>\n<\/div><\/div>\n\n\n\n<div class=\"wp-block-buttons is-horizontal is-content-justification-center is-layout-flex wp-container-core-buttons-is-layout-499968f5 wp-block-buttons-is-layout-flex\">\n<div class=\"wp-block-button has-custom-width wp-block-button__width-50\"><a class=\"wp-block-button__link has-text-color has-background wp-element-button\" href=\"https:\/\/www.acrartex.com\/?post_type=product&amp;p=9901\" style=\"color:#3a3a3a;background:linear-gradient(175deg,rgb(202,248,128) 0%,rgb(207,234,0) 100%)\" rel=\"\"><strong>SUSCR\u00cdBETE AHORA<\/strong><\/a><\/div>\n<\/div>\n<\/div><\/div>\n\n<p class=\"has-vivid-red-color has-text-color has-link-color has-medium-font-size wp-elements-3a7d53e3e4937807484bb8ef317d05d6\"><strong>NOTA: EL SERVICIO DE SUSCRIPCI\u00d3N 406TEST AL QUE SE HACE REFERENCIA EN ESTA P\u00c1GINA HA SIDO DESCONTINUADO. Lamentablemente, no ofrecemos soluciones alternativas con capacidades similares. <\/strong><\/p>\n\n<h3 class=\"wp-block-heading\" id=\"h-406test-beacon-testing-reporting-subscription-service-for-elts\"><strong>Servicio de suscripci\u00f3n de informes de pruebas 406Test Beacon para ELT<\/strong><\/h3>\n\n<p>Con 406Test, puede probar su baliza a trav\u00e9s del sat\u00e9lite utilizando la funci\u00f3n de prueba del ELT de 406 MHz para cumplir con las inspecciones anuales y durante las instalaciones iniciales.<\/p>\n\n<p>Adem\u00e1s, nuestro sistema le avisa autom\u00e1ticamente cuando su aeronave debe realizar su inspecci\u00f3n anual y cu\u00e1ndo es el momento de inspeccionar su ELT .<\/p>\n\n<p>Actualmente, el aspecto m\u00e1s costoso de la certificaci\u00f3n ELT de 406 MHz es el costo inicial de todo el equipo de prueba necesario para garantizar el correcto funcionamiento de la baliza y la antena. Este equipo puede costar f\u00e1cilmente m\u00e1s de $5,000 para una instalaci\u00f3n preparada para probar ELT de 406 MHz, pero ya no es necesario. Con <em>406Test.com<\/em> , solo necesita el ELT instalado. Simplemente realice una autoprueba y reciba alertas instant\u00e1neas en su cuenta si la prueba es exitosa e imprima el certificado.   <\/p>\n\n<div class=\"wp-block-media-text alignwide is-stacked-on-mobile is-vertically-aligned-top\" style=\"grid-template-columns:38% auto\"><figure class=\"wp-block-media-text__media\"><img loading=\"lazy\" decoding=\"async\" width=\"300\" height=\"300\" src=\"https:\/\/www.acrartex.com\/wp-content\/uploads\/2021\/08\/406Test-Mobile-Highlight-1-300x300-1.gif\" alt=\"\" class=\"wp-image-22660 size-full\"\/><\/figure><div class=\"wp-block-media-text__content\">\n<p class=\"has-large-font-size\"><strong>Informes de pruebas a su alcance<\/strong><\/p>\n\n\n\n<p>Con 406Test, recibir\u00e1 un informe de prueba de baliza en formato PDF descargable y en vivo en su tel\u00e9fono, tableta y\/o computadora.<\/p>\n<\/div><\/div>\n\n<div class=\"wp-block-media-text alignwide has-media-on-the-right is-stacked-on-mobile is-vertically-aligned-top\" style=\"grid-template-columns:auto 38%\"><div class=\"wp-block-media-text__content\">\n<p class=\"has-large-font-size\"><strong>Cobertura en todo el continente<\/strong><\/p>\n\n\n\n<p>Mediante el uso de nuestro sistema de pruebas satelitales junto con el seguimiento de informes en l\u00ednea, 406Test ofrece pruebas satelitales solo en Am\u00e9rica del Norte y del Sur.<\/p>\n<\/div><figure class=\"wp-block-media-text__media\"><img loading=\"lazy\" decoding=\"async\" width=\"300\" height=\"300\" src=\"https:\/\/www.acrartex.com\/wp-content\/uploads\/2021\/08\/406Test-Map-Highlight-A2-300x300-1.jpg\" alt=\"\" class=\"wp-image-22662 size-full\" srcset=\"https:\/\/www.acrartex.com\/wp-content\/uploads\/2021\/08\/406Test-Map-Highlight-A2-300x300-1.jpg 300w, https:\/\/www.acrartex.com\/wp-content\/uploads\/2021\/08\/406Test-Map-Highlight-A2-300x300-1-150x150.jpg 150w, https:\/\/www.acrartex.com\/wp-content\/uploads\/2021\/08\/406Test-Map-Highlight-A2-300x300-1-100x100.jpg 100w\" sizes=\"auto, (max-width: 300px) 100vw, 300px\" \/><\/figure><\/div>\n\n<div class=\"wp-block-media-text alignwide is-stacked-on-mobile is-vertically-aligned-top\" style=\"grid-template-columns:38% auto\"><figure class=\"wp-block-media-text__media\"><img loading=\"lazy\" decoding=\"async\" width=\"300\" height=\"300\" src=\"https:\/\/www.acrartex.com\/wp-content\/uploads\/2021\/08\/406Test_-_ELT_Test_Sample_2_-_300x300.jpg\" alt=\"\" class=\"wp-image-22664 size-full\" srcset=\"https:\/\/www.acrartex.com\/wp-content\/uploads\/2021\/08\/406Test_-_ELT_Test_Sample_2_-_300x300.jpg 300w, https:\/\/www.acrartex.com\/wp-content\/uploads\/2021\/08\/406Test_-_ELT_Test_Sample_2_-_300x300-150x150.jpg 150w, https:\/\/www.acrartex.com\/wp-content\/uploads\/2021\/08\/406Test_-_ELT_Test_Sample_2_-_300x300-100x100.jpg 100w\" sizes=\"auto, (max-width: 300px) 100vw, 300px\" \/><\/figure><div class=\"wp-block-media-text__content\">\n<p class=\"has-large-font-size\"><strong>Informes de pruebas ELT<\/strong><\/p>\n\n\n\n<p>Cumplir con el cumplimiento de la instalaci\u00f3n inicial y las inspecciones anuales proporcionando informes de pruebas actualizados que se pueden exportar o imprimir.<\/p>\n<\/div><\/div>\n\n<div class=\"wp-block-buttons is-horizontal is-content-justification-center is-layout-flex wp-container-core-buttons-is-layout-499968f5 wp-block-buttons-is-layout-flex\">\n<div class=\"wp-block-button has-custom-width wp-block-button__width-50 is-style-fill\"><a class=\"wp-block-button__link has-text-color has-background wp-element-button\" style=\"color:#3a3a3a;background:linear-gradient(180deg,rgb(202,248,128) 0%,rgb(207,234,0) 100%)\"><strong>Descargar muestra del informe de prueba<\/strong><\/a><\/div>\n<\/div>\n\n<div class=\"wp-block-media-text alignwide has-media-on-the-right is-stacked-on-mobile\" style=\"grid-template-columns:auto 69%\"><div class=\"wp-block-media-text__content\"><div class=\"wp-block-image\">\n<figure class=\"aligncenter size-large is-resized\"><a href=\"https:\/\/www.acrartex.com\/wp-content\/uploads\/2021\/08\/406Test-Logo-Basic.png\"><img loading=\"lazy\" decoding=\"async\" width=\"306\" height=\"336\" src=\"https:\/\/www.acrartex.com\/wp-content\/uploads\/2021\/08\/406Test-Logo-Basic.png\" alt=\"\" class=\"wp-image-22645\" style=\"width:157px;height:173px\" srcset=\"https:\/\/www.acrartex.com\/wp-content\/uploads\/2021\/08\/406Test-Logo-Basic.png 306w, https:\/\/www.acrartex.com\/wp-content\/uploads\/2021\/08\/406Test-Logo-Basic-273x300.png 273w\" sizes=\"auto, (max-width: 306px) 100vw, 306px\" \/><\/a><\/figure>\n<\/div>\n\n\n<p class=\"has-medium-font-size\"><strong>Prueba de baliza en l\u00ednea 406Test<\/strong><\/p>\n\n\n\n<p class=\"has-normal-font-size\">Una soluci\u00f3n de pruebas eficiente y rentable. Compatible con todos los ELT y PLB ARTEX de 406 MHz. <\/p>\n<\/div><figure class=\"wp-block-media-text__media\"><img loading=\"lazy\" decoding=\"async\" width=\"969\" height=\"530\" src=\"https:\/\/www.acrartex.com\/wp-content\/uploads\/2021\/08\/406Test-Feature-Image.gif\" alt=\"\" class=\"wp-image-22667 size-full\"\/><\/figure><\/div>\n","protected":false},"excerpt":{"rendered":"<p>NOTA: EL SERVICIO DE SUSCRIPCI\u00d3N 406TEST AL QUE SE HACE REFERENCIA EN ESTA P\u00c1GINA HA SIDO DESCONTINUADO. Lamentablemente, no ofrecemos soluciones alternativas con capacidades similares. Servicio de suscripci\u00f3n de informes de pruebas 406Test Beacon para ELT Con 406Test, puede probar su baliza a trav\u00e9s del sat\u00e9lite utilizando la funci\u00f3n de prueba del ELT de 406 [&hellip;]<\/p>\n","protected":false},"author":22,"featured_media":146612,"parent":0,"menu_order":0,"comment_status":"closed","ping_status":"closed","template":"","meta":{"_acf_changed":false,"om_disable_all_campaigns":false,"footnotes":""},"class_list":["post-146609","page","type-page","status-publish","has-post-thumbnail","hentry"],"acf":[],"_links":{"self":[{"href":"https:\/\/www.acrartex.com\/es\/wp-json\/wp\/v2\/pages\/146609","targetHints":{"allow":["GET"]}}],"collection":[{"href":"https:\/\/www.acrartex.com\/es\/wp-json\/wp\/v2\/pages"}],"about":[{"href":"https:\/\/www.acrartex.com\/es\/wp-json\/wp\/v2\/types\/page"}],"author":[{"embeddable":true,"href":"https:\/\/www.acrartex.com\/es\/wp-json\/wp\/v2\/users\/22"}],"replies":[{"embeddable":true,"href":"https:\/\/www.acrartex.com\/es\/wp-json\/wp\/v2\/comments?post=146609"}],"version-history":[{"count":2,"href":"https:\/\/www.acrartex.com\/es\/wp-json\/wp\/v2\/pages\/146609\/revisions"}],"predecessor-version":[{"id":166520,"href":"https:\/\/www.acrartex.com\/es\/wp-json\/wp\/v2\/pages\/146609\/revisions\/166520"}],"wp:featuredmedia":[{"embeddable":true,"href":"https:\/\/www.acrartex.com\/es\/wp-json\/wp\/v2\/media\/146612"}],"wp:attachment":[{"href":"https:\/\/www.acrartex.com\/es\/wp-json\/wp\/v2\/media?parent=146609"}],"curies":[{"name":"wp","href":"https:\/\/api.w.org\/{rel}","templated":true}]}}