{"id":146450,"date":"2021-11-11T11:07:00","date_gmt":"2021-11-11T16:07:00","guid":{"rendered":"https:\/\/www.acrartex.com\/programacion-mob-de-aislink\/"},"modified":"2025-07-07T05:44:58","modified_gmt":"2025-07-07T10:44:58","slug":"programacion-mob-de-aislink","status":"publish","type":"page","link":"https:\/\/www.acrartex.com\/es\/programacion-mob-de-aislink\/","title":{"rendered":"Programaci\u00f3n MOB de AISLink"},"content":{"rendered":"\n<p>Esta p\u00e1gina proporciona descargas disponibles.<\/p>\n\n<p><\/p>\n\n<p>Utilice el enlace de descarga a continuaci\u00f3n para instalar el programa en su computadora con Windows o, alternativamente, utilice el enlace de inicio a continuaci\u00f3n para ejecutar la aplicaci\u00f3n como una p\u00e1gina web en sus computadoras, tabletas o tel\u00e9fonos.<\/p>\n\n<p>NOTA: Si tiene dificultades para programar su AISLink MOB , consulte la gu\u00eda de soluci\u00f3n de problemas, a la que puede acceder desde la p\u00e1gina de inicio del programa, presionando la tecla F1 en el programa descargable o haciendo clic en &#8220;Ayuda&#8221; en el programa web. La causa m\u00e1s com\u00fan de que el AISLink MOB no se programe es el brillo de la pantalla. Aseg\u00farese de que la pantalla est\u00e9 configurada al m\u00e1ximo brillo usando las teclas del teclado de su port\u00e1til o del monitor.  <\/p>\n\n<p>La versi\u00f3n del software descargable o basada en web disponible a continuaci\u00f3n es espec\u00edfica para las funciones DSC permitidas en el pa\u00eds desde donde accede a esta p\u00e1gina web.<\/p>\n\n<p><\/p>\n\n<h3 class=\"wp-block-heading\" id=\"h-downloadable-pc-software\">SOFTWARE PARA PC DESCARGABLE<a href=\"https:\/\/www.acrartex.com\/zone1-pc-software.zip\"><\/a><\/h3>\n\n<div class=\"wp-block-buttons is-layout-flex wp-block-buttons-is-layout-flex\">\n<div class=\"wp-block-button\"><a class=\"wp-block-button__link has-black-color has-text-color has-background\" href=\"https:\/\/www.dropbox.com\/s\/fo2qcyw0rx2l7ss\/zone1-pc-software.zip?dl=1\" style=\"background-color:#defa00\">Descargar software de programaci\u00f3n (Zona 1)<\/a><\/div>\n<\/div>\n\n<h3 class=\"wp-block-heading\">LANZAMIENTO DE SOFTWARE DE PROGRAMACI\u00d3N WEB<\/h3>\n\n<div class=\"wp-block-buttons is-layout-flex wp-block-buttons-is-layout-flex\">\n<div class=\"wp-block-button\"><a class=\"wp-block-button__link has-black-color has-text-color has-background\" href=\"https:\/\/old.acrartex.com\/support\/configure-aislink-mob\/program\" style=\"background-color:#defa00\">Lanzamiento de software de programaci\u00f3n web (Zona 1)<\/a><\/div>\n<\/div>\n\n<p><a href=\"https:\/\/www.acrartex.com\/support\/configure-aislink-mob\/program\"><\/a><\/p>\n","protected":false},"excerpt":{"rendered":"<p>Esta p\u00e1gina proporciona descargas disponibles. Utilice el enlace de descarga a continuaci\u00f3n para instalar el programa en su computadora con Windows o, alternativamente, utilice el enlace de inicio a continuaci\u00f3n para ejecutar la aplicaci\u00f3n como una p\u00e1gina web en sus computadoras, tabletas o tel\u00e9fonos. NOTA: Si tiene dificultades para programar su AISLink MOB , consulte [&hellip;]<\/p>\n","protected":false},"author":22,"featured_media":0,"parent":0,"menu_order":0,"comment_status":"closed","ping_status":"closed","template":"","meta":{"_acf_changed":false,"om_disable_all_campaigns":false,"footnotes":""},"class_list":["post-146450","page","type-page","status-publish","hentry"],"acf":[],"_links":{"self":[{"href":"https:\/\/www.acrartex.com\/es\/wp-json\/wp\/v2\/pages\/146450","targetHints":{"allow":["GET"]}}],"collection":[{"href":"https:\/\/www.acrartex.com\/es\/wp-json\/wp\/v2\/pages"}],"about":[{"href":"https:\/\/www.acrartex.com\/es\/wp-json\/wp\/v2\/types\/page"}],"author":[{"embeddable":true,"href":"https:\/\/www.acrartex.com\/es\/wp-json\/wp\/v2\/users\/22"}],"replies":[{"embeddable":true,"href":"https:\/\/www.acrartex.com\/es\/wp-json\/wp\/v2\/comments?post=146450"}],"version-history":[{"count":1,"href":"https:\/\/www.acrartex.com\/es\/wp-json\/wp\/v2\/pages\/146450\/revisions"}],"predecessor-version":[{"id":146453,"href":"https:\/\/www.acrartex.com\/es\/wp-json\/wp\/v2\/pages\/146450\/revisions\/146453"}],"wp:attachment":[{"href":"https:\/\/www.acrartex.com\/es\/wp-json\/wp\/v2\/media?parent=146450"}],"curies":[{"name":"wp","href":"https:\/\/api.w.org\/{rel}","templated":true}]}}