{"id":145561,"date":"2022-02-07T19:36:22","date_gmt":"2022-02-08T00:36:22","guid":{"rendered":"https:\/\/www.acrartex.com\/hangar-artex\/"},"modified":"2025-07-07T05:41:11","modified_gmt":"2025-07-07T10:41:11","slug":"hangar-artex","status":"publish","type":"page","link":"https:\/\/www.acrartex.com\/es\/hangar-artex\/","title":{"rendered":"HANGAR ARTEX"},"content":{"rendered":"\n<p>Nuevos productos, anuncios y m\u00e1s. Descubre las novedades de esta temporada con ARTEX . \u00a1Tu \u00faltima oportunidad!  <\/p>\n\n<h1 class=\"wp-block-heading\" id=\"h-product-highlights\">Aspectos destacados del producto<\/h1>\n\n<div class=\"wp-block-cover alignfull has-background-dim-70 has-background-dim has-parallax is-repeated\" style=\"background-image:url(https:\/\/www.acrartex.com\/wp-content\/uploads\/2022\/02\/iStock_000011186688XLarge.png);background-color:#000000;min-height:25vh;aspect-ratio:unset;\"><div class=\"wp-block-cover__inner-container is-layout-flow wp-block-cover-is-layout-flow\">\n<div class=\"wp-block-columns is-layout-flex wp-container-core-columns-is-layout-9d6595d7 wp-block-columns-is-layout-flex\">\n<div class=\"wp-block-column is-layout-flow wp-block-column-is-layout-flow\" style=\"flex-basis:66.66%\">\n<div class=\"wp-block-image\"><figure class=\"alignleft size-full\"><img loading=\"lazy\" decoding=\"async\" width=\"500\" height=\"200\" src=\"https:\/\/www.acrartex.com\/wp-content\/uploads\/2022\/02\/ARTEX-ELT-4000-Logo.png\" alt=\"\" class=\"wp-image-27672\" srcset=\"https:\/\/www.acrartex.com\/wp-content\/uploads\/2022\/02\/ARTEX-ELT-4000-Logo.png 500w, https:\/\/www.acrartex.com\/wp-content\/uploads\/2022\/02\/ARTEX-ELT-4000-Logo-300x120.png 300w\" sizes=\"auto, (max-width: 500px) 100vw, 500px\" \/><\/figure><\/div>\n<\/div>\n\n\n\n<div class=\"wp-block-column is-layout-flow wp-block-column-is-layout-flow\" style=\"flex-basis:33.33%\"><\/div>\n<\/div>\n\n\n\n<div class=\"wp-block-columns alignwide is-layout-flex wp-container-core-columns-is-layout-9d6595d7 wp-block-columns-is-layout-flex\">\n<div class=\"wp-block-column is-layout-flow wp-block-column-is-layout-flow\" style=\"flex-basis:60%\">\n<p class=\"has-text-color\" style=\"color:#ffffff\">Un Emergency Locator Transmitter ( ELT ) de grado de transporte que utiliza bater\u00edas alcalinas. Esta innovadora fuente de alimentaci\u00f3n significa que el ELT 4000 est\u00e1 <strong>completamente exento de los requisitos de condiciones especiales de la FAA<\/strong> . En caso de emergencia, el ELT 4000 puede activarse manual o autom\u00e1ticamente para alertar r\u00e1pidamente a los equipos locales de b\u00fasqueda y rescate sobre su situaci\u00f3n. Prep\u00e1rese para lo impredecible: \u2013 Menor consumo de bater\u00eda por ciclo \u2013 Sin env\u00edo de materiales peligrosos \u2013 F\u00e1cil eliminaci\u00f3n \u2013 Interfaz de navegaci\u00f3n integrada (ARINC429)   <\/p>\n\n\n\n<div class=\"wp-block-buttons is-content-justification-left is-layout-flex wp-block-buttons-is-layout-flex\">\n<div class=\"wp-block-button is-style-fill\"><a class=\"wp-block-button__link has-black-color has-electric-grass-gradient-background has-text-color has-background\" href=\"https:\/\/www.acrartex.com\/products\/elt-4000-emergency-locator-transmitter\/\">M\u00e1s informaci\u00f3n<\/a><\/div>\n<\/div>\n<\/div>\n\n\n\n<div class=\"wp-block-column is-layout-flow wp-block-column-is-layout-flow\">\n<div class=\"wp-block-image\"><figure class=\"aligncenter size-full is-resized\"><img loading=\"lazy\" decoding=\"async\" src=\"https:\/\/www.acrartex.com\/wp-content\/uploads\/2021\/04\/ELT_4000-ARTEX-Front-1300x1300-3.png\" alt=\"\" class=\"wp-image-11300\" width=\"294\" height=\"294\" srcset=\"https:\/\/www.acrartex.com\/wp-content\/uploads\/2021\/04\/ELT_4000-ARTEX-Front-1300x1300-3.png 600w, https:\/\/www.acrartex.com\/wp-content\/uploads\/2021\/04\/ELT_4000-ARTEX-Front-1300x1300-3-300x300.png 300w, https:\/\/www.acrartex.com\/wp-content\/uploads\/2021\/04\/ELT_4000-ARTEX-Front-1300x1300-3-150x150.png 150w, https:\/\/www.acrartex.com\/wp-content\/uploads\/2021\/04\/ELT_4000-ARTEX-Front-1300x1300-3-100x100.png 100w\" sizes=\"auto, (max-width: 294px) 100vw, 294px\" \/><\/figure><\/div>\n<\/div>\n<\/div>\n\n\n\n<figure class=\"wp-block-embed is-type-video is-provider-youtube wp-block-embed-youtube wp-embed-aspect-16-9 wp-has-aspect-ratio\"><div class=\"wp-block-embed__wrapper\">\n<iframe loading=\"lazy\" title=\"ARTEX ELT 4000 | World&#039;s Only Transport Grade 406 MHz Lithium-Free Emergency Locator Transmitter\" width=\"500\" height=\"281\" src=\"https:\/\/www.youtube.com\/embed\/JxPlb8op78w?feature=oembed\" frameborder=\"0\" allow=\"accelerometer; autoplay; clipboard-write; encrypted-media; gyroscope; picture-in-picture; web-share\" referrerpolicy=\"strict-origin-when-cross-origin\" allowfullscreen><\/iframe>\n<\/div><\/figure>\n<\/div><\/div>\n\n<div style=\"height:50px\" aria-hidden=\"true\" class=\"wp-block-spacer\"><\/div>\n\n<!-- CSS Code -->\n<style>\n.GeneratedMarquee {\nfont-family:Helvetica, sans-serif;\nfont-size:4em;\nfont-weight:bold;\nline-height:.1em;\ncolor:#FFFFFF;\nbackground-color:#66CC99;\npadding:.5em;\n\n}\n<\/style>\n\n<!-- HTML Code -->\n<marquee class=\"GeneratedMarquee\" direction=\"left\" scrollamount=\"16\" behavior=\"scroll\">ARTEX \u2013 NUEVO PARA 2022<\/marquee>\n\n<div class=\"wp-block-cover has-background-dim-60 has-black-background-color has-background-dim\" style=\"min-height:200px;aspect-ratio:unset;\"><video class=\"wp-block-cover__video-background intrinsic-ignore\" autoplay muted loop playsinline src=\"https:\/\/www.acrartex.com\/wp-content\/uploads\/2022\/02\/ELT-5000-Sizzle_1.mp4\" style=\"object-position:39% 40%\" data-object-fit=\"cover\" data-object-position=\"39% 40%\"><\/video><div class=\"wp-block-cover__inner-container is-layout-flow wp-block-cover-is-layout-flow\">\n<div class=\"wp-block-columns is-layout-flex wp-container-core-columns-is-layout-9d6595d7 wp-block-columns-is-layout-flex\">\n<div class=\"wp-block-column is-layout-flow wp-block-column-is-layout-flow\" style=\"flex-basis:66.66%\">\n<div class=\"wp-block-image\"><figure class=\"alignleft size-full\"><img loading=\"lazy\" decoding=\"async\" width=\"500\" height=\"200\" src=\"https:\/\/www.acrartex.com\/wp-content\/uploads\/2022\/02\/ARTEX-ELT-4000S-Logo.png\" alt=\"\" class=\"wp-image-27671\" srcset=\"https:\/\/www.acrartex.com\/wp-content\/uploads\/2022\/02\/ARTEX-ELT-4000S-Logo.png 500w, https:\/\/www.acrartex.com\/wp-content\/uploads\/2022\/02\/ARTEX-ELT-4000S-Logo-300x120.png 300w\" sizes=\"auto, (max-width: 500px) 100vw, 500px\" \/><\/figure><\/div>\n<\/div>\n\n\n\n<div class=\"wp-block-column is-layout-flow wp-block-column-is-layout-flow\" style=\"flex-basis:33.33%\">\n<div class=\"wp-block-image\"><figure class=\"aligncenter size-full is-resized\"><img loading=\"lazy\" decoding=\"async\" src=\"https:\/\/www.acrartex.com\/wp-content\/uploads\/2022\/02\/ELT-4000S-with-Bracket-Top-Detail.png\" alt=\"ELT 4000S Top con soporte\" class=\"wp-image-27641\" width=\"198\" height=\"198\" srcset=\"https:\/\/www.acrartex.com\/wp-content\/uploads\/2022\/02\/ELT-4000S-with-Bracket-Top-Detail.png 480w, https:\/\/www.acrartex.com\/wp-content\/uploads\/2022\/02\/ELT-4000S-with-Bracket-Top-Detail-300x300.png 300w, https:\/\/www.acrartex.com\/wp-content\/uploads\/2022\/02\/ELT-4000S-with-Bracket-Top-Detail-150x150.png 150w, https:\/\/www.acrartex.com\/wp-content\/uploads\/2022\/02\/ELT-4000S-with-Bracket-Top-Detail-100x100.png 100w\" sizes=\"auto, (max-width: 198px) 100vw, 198px\" \/><\/figure><\/div>\n<\/div>\n<\/div>\n<\/div><\/div>\n\n<div class=\"wp-block-columns is-layout-flex wp-container-core-columns-is-layout-9d6595d7 wp-block-columns-is-layout-flex\">\n<div class=\"wp-block-column is-layout-flow wp-block-column-is-layout-flow\" style=\"flex-basis:33.33%\">\n<div class=\"wp-block-image\"><figure class=\"aligncenter size-full is-resized\"><img loading=\"lazy\" decoding=\"async\" src=\"https:\/\/www.acrartex.com\/wp-content\/uploads\/2022\/02\/ELT-4000S-with-Bracket-Front-edited-2.png\" alt=\"ELT 4000S Delantero con Respaldo\" class=\"wp-image-27645\" width=\"278\" height=\"445\" srcset=\"https:\/\/www.acrartex.com\/wp-content\/uploads\/2022\/02\/ELT-4000S-with-Bracket-Front-edited-2.png 300w, https:\/\/www.acrartex.com\/wp-content\/uploads\/2022\/02\/ELT-4000S-with-Bracket-Front-edited-2-188x300.png 188w\" sizes=\"auto, (max-width: 278px) 100vw, 278px\" \/><\/figure><\/div>\n<\/div>\n\n\n\n<div class=\"wp-block-column is-layout-flow wp-block-column-is-layout-flow\" style=\"flex-basis:66.66%\">\n<p><meta charset=\"utf-8\"\/>El <strong>ARTEX ELT 4000S<\/strong> es un ELT port\u00e1til de supervivencia (S) que transmite en 121,5 y 406 MHz. El transmisor ELT se basa en el sistema ARTEX ELT 4000 y representa la \u00faltima tecnolog\u00eda en transmisores ELT , con una bater\u00eda sin litio en una baliza de supervivencia. El ARTEX ELT 4000S es <strong>flotante y se activa autom\u00e1ticamente al desplegarse en el agua<\/strong> . Tambi\u00e9n incluye un interruptor de activaci\u00f3n manual para uso en tierra. Un GPS (GNSS) interno adquiere datos de posici\u00f3n para su inclusi\u00f3n en la transmisi\u00f3n de 406 MHz, y un cord\u00f3n permite su fijaci\u00f3n a una balsa salvavidas.    <\/p>\n\n\n\n<div class=\"wp-block-buttons is-content-justification-left is-layout-flex wp-block-buttons-is-layout-flex\">\n<div class=\"wp-block-button is-style-fill\"><a class=\"wp-block-button__link has-black-color has-text-color has-background\" href=\"https:\/\/www.acrartex.com\/products\/elt-4000s\/\" style=\"background:linear-gradient(135deg,rgb(195,255,71) 0%,rgb(113,206,126) 100%)\">M\u00e1s informaci\u00f3n<\/a><\/div>\n<\/div>\n\n\n\n<ul class=\"wp-block-list\"><li>Dise\u00f1o robusto con flotabilidad incorporada (sin collar flotador)<\/li><li>GPS integrado<\/li><li>Bater\u00eda alcalina (exenta de la aprobaci\u00f3n TSO C142\/DO-227)<\/li><li>Sistema de bater\u00eda alcalina reemplazable por el usuario durante cinco a\u00f1os (en el ala)<\/li><li>Exento de condici\u00f3n especial, no se permite env\u00edo de materiales peligrosos<\/li><li>Soporte simple para f\u00e1cil implementaci\u00f3n con una sola mano<\/li><li>Compatible con los programadores port\u00e1tiles ARTEX existentes<\/li><li>Configuraciones de soporte disponibles para zurdos y diestros<\/li><\/ul>\n<\/div>\n<\/div>\n\n<p class=\"has-small-font-size\"><em>Este dispositivo no ha sido autorizado por las normas de la Comisi\u00f3n Federal de Comunicaciones, la FAA, la EASA ni Cospas-Sarsat . Este dispositivo no se ofrece, ni podr\u00e1 ofrecerse, para la venta ni el arrendamiento hasta que se obtenga la autorizaci\u00f3n correspondiente. <\/em><\/p>\n\n<div style=\"height:50px\" aria-hidden=\"true\" class=\"wp-block-spacer\"><\/div>\n\n<div class=\"wp-block-cover alignfull has-background-dim-70 has-background-dim has-parallax is-repeated\" style=\"background-image:url(https:\/\/www.acrartex.com\/wp-content\/uploads\/2022\/02\/iStock_000011186688XLarge.png);background-color:#000000;min-height:50px;aspect-ratio:unset;\"><div class=\"wp-block-cover__inner-container is-layout-flow wp-block-cover-is-layout-flow\">\n<div class=\"wp-block-columns is-layout-flex wp-container-core-columns-is-layout-9d6595d7 wp-block-columns-is-layout-flex\">\n<div class=\"wp-block-column is-layout-flow wp-block-column-is-layout-flow\" style=\"flex-basis:66.66%\">\n<figure class=\"wp-block-image size-full\"><img loading=\"lazy\" decoding=\"async\" width=\"500\" height=\"200\" src=\"https:\/\/www.acrartex.com\/wp-content\/uploads\/2022\/02\/ARTEX-ELT-5000-Logo.png\" alt=\"\" class=\"wp-image-27670\" srcset=\"https:\/\/www.acrartex.com\/wp-content\/uploads\/2022\/02\/ARTEX-ELT-5000-Logo.png 500w, https:\/\/www.acrartex.com\/wp-content\/uploads\/2022\/02\/ARTEX-ELT-5000-Logo-300x120.png 300w\" sizes=\"auto, (max-width: 500px) 100vw, 500px\" \/><\/figure>\n\n\n\n<p><\/p>\n<\/div>\n\n\n\n<div class=\"wp-block-column is-layout-flow wp-block-column-is-layout-flow\" style=\"flex-basis:33.33%\"><\/div>\n<\/div>\n\n\n\n<p class=\"has-text-color\" style=\"color:#ffffff\">La nueva evoluci\u00f3n de la tecnolog\u00eda Distress Tracking ELT para cumplir con los nuevos requisitos del Sistema Global de Seguridad Aeron\u00e1utica (GADSS) de la OACI. ELT 5000 proporciona <strong>seguimiento en vuelo y localizaci\u00f3n posterior al vuelo en una \u00fanica unidad resistente a impactos<\/strong> . Al integrarse como parte de un sistema aut\u00f3nomo Distress Tracking , como el ARTEX ADT 5000, la configuraci\u00f3n cumple plenamente con todos los requisitos del GADSS de la OACI y la EASA.  <\/p>\n\n\n\n<div class=\"wp-block-columns is-layout-flex wp-container-core-columns-is-layout-9d6595d7 wp-block-columns-is-layout-flex\">\n<div class=\"wp-block-column is-layout-flow wp-block-column-is-layout-flow\" style=\"flex-basis:20px\"><\/div>\n\n\n\n<div class=\"wp-block-column is-layout-flow wp-block-column-is-layout-flow\" style=\"flex-basis:240px\">\n<p class=\"has-text-color\" style=\"color:#ffffff\"><em>El nuevo Distress Tracking<\/em><\/p>\n\n\n\n<p class=\"has-text-color has-medium-font-size\" style=\"color:#ffffff\"><strong>ARTEX ELT 5000<\/strong> (DT) con capacidad de supervivencia en caso de choque es la soluci\u00f3n preferida entre los l\u00edderes de la industria a nivel mundial.<\/p>\n\n\n\n<div class=\"wp-block-buttons is-content-justification-left is-layout-flex wp-block-buttons-is-layout-flex\">\n<div class=\"wp-block-button is-style-fill\"><a class=\"wp-block-button__link has-black-color has-electric-grass-gradient-background has-text-color has-background\" href=\"https:\/\/www.acrartex.com\/products\/elt-5000-distress-tracking-dt-for-gadss-compliance\/\">M\u00e1s informaci\u00f3n<\/a><\/div>\n<\/div>\n<\/div>\n\n\n\n<div class=\"wp-block-column is-layout-flow wp-block-column-is-layout-flow\">\n<div class=\"wp-block-image\"><figure class=\"aligncenter size-full is-resized\"><img decoding=\"async\" src=\"https:\/\/www.acrartex.com\/wp-content\/uploads\/2022\/02\/ARTEX-ELT-5000-Front-edited.png\" alt=\"\" class=\"wp-image-27677\" width=\"512\" srcset=\"https:\/\/www.acrartex.com\/wp-content\/uploads\/2022\/02\/ARTEX-ELT-5000-Front-edited.png 725w, https:\/\/www.acrartex.com\/wp-content\/uploads\/2022\/02\/ARTEX-ELT-5000-Front-edited-300x200.png 300w, https:\/\/www.acrartex.com\/wp-content\/uploads\/2022\/02\/ARTEX-ELT-5000-Front-edited-600x400.png 600w\" sizes=\"(max-width: 725px) 100vw, 725px\" \/><\/figure><\/div>\n<\/div>\n<\/div>\n\n\n\n<p class=\"has-text-color has-small-font-size\" style=\"color:#ffffff\"><em>Este dispositivo no ha sido autorizado por las normas de la Comisi\u00f3n Federal de Comunicaciones, la FAA, la EASA ni Cospas-Sarsat . Este dispositivo no se ofrece, ni podr\u00e1 ofrecerse, para la venta ni el arrendamiento hasta que se obtenga la autorizaci\u00f3n correspondiente. <\/em><\/p>\n<\/div><\/div>\n\n<div style=\"height:50px\" aria-hidden=\"true\" class=\"wp-block-spacer\"><\/div>\n\n<h1 class=\"wp-block-heading\" id=\"h-travels-flight-log\">Bit\u00e1cora de viajes y vuelos<\/h1>\n\n<div class=\"wp-block-columns is-layout-flex wp-container-core-columns-is-layout-9d6595d7 wp-block-columns-is-layout-flex\">\n<div class=\"wp-block-column is-layout-flow wp-block-column-is-layout-flow\" style=\"flex-basis:33.33%\">\n<div class=\"wp-block-image\"><figure class=\"aligncenter size-full is-resized\"><img loading=\"lazy\" decoding=\"async\" src=\"https:\/\/www.acrartex.com\/wp-content\/uploads\/2022\/02\/SAS-Logo_Primary-with-Details_Stacked.jpeg\" alt=\"\" class=\"wp-image-27682\" width=\"234\" height=\"234\" srcset=\"https:\/\/www.acrartex.com\/wp-content\/uploads\/2022\/02\/SAS-Logo_Primary-with-Details_Stacked.jpeg 534w, https:\/\/www.acrartex.com\/wp-content\/uploads\/2022\/02\/SAS-Logo_Primary-with-Details_Stacked-300x300.jpeg 300w, https:\/\/www.acrartex.com\/wp-content\/uploads\/2022\/02\/SAS-Logo_Primary-with-Details_Stacked-150x150.jpeg 150w, https:\/\/www.acrartex.com\/wp-content\/uploads\/2022\/02\/SAS-Logo_Primary-with-Details_Stacked-100x100.jpeg 100w\" sizes=\"auto, (max-width: 234px) 100vw, 234px\" \/><\/figure><\/div>\n<\/div>\n\n\n\n<div class=\"wp-block-column is-layout-flow wp-block-column-is-layout-flow\" style=\"flex-basis:66.66%\">\n<p class=\"has-medium-font-size\">Vis\u00edtenos en el Sal\u00f3n Aeron\u00e1utico de Singapur, del <strong>15 al 18 de febrero de 2020.<\/strong> Preg\u00fantenos sobre nuestras pr\u00f3ximas soluciones de seguridad a\u00e9rea, nuevos kits y nuestra experiencia. <\/p>\n\n\n\n<p class=\"has-vivid-green-cyan-color has-text-color has-large-font-size\"><strong>SALA C \u2013 Stand C-M87<\/strong><\/p>\n<\/div>\n<\/div>\n\n<div class=\"wp-block-columns is-layout-flex wp-container-core-columns-is-layout-9d6595d7 wp-block-columns-is-layout-flex\">\n<div class=\"wp-block-column is-layout-flow wp-block-column-is-layout-flow\" style=\"flex-basis:33.33%\">\n<div class=\"wp-block-image\"><figure class=\"aligncenter size-full is-resized\"><img loading=\"lazy\" decoding=\"async\" src=\"https:\/\/www.acrartex.com\/wp-content\/uploads\/2022\/02\/MRO-Middle-East.png\" alt=\"\" class=\"wp-image-27683\" width=\"226\" height=\"113\" srcset=\"https:\/\/www.acrartex.com\/wp-content\/uploads\/2022\/02\/MRO-Middle-East.png 539w, https:\/\/www.acrartex.com\/wp-content\/uploads\/2022\/02\/MRO-Middle-East-300x151.png 300w\" sizes=\"auto, (max-width: 226px) 100vw, 226px\" \/><\/figure><\/div>\n\n\n\n<p><\/p>\n<\/div>\n\n\n\n<div class=\"wp-block-column is-layout-flow wp-block-column-is-layout-flow\" style=\"flex-basis:66.66%\">\n<p class=\"has-medium-font-size\">Tambi\u00e9n podr\u00e1s ver nuestros productos en MRO DUBAI 2022, del <strong>22 al 23 de febrero de 2020<\/strong> .<\/p>\n\n\n\n<p class=\"has-vivid-green-cyan-color has-text-color has-large-font-size\">SUCURSAL ABL SRL \u2013 Stand 438<\/p>\n<\/div>\n<\/div>\n\n<div class=\"wp-block-image\"><figure class=\"aligncenter size-full is-resized\"><img loading=\"lazy\" decoding=\"async\" src=\"https:\/\/www.acrartex.com\/wp-content\/uploads\/2022\/02\/ARTEX_Chartruese.png\" alt=\"\" class=\"wp-image-27679\" width=\"310\" height=\"155\" srcset=\"https:\/\/www.acrartex.com\/wp-content\/uploads\/2022\/02\/ARTEX_Chartruese.png 432w, https:\/\/www.acrartex.com\/wp-content\/uploads\/2022\/02\/ARTEX_Chartruese-300x150.png 300w\" sizes=\"auto, (max-width: 310px) 100vw, 310px\" \/><\/figure><\/div>\n\n<div class=\"wp-block-image\"><figure class=\"aligncenter size-full is-resized\"><img loading=\"lazy\" decoding=\"async\" src=\"https:\/\/www.acrartex.com\/wp-content\/uploads\/2022\/02\/ARTEX-600x150-Sales-Banner.gif\" alt=\"\" class=\"wp-image-27678\" width=\"840\" height=\"210\"\/><\/figure><\/div>\n\n<p class=\"has-medium-font-size\">\u00bfQuiere saber m\u00e1s sobre nuestros productos? Contacte con nuestro equipo ARTEX y trabajaremos con usted para desarrollar una soluci\u00f3n de seguridad a\u00e9rea que satisfaga sus necesidades de cumplimiento normativo. <\/p>\n\n<div style=\"height:25px\" aria-hidden=\"true\" class=\"wp-block-spacer\"><\/div>\n\n<div class=\"wp-block-columns is-layout-flex wp-container-core-columns-is-layout-9d6595d7 wp-block-columns-is-layout-flex\">\n<div class=\"wp-block-column is-layout-flow wp-block-column-is-layout-flow\" style=\"flex-basis:150px\"><\/div>\n\n\n\n<div class=\"wp-block-column is-layout-flow wp-block-column-is-layout-flow\" style=\"flex-basis:200px\">\n<div class=\"wp-block-image\"><figure class=\"aligncenter size-full is-resized\"><img loading=\"lazy\" decoding=\"async\" src=\"https:\/\/www.acrartex.com\/wp-content\/uploads\/2022\/02\/ACR-Marc-Medeiros-Portrait.png\" alt=\"\" class=\"wp-image-27681\" width=\"189\" height=\"189\" srcset=\"https:\/\/www.acrartex.com\/wp-content\/uploads\/2022\/02\/ACR-Marc-Medeiros-Portrait.png 493w, https:\/\/www.acrartex.com\/wp-content\/uploads\/2022\/02\/ACR-Marc-Medeiros-Portrait-300x300.png 300w, https:\/\/www.acrartex.com\/wp-content\/uploads\/2022\/02\/ACR-Marc-Medeiros-Portrait-150x150.png 150w, https:\/\/www.acrartex.com\/wp-content\/uploads\/2022\/02\/ACR-Marc-Medeiros-Portrait-100x100.png 100w\" sizes=\"auto, (max-width: 189px) 100vw, 189px\" \/><\/figure><\/div>\n<\/div>\n\n\n\n<div class=\"wp-block-column is-layout-flow wp-block-column-is-layout-flow\">\n<p class=\"has-large-font-size\"><strong>Marc Medeiros<\/strong><\/p>\n\n\n\n<p class=\"has-medium-font-size\">Vicepresidente de ARTEX<\/p>\n\n\n\n<p><\/p>\n\n\n\n<p class=\"has-normal-font-size\">+1 954-612-9592<\/p>\n\n\n\n<p class=\"has-normal-font-size\"><a href=\"mailto:marc.medeiros@acrartex.com?subject=Consulta Comercial %20Aviation% 20\">marc.medeiros@acrartex.com<\/a><\/p>\n<\/div>\n<\/div>\n\n<p><\/p>\n","protected":false},"excerpt":{"rendered":"<p>Nuevos productos, anuncios y m\u00e1s. Descubre las novedades de esta temporada con ARTEX . \u00a1Tu \u00faltima oportunidad! Aspectos destacados del producto ARTEX \u2013 NUEVO PARA 2022 El ARTEX ELT 4000S es un ELT port\u00e1til de supervivencia (S) que transmite en 121,5 y 406 MHz. El transmisor ELT se basa en el sistema ARTEX ELT 4000 [&hellip;]<\/p>\n","protected":false},"author":22,"featured_media":0,"parent":0,"menu_order":0,"comment_status":"closed","ping_status":"closed","template":"","meta":{"_acf_changed":false,"om_disable_all_campaigns":false,"footnotes":""},"class_list":["post-145561","page","type-page","status-publish","hentry"],"acf":[],"_links":{"self":[{"href":"https:\/\/www.acrartex.com\/es\/wp-json\/wp\/v2\/pages\/145561","targetHints":{"allow":["GET"]}}],"collection":[{"href":"https:\/\/www.acrartex.com\/es\/wp-json\/wp\/v2\/pages"}],"about":[{"href":"https:\/\/www.acrartex.com\/es\/wp-json\/wp\/v2\/types\/page"}],"author":[{"embeddable":true,"href":"https:\/\/www.acrartex.com\/es\/wp-json\/wp\/v2\/users\/22"}],"replies":[{"embeddable":true,"href":"https:\/\/www.acrartex.com\/es\/wp-json\/wp\/v2\/comments?post=145561"}],"version-history":[{"count":1,"href":"https:\/\/www.acrartex.com\/es\/wp-json\/wp\/v2\/pages\/145561\/revisions"}],"predecessor-version":[{"id":145579,"href":"https:\/\/www.acrartex.com\/es\/wp-json\/wp\/v2\/pages\/145561\/revisions\/145579"}],"wp:attachment":[{"href":"https:\/\/www.acrartex.com\/es\/wp-json\/wp\/v2\/media?parent=145561"}],"curies":[{"name":"wp","href":"https:\/\/api.w.org\/{rel}","templated":true}]}}