{"id":145341,"date":"2022-02-23T14:22:43","date_gmt":"2022-02-23T19:22:43","guid":{"rendered":"https:\/\/www.acrartex.com\/como-funciona-un-rescate-epirb-plb-o-elt\/"},"modified":"2025-07-07T05:37:56","modified_gmt":"2025-07-07T10:37:56","slug":"como-funciona-un-rescate-epirb-plb-o-elt","status":"publish","type":"page","link":"https:\/\/www.acrartex.com\/es\/como-funciona-un-rescate-epirb-plb-o-elt\/","title":{"rendered":"C\u00f3mo funciona un rescate EPIRB , PLB o ELT"},"content":{"rendered":"\n<p>Hay tres tipos de balizas que funcionan directamente con el Sistema Internacional de Sat\u00e9lites de B\u00fasqueda y Rescate conocido como <a href=\"https:\/\/www.cospas-sarsat.int\/en\/\">Cospas-Sarsat<\/a> , cada uno con un dise\u00f1o exclusivo para el tipo de aplicaci\u00f3n: Transmisores de Localizaci\u00f3n de Emergencia ( <a href=\"https:\/\/www.acrartex.com\/product-category\/aviation\/\">ELTs<\/a> ) utilizados por la comunidad de aviaci\u00f3n, Radiobalizas Indicadoras de Posici\u00f3n de Emergencia ( <a href=\"https:\/\/www.acrartex.com\/products\/globalfix-v4-epirb-emergency-positioning-indicading-radio-beacon\/\">EPIRBs<\/a> ) utilizadas en el entorno mar\u00edtimo y Balizas de Localizaci\u00f3n Personal ( <a href=\"https:\/\/www.acrartex.com\/products\/resqlink-400\/\">PLBs<\/a> ) utilizadas por personas en m\u00faltiples actividades al aire libre.<\/p>\n\n<p>Al activarse, los ELT, las RLS y las PLB env\u00edan una se\u00f1al de socorro \u00fanica en la frecuencia de 406 MHz a los sat\u00e9lites de b\u00fasqueda y rescate. Cada radiobaliza se programa con un c\u00f3digo digital \u00fanico llamado ID HEX o ID \u00fanico, que lo env\u00eda. El ID HEX identifica el tipo de radiobaliza y los equipos de b\u00fasqueda y rescate lo utilizan para identificar la informaci\u00f3n de registro proporcionada por su propietario. Esta informaci\u00f3n puede incluir: el propietario de la radiobaliza, el tipo de aeronave o embarcaci\u00f3n a la que est\u00e1 asociada (para ELT y RLS), los puntos de contacto de emergencia, los planes de vuelo, los planes de flotaci\u00f3n y los planes de viaje, y mucho m\u00e1s.     <\/p>\n\n<p>Tras recibir una se\u00f1al de radiobaliza, el sat\u00e9lite la retransmite a estaciones terrestres denominadas terminales de usuario locales (LUT). La LUT procesa los datos, calcula la ubicaci\u00f3n de la radiobaliza de socorro y transmite un mensaje de alerta decodificado a su Centro de Control de Misi\u00f3n (MCC) nacional asociado. Esto ocurre casi instant\u00e1neamente tras recibir la se\u00f1al de radiobaliza inicial.  <\/p>\n\n<p>El Centro de Control de Misiones realiza autom\u00e1ticamente la comparaci\u00f3n y fusi\u00f3n de los mensajes de alerta con otros mensajes recibidos, clasifica geogr\u00e1ficamente los datos y transmite un mensaje de socorro a la autoridad SAR correspondiente m\u00e1s cercana, como un Centro de Coordinaci\u00f3n de Rescate (RCC) nacional, un Punto de Contacto SAR (SPOC) extranjero y otro MCC si la baliza est\u00e1 registrada, por ejemplo, en otro pa\u00eds. El RCC investiga la alerta de la baliza y env\u00eda recursos de rescate para encontrar a las partes en peligro si se considera que la situaci\u00f3n es aut\u00e9ntica. Esto puede ocurrir mucho m\u00e1s r\u00e1pido cuando la baliza est\u00e1 correctamente registrada.  <\/p>\n\n<figure class=\"wp-block-video aligncenter\"><video height=\"1080\" style=\"aspect-ratio: 1920 \/ 1080;\" width=\"1920\" autoplay=\"\" loop=\"\" muted=\"\" src=\"https:\/\/www.acrartex.com\/wp-content\/uploads\/2022\/02\/ACR-How-Does-it-Work-15-sec.mp4\" playsinline=\"\"><\/video><\/figure>\n\n<h2 class=\"wp-block-heading\" id=\"h-rescue-overview\">Descripci\u00f3n general del rescate<\/h2>\n\n<ol class=\"wp-block-list\"><li>Se activa la llamada de socorro de 406 MHz<\/li><li>Los sat\u00e9lites de b\u00fasqueda y rescate (SAR) env\u00edan se\u00f1ales de socorro a estaciones terrestres llamadas terminales de usuario local (LUT).<\/li><li>Las estaciones terrestres transmiten la informaci\u00f3n de socorro a los Centros de Control de Misi\u00f3n (MCC)<\/li><li>El MCC alerta a los Centros de Coordinaci\u00f3n de Rescate (RCC) m\u00e1s cercanos<\/li><li>El RCC llama a los contactos de emergencia y env\u00eda los equipos SAR m\u00e1s cercanos<\/li><li>Los equipos SAR llegan al lugar y rescatan a los sobrevivientes.<\/li><\/ol>\n\n<h2 class=\"wp-block-heading\" id=\"h-lives-saved-since-1982\">Vidas salvadas desde 1982<\/h2>\n\n<ul class=\"wp-block-list\"><li>En todo el mundo: <strong>m\u00e1s de 48.000<\/strong> personas rescatadas<\/li><li>Estados Unidos \u2013 <strong>9.753<\/strong> personas rescatadas<\/li><\/ul>\n\n<figure class=\"wp-block-embed is-type-video is-provider-youtube wp-block-embed-youtube wp-embed-aspect-16-9 wp-has-aspect-ratio\"><div class=\"wp-block-embed__wrapper\">\n<iframe loading=\"lazy\" title=\"Cospas-Sarsat - How it Works\" width=\"500\" height=\"281\" src=\"https:\/\/www.youtube.com\/embed\/8jHOvWZTNjI?start=3&#038;feature=oembed\" frameborder=\"0\" allow=\"accelerometer; autoplay; clipboard-write; encrypted-media; gyroscope; picture-in-picture; web-share\" referrerpolicy=\"strict-origin-when-cross-origin\" allowfullscreen><\/iframe>\n<\/div><\/figure>\n\n<p><\/p>\n","protected":false},"excerpt":{"rendered":"<p>Hay tres tipos de balizas que funcionan directamente con el Sistema Internacional de Sat\u00e9lites de B\u00fasqueda y Rescate conocido como Cospas-Sarsat , cada uno con un dise\u00f1o exclusivo para el tipo de aplicaci\u00f3n: Transmisores de Localizaci\u00f3n de Emergencia ( ELTs ) utilizados por la comunidad de aviaci\u00f3n, Radiobalizas Indicadoras de Posici\u00f3n de Emergencia ( EPIRBs [&hellip;]<\/p>\n","protected":false},"author":5,"featured_media":0,"parent":0,"menu_order":0,"comment_status":"closed","ping_status":"closed","template":"","meta":{"_acf_changed":false,"om_disable_all_campaigns":false,"footnotes":""},"class_list":["post-145341","page","type-page","status-publish","hentry"],"acf":[],"_links":{"self":[{"href":"https:\/\/www.acrartex.com\/es\/wp-json\/wp\/v2\/pages\/145341","targetHints":{"allow":["GET"]}}],"collection":[{"href":"https:\/\/www.acrartex.com\/es\/wp-json\/wp\/v2\/pages"}],"about":[{"href":"https:\/\/www.acrartex.com\/es\/wp-json\/wp\/v2\/types\/page"}],"author":[{"embeddable":true,"href":"https:\/\/www.acrartex.com\/es\/wp-json\/wp\/v2\/users\/5"}],"replies":[{"embeddable":true,"href":"https:\/\/www.acrartex.com\/es\/wp-json\/wp\/v2\/comments?post=145341"}],"version-history":[{"count":1,"href":"https:\/\/www.acrartex.com\/es\/wp-json\/wp\/v2\/pages\/145341\/revisions"}],"predecessor-version":[{"id":145344,"href":"https:\/\/www.acrartex.com\/es\/wp-json\/wp\/v2\/pages\/145341\/revisions\/145344"}],"wp:attachment":[{"href":"https:\/\/www.acrartex.com\/es\/wp-json\/wp\/v2\/media?parent=145341"}],"curies":[{"name":"wp","href":"https:\/\/api.w.org\/{rel}","templated":true}]}}