{"id":144937,"date":"2022-05-16T10:33:59","date_gmt":"2022-05-16T15:33:59","guid":{"rendered":"https:\/\/www.acrartex.com\/una-oferta-especial-acr-para-miembros-de-boat-us\/"},"modified":"2026-03-06T10:17:13","modified_gmt":"2026-03-06T15:17:13","slug":"una-oferta-especial-acr-para-miembros-de-boat-us","status":"publish","type":"page","link":"https:\/\/www.acrartex.com\/es\/una-oferta-especial-acr-para-miembros-de-boat-us\/","title":{"rendered":"Una oferta especial ACR para miembros de Boat US"},"content":{"rendered":"<div class=\"wp-block-image\">\n<figure class=\"aligncenter size-full is-resized\"><a href=\"https:\/\/www.acrartex.com\/wp-content\/uploads\/2022\/05\/BoatUS_Logo_Exclusive_Savings.png\"><img loading=\"lazy\" decoding=\"async\" width=\"1000\" height=\"333\" src=\"https:\/\/www.acrartex.com\/wp-content\/uploads\/2022\/05\/BoatUS_Logo_Exclusive_Savings.png\" alt=\"\" class=\"wp-image-29642\" style=\"width:402px;height:auto\" srcset=\"https:\/\/www.acrartex.com\/wp-content\/uploads\/2022\/05\/BoatUS_Logo_Exclusive_Savings.png 1000w, https:\/\/www.acrartex.com\/wp-content\/uploads\/2022\/05\/BoatUS_Logo_Exclusive_Savings-300x100.png 300w, https:\/\/www.acrartex.com\/wp-content\/uploads\/2022\/05\/BoatUS_Logo_Exclusive_Savings-768x256.png 768w, https:\/\/www.acrartex.com\/wp-content\/uploads\/2022\/05\/BoatUS_Logo_Exclusive_Savings-600x200.png 600w\" sizes=\"auto, (max-width: 1000px) 100vw, 1000px\" \/><\/a><\/figure>\n<\/div>\n<p class=\"has-text-align-center\">Oferta por tiempo limitado exclusivamente para miembros de Boat US.<\/p>\n\n<p class=\"has-text-align-center has-vivid-red-color has-text-color has-medium-font-size\"><strong>\u00a1Atenci\u00f3n, miembros de Boat US! Tenemos una oferta exclusiva para ustedes. <\/strong><br\/>C\u00f3digo de descuento: <strong>BOATUS10<\/strong><\/p>\n\n<div class=\"wp-block-columns is-layout-flex wp-container-core-columns-is-layout-9d6595d7 wp-block-columns-is-layout-flex\">\n<div class=\"wp-block-column is-layout-flow wp-block-column-is-layout-flow\">\n<p class=\"has-text-align-center has-large-font-size\"><strong>\u00a1Oferta por tiempo limitado!<\/strong> <\/p>\n\n\n\n<p class=\"has-text-align-center has-large-font-size\">\u00a1Obt\u00e9n un 10% de descuento en tu pedido m\u00e1s env\u00edo GRATIS!<\/p>\n\n\n\n<p class=\"has-text-align-center has-medium-font-size\">Aplicar el c\u00f3digo de descuento al finalizar la compra: <strong>BOATUS10<\/strong><\/p>\n\n\n\n<p class=\"has-text-align-center\"><em>Descuento en todo el sitio web para miembros de Boat US. Exclusivamente en el sitio web de ACR Electronic. Prohibida su distribuci\u00f3n. Disponible por tiempo limitado.  <\/em><\/p>\n<\/div>\n\n\n\n<div class=\"wp-block-column is-layout-flow wp-block-column-is-layout-flow\">\n<figure class=\"wp-block-gallery aligncenter has-nested-images columns-default is-cropped wp-block-gallery-1 is-layout-flex wp-block-gallery-is-layout-flex\">\n<figure class=\"wp-block-image size-full\"><a href=\"https:\/\/www.acrartex.com\/es\/\" target=\"_blank\" rel=\" noreferrer noopener\"><img loading=\"lazy\" decoding=\"async\" width=\"270\" height=\"190\" data-id=\"166162\" src=\"https:\/\/www.acrartex.com\/wp-content\/uploads\/2026\/02\/ACR-BoatUS-Mar-2026-Ad_270x190.jpg\" alt=\"\" class=\"wp-image-166162\" srcset=\"https:\/\/www.acrartex.com\/wp-content\/uploads\/2026\/02\/ACR-BoatUS-Mar-2026-Ad_270x190.jpg 270w, https:\/\/www.acrartex.com\/wp-content\/uploads\/2026\/02\/ACR-BoatUS-Mar-2026-Ad_270x190-110x77.jpg 110w, https:\/\/www.acrartex.com\/wp-content\/uploads\/2026\/02\/ACR-BoatUS-Mar-2026-Ad_270x190-60x42.jpg 60w\" sizes=\"auto, (max-width: 270px) 100vw, 270px\" \/><\/a><\/figure>\n<\/figure>\n<\/div>\n<\/div>\n<div class=\"wp-block-image\">\n<figure class=\"aligncenter size-full is-resized\"><a href=\"https:\/\/www.acrartex.com\/es\/\" target=\"_blank\" rel=\" noreferrer noopener\"><img loading=\"lazy\" decoding=\"async\" width=\"1000\" height=\"666\" src=\"https:\/\/www.acrartex.com\/wp-content\/uploads\/2026\/02\/ACR_BOATUS10_Feb2026_Web_Banner.jpg\" alt=\"\" class=\"wp-image-166174\" style=\"width:847px;height:auto\" srcset=\"https:\/\/www.acrartex.com\/wp-content\/uploads\/2026\/02\/ACR_BOATUS10_Feb2026_Web_Banner.jpg 1000w, https:\/\/www.acrartex.com\/wp-content\/uploads\/2026\/02\/ACR_BOATUS10_Feb2026_Web_Banner-300x200.jpg 300w, https:\/\/www.acrartex.com\/wp-content\/uploads\/2026\/02\/ACR_BOATUS10_Feb2026_Web_Banner-768x511.jpg 768w, https:\/\/www.acrartex.com\/wp-content\/uploads\/2026\/02\/ACR_BOATUS10_Feb2026_Web_Banner-110x73.jpg 110w, https:\/\/www.acrartex.com\/wp-content\/uploads\/2026\/02\/ACR_BOATUS10_Feb2026_Web_Banner-60x40.jpg 60w, https:\/\/www.acrartex.com\/wp-content\/uploads\/2026\/02\/ACR_BOATUS10_Feb2026_Web_Banner-600x400.jpg 600w\" sizes=\"auto, (max-width: 1000px) 100vw, 1000px\" \/><\/a><\/figure>\n<\/div>\n<p class=\"has-text-align-center has-black-color has-text-color has-link-color has-x-large-font-size wp-elements-25761d67163f1a90f534a4d2789c0edf\"><strong><em>\u00bfQuieres saber m\u00e1s?<\/em><\/strong><\/p>\n\n<figure class=\"wp-block-gallery has-nested-images columns-default is-cropped wp-block-gallery-2 is-layout-flex wp-block-gallery-is-layout-flex\">\n<figure class=\"wp-block-image size-large\"><a href=\"https:\/\/www.acrartex.com\/news\/ultimate-guide-to-boat-safety-kit-essentials\/\"><img loading=\"lazy\" decoding=\"async\" width=\"600\" height=\"600\" data-id=\"85534\" src=\"https:\/\/www.acrartex.com\/wp-content\/uploads\/2024\/05\/Email-600x600-1.jpg\" alt=\"\" class=\"wp-image-85534\" srcset=\"https:\/\/www.acrartex.com\/wp-content\/uploads\/2024\/05\/Email-600x600-1.jpg 600w, https:\/\/www.acrartex.com\/wp-content\/uploads\/2024\/05\/Email-600x600-1-300x300.jpg 300w, https:\/\/www.acrartex.com\/wp-content\/uploads\/2024\/05\/Email-600x600-1-150x150.jpg 150w, https:\/\/www.acrartex.com\/wp-content\/uploads\/2024\/05\/Email-600x600-1-100x100.jpg 100w\" sizes=\"auto, (max-width: 600px) 100vw, 600px\" \/><\/a><\/figure>\n\n\n\n<figure class=\"wp-block-image size-large\"><a href=\"https:\/\/www.acrartex.com\/es\/news\/diferencias-entre-radiobalizas-de-localizacion-epirb-y-radiobalizas-personales-plb\/\"><img loading=\"lazy\" decoding=\"async\" width=\"600\" height=\"600\" data-id=\"85535\" src=\"https:\/\/www.acrartex.com\/wp-content\/uploads\/2024\/05\/Email-600x600_Alt.jpg\" alt=\"\" class=\"wp-image-85535\" srcset=\"https:\/\/www.acrartex.com\/wp-content\/uploads\/2024\/05\/Email-600x600_Alt.jpg 600w, https:\/\/www.acrartex.com\/wp-content\/uploads\/2024\/05\/Email-600x600_Alt-300x300.jpg 300w, https:\/\/www.acrartex.com\/wp-content\/uploads\/2024\/05\/Email-600x600_Alt-150x150.jpg 150w, https:\/\/www.acrartex.com\/wp-content\/uploads\/2024\/05\/Email-600x600_Alt-100x100.jpg 100w\" sizes=\"auto, (max-width: 600px) 100vw, 600px\" \/><\/a><\/figure>\n\n\n\n<figure class=\"wp-block-image size-large\"><a href=\"https:\/\/www.acrartex.com\/es\/news\/requisitos-legales-para-las-bengalas-electronicas-para-embarcaciones\/\"><img loading=\"lazy\" decoding=\"async\" width=\"600\" height=\"600\" data-id=\"85536\" src=\"https:\/\/www.acrartex.com\/wp-content\/uploads\/2024\/05\/Email-600x600-2.jpg\" alt=\"\" class=\"wp-image-85536\" srcset=\"https:\/\/www.acrartex.com\/wp-content\/uploads\/2024\/05\/Email-600x600-2.jpg 600w, https:\/\/www.acrartex.com\/wp-content\/uploads\/2024\/05\/Email-600x600-2-300x300.jpg 300w, https:\/\/www.acrartex.com\/wp-content\/uploads\/2024\/05\/Email-600x600-2-150x150.jpg 150w, https:\/\/www.acrartex.com\/wp-content\/uploads\/2024\/05\/Email-600x600-2-100x100.jpg 100w\" sizes=\"auto, (max-width: 600px) 100vw, 600px\" \/><\/a><\/figure>\n<\/figure>\n","protected":false},"excerpt":{"rendered":"<p>Oferta por tiempo limitado exclusivamente para miembros de Boat US. \u00a1Atenci\u00f3n, miembros de Boat US! Tenemos una oferta exclusiva para ustedes. C\u00f3digo de descuento: BOATUS10 \u00a1Oferta por tiempo limitado! \u00a1Obt\u00e9n un 10% de descuento en tu pedido m\u00e1s env\u00edo GRATIS! Aplicar el c\u00f3digo de descuento al finalizar la compra: BOATUS10 Descuento en todo el sitio [&hellip;]<\/p>\n","protected":false},"author":253346,"featured_media":161565,"parent":0,"menu_order":0,"comment_status":"closed","ping_status":"closed","template":"","meta":{"_acf_changed":false,"om_disable_all_campaigns":false,"footnotes":""},"class_list":["post-144937","page","type-page","status-publish","has-post-thumbnail","hentry"],"acf":[],"_links":{"self":[{"href":"https:\/\/www.acrartex.com\/es\/wp-json\/wp\/v2\/pages\/144937","targetHints":{"allow":["GET"]}}],"collection":[{"href":"https:\/\/www.acrartex.com\/es\/wp-json\/wp\/v2\/pages"}],"about":[{"href":"https:\/\/www.acrartex.com\/es\/wp-json\/wp\/v2\/types\/page"}],"author":[{"embeddable":true,"href":"https:\/\/www.acrartex.com\/es\/wp-json\/wp\/v2\/users\/253346"}],"replies":[{"embeddable":true,"href":"https:\/\/www.acrartex.com\/es\/wp-json\/wp\/v2\/comments?post=144937"}],"version-history":[{"count":7,"href":"https:\/\/www.acrartex.com\/es\/wp-json\/wp\/v2\/pages\/144937\/revisions"}],"predecessor-version":[{"id":166751,"href":"https:\/\/www.acrartex.com\/es\/wp-json\/wp\/v2\/pages\/144937\/revisions\/166751"}],"wp:featuredmedia":[{"embeddable":true,"href":"https:\/\/www.acrartex.com\/es\/wp-json\/wp\/v2\/media\/161565"}],"wp:attachment":[{"href":"https:\/\/www.acrartex.com\/es\/wp-json\/wp\/v2\/media?parent=144937"}],"curies":[{"name":"wp","href":"https:\/\/api.w.org\/{rel}","templated":true}]}}