{"id":144767,"date":"2022-11-04T14:55:18","date_gmt":"2022-11-04T19:55:18","guid":{"rendered":"https:\/\/www.acrartex.com\/nucleo-olas\/"},"modified":"2025-07-07T05:31:51","modified_gmt":"2025-07-07T10:31:51","slug":"nucleo-olas","status":"publish","type":"page","link":"https:\/\/www.acrartex.com\/es\/nucleo-olas\/","title":{"rendered":"N\u00daCLEO OLAS"},"content":{"rendered":"\n<div class=\"wp-block-image\"><figure class=\"aligncenter size-full is-resized\"><a href=\"https:\/\/www.acrartex.com\/wp-content\/uploads\/2022\/11\/OLAS-CORE-Animated-Text.gif\"><img loading=\"lazy\" decoding=\"async\" src=\"https:\/\/www.acrartex.com\/wp-content\/uploads\/2022\/11\/OLAS-CORE-Animated-Text.gif\" alt=\"\" class=\"wp-image-33505\" width=\"470\" height=\"130\"\/><\/a><\/figure><\/div>\n\n<p class=\"has-text-align-center\"><meta charset=\"utf-8\"\/>Si no puede ver el PDF, haga <a href=\"https:\/\/www.acrartex.com\/wp-content\/uploads\/2022\/11\/ACRUG19.3-Y1-03-0392-Rev-B-Digital.pdf\">clic aqu\u00ed<\/a> .<\/p>\n\n<title>Gu\u00eda de inicio r\u00e1pido<\/title>\n  \n  \n    <h1>Gu\u00eda de inicio r\u00e1pido OLAS CORE<\/h1>\n    <iframe loading=\"lazy\" src=\"https:\/\/www.acrartex.com\/wp-content\/uploads\/2022\/11\/ACRUG19.3-Y1-03-0392-Rev-B-Digital.pdf\" width=\"100%\" height=\"1000\">\n    <\/iframe>\n","protected":false},"excerpt":{"rendered":"<p>Si no puede ver el PDF, haga clic aqu\u00ed . Gu\u00eda de inicio r\u00e1pido Gu\u00eda de inicio r\u00e1pido OLAS CORE<\/p>\n","protected":false},"author":22,"featured_media":0,"parent":0,"menu_order":0,"comment_status":"closed","ping_status":"closed","template":"","meta":{"_acf_changed":false,"om_disable_all_campaigns":false,"footnotes":""},"class_list":["post-144767","page","type-page","status-publish","hentry"],"acf":[],"_links":{"self":[{"href":"https:\/\/www.acrartex.com\/es\/wp-json\/wp\/v2\/pages\/144767","targetHints":{"allow":["GET"]}}],"collection":[{"href":"https:\/\/www.acrartex.com\/es\/wp-json\/wp\/v2\/pages"}],"about":[{"href":"https:\/\/www.acrartex.com\/es\/wp-json\/wp\/v2\/types\/page"}],"author":[{"embeddable":true,"href":"https:\/\/www.acrartex.com\/es\/wp-json\/wp\/v2\/users\/22"}],"replies":[{"embeddable":true,"href":"https:\/\/www.acrartex.com\/es\/wp-json\/wp\/v2\/comments?post=144767"}],"version-history":[{"count":1,"href":"https:\/\/www.acrartex.com\/es\/wp-json\/wp\/v2\/pages\/144767\/revisions"}],"predecessor-version":[{"id":144771,"href":"https:\/\/www.acrartex.com\/es\/wp-json\/wp\/v2\/pages\/144767\/revisions\/144771"}],"wp:attachment":[{"href":"https:\/\/www.acrartex.com\/es\/wp-json\/wp\/v2\/media?parent=144767"}],"curies":[{"name":"wp","href":"https:\/\/api.w.org\/{rel}","templated":true}]}}