{"id":144688,"date":"2023-02-06T17:04:47","date_gmt":"2023-02-06T22:04:47","guid":{"rendered":"https:\/\/www.acrartex.com\/las-nuevas-radiobalizas-globalfix\/"},"modified":"2025-09-08T15:49:12","modified_gmt":"2025-09-08T20:49:12","slug":"las-nuevas-radiobalizas-globalfix","status":"publish","type":"page","link":"https:\/\/www.acrartex.com\/es\/las-nuevas-radiobalizas-globalfix\/","title":{"rendered":"La nueva serie de EPIRBs GlobalFix de ACR Electronics, Inc."},"content":{"rendered":"\n<figure class=\"wp-block-image size-large\"><a href=\"https:\/\/www.acrartex.com\/wp-content\/uploads\/2022\/11\/ACR-GlobalFix-LP-Header.jpg\"><img loading=\"lazy\" decoding=\"async\" width=\"1024\" height=\"871\" src=\"https:\/\/www.acrartex.com\/wp-content\/uploads\/2022\/11\/ACR-GlobalFix-LP-Header-1024x871.jpg\" alt=\"\" class=\"wp-image-33591\" srcset=\"https:\/\/www.acrartex.com\/wp-content\/uploads\/2022\/11\/ACR-GlobalFix-LP-Header-1024x871.jpg 1024w, https:\/\/www.acrartex.com\/wp-content\/uploads\/2022\/11\/ACR-GlobalFix-LP-Header-300x255.jpg 300w, https:\/\/www.acrartex.com\/wp-content\/uploads\/2022\/11\/ACR-GlobalFix-LP-Header-768x654.jpg 768w, https:\/\/www.acrartex.com\/wp-content\/uploads\/2022\/11\/ACR-GlobalFix-LP-Header-1536x1307.jpg 1536w, https:\/\/www.acrartex.com\/wp-content\/uploads\/2022\/11\/ACR-GlobalFix-LP-Header-600x511.jpg 600w, https:\/\/www.acrartex.com\/wp-content\/uploads\/2022\/11\/ACR-GlobalFix-LP-Header.jpg 2000w\" sizes=\"auto, (max-width: 1024px) 100vw, 1024px\" \/><\/a><\/figure>\n<figure class=\"wp-block-image aligncenter size-full is-resized\"><\/figure>\n\n<figure class=\"wp-block-embed is-type-video is-provider-youtube wp-block-embed-youtube wp-embed-aspect-16-9 wp-has-aspect-ratio\"><div class=\"wp-block-embed__wrapper\">\n<iframe loading=\"lazy\" title=\"GlobalFix V5 AIS EPIRB with Mobile App | ACR Electronics\" width=\"500\" height=\"281\" src=\"https:\/\/www.youtube.com\/embed\/h7g5lrsW1QM?feature=oembed\" frameborder=\"0\" allow=\"accelerometer; autoplay; clipboard-write; encrypted-media; gyroscope; picture-in-picture; web-share\" referrerpolicy=\"strict-origin-when-cross-origin\" allowfullscreen><\/iframe>\n<\/div><\/figure>\n\n<p><meta charset=\"utf-8\"\/>La nueva <a href=\"https:\/\/www.acrartex.com\/es\/products\/epirb-ais-globalfix-v5-con-return-link-service-y-aplicacion-movil\/\">EPIRB <strong>ACR GlobalFix V5<\/strong><\/a> es una EPIRB innovadora con caracter\u00edsticas \u00fanicas, perfecta para navegantes, ya sea en cruceros costeros, trabajando en alta mar o cruzando oc\u00e9anos.<\/p>\n\n<div class=\"wp-block-columns is-layout-flex wp-container-core-columns-is-layout-9d6595d7 wp-block-columns-is-layout-flex\">\n<div class=\"wp-block-column is-layout-flow wp-block-column-is-layout-flow\">\n<figure class=\"wp-block-video aligncenter\"><video height=\"646\" style=\"aspect-ratio: 650 \/ 646;\" width=\"650\" autoplay=\"\" loop=\"\" src=\"https:\/\/www.acrartex.com\/wp-content\/uploads\/2022\/11\/ACR_GLOBAL_FIX_V5_360.mp4\"><\/video><\/figure>\n<\/div>\n\n\n\n<div class=\"wp-block-column is-layout-flow wp-block-column-is-layout-flow\">\n<p class=\"has-large-font-size\"><strong>ACR GlobalFix V5<\/strong><\/p>\n\n\n\n<p class=\"has-text-color has-medium-font-size\" style=\"color:#899198\">Una innovadora RLS con un conjunto de caracter\u00edsticas \u00fanicas. La adici\u00f3n de una alerta AIS proporciona la v\u00eda de rescate m\u00e1s f\u00e1cil y r\u00e1pida. Por otro lado, la funci\u00f3n de Servicio de Enlace de Retorno (RLS) proporciona una agradable sensaci\u00f3n de seguridad al confirmar directamente a la baliza la recepci\u00f3n de su mensaje de socorro. La incorporaci\u00f3n de la Comunicaci\u00f3n de Campo Cercano (NFC) permite la conectividad con smartphones y el acceso a datos e interacci\u00f3n con el producto, algo nunca antes disponible.   <\/p>\n<\/div>\n<\/div>\n\n<div class=\"wp-block-buttons is-horizontal is-content-justification-center is-layout-flex wp-container-core-buttons-is-layout-499968f5 wp-block-buttons-is-layout-flex\">\n<div class=\"wp-block-button\"><a class=\"wp-block-button__link has-vivid-green-cyan-background-color has-background wp-element-button\" href=\"https:\/\/www.acrartex.com\/cs\/products\/globalfix-v5-ais-epirb-se-return-link-service-a-mobilni-aplikaci\/\">Haga clic aqu\u00ed para obtener m\u00e1s informaci\u00f3n<\/a><\/div>\n<\/div>\n\n<div class=\"wp-block-media-text alignwide is-stacked-on-mobile\" style=\"grid-template-columns:44% auto\"><figure class=\"wp-block-media-text__media\"><img loading=\"lazy\" decoding=\"async\" width=\"378\" height=\"576\" src=\"https:\/\/www.acrartex.com\/wp-content\/uploads\/2022\/11\/ACR-EPIRB-AIS-Animation-2.png\" alt=\"\" class=\"wp-image-33599 size-full\" srcset=\"https:\/\/www.acrartex.com\/wp-content\/uploads\/2022\/11\/ACR-EPIRB-AIS-Animation-2.png 378w, https:\/\/www.acrartex.com\/wp-content\/uploads\/2022\/11\/ACR-EPIRB-AIS-Animation-2-197x300.png 197w\" sizes=\"auto, (max-width: 378px) 100vw, 378px\" \/><\/figure><div class=\"wp-block-media-text__content\">\n<p class=\"has-large-font-size\"><strong>Combinaci\u00f3n de rescate global y local<\/strong><\/p>\n\n\n\n<p class=\"has-text-color has-medium-font-size\" style=\"color:#899198\">Los buques equipados con AIS dentro del alcance VHF de la EPIRB ver\u00e1n un mensaje de seguridad en sus pantallas, incluida la identificaci\u00f3n del buque mediante MMSI.  <\/p>\n\n\n\n<p class=\"has-text-color has-medium-font-size\" style=\"color:#899198\">Las embarcaciones en la zona donde se ha activado la RLS pueden iniciar operaciones de rescate y recuperaci\u00f3n de inmediato, sin tener que esperar la respuesta de emergencia. El AIS tambi\u00e9n permite a los servicios de emergencia locales localizar f\u00e1cilmente la posici\u00f3n de la RLS, que se muestra como un objetivo AIS en su pantalla de a bordo. Las embarcaciones cercanas con AIS a bordo pueden navegar directamente a la RLS seleccionando el objetivo AIS.  <\/p>\n\n\n\n<p class=\"has-medium-font-size\"><strong>Este incre\u00edble avance tecnol\u00f3gico acelerar\u00e1 los tiempos de recuperaci\u00f3n, lo que seguramente salvar\u00e1 vidas.<\/strong><\/p>\n<\/div><\/div>\n\n<div style=\"height:52px\" aria-hidden=\"true\" class=\"wp-block-spacer\"><\/div>\n\n<div class=\"wp-block-media-text alignwide has-media-on-the-right is-stacked-on-mobile\" style=\"grid-template-columns:auto 43%\"><div class=\"wp-block-media-text__content\">\n<p class=\"has-large-font-size\"><strong>Return Link Service ( RLS ) habilitado<\/strong><\/p>\n\n\n\n<p class=\"has-text-color has-medium-font-size\" style=\"color:#899198\">El Servicio de Enlace de Retorno informa a la persona que activ\u00f3 la RLS de la recepci\u00f3n del mensaje de socorro. Una se\u00f1al RLS, enviada a trav\u00e9s de la red de sat\u00e9lites Galileo, confirma la detecci\u00f3n del mensaje de socorro, junto con la ubicaci\u00f3n precisa de la baliza y sus identificadores. Una luz azul intermitente visible indica la recepci\u00f3n correcta del mensaje de Enlace de Retorno de la red de sat\u00e9lites Galileo por parte de la RLS.    <\/p>\n\n\n\n<p class=\"has-text-color has-medium-font-size\" style=\"color:#899198\">La tranquilidad de saber que los rescatistas saben que se ha activado una EPIRB y conocen su ubicaci\u00f3n ayuda a reducir el estr\u00e9s asociado a las situaciones de emergencia.<\/p>\n<\/div><figure class=\"wp-block-media-text__media\"><img loading=\"lazy\" decoding=\"async\" width=\"379\" height=\"578\" src=\"https:\/\/www.acrartex.com\/wp-content\/uploads\/2023\/01\/Medium-Vertical-R.png\" alt=\"\" class=\"wp-image-34537 size-full\" srcset=\"https:\/\/www.acrartex.com\/wp-content\/uploads\/2023\/01\/Medium-Vertical-R.png 379w, https:\/\/www.acrartex.com\/wp-content\/uploads\/2023\/01\/Medium-Vertical-R-197x300.png 197w\" sizes=\"auto, (max-width: 379px) 100vw, 379px\" \/><\/figure><\/div>\n\n<div style=\"height:52px\" aria-hidden=\"true\" class=\"wp-block-spacer\"><\/div>\n\n<figure class=\"wp-block-image size-large\"><a href=\"https:\/\/www.acrartex.com\/wp-content\/uploads\/2023\/01\/Large-Box.png\"><img loading=\"lazy\" decoding=\"async\" width=\"1024\" height=\"842\" src=\"https:\/\/www.acrartex.com\/wp-content\/uploads\/2023\/01\/Large-Box-1024x842.png\" alt=\"\" class=\"wp-image-34538\" srcset=\"https:\/\/www.acrartex.com\/wp-content\/uploads\/2023\/01\/Large-Box-1024x842.png 1024w, https:\/\/www.acrartex.com\/wp-content\/uploads\/2023\/01\/Large-Box-300x247.png 300w, https:\/\/www.acrartex.com\/wp-content\/uploads\/2023\/01\/Large-Box-768x632.png 768w, https:\/\/www.acrartex.com\/wp-content\/uploads\/2023\/01\/Large-Box-600x494.png 600w, https:\/\/www.acrartex.com\/wp-content\/uploads\/2023\/01\/Large-Box.png 1048w\" sizes=\"auto, (max-width: 1024px) 100vw, 1024px\" \/><\/a><\/figure>\n\n<div class=\"wp-block-media-text alignwide is-stacked-on-mobile\" style=\"grid-template-columns:40% auto\"><figure class=\"wp-block-media-text__media\"><img loading=\"lazy\" decoding=\"async\" width=\"379\" height=\"578\" src=\"https:\/\/www.acrartex.com\/wp-content\/uploads\/2023\/02\/GlobalFix-V5-Mobile-App-2.png\" alt=\"\" class=\"wp-image-34607 size-full\" srcset=\"https:\/\/www.acrartex.com\/wp-content\/uploads\/2023\/02\/GlobalFix-V5-Mobile-App-2.png 379w, https:\/\/www.acrartex.com\/wp-content\/uploads\/2023\/02\/GlobalFix-V5-Mobile-App-2-197x300.png 197w\" sizes=\"auto, (max-width: 379px) 100vw, 379px\" \/><\/figure><div class=\"wp-block-media-text__content\">\n<p class=\"has-large-font-size\"><strong>Conectividad de tel\u00e9fonos inteligentes mediante Near Field Communication ( NFC )<\/strong><\/p>\n\n\n\n<p>La tecnolog\u00eda <strong>NFC (Near Field Communication)<\/strong> permite a los usuarios acceder a los diagn\u00f3sticos de la RLS mediante sus tel\u00e9fonos inteligentes. <span style=\"box-sizing: border-box; margin: 0px; padding: 0px;\">Al colocar un tel\u00e9fono inteligente junto a la RLS <strong>GlobalFix V5<\/strong> , se abre autom\u00e1ticamente la aplicaci\u00f3n del producto ACR, que proporciona acceso a los datos de la RLS.<\/span><\/p>\n\n\n\n<p>La informaci\u00f3n sobre el estado de la baliza en la aplicaci\u00f3n incluye: duraci\u00f3n actual de la bater\u00eda, cantidad de pruebas autom\u00e1ticas completadas, cantidad de pruebas GNSS completadas y la cantidad de tiempo que la EPIRB ha estado activada. Tambi\u00e9n est\u00e1 disponible informaci\u00f3n detallada sobre cada autoprueba y prueba GNSS realizada por el dispositivo. Las pruebas GNSS muestran una vista de mapa que se\u00f1ala la ubicaci\u00f3n donde se realiz\u00f3 la prueba anterior, incluida la fecha y la hora de la prueba, el tiempo que tard\u00f3 la EPIRB en adquirir una posici\u00f3n en las coordenadas GNSS, la cantidad de sat\u00e9lites utilizados para obtener la posici\u00f3n y la precisi\u00f3n de la posici\u00f3n.  <\/p>\n\n\n\n<p><strong>La sencilla conectividad de la aplicaci\u00f3n con NFC permite a los usuarios comprobar f\u00e1cilmente el estado de todas las funciones EPIRB para garantizar que funcione correctamente.<\/strong><\/p>\n<\/div><\/div>\n\n<div style=\"height:41px\" aria-hidden=\"true\" class=\"wp-block-spacer\"><\/div>\n<figure class=\"wp-block-image aligncenter size-full is-resized\"><a href=\"https:\/\/www.acrartex.com\/de\/products\/acr-globalfix-v6-epirb-mit-return-link-service-und-mobiler-app\/\"><img loading=\"lazy\" decoding=\"async\" width=\"750\" height=\"225\" class=\"wp-image-33616\" style=\"width: 615px; height: 185px;\" src=\"https:\/\/www.acrartex.com\/wp-content\/uploads\/2022\/11\/GlobalFix-V6-Logo-01.png\" alt=\"\" srcset=\"https:\/\/www.acrartex.com\/wp-content\/uploads\/2022\/11\/GlobalFix-V6-Logo-01.png 750w, https:\/\/www.acrartex.com\/wp-content\/uploads\/2022\/11\/GlobalFix-V6-Logo-01-300x90.png 300w, https:\/\/www.acrartex.com\/wp-content\/uploads\/2022\/11\/GlobalFix-V6-Logo-01-600x180.png 600w\" sizes=\"auto, (max-width: 750px) 100vw, 750px\" \/><\/a><\/figure>\n\n<p>El nuevo <strong><a href=\"https:\/\/www.acrartex.com\/de\/products\/acr-globalfix-v6-epirb-mit-return-link-service-und-mobiler-app\/\">ACR GlobalFix V6,<\/a><\/strong> que ofrece la seguridad de un enlace de 406 MHz a la <a href=\"https:\/\/www.cospas-sarsat.int\/en\/\">red satelital global Cospas-Sarsat<\/a> y la tranquilidad que ofrece la incorporaci\u00f3n del RLS, es una opci\u00f3n vers\u00e1til para una gran variedad de navegantes. Y lo m\u00e1s importante, con su amplio conjunto de funciones, el V6 proporciona los elementos clave necesarios para el rescate. <\/p>\n\n<div class=\"wp-block-columns is-layout-flex wp-container-core-columns-is-layout-9d6595d7 wp-block-columns-is-layout-flex\">\n<div class=\"wp-block-column is-layout-flow wp-block-column-is-layout-flow\">\n<figure class=\"wp-block-video aligncenter\"><video height=\"648\" style=\"aspect-ratio: 650 \/ 648;\" width=\"650\" autoplay=\"\" loop=\"\" src=\"https:\/\/www.acrartex.com\/wp-content\/uploads\/2022\/11\/ACR_Global_Fix_V6_360.mp4\"><\/video><\/figure>\n<\/div>\n\n\n\n<div class=\"wp-block-column is-layout-flow wp-block-column-is-layout-flow\">\n<p class=\"has-large-font-size\"><strong>ACR GlobalFix V6<\/strong> <sup>*<\/sup><\/p>\n\n\n\n<p class=\"has-text-color has-medium-font-size\" style=\"color:#899198\">Una radiobaliza vers\u00e1til, ideal para embarcaciones recreativas y comerciales. Sus funciones de alta tecnolog\u00eda, como el Servicio de Enlace de Retorno (RLS), ofrecen tranquilidad a los usuarios al confirmar que la radiobaliza ha enviado correctamente el mensaje de socorro y que este se ha recibido. La nueva funci\u00f3n de Comunicaci\u00f3n de Campo Cercano (NFC) de ACR permite conectar la radiobaliza a un tel\u00e9fono inteligente para un diagn\u00f3stico r\u00e1pido, lo que demuestra que la bater\u00eda est\u00e1 cargada y que la radiobaliza funciona correctamente. La GlobalFix V6 es una soluci\u00f3n de seguridad ideal para todo tipo de embarcaciones y actividades, como la navegaci\u00f3n costera, la navegaci\u00f3n en alta mar o la pesca o el trabajo en cualquier oc\u00e9ano.   <\/p>\n<\/div>\n<\/div>\n\n<div class=\"wp-block-buttons is-horizontal is-content-justification-center is-layout-flex wp-container-core-buttons-is-layout-499968f5 wp-block-buttons-is-layout-flex\">\n<div class=\"wp-block-button\"><a class=\"wp-block-button__link has-vivid-green-cyan-background-color has-background wp-element-button\" href=\"https:\/\/www.acrartex.com\/products\/acr-globalfix-v6-epirb\/\">Haga clic aqu\u00ed para obtener m\u00e1s informaci\u00f3n<\/a><\/div>\n<\/div>\n\n<div style=\"height:41px\" aria-hidden=\"true\" class=\"wp-block-spacer\"><\/div>\n\n<h1 class=\"wp-block-heading has-text-align-center\" id=\"h-the-globalfix-v6-includes-all-the-innovative-features-of-the-globalfix-v5-except-for-ais-alerting\">El GlobalFix V6 incluye todas las caracter\u00edsticas innovadoras del GlobalFix V5, excepto la alerta AIS.<\/h1>\n\n<div class=\"wp-block-columns is-layout-flex wp-container-core-columns-is-layout-9d6595d7 wp-block-columns-is-layout-flex\">\n<div class=\"wp-block-column is-layout-flow wp-block-column-is-layout-flow\"><\/div>\n\n\n\n<div class=\"wp-block-column is-layout-flow wp-block-column-is-layout-flow\"><\/div>\n<\/div>\n\n<p><\/p>\n\n<hr class=\"wp-block-separator has-css-opacity\"\/>\n\n<div style=\"height:41px\" aria-hidden=\"true\" class=\"wp-block-spacer\"><\/div>\n\n<h1 class=\"wp-block-heading has-text-align-center\" id=\"h-all-next-generation-globalfix-epirbs-come-standard-with\">Todas las EPIRB GlobalFix de pr\u00f3xima generaci\u00f3n vienen de serie con<\/h1>\n<div class=\"wp-block-image\">\n<figure class=\"aligncenter\"><a href=\"https:\/\/www.acrartex.com\/wp-content\/uploads\/2022\/11\/ACR-V5-Water-Activation-Animation.gif\"><img loading=\"lazy\" decoding=\"async\" width=\"600\" height=\"247\" src=\"https:\/\/www.acrartex.com\/wp-content\/uploads\/2022\/11\/ACR-V5-Water-Activation-Animation.gif\" alt=\"\" class=\"wp-image-33613\"\/><\/a><figcaption class=\"wp-element-caption\">Nota: Seg\u00fan la normativa, las EPIRB de clase 3 no tienen funci\u00f3n de activaci\u00f3n por agua.<\/figcaption><\/figure>\n<\/div><div class=\"wp-block-image\">\n<figure class=\"aligncenter\"><a href=\"https:\/\/www.acrartex.com\/wp-content\/uploads\/2022\/11\/ACR-LED-IR-Strobe-Animation.png\"><img loading=\"lazy\" decoding=\"async\" width=\"800\" height=\"232\" src=\"https:\/\/www.acrartex.com\/wp-content\/uploads\/2022\/11\/ACR-LED-IR-Strobe-Animation.png\" alt=\"\" class=\"wp-image-33614\" srcset=\"https:\/\/www.acrartex.com\/wp-content\/uploads\/2022\/11\/ACR-LED-IR-Strobe-Animation.png 800w, https:\/\/www.acrartex.com\/wp-content\/uploads\/2022\/11\/ACR-LED-IR-Strobe-Animation-300x87.png 300w, https:\/\/www.acrartex.com\/wp-content\/uploads\/2022\/11\/ACR-LED-IR-Strobe-Animation-768x223.png 768w, https:\/\/www.acrartex.com\/wp-content\/uploads\/2022\/11\/ACR-LED-IR-Strobe-Animation-600x174.png 600w\" sizes=\"auto, (max-width: 800px) 100vw, 800px\" \/><\/a><\/figure>\n<\/div>\n<div class=\"wp-block-columns is-layout-flex wp-container-core-columns-is-layout-9d6595d7 wp-block-columns-is-layout-flex\">\n<div class=\"wp-block-column is-layout-flow wp-block-column-is-layout-flow\">\n<figure class=\"wp-block-image size-full\"><a href=\"https:\/\/www.acrartex.com\/wp-content\/uploads\/2022\/11\/ACR-Battery-10-Y-48-HRS-Animation.gif\"><img loading=\"lazy\" decoding=\"async\" width=\"400\" height=\"400\" src=\"https:\/\/www.acrartex.com\/wp-content\/uploads\/2022\/11\/ACR-Battery-10-Y-48-HRS-Animation.gif\" alt=\"\" class=\"wp-image-33603\"\/><\/a><\/figure>\n<\/div>\n\n\n\n<div class=\"wp-block-column is-layout-flow wp-block-column-is-layout-flow\">\n<figure class=\"wp-block-image size-full\"><a href=\"https:\/\/www.acrartex.com\/wp-content\/uploads\/2022\/11\/406-121-MHz-Small-Box.png\"><img loading=\"lazy\" decoding=\"async\" width=\"400\" height=\"400\" src=\"https:\/\/www.acrartex.com\/wp-content\/uploads\/2022\/11\/406-121-MHz-Small-Box.png\" alt=\"\" class=\"wp-image-33604\" srcset=\"https:\/\/www.acrartex.com\/wp-content\/uploads\/2022\/11\/406-121-MHz-Small-Box.png 400w, https:\/\/www.acrartex.com\/wp-content\/uploads\/2022\/11\/406-121-MHz-Small-Box-300x300.png 300w, https:\/\/www.acrartex.com\/wp-content\/uploads\/2022\/11\/406-121-MHz-Small-Box-150x150.png 150w, https:\/\/www.acrartex.com\/wp-content\/uploads\/2022\/11\/406-121-MHz-Small-Box-100x100.png 100w\" sizes=\"auto, (max-width: 400px) 100vw, 400px\" \/><\/a><\/figure>\n<\/div>\n<\/div>\n<div class=\"wp-block-image\">\n<figure class=\"aligncenter\"><a href=\"https:\/\/www.acrartex.com\/wp-content\/uploads\/2023\/01\/Large-Medium-Banner-3.png\"><img loading=\"lazy\" decoding=\"async\" width=\"1024\" height=\"422\" src=\"https:\/\/www.acrartex.com\/wp-content\/uploads\/2023\/01\/Large-Medium-Banner-3-1024x422.png\" alt=\"\" class=\"wp-image-34539\" srcset=\"https:\/\/www.acrartex.com\/wp-content\/uploads\/2023\/01\/Large-Medium-Banner-3-1024x422.png 1024w, https:\/\/www.acrartex.com\/wp-content\/uploads\/2023\/01\/Large-Medium-Banner-3-300x124.png 300w, https:\/\/www.acrartex.com\/wp-content\/uploads\/2023\/01\/Large-Medium-Banner-3-768x317.png 768w, https:\/\/www.acrartex.com\/wp-content\/uploads\/2023\/01\/Large-Medium-Banner-3-600x247.png 600w, https:\/\/www.acrartex.com\/wp-content\/uploads\/2023\/01\/Large-Medium-Banner-3.png 1048w\" sizes=\"auto, (max-width: 1024px) 100vw, 1024px\" \/><\/a><figcaption class=\"wp-element-caption\">Nota: Las EPIRB GlobalFix V5 y V6 se pueden comprar con un soporte de Categor\u00eda I (despliegue autom\u00e1tico) o de Categor\u00eda II (despliegue manual).<\/figcaption><\/figure>\n<\/div>","protected":false},"excerpt":{"rendered":"<p>La nueva EPIRB ACR GlobalFix V5 es una EPIRB innovadora con caracter\u00edsticas \u00fanicas, perfecta para navegantes, ya sea en cruceros costeros, trabajando en alta mar o cruzando oc\u00e9anos. ACR GlobalFix V5 Una innovadora RLS con un conjunto de caracter\u00edsticas \u00fanicas. La adici\u00f3n de una alerta AIS proporciona la v\u00eda de rescate m\u00e1s f\u00e1cil y r\u00e1pida. [&hellip;]<\/p>\n","protected":false},"author":5,"featured_media":0,"parent":0,"menu_order":0,"comment_status":"closed","ping_status":"closed","template":"","meta":{"_acf_changed":false,"om_disable_all_campaigns":false,"footnotes":""},"class_list":["post-144688","page","type-page","status-publish","hentry"],"acf":[],"_links":{"self":[{"href":"https:\/\/www.acrartex.com\/es\/wp-json\/wp\/v2\/pages\/144688","targetHints":{"allow":["GET"]}}],"collection":[{"href":"https:\/\/www.acrartex.com\/es\/wp-json\/wp\/v2\/pages"}],"about":[{"href":"https:\/\/www.acrartex.com\/es\/wp-json\/wp\/v2\/types\/page"}],"author":[{"embeddable":true,"href":"https:\/\/www.acrartex.com\/es\/wp-json\/wp\/v2\/users\/5"}],"replies":[{"embeddable":true,"href":"https:\/\/www.acrartex.com\/es\/wp-json\/wp\/v2\/comments?post=144688"}],"version-history":[{"count":7,"href":"https:\/\/www.acrartex.com\/es\/wp-json\/wp\/v2\/pages\/144688\/revisions"}],"predecessor-version":[{"id":162397,"href":"https:\/\/www.acrartex.com\/es\/wp-json\/wp\/v2\/pages\/144688\/revisions\/162397"}],"wp:attachment":[{"href":"https:\/\/www.acrartex.com\/es\/wp-json\/wp\/v2\/media?parent=144688"}],"curies":[{"name":"wp","href":"https:\/\/api.w.org\/{rel}","templated":true}]}}