{"id":144470,"date":"2023-02-06T17:04:50","date_gmt":"2023-02-06T22:04:50","guid":{"rendered":"https:\/\/www.acrartex.com\/el-nuevo-resqlink-ais\/"},"modified":"2025-09-08T15:57:05","modified_gmt":"2025-09-08T20:57:05","slug":"el-nuevo-resqlink-ais","status":"publish","type":"page","link":"https:\/\/www.acrartex.com\/es\/el-nuevo-resqlink-ais\/","title":{"rendered":"El nuevo ResQLink AIS PLB"},"content":{"rendered":"\n<p class=\"has-text-align-left\"><span style=\"box-sizing: border-box; margin: 0px; padding: 0px;\">La nueva baliza de localizaci\u00f3n personal <a href=\"https:\/\/www.acrartex.com\/el\/products\/personal-locator-beacon-resqlink-ais\/\">(PLB) <strong>ACR ResQLink AIS<\/strong><\/a> es la baliza tecnol\u00f3gicamente m\u00e1s avanzada del mundo, ya que cuenta con<\/span> tecnolog\u00eda para alertar a las fuerzas de b\u00fasqueda y rescate globales v\u00eda sat\u00e9lite y al rescate local desde embarcaciones cercanas con AIS. Con la incorporaci\u00f3n de la funcionalidad del Sistema de Identificaci\u00f3n Autom\u00e1tica (AIS), el Servicio de Enlace de Retorno (RLS) y la capacidad de Comunicaci\u00f3n de Campo Cercano (NFC) en una sola baliza de 406 MHz, la ResQLink AIS representa un avance crucial en la evoluci\u00f3n de la tecnolog\u00eda PLB. <\/p>\n<div class=\"wp-block-image\">\n<figure class=\"aligncenter size-large\"><a href=\"https:\/\/www.acrartex.com\/wp-content\/uploads\/2022\/11\/ACR-ResQLink-AIS-Header-Images.jpg\"><img loading=\"lazy\" decoding=\"async\" width=\"1024\" height=\"871\" src=\"https:\/\/www.acrartex.com\/wp-content\/uploads\/2022\/11\/ACR-ResQLink-AIS-Header-Images-1024x871.jpg\" alt=\"\" class=\"wp-image-33664\" srcset=\"https:\/\/www.acrartex.com\/wp-content\/uploads\/2022\/11\/ACR-ResQLink-AIS-Header-Images-1024x871.jpg 1024w, https:\/\/www.acrartex.com\/wp-content\/uploads\/2022\/11\/ACR-ResQLink-AIS-Header-Images-300x255.jpg 300w, https:\/\/www.acrartex.com\/wp-content\/uploads\/2022\/11\/ACR-ResQLink-AIS-Header-Images-768x654.jpg 768w, https:\/\/www.acrartex.com\/wp-content\/uploads\/2022\/11\/ACR-ResQLink-AIS-Header-Images-1536x1307.jpg 1536w, https:\/\/www.acrartex.com\/wp-content\/uploads\/2022\/11\/ACR-ResQLink-AIS-Header-Images-600x511.jpg 600w, https:\/\/www.acrartex.com\/wp-content\/uploads\/2022\/11\/ACR-ResQLink-AIS-Header-Images.jpg 2000w\" sizes=\"auto, (max-width: 1024px) 100vw, 1024px\" \/><\/a><\/figure>\n<\/div>\n<figure class=\"wp-block-embed is-type-video is-provider-youtube wp-block-embed-youtube wp-embed-aspect-16-9 wp-has-aspect-ratio\"><div class=\"wp-block-embed__wrapper\">\n<iframe loading=\"lazy\" title=\"ResQLink AIS PLB with Mobile App | ACR Electronics\" width=\"500\" height=\"281\" src=\"https:\/\/www.youtube.com\/embed\/GaoRXslmcH8?feature=oembed\" frameborder=\"0\" allow=\"accelerometer; autoplay; clipboard-write; encrypted-media; gyroscope; picture-in-picture; web-share\" referrerpolicy=\"strict-origin-when-cross-origin\" allowfullscreen><\/iframe>\n<\/div><\/figure>\n\n<div class=\"wp-block-columns is-layout-flex wp-container-core-columns-is-layout-9d6595d7 wp-block-columns-is-layout-flex\">\n<div class=\"wp-block-column is-layout-flow wp-block-column-is-layout-flow\">\n<figure class=\"wp-block-video\"><video height=\"650\" style=\"aspect-ratio: 650 \/ 650;\" width=\"650\" autoplay=\"\" loop=\"\" muted=\"\" src=\"https:\/\/www.acrartex.com\/wp-content\/uploads\/2022\/11\/ACR_PLB4503_360.mp4\"><\/video><\/figure>\n<\/div>\n\n\n\n<div class=\"wp-block-column is-layout-flow wp-block-column-is-layout-flow\">\n<p class=\"has-large-font-size\"><meta charset=\"utf-8\"\/><strong>ACR ResQLink AIS<\/strong><\/p>\n\n\n\n<p class=\"has-text-color has-medium-font-size\" style=\"color:#899198\">La combinaci\u00f3n de 406 MHz y mensajes de socorro AIS integra por primera vez el rescate global y local en una sola PLB , ampliando el acceso a la Guardia Costera y a las embarcaciones de b\u00fasqueda y rescate, as\u00ed como a las embarcaciones comerciales y recreativas de la zona. Alertar a las embarcaciones locales equipadas con AIS en su proximidad permite que otras embarcaciones respondan directamente a la llamada de socorro digital con su ubicaci\u00f3n precisa. <\/p>\n\n\n\n<p class=\"has-text-color has-medium-font-size\" style=\"color:#899198\">Adem\u00e1s, la capacidad NFC proporciona a los usuarios el primer PLB conectado a un tel\u00e9fono inteligente del mundo; la nueva funci\u00f3n Return Link Service proporciona a los usuarios la tranquilidad de saber que su mensaje de socorro ha sido recibido y su ubicaci\u00f3n detectada.<\/p>\n<\/div>\n<\/div>\n\n<div class=\"wp-block-buttons is-horizontal is-content-justification-center is-layout-flex wp-container-core-buttons-is-layout-499968f5 wp-block-buttons-is-layout-flex\">\n<div class=\"wp-block-button\"><a class=\"wp-block-button__link has-vivid-green-cyan-background-color has-background wp-element-button\" href=\"https:\/\/www.acrartex.com\/el\/products\/personal-locator-beacon-resqlink-ais\/\">Haga clic aqu\u00ed para obtener m\u00e1s informaci\u00f3n<\/a><\/div>\n<\/div>\n\n<div class=\"wp-block-columns is-layout-flex wp-container-core-columns-is-layout-9d6595d7 wp-block-columns-is-layout-flex\">\n<div class=\"wp-block-column is-layout-flow wp-block-column-is-layout-flow\">\n<figure class=\"wp-block-image size-full\"><img loading=\"lazy\" decoding=\"async\" width=\"379\" height=\"578\" src=\"https:\/\/www.acrartex.com\/wp-content\/uploads\/2022\/11\/Medium-Vertical-L-1.png\" alt=\"\" class=\"wp-image-33667\" srcset=\"https:\/\/www.acrartex.com\/wp-content\/uploads\/2022\/11\/Medium-Vertical-L-1.png 379w, https:\/\/www.acrartex.com\/wp-content\/uploads\/2022\/11\/Medium-Vertical-L-1-197x300.png 197w\" sizes=\"auto, (max-width: 379px) 100vw, 379px\" \/><\/figure>\n<\/div>\n\n\n\n<div class=\"wp-block-column is-layout-flow wp-block-column-is-layout-flow\">\n<p class=\"has-large-font-size\"><meta charset=\"utf-8\"\/><strong>Combinaci\u00f3n de rescate global y local<\/strong><\/p>\n\n\n\n<p class=\"has-text-color has-medium-font-size\" style=\"color:#899198\">Los buques equipados con AIS dentro del alcance VHF del PLB ver\u00e1n un mensaje de seguridad en sus pantallas, incluida la identificaci\u00f3n del buque mediante MMSI.  <\/p>\n\n\n\n<p class=\"has-text-color has-medium-font-size\" style=\"color:#899198\">Las embarcaciones en la zona donde se ha activado la PLB pueden iniciar operaciones de rescate y recuperaci\u00f3n de inmediato, sin tener que esperar la respuesta de emergencia. El AIS tambi\u00e9n permite a los servicios de emergencia locales localizar f\u00e1cilmente la posici\u00f3n de la PLB, que se muestra como un objetivo AIS en su pantalla de a bordo. Las embarcaciones cercanas con AIS a bordo pueden navegar directamente a la PLB seleccionando el objetivo AIS.  <\/p>\n\n\n\n<p class=\"has-medium-font-size\"><strong>Este incre\u00edble avance tecnol\u00f3gico acelerar\u00e1 los tiempos de recuperaci\u00f3n, lo que seguramente salvar\u00e1 vidas.<\/strong><\/p>\n<\/div>\n<\/div>\n\n<div class=\"wp-block-columns is-layout-flex wp-container-core-columns-is-layout-9d6595d7 wp-block-columns-is-layout-flex\">\n<div class=\"wp-block-column is-layout-flow wp-block-column-is-layout-flow\">\n<p class=\"has-large-font-size\"><meta charset=\"utf-8\"\/><strong>Return Link Service ( RLS ) habilitado<\/strong><\/p>\n\n\n\n<p class=\"has-text-color has-medium-font-size\" style=\"color:#899198\">La funci\u00f3n RLS funciona enviando una se\u00f1al a trav\u00e9s de la red <a href=\"https:\/\/www.cospas-sarsat.int\/en\/\">satelital<\/a> Galileo para confirmar al usuario de la baliza que su mensaje de socorro ha sido recibido y su ubicaci\u00f3n detectada. Una luz azul intermitente en la PLB indica claramente un mensaje de confirmaci\u00f3n. Al igual que otras balizas ACR que incluyen la funci\u00f3n RLS, el ResQLink AIS proporciona la tranquilidad de saber que un mensaje de socorro se ha entregado correctamente.    <\/p>\n\n\n\n<p class=\"has-text-color has-medium-font-size\" style=\"color:#899198\">Comprender que los rescatistas conocen la transmisi\u00f3n y la ubicaci\u00f3n de la baliza reduce el estr\u00e9s que a menudo se asocia con los incidentes de Hombre al Agua.<\/p>\n<\/div>\n\n\n\n<div class=\"wp-block-column is-layout-flow wp-block-column-is-layout-flow\"><div class=\"wp-block-image\">\n<figure class=\"aligncenter size-full\"><img loading=\"lazy\" decoding=\"async\" width=\"379\" height=\"578\" src=\"https:\/\/www.acrartex.com\/wp-content\/uploads\/2022\/11\/Medium-Vertical-R-1.png\" alt=\"\" class=\"wp-image-33668\" srcset=\"https:\/\/www.acrartex.com\/wp-content\/uploads\/2022\/11\/Medium-Vertical-R-1.png 379w, https:\/\/www.acrartex.com\/wp-content\/uploads\/2022\/11\/Medium-Vertical-R-1-197x300.png 197w\" sizes=\"auto, (max-width: 379px) 100vw, 379px\" \/><\/figure>\n<\/div><\/div>\n<\/div>\n\n<figure class=\"wp-block-image size-large\"><img loading=\"lazy\" decoding=\"async\" width=\"1024\" height=\"844\" src=\"https:\/\/www.acrartex.com\/wp-content\/uploads\/2023\/02\/PLB450-Mobile-App-Large-Box-1024x844.png\" alt=\"\" class=\"wp-image-34642\" srcset=\"https:\/\/www.acrartex.com\/wp-content\/uploads\/2023\/02\/PLB450-Mobile-App-Large-Box-1024x844.png 1024w, https:\/\/www.acrartex.com\/wp-content\/uploads\/2023\/02\/PLB450-Mobile-App-Large-Box-300x247.png 300w, https:\/\/www.acrartex.com\/wp-content\/uploads\/2023\/02\/PLB450-Mobile-App-Large-Box-768x633.png 768w, https:\/\/www.acrartex.com\/wp-content\/uploads\/2023\/02\/PLB450-Mobile-App-Large-Box-600x495.png 600w, https:\/\/www.acrartex.com\/wp-content\/uploads\/2023\/02\/PLB450-Mobile-App-Large-Box.png 1048w\" sizes=\"auto, (max-width: 1024px) 100vw, 1024px\" \/><\/figure>\n\n<div class=\"wp-block-media-text alignwide is-stacked-on-mobile is-vertically-aligned-center\" style=\"grid-template-columns:39% auto\"><figure class=\"wp-block-media-text__media\"><img loading=\"lazy\" decoding=\"async\" width=\"379\" height=\"578\" src=\"https:\/\/www.acrartex.com\/wp-content\/uploads\/2023\/02\/GlobalFix-V5-Mobile-App-2.png\" alt=\"\" class=\"wp-image-34607 size-full\" srcset=\"https:\/\/www.acrartex.com\/wp-content\/uploads\/2023\/02\/GlobalFix-V5-Mobile-App-2.png 379w, https:\/\/www.acrartex.com\/wp-content\/uploads\/2023\/02\/GlobalFix-V5-Mobile-App-2-197x300.png 197w\" sizes=\"auto, (max-width: 379px) 100vw, 379px\" \/><\/figure><div class=\"wp-block-media-text__content\">\n<p class=\"has-large-font-size\"><strong>Conectividad de tel\u00e9fonos inteligentes mediante Near Field Communication ( NFC )<\/strong><\/p>\n\n\n\n<p>La integraci\u00f3n de la tecnolog\u00eda NFC permite a los usuarios acceder c\u00f3modamente a los datos de la baliza desde sus tel\u00e9fonos m\u00f3viles. Con solo acercar el tel\u00e9fono a la baliza, se abre autom\u00e1ticamente la aplicaci\u00f3n de producto ACR, que proporciona acceso a una gran cantidad de datos de uso, como la duraci\u00f3n de la bater\u00eda, el n\u00famero de autopruebas realizadas, el n\u00famero de pruebas GNSS completadas y, si corresponde, el tiempo que la baliza lleva activada.   <\/p>\n\n\n\n<p>Si lo desea, tambi\u00e9n puede obtener informaci\u00f3n detallada sobre cada autoprueba y prueba GNSS realizada por la baliza. Para cada prueba GNSS realizada con \u00e9xito, los usuarios pueden ver un mapa que muestra exactamente d\u00f3nde se realiz\u00f3, la fecha y la hora, el tiempo que tard\u00f3 la baliza en obtener una posici\u00f3n en sus coordenadas GNSS, el n\u00famero de sat\u00e9lites que utiliz\u00f3 para obtener dicha posici\u00f3n y la precisi\u00f3n de la ubicaci\u00f3n. <\/p>\n<\/div><\/div>\n\n<hr class=\"wp-block-separator has-css-opacity\"\/>\n\n<p class=\"has-text-align-center has-large-font-size\"><strong>ResQLink AIS viene de serie con<\/strong><\/p>\n<figure class=\"wp-block-image aligncenter size-full is-resized\"><img loading=\"lazy\" decoding=\"async\" width=\"800\" height=\"232\" class=\"wp-image-33676\" style=\"width: 837px; height: 243px;\" src=\"https:\/\/www.acrartex.com\/wp-content\/uploads\/2022\/11\/Wide-Banner.png\" alt=\"\" srcset=\"https:\/\/www.acrartex.com\/wp-content\/uploads\/2022\/11\/Wide-Banner.png 800w, https:\/\/www.acrartex.com\/wp-content\/uploads\/2022\/11\/Wide-Banner-300x87.png 300w, https:\/\/www.acrartex.com\/wp-content\/uploads\/2022\/11\/Wide-Banner-768x223.png 768w, https:\/\/www.acrartex.com\/wp-content\/uploads\/2022\/11\/Wide-Banner-600x174.png 600w\" sizes=\"auto, (max-width: 800px) 100vw, 800px\" \/><\/figure>\n\n<figure class=\"wp-block-image size-large\"><img loading=\"lazy\" decoding=\"async\" width=\"1024\" height=\"422\" src=\"https:\/\/www.acrartex.com\/wp-content\/uploads\/2022\/11\/Large-Medium-Banner-1024x422.png\" alt=\"\" class=\"wp-image-33677\" srcset=\"https:\/\/www.acrartex.com\/wp-content\/uploads\/2022\/11\/Large-Medium-Banner-1024x422.png 1024w, https:\/\/www.acrartex.com\/wp-content\/uploads\/2022\/11\/Large-Medium-Banner-300x124.png 300w, https:\/\/www.acrartex.com\/wp-content\/uploads\/2022\/11\/Large-Medium-Banner-768x317.png 768w, https:\/\/www.acrartex.com\/wp-content\/uploads\/2022\/11\/Large-Medium-Banner-600x247.png 600w, https:\/\/www.acrartex.com\/wp-content\/uploads\/2022\/11\/Large-Medium-Banner.png 1048w\" sizes=\"auto, (max-width: 1024px) 100vw, 1024px\" \/><\/figure>\n\n<figure class=\"wp-block-image size-large\"><img loading=\"lazy\" decoding=\"async\" width=\"1024\" height=\"422\" src=\"https:\/\/www.acrartex.com\/wp-content\/uploads\/2022\/11\/Large-Medium-Banner-2-1-1024x422.png\" alt=\"\" class=\"wp-image-33678\" srcset=\"https:\/\/www.acrartex.com\/wp-content\/uploads\/2022\/11\/Large-Medium-Banner-2-1-1024x422.png 1024w, https:\/\/www.acrartex.com\/wp-content\/uploads\/2022\/11\/Large-Medium-Banner-2-1-300x124.png 300w, https:\/\/www.acrartex.com\/wp-content\/uploads\/2022\/11\/Large-Medium-Banner-2-1-768x317.png 768w, https:\/\/www.acrartex.com\/wp-content\/uploads\/2022\/11\/Large-Medium-Banner-2-1-600x247.png 600w, https:\/\/www.acrartex.com\/wp-content\/uploads\/2022\/11\/Large-Medium-Banner-2-1.png 1048w\" sizes=\"auto, (max-width: 1024px) 100vw, 1024px\" \/><\/figure>\n\n<div class=\"wp-block-columns is-layout-flex wp-container-core-columns-is-layout-9d6595d7 wp-block-columns-is-layout-flex\">\n<div class=\"wp-block-column is-layout-flow wp-block-column-is-layout-flow\">\n<figure class=\"wp-block-image size-full\"><img loading=\"lazy\" decoding=\"async\" width=\"400\" height=\"400\" src=\"https:\/\/www.acrartex.com\/wp-content\/uploads\/2022\/11\/Small-Box-copy-2.png\" alt=\"\" class=\"wp-image-33672\" srcset=\"https:\/\/www.acrartex.com\/wp-content\/uploads\/2022\/11\/Small-Box-copy-2.png 400w, https:\/\/www.acrartex.com\/wp-content\/uploads\/2022\/11\/Small-Box-copy-2-300x300.png 300w, https:\/\/www.acrartex.com\/wp-content\/uploads\/2022\/11\/Small-Box-copy-2-150x150.png 150w, https:\/\/www.acrartex.com\/wp-content\/uploads\/2022\/11\/Small-Box-copy-2-100x100.png 100w\" sizes=\"auto, (max-width: 400px) 100vw, 400px\" \/><\/figure>\n<\/div>\n\n\n\n<div class=\"wp-block-column is-layout-flow wp-block-column-is-layout-flow\">\n<figure class=\"wp-block-image size-full\"><img loading=\"lazy\" decoding=\"async\" width=\"400\" height=\"400\" src=\"https:\/\/www.acrartex.com\/wp-content\/uploads\/2022\/11\/Small-Box-copy-3.png\" alt=\"\" class=\"wp-image-33673\" srcset=\"https:\/\/www.acrartex.com\/wp-content\/uploads\/2022\/11\/Small-Box-copy-3.png 400w, https:\/\/www.acrartex.com\/wp-content\/uploads\/2022\/11\/Small-Box-copy-3-300x300.png 300w, https:\/\/www.acrartex.com\/wp-content\/uploads\/2022\/11\/Small-Box-copy-3-150x150.png 150w, https:\/\/www.acrartex.com\/wp-content\/uploads\/2022\/11\/Small-Box-copy-3-100x100.png 100w\" sizes=\"auto, (max-width: 400px) 100vw, 400px\" \/><\/figure>\n<\/div>\n\n\n\n<div class=\"wp-block-column is-layout-flow wp-block-column-is-layout-flow\">\n<figure class=\"wp-block-image size-full\"><img loading=\"lazy\" decoding=\"async\" width=\"400\" height=\"400\" src=\"https:\/\/www.acrartex.com\/wp-content\/uploads\/2022\/11\/Small-Box.png\" alt=\"\" class=\"wp-image-33674\" srcset=\"https:\/\/www.acrartex.com\/wp-content\/uploads\/2022\/11\/Small-Box.png 400w, https:\/\/www.acrartex.com\/wp-content\/uploads\/2022\/11\/Small-Box-300x300.png 300w, https:\/\/www.acrartex.com\/wp-content\/uploads\/2022\/11\/Small-Box-150x150.png 150w, https:\/\/www.acrartex.com\/wp-content\/uploads\/2022\/11\/Small-Box-100x100.png 100w\" sizes=\"auto, (max-width: 400px) 100vw, 400px\" \/><\/figure>\n<\/div>\n\n\n\n<div class=\"wp-block-column is-layout-flow wp-block-column-is-layout-flow\">\n<figure class=\"wp-block-image size-full\"><img loading=\"lazy\" decoding=\"async\" width=\"400\" height=\"400\" src=\"https:\/\/www.acrartex.com\/wp-content\/uploads\/2022\/11\/Small-Box-copy.png\" alt=\"\" class=\"wp-image-33675\" srcset=\"https:\/\/www.acrartex.com\/wp-content\/uploads\/2022\/11\/Small-Box-copy.png 400w, https:\/\/www.acrartex.com\/wp-content\/uploads\/2022\/11\/Small-Box-copy-300x300.png 300w, https:\/\/www.acrartex.com\/wp-content\/uploads\/2022\/11\/Small-Box-copy-150x150.png 150w, https:\/\/www.acrartex.com\/wp-content\/uploads\/2022\/11\/Small-Box-copy-100x100.png 100w\" sizes=\"auto, (max-width: 400px) 100vw, 400px\" \/><\/figure>\n<\/div>\n<\/div>\n\n<div style=\"height:44px\" aria-hidden=\"true\" class=\"wp-block-spacer\"><\/div>\n\n<p><\/p>\n","protected":false},"excerpt":{"rendered":"<p>La nueva baliza de localizaci\u00f3n personal (PLB) ACR ResQLink AIS es la baliza tecnol\u00f3gicamente m\u00e1s avanzada del mundo, ya que cuenta con tecnolog\u00eda para alertar a las fuerzas de b\u00fasqueda y rescate globales v\u00eda sat\u00e9lite y al rescate local desde embarcaciones cercanas con AIS. Con la incorporaci\u00f3n de la funcionalidad del Sistema de Identificaci\u00f3n Autom\u00e1tica [&hellip;]<\/p>\n","protected":false},"author":5,"featured_media":0,"parent":0,"menu_order":0,"comment_status":"closed","ping_status":"closed","template":"","meta":{"_acf_changed":false,"om_disable_all_campaigns":false,"footnotes":""},"class_list":["post-144470","page","type-page","status-publish","hentry"],"acf":[],"_links":{"self":[{"href":"https:\/\/www.acrartex.com\/es\/wp-json\/wp\/v2\/pages\/144470","targetHints":{"allow":["GET"]}}],"collection":[{"href":"https:\/\/www.acrartex.com\/es\/wp-json\/wp\/v2\/pages"}],"about":[{"href":"https:\/\/www.acrartex.com\/es\/wp-json\/wp\/v2\/types\/page"}],"author":[{"embeddable":true,"href":"https:\/\/www.acrartex.com\/es\/wp-json\/wp\/v2\/users\/5"}],"replies":[{"embeddable":true,"href":"https:\/\/www.acrartex.com\/es\/wp-json\/wp\/v2\/comments?post=144470"}],"version-history":[{"count":5,"href":"https:\/\/www.acrartex.com\/es\/wp-json\/wp\/v2\/pages\/144470\/revisions"}],"predecessor-version":[{"id":162431,"href":"https:\/\/www.acrartex.com\/es\/wp-json\/wp\/v2\/pages\/144470\/revisions\/162431"}],"wp:attachment":[{"href":"https:\/\/www.acrartex.com\/es\/wp-json\/wp\/v2\/media?parent=144470"}],"curies":[{"name":"wp","href":"https:\/\/api.w.org\/{rel}","templated":true}]}}