{"id":144380,"date":"2023-01-04T17:34:34","date_gmt":"2023-01-04T22:34:34","guid":{"rendered":"https:\/\/www.acrartex.com\/solicitud-de-consulta-de-dt-de-elt-de-gadss\/"},"modified":"2025-07-07T05:29:50","modified_gmt":"2025-07-07T10:29:50","slug":"solicitud-de-consulta-de-dt-de-elt-de-gadss","status":"publish","type":"page","link":"https:\/\/www.acrartex.com\/es\/solicitud-de-consulta-de-dt-de-elt-de-gadss\/","title":{"rendered":"SOLICITUD DE CONSULTA DE DT DE ELT DE GADSS"},"content":{"rendered":"\n<p>\u00bfNecesita obtener m\u00e1s informaci\u00f3n sobre GADSS y c\u00f3mo esto afectar\u00e1 sus futuros pedidos de aeronaves? Nuestros expertos en GADSS est\u00e1n disponibles para ayudarlo.<\/p>\n\n<p>Informaci\u00f3n de contacto ARTEX :<\/p>\n\n<p>Contacto de ventas: <a href=\"Jeff.Geraci@acrartex.com\">Jeff Geraci<\/a> al +1 954-612-9592 o <a href=\"mailto:Jeff.Geraci@acrartex.com\">Jeff.Geraci@acrartex.com<\/a><\/p>\n\n<p>Contacto de marketing: Mikele D&#8217;Arcangelo al +1 954-614-6703 o <a href=\"mailto:mikele.darcangelo@acrartex.com\" target=\"_blank\" rel=\"noreferrer noopener\">mikele.darcangelo@acrartex.com<\/a><\/p>\n\n<p><\/p>\n\n<iframe loading=\"lazy\" src=\"https:\/\/forms.monday.com\/forms\/embed\/bb05362e9314db80adc186100ed2cb7b?r=use1\" width=\"650\" height=\"500\" style=\"border: 0; box-shadow: 5px 5px 56px 0px rgba(0,0,0,0.25);\"><\/iframe>\n\n<p><\/p>\n","protected":false},"excerpt":{"rendered":"<p>\u00bfNecesita obtener m\u00e1s informaci\u00f3n sobre GADSS y c\u00f3mo esto afectar\u00e1 sus futuros pedidos de aeronaves? Nuestros expertos en GADSS est\u00e1n disponibles para ayudarlo. Informaci\u00f3n de contacto ARTEX : Contacto de ventas: Jeff Geraci al +1 954-612-9592 o Jeff.Geraci@acrartex.com Contacto de marketing: Mikele D&#8217;Arcangelo al +1 954-614-6703 o mikele.darcangelo@acrartex.com<\/p>\n","protected":false},"author":5,"featured_media":0,"parent":0,"menu_order":0,"comment_status":"closed","ping_status":"closed","template":"","meta":{"_acf_changed":false,"om_disable_all_campaigns":false,"footnotes":""},"class_list":["post-144380","page","type-page","status-publish","hentry"],"acf":[],"_links":{"self":[{"href":"https:\/\/www.acrartex.com\/es\/wp-json\/wp\/v2\/pages\/144380","targetHints":{"allow":["GET"]}}],"collection":[{"href":"https:\/\/www.acrartex.com\/es\/wp-json\/wp\/v2\/pages"}],"about":[{"href":"https:\/\/www.acrartex.com\/es\/wp-json\/wp\/v2\/types\/page"}],"author":[{"embeddable":true,"href":"https:\/\/www.acrartex.com\/es\/wp-json\/wp\/v2\/users\/5"}],"replies":[{"embeddable":true,"href":"https:\/\/www.acrartex.com\/es\/wp-json\/wp\/v2\/comments?post=144380"}],"version-history":[{"count":1,"href":"https:\/\/www.acrartex.com\/es\/wp-json\/wp\/v2\/pages\/144380\/revisions"}],"predecessor-version":[{"id":144417,"href":"https:\/\/www.acrartex.com\/es\/wp-json\/wp\/v2\/pages\/144380\/revisions\/144417"}],"wp:attachment":[{"href":"https:\/\/www.acrartex.com\/es\/wp-json\/wp\/v2\/media?parent=144380"}],"curies":[{"name":"wp","href":"https:\/\/api.w.org\/{rel}","templated":true}]}}