{"id":143954,"date":"2020-12-21T19:18:06","date_gmt":"2020-12-22T00:18:06","guid":{"rendered":"https:\/\/www.acrartex.com\/capacidad\/"},"modified":"2025-07-07T04:45:20","modified_gmt":"2025-07-07T09:45:20","slug":"capacidad","status":"publish","type":"page","link":"https:\/\/www.acrartex.com\/es\/capacidad\/","title":{"rendered":"Capacidad"},"content":{"rendered":"\n<p>ACR \/Artex tiene m\u00e1s de 60 a\u00f1os de experiencia en el desarrollo, fabricaci\u00f3n y soporte de productos que salvan vidas, incluidos EPIRB, transmisores de localizaci\u00f3n de emergencia (ELT), radiobalizas de localizaci\u00f3n personal, transpondedores de b\u00fasqueda y rescate (SART), luces estrobosc\u00f3picas de rescate y m\u00e1s.<\/p>\n\n<p>Utilizando nuestra filosof\u00eda de gesti\u00f3n centrada en el cliente, nuestros empleados siguen procedimientos registrados AS9100 \/ ISO 9001 para brindar soluciones a los requisitos de nuestros clientes.<\/p>\n\n<p>En el verano de 2004, se inici\u00f3 un firme compromiso con la implementaci\u00f3n de principios lean en la fabricaci\u00f3n, la comunicaci\u00f3n y otros sistemas empresariales para sentar las bases de un mejor rendimiento con el objetivo de entregar productos perfectos al 100 % a tiempo. Nuestra transformaci\u00f3n lean forma parte integral del Programa de Mejora Continua, una revisi\u00f3n constante de nuestros procesos para optimizar las m\u00e9tricas clave de nuestro cuadro de mando integral, eliminar el desperdicio y mejorar la satisfacci\u00f3n del cliente. <\/p>\n\n<p>Ampliar nuestras capacidades principales a trav\u00e9s de programas de educaci\u00f3n continua nos permite evolucionar desde un fabricante de equipos que salvan vidas a un socio valioso con la flexibilidad de extender su marca a nuevas \u00e1reas comerciales.<\/p>\n\n<p>Las capacidades actuales incluyen:<\/p>\n\n<p>Modelado 3D para dise\u00f1ar y especificar nuestras carcasas de pl\u00e1stico (moldes de inyecci\u00f3n) y metal.<br\/> An\u00e1lisis de elementos finitos para analizar nuestros dise\u00f1os frente a los criterios ambientales especificados por la FAA y RTCO<br\/> Dise\u00f1o interno de PCB y PCA utilizando el \u00faltimo software CAD<br\/> Soluci\u00f3n de problemas de EMI en el dise\u00f1o de RF<br\/> Dise\u00f1o de paquetes de bater\u00edas personalizados para aplicaciones ambientales adversas (militares, m\u00e9dicas, etc.)<br\/> Dise\u00f1os de interruptores remotos personalizados con o sin compatibilidad con gafas de visi\u00f3n nocturna para fabricantes de plataformas comerciales, empresariales y militares.<br\/> Recubrimiento conformado de placas de circuitos para evitar EMI, prolongar la vida \u00fatil del producto y proteger la placa del agua y\/o suciedad, en caso de que la carcasa se vea comprometida.<\/p>\n","protected":false},"excerpt":{"rendered":"<p>ACR \/Artex tiene m\u00e1s de 60 a\u00f1os de experiencia en el desarrollo, fabricaci\u00f3n y soporte de productos que salvan vidas, incluidos EPIRB, transmisores de localizaci\u00f3n de emergencia (ELT), radiobalizas de localizaci\u00f3n personal, transpondedores de b\u00fasqueda y rescate (SART), luces estrobosc\u00f3picas de rescate y m\u00e1s. Utilizando nuestra filosof\u00eda de gesti\u00f3n centrada en el cliente, nuestros empleados [&hellip;]<\/p>\n","protected":false},"author":2,"featured_media":0,"parent":0,"menu_order":0,"comment_status":"closed","ping_status":"closed","template":"","meta":{"_acf_changed":false,"om_disable_all_campaigns":false,"footnotes":""},"class_list":["post-143954","page","type-page","status-publish","hentry"],"acf":[],"_links":{"self":[{"href":"https:\/\/www.acrartex.com\/es\/wp-json\/wp\/v2\/pages\/143954","targetHints":{"allow":["GET"]}}],"collection":[{"href":"https:\/\/www.acrartex.com\/es\/wp-json\/wp\/v2\/pages"}],"about":[{"href":"https:\/\/www.acrartex.com\/es\/wp-json\/wp\/v2\/types\/page"}],"author":[{"embeddable":true,"href":"https:\/\/www.acrartex.com\/es\/wp-json\/wp\/v2\/users\/2"}],"replies":[{"embeddable":true,"href":"https:\/\/www.acrartex.com\/es\/wp-json\/wp\/v2\/comments?post=143954"}],"version-history":[{"count":1,"href":"https:\/\/www.acrartex.com\/es\/wp-json\/wp\/v2\/pages\/143954\/revisions"}],"predecessor-version":[{"id":143955,"href":"https:\/\/www.acrartex.com\/es\/wp-json\/wp\/v2\/pages\/143954\/revisions\/143955"}],"wp:attachment":[{"href":"https:\/\/www.acrartex.com\/es\/wp-json\/wp\/v2\/media?parent=143954"}],"curies":[{"name":"wp","href":"https:\/\/api.w.org\/{rel}","templated":true}]}}