{"id":143942,"date":"2020-12-21T19:25:44","date_gmt":"2020-12-22T00:25:44","guid":{"rendered":"https:\/\/www.acrartex.com\/refaccion\/"},"modified":"2025-07-07T04:51:46","modified_gmt":"2025-07-07T09:51:46","slug":"refaccion","status":"publish","type":"page","link":"https:\/\/www.acrartex.com\/es\/apoyo\/refaccion\/","title":{"rendered":"Refacci\u00f3n"},"content":{"rendered":"\n<h3 class=\"wp-block-heading\" id=\"h-repairs-and-battery-replacement\">REPARACIONES Y REEMPLAZO DE BATER\u00cdAS<\/h3>\n\n<p>Si tiene productos que necesitan reparaci\u00f3n, estamos aqu\u00ed para ayudarle. Puede cambiar las bater\u00edas en cualquiera de nuestros centros de reemplazo de bater\u00edas (BRC) m\u00e1s cercanos o cont\u00e1ctenos al n\u00famero que aparece a continuaci\u00f3n.   <\/p>\n\n<figure class=\"wp-block-embed is-type-video is-provider-youtube wp-block-embed-youtube wp-embed-aspect-16-9 wp-has-aspect-ratio\"><div class=\"wp-block-embed__wrapper\">\n<iframe loading=\"lazy\" title=\"Battery Replacement | ACR ARTEX\" width=\"500\" height=\"281\" src=\"https:\/\/www.youtube.com\/embed\/fcXReqeFNSo?feature=oembed\" frameborder=\"0\" allow=\"accelerometer; autoplay; clipboard-write; encrypted-media; gyroscope; picture-in-picture; web-share\" referrerpolicy=\"strict-origin-when-cross-origin\" allowfullscreen><\/iframe>\n<\/div><\/figure>\n\n<p>Obtenga m\u00e1s informaci\u00f3n sobre <a href=\"https:\/\/www.acrartex.com\/battery\/\">los reemplazos de bater\u00edas ACR EPRIB y PLB aqu\u00ed<\/a><\/p>\n\n<p>(954) 981-3333<\/p>\n\n<p>Para obtener servicio t\u00e9cnico de G-Switch, consulte nuestra <a href=\"https:\/\/www.dropbox.com\/s\/ap48w250ar7c3xz\/AUTHORIZED%20SERVICE%20CENTER%20LIST%202022.pdf?dl=1\">lista de centros de servicio ARTEX autorizados<\/a> .<\/p>\n\n<h2 class=\"wp-block-heading\" id=\"h-rmas-return-material-authorization\">RMA (Autorizaci\u00f3n de devoluci\u00f3n de material):<\/h2>\n\n<p>Por favor visite la siguiente p\u00e1gina:<span class=\"has-inline-color has-pale-cyan-blue-color\"> <\/span><a href=\"https:\/\/www.acrartex.com\/support\/return-and-exchanges\/\">Devoluciones \/ RMA \/ Cambios<\/a><\/p>\n\n<p>Consulte m\u00e1s informaci\u00f3n sobre el reemplazo de bater\u00eda en nuestras <a href=\"https:\/\/stg.acrelectronics.com\/support\/faqs\/\">preguntas frecuentes<\/a> .<\/p>\n\n<h2 class=\"wp-block-heading\" id=\"h-hours\">Horas<\/h2>\n\n<p>Lunes \u2013 Viernes<br\/> 7:30 a. m. a 4:30 p. m. (EST)<\/p>\n","protected":false},"excerpt":{"rendered":"<p>REPARACIONES Y REEMPLAZO DE BATER\u00cdAS Si tiene productos que necesitan reparaci\u00f3n, estamos aqu\u00ed para ayudarle. Puede cambiar las bater\u00edas en cualquiera de nuestros centros de reemplazo de bater\u00edas (BRC) m\u00e1s cercanos o cont\u00e1ctenos al n\u00famero que aparece a continuaci\u00f3n. Obtenga m\u00e1s informaci\u00f3n sobre los reemplazos de bater\u00edas ACR EPRIB y PLB aqu\u00ed (954) 981-3333 Para [&hellip;]<\/p>\n","protected":false},"author":5,"featured_media":0,"parent":144006,"menu_order":0,"comment_status":"closed","ping_status":"closed","template":"","meta":{"_acf_changed":false,"om_disable_all_campaigns":false,"footnotes":""},"class_list":["post-143942","page","type-page","status-publish","hentry"],"acf":[],"_links":{"self":[{"href":"https:\/\/www.acrartex.com\/es\/wp-json\/wp\/v2\/pages\/143942","targetHints":{"allow":["GET"]}}],"collection":[{"href":"https:\/\/www.acrartex.com\/es\/wp-json\/wp\/v2\/pages"}],"about":[{"href":"https:\/\/www.acrartex.com\/es\/wp-json\/wp\/v2\/types\/page"}],"author":[{"embeddable":true,"href":"https:\/\/www.acrartex.com\/es\/wp-json\/wp\/v2\/users\/5"}],"replies":[{"embeddable":true,"href":"https:\/\/www.acrartex.com\/es\/wp-json\/wp\/v2\/comments?post=143942"}],"version-history":[{"count":1,"href":"https:\/\/www.acrartex.com\/es\/wp-json\/wp\/v2\/pages\/143942\/revisions"}],"predecessor-version":[{"id":143948,"href":"https:\/\/www.acrartex.com\/es\/wp-json\/wp\/v2\/pages\/143942\/revisions\/143948"}],"up":[{"embeddable":true,"href":"https:\/\/www.acrartex.com\/es\/wp-json\/wp\/v2\/pages\/144006"}],"wp:attachment":[{"href":"https:\/\/www.acrartex.com\/es\/wp-json\/wp\/v2\/media?parent=143942"}],"curies":[{"name":"wp","href":"https:\/\/api.w.org\/{rel}","templated":true}]}}