{"id":167860,"date":"2026-04-30T12:38:23","date_gmt":"2026-04-30T17:38:23","guid":{"rendered":"https:\/\/www.acrartex.com\/products\/rcl-200-suchscheinwerfer\/"},"modified":"2026-04-30T13:06:26","modified_gmt":"2026-04-30T18:06:26","slug":"rcl-200-suchscheinwerfer","status":"publish","type":"product","link":"https:\/\/www.acrartex.com\/de\/products\/rcl-200-suchscheinwerfer\/","title":{"rendered":"RCL-200 Suchscheinwerfer"},"content":{"rendered":"<p class=\"ai-optimize-57 ai-optimize-introduction\"><strong>Stilvolle Kraft. Un\u00fcbertroffene Leistung. <\/strong><\/p>\n<p class=\"ai-optimize-58\"><span data-olk-copy-source=\"MessageBody\">Der LED-Schiffsscheinwerfer RCL-200 vereint elegantes Design mit kompromissloser Robustheit und erf\u00fcllt damit die Anforderungen moderner Bootsfahrer. Dank seines robusten Geh\u00e4uses aus Aluminiumdruckguss ist dieser Scheinwerfer bestens f\u00fcr den Einsatz unter rauen Bedingungen auf See geeignet und besticht gleichzeitig durch sein stilvolles, modernes Aussehen, das zu jedem Boot passt. <\/span><\/p>\n<p class=\"ai-optimize-59\"><span data-olk-copy-source=\"MessageBody\">Ausgestattet mit 12 Hochleistungs-LEDs erzeugt die RCL-200 LED einen brillanten Lichtstrahl von 720.000 Candela und gew\u00e4hrleistet so maximale Sichtbarkeit und Sicherheit bei Nachtfahrten oder Such- und Rettungsaktionen. Dank der Unterst\u00fctzung mehrerer Spannungen (12\u201324 V DC) bietet sie flexible Installationsm\u00f6glichkeiten auf einer Vielzahl von Booten. <\/span><\/p>\n<p class=\"ai-optimize-60\"><span data-olk-copy-source=\"MessageBody\">Der RCL-200 LED wurde mit Blick auf Komfort und Vielseitigkeit entwickelt und verf\u00fcgt \u00fcber fortschrittliche Steuerungsfunktionen. Dazu geh\u00f6ren die automatische R\u00fcckkehr in die Ausgangsposition auf Befehl und der Betrieb von zwei Suchscheinwerfern von einer Station aus \u2013 oder von zwei Suchscheinwerfern von zwei Stationen aus. Ob zur Aufr\u00fcstung eines bestehenden Systems oder zur Ausr\u00fcstung eines neuen Schiffes: Dieser Suchscheinwerfer bietet die Zuverl\u00e4ssigkeit, Leistung und das Design, die Sie auf dem Wasser erwarten. <\/span><\/p>\n<p>&nbsp;<\/p>\n<p class=\"ai-optimize-61\"><strong>Merkmale:<\/strong><\/p>\n<ul>\n<li class=\"ai-optimize-62\"><strong>Helle Ausleuchtung<\/strong> \u2013 <span data-olk-copy-source=\"MessageBody\">12 Hochleistungs-LEDs erzeugen einen starken 720.000 Candela Lichtstrahl f\u00fcr maximale Sichtbarkeit.<\/span><\/li>\n<li class=\"ai-optimize-63\"><strong>Robustes und stilvolles Design<\/strong> \u2013 <span data-olk-copy-source=\"MessageBody\">Langlebiges Geh\u00e4use aus Aluminiumdruckguss, das rauen Meeresumgebungen standh\u00e4lt und gleichzeitig ein schlankes, modernes Aussehen bietet.<\/span><\/li>\n<li class=\"ai-optimize-64\"><strong>Intelligente Steuerungsoptionen<\/strong> \u2013 <span data-olk-copy-source=\"MessageBody\">R\u00fcckkehr zur Ausgangsposition per Knopfdruck.<\/span><\/li>\n<li class=\"ai-optimize-65\"><strong>Flexible Bedienung<\/strong> \u2013 <span data-olk-copy-source=\"MessageBody\">Steuern Sie zwei Suchscheinwerfer von einer Station aus oder zwei Suchscheinwerfer von zwei Stationen aus.<\/span><\/li>\n<li class=\"ai-optimize-66\"><strong>Breite Spannungskompatibilit\u00e4t<\/strong> \u2013 <span data-olk-copy-source=\"MessageBody\">Unterst\u00fctzt DC 12V\u201324V-Systeme f\u00fcr vielseitige Installationen auf einer Vielzahl von Schiffen.<\/span><\/li>\n<\/ul>\n<p>&nbsp;<\/p>\n","protected":false},"excerpt":{"rendered":"<p><span style=\"color: #ff0000;\"><strong>ERSCHEINT IM HERBST 2026<\/strong><\/span><\/p>\n<p><span data-olk-copy-source=\"MessageBody\">Der RCL-200 LED ist ein eleganter und robuster Suchscheinwerfer f\u00fcr den maritimen Einsatz, der auf Leistung ausgelegt ist. Mit seinem Geh\u00e4use aus Aluminiumdruckguss, 12 Hochleistungs-LEDs und einem beeindruckenden Lichtstrahl von 720.000 Candela bietet er optimale Sicht, wenn Sie sie am dringendsten ben\u00f6tigen. Dank der Unterst\u00fctzung mehrerer Spannungen (12\u201324 V DC) und fortschrittlicher Steuerungsm\u00f6glichkeiten ist er die perfekte Aufr\u00fcstung f\u00fcr mittelgro\u00dfe bis gro\u00dfe Freizeitboote sowie f\u00fcr kommerzielle Schiffe.  <\/span><\/p>\n","protected":false},"featured_media":167765,"template":"","meta":{"_acf_changed":false,"om_disable_all_campaigns":false},"product_brand":[],"product_cat":[6024,6023,6026,5636,7189,6025],"product_tag":[16240,16242,16244,16246,7209,12079,7316,7323,7201,7195,7199],"class_list":{"0":"post-167860","1":"product","2":"type-product","3":"status-publish","4":"has-post-thumbnail","6":"product_cat-in-kustennahe","7":"product_cat-inland-de","8":"product_cat-kommerziell","9":"product_cat-marine-de","10":"product_cat-suchscheinwerfer-de","11":"product_cat-vor-der-kuste","12":"product_tag-16240","13":"product_tag-16242","14":"product_tag-acr-rcl-200","15":"product_tag-acr-rcl-200-led","16":"product_tag-acr-suchscheinwerfer","17":"product_tag-led-bootssuchscheinwerfer-de","18":"product_tag-led-suchscheinwerfer","19":"product_tag-marine-led-suchscheinwerfer-de","20":"product_tag-marine-suchscheinwerfer","21":"product_tag-suchscheinwerfer-de","22":"product_tag-suchscheinwerfer-fur-boote","24":"first","25":"outofstock","26":"taxable","27":"shipping-taxable","28":"product-type-variable"},"acf":[],"_links":{"self":[{"href":"https:\/\/www.acrartex.com\/de\/wp-json\/wp\/v2\/product\/167860","targetHints":{"allow":["GET"]}}],"collection":[{"href":"https:\/\/www.acrartex.com\/de\/wp-json\/wp\/v2\/product"}],"about":[{"href":"https:\/\/www.acrartex.com\/de\/wp-json\/wp\/v2\/types\/product"}],"wp:featuredmedia":[{"embeddable":true,"href":"https:\/\/www.acrartex.com\/de\/wp-json\/wp\/v2\/media\/167765"}],"wp:attachment":[{"href":"https:\/\/www.acrartex.com\/de\/wp-json\/wp\/v2\/media?parent=167860"}],"wp:term":[{"taxonomy":"product_brand","embeddable":true,"href":"https:\/\/www.acrartex.com\/de\/wp-json\/wp\/v2\/product_brand?post=167860"},{"taxonomy":"product_cat","embeddable":true,"href":"https:\/\/www.acrartex.com\/de\/wp-json\/wp\/v2\/product_cat?post=167860"},{"taxonomy":"product_tag","embeddable":true,"href":"https:\/\/www.acrartex.com\/de\/wp-json\/wp\/v2\/product_tag?post=167860"}],"curies":[{"name":"wp","href":"https:\/\/api.w.org\/{rel}","templated":true}]}}