{"id":166590,"date":"2025-11-12T18:18:59","date_gmt":"2025-11-12T23:18:59","guid":{"rendered":"https:\/\/www.acrartex.com\/products\/sr303-vhf-funkgeraet\/"},"modified":"2026-03-24T10:36:59","modified_gmt":"2026-03-24T15:36:59","slug":"sr303-vhf-funkgeraet","status":"publish","type":"product","link":"https:\/\/www.acrartex.com\/de\/products\/sr303-vhf-funkgeraet\/","title":{"rendered":"SR303 VHF-Funkger\u00e4t"},"content":{"rendered":"<p>Das ACR Electronics SR303 Funkger\u00e4t wird in zwei praktischen Ausf\u00fchrungen angeboten: als reines GMDSS-Notfall-VHF-Funkger\u00e4t ausschlie\u00dflich f\u00fcr Notfalleins\u00e4tze oder als Komplettset f\u00fcr den allgemeinen t\u00e4glichen Gebrauch und\/oder Notfalleins\u00e4tze. Es dient als umfassende L\u00f6sung f\u00fcr alle Ihre maritimen Kommunikationsbed\u00fcrfnisse.<\/p>\n<p>Das GMDSS-Notfunkger\u00e4t (VHF) wird mit einer Lithium-Prim\u00e4rbatterie geliefert, die \u00fcber ein Batterie-Etikett verf\u00fcgt. So ist jederzeit eindeutig erkennbar, ob die Prim\u00e4rbatterie bereits verwendet wurde. Nach dem Entfernen des Etiketts schaltet sich das Funkger\u00e4t beim Anschlie\u00dfen der Batterie automatisch ein und wechselt in den GMDSS-Betriebsmodus mit folgenden voreingestellten Parametern: Kanal 16, Lautst\u00e4rke 8 und Rauschsperre auf Stufe 2. <\/p>\n<p>Das Komplettset enth\u00e4lt die beschriebene Lithium-Prim\u00e4rbatterie sowie einen wiederaufladbaren Lithium-Ionen-Akku und eine Ladestation. Zum Standardzubeh\u00f6r, das sowohl beim eigenst\u00e4ndigen GMDSS-Notfunkger\u00e4t als auch beim Komplettset enthalten ist, geh\u00f6ren eine flexible Gummiantenne, ein G\u00fcrtelclip und eine Handschlaufe. <\/p>\n<p>Das SR303 wurde mit besonderem Augenmerk auf Benutzerfreundlichkeit entwickelt und eignet sich daher auch f\u00fcr die Bedienung mit \u00dcberlebenshandschuhen. Es verf\u00fcgt \u00fcber ein gut lesbares Digitaldisplay. Sowohl Display als auch Tastatur sind hintergrundbeleuchtet, was die Bedienung auch bei schlechten Lichtverh\u00e4ltnissen erleichtert. Das SR303 ist zudem mit NFC (Near Field Communication) ausgestattet, wodurch Informationen zum Batteriewechseldatum und Produktinformationen auf einem Mobilger\u00e4t abgerufen werden k\u00f6nnen.  <\/p>\n<p>Dank seiner robusten Bauweise eignet sich das SR303 f\u00fcr alle maritimen Anwendungen und ist die ideale Wahl f\u00fcr die vorgeschriebene und freiwillige Mitf\u00fchrung. Mit langj\u00e4hriger Erfahrung in der maritimen Sicherheitstechnik und dem kontinuierlichen Engagement f\u00fcr Qualit\u00e4t und Innovation bietet das ACR Electronics SR303 Marine GMDSS VHF-Funkger\u00e4t die unvergleichliche Leistung, die Seeleute weltweit von allen Produkten von ACR Electronics erwarten. <\/p>\n","protected":false},"excerpt":{"rendered":"<p>Das ACR Electronics SR303 Marine GMDSS VHF-Funkger\u00e4t wurde mit Blick auf Flexibilit\u00e4t entwickelt und bietet Nutzern komfortable Optionen zur Kommunikation auf See unter allen Umst\u00e4nden. Als GMDSS-Produkt (Global Maritime Distress and Safety System) konzipiert, ist dieses wasserdichte VHF-Funkger\u00e4t vollst\u00e4ndig nach IMO- und SOLAS-Vorschriften zertifiziert und bietet nahtlose Unterst\u00fctzung bei der Kommunikation sowohl in kritischen Situationen als auch im allt\u00e4glichen maritimen Betrieb. <\/p>\n","protected":false},"featured_media":166600,"template":"","meta":{"_acf_changed":false,"om_disable_all_campaigns":false},"product_brand":[],"product_cat":[6026,5636,6025],"product_tag":[9706,9716,9714,9717,9698,9710,9704,9712,9718,9708,9700,9694,9696],"class_list":{"0":"post-166590","1":"product","2":"type-product","3":"status-publish","4":"has-post-thumbnail","6":"product_cat-kommerziell","7":"product_cat-marine-de","8":"product_cat-vor-der-kuste","9":"product_tag-bewertungen-von-ukw-seefunkgeraten","10":"product_tag-gmdss-uberlebensradio","11":"product_tag-gmdss-ukw-radio","12":"product_tag-gmdss-zugelassenes-funkgerat","13":"product_tag-marine-ukw-funkgerate","14":"product_tag-marine-ukw-funkgerate-zu-verkaufen","15":"product_tag-marine-ukw-radioantenne","16":"product_tag-tragbares-ukw-seefunkgerat","17":"product_tag-ukw-funk-gmdss","18":"product_tag-ukw-handfunkgerat","19":"product_tag-ukw-radio","20":"product_tag-ukw-seefunkgerat","21":"product_tag-ukw-seefunkgerat-de","23":"first","24":"outofstock","25":"taxable","26":"shipping-taxable","27":"product-type-simple"},"acf":[],"_links":{"self":[{"href":"https:\/\/www.acrartex.com\/de\/wp-json\/wp\/v2\/product\/166590","targetHints":{"allow":["GET"]}}],"collection":[{"href":"https:\/\/www.acrartex.com\/de\/wp-json\/wp\/v2\/product"}],"about":[{"href":"https:\/\/www.acrartex.com\/de\/wp-json\/wp\/v2\/types\/product"}],"wp:featuredmedia":[{"embeddable":true,"href":"https:\/\/www.acrartex.com\/de\/wp-json\/wp\/v2\/media\/166600"}],"wp:attachment":[{"href":"https:\/\/www.acrartex.com\/de\/wp-json\/wp\/v2\/media?parent=166590"}],"wp:term":[{"taxonomy":"product_brand","embeddable":true,"href":"https:\/\/www.acrartex.com\/de\/wp-json\/wp\/v2\/product_brand?post=166590"},{"taxonomy":"product_cat","embeddable":true,"href":"https:\/\/www.acrartex.com\/de\/wp-json\/wp\/v2\/product_cat?post=166590"},{"taxonomy":"product_tag","embeddable":true,"href":"https:\/\/www.acrartex.com\/de\/wp-json\/wp\/v2\/product_tag?post=166590"}],"curies":[{"name":"wp","href":"https:\/\/api.w.org\/{rel}","templated":true}]}}