{"id":166505,"date":"2025-11-06T04:45:51","date_gmt":"2025-11-06T09:45:51","guid":{"rendered":"https:\/\/www.acrartex.com\/products\/bivy-go-plan-bivy-stick-mesh-unbegrenztes-datenvolumen\/"},"modified":"2025-11-06T04:45:51","modified_gmt":"2025-11-06T09:45:51","slug":"bivy-go-plan-bivy-stick-mesh-unbegrenztes-datenvolumen","status":"publish","type":"product","link":"https:\/\/www.acrartex.com\/de\/products\/bivy-go-plan-bivy-stick-mesh-unbegrenztes-datenvolumen\/","title":{"rendered":"Bivy Go Plan \u2013 Bivy Stick MESH + Unbegrenztes Datenvolumen"},"content":{"rendered":"<p>Der Bivy Stick MESH ist mehr als nur ein Ger\u00e4t \u2013 er ist eine bahnbrechende Innovation in der Unternehmenskommunikation f\u00fcr Remote-Eins\u00e4tze. Entwickelt, um Teams selbst in anspruchsvollsten Umgebungen stets verbunden zu halten, bietet er nahtlose Dual-Mode-Konnektivit\u00e4t und wechselt intelligent zwischen dem globalen Iridium\u00ae-Satellitennetzwerk und dem LoRa\u00ae-f\u00e4higen Mesh-Netzwerk f\u00fcr un\u00fcbertroffene Zuverl\u00e4ssigkeit und Abdeckung. <\/p>\n<p>&nbsp;<\/p>\n<p>St\u00e4rkung Ihrer Fernkommunikation:<\/p>\n<ul>\n<li><strong>Globale Iridium-Satellitenabdeckung:<\/strong> Arbeiten Sie \u00fcberall auf der Erde vertrauensvoll und nutzen Sie die konkurrenzlose Satellitenkonstellation von Iridium f\u00fcr eine zuverl\u00e4ssige Kommunikation.<\/li>\n<li><strong>LoRa\u00ae-f\u00e4higes Mesh-Netzwerk:<\/strong> Selbstbildende Mesh-Netzwerke, die Echtzeitnachrichten und GPS Standortaktualisierungen f\u00fcr eine verbesserte Teamkoordination erm\u00f6glichen.<\/li>\n<\/ul>\n<p><strong> <\/strong><\/p>\n<p>ACR Bivy war stets Branchenf\u00fchrer und f\u00fchrte als Erster die satellitengest\u00fctzte Gruppenkommunikation und Ortung f\u00fcr bis zu 12 Bivy Sticks ein. Mit der LoRa\u00ae-f\u00e4higen MESH-Integration legt Bivy die Messlatte nun erneut h\u00f6her und festigt seine Position als f\u00fchrende Kommunikationsl\u00f6sung f\u00fcr Teams an Standorten ohne Netzanschluss. <\/p>\n<h2>Bivy Stick MESH Eigenschaften:<\/h2>\n<ul>\n<li><strong>Duale Kommunikationsmodi<\/strong> : Kombiniert auf einzigartige Weise LoRa\u00ae-f\u00e4higes Mesh-Networking mit robuster globaler Satellitenkommunikation und bietet so beispiellose Konnektivit\u00e4t in unterschiedlichsten Umgebungen und setzt einen neuen Standard in der Outdoor-Kommunikationstechnologie.\n<ul>\n<li><strong>Globale Satellitenkommunikation<\/strong> :<br \/>\n Verlassen Sie sich auf das Iridium-Netzwerk f\u00fcr eine konsistente, globale Konnektivit\u00e4t, selbst an den entlegensten Standorten.<\/li>\n<li><strong>LoRa\u00ae-f\u00e4higes Mesh-Netzwerk:<br \/>\n<\/strong> Verbessern Sie die Teamkoordination mit Mesh-Netzwerken f\u00fcr direkte Ger\u00e4te-zu-Ger\u00e4te-Verbindungen \u00fcber Entfernungen von bis zu einer Meile und unterst\u00fctzen Sie bis zu 12 Ger\u00e4te.<\/li>\n<\/ul>\n<\/li>\n<li><strong>LoRa\u00ae-f\u00e4hige Nachrichten\u00fcbermittlung:<\/strong> Nachrichten\u00fcbertragung von Ger\u00e4t zu Ger\u00e4t innerhalb von Sekunden, was erheblich schneller ist als die herk\u00f6mmliche Satellitenkommunikation, die zwischen Ger\u00e4ten mehrere Minuten dauern kann.<\/li>\n<\/ul>\n<ul>\n<li><strong>Anpassungsf\u00e4hig an raue Umgebungen:<\/strong> Entwickelt f\u00fcr den reibungslosen Betrieb in extremen Umgebungen, von dichten W\u00e4ldern mit dichtem Bl\u00e4tterdach bis hin zu Bereichen mit vielen Betonstrukturen, und etabliert sich als unverzichtbare Ressource f\u00fcr Teams und Ersthelfer in signalbeeintr\u00e4chtigten Zonen.<\/li>\n<li><strong>Gruppennachrichten:<\/strong> Benutzer k\u00f6nnen problemlos Gruppenchats innerhalb des Mesh-Netzwerks erstellen und ihnen beitreten, was eine effiziente Koordination und Kommunikation zwischen Teams oder Personengruppen erm\u00f6glicht.<\/li>\n<li aria-level=\"1\"><b>Standortfreigabe in Echtzeit:<\/b> Ger\u00e4te erm\u00f6glichen es Benutzern, ihren Standort in Echtzeit mit anderen im Mesh-Netzwerk zu teilen. Dies erh\u00f6ht die Sicherheit und erm\u00f6glicht eine effiziente Koordination bei Aktivit\u00e4ten im Freien und in Notf\u00e4llen.<\/li>\n<li><strong>MESH-Netzwerkintelligenz:<\/strong> \u00dcberwacht die Mobilfunk- und Satellitensignalst\u00e4rke jedes Ger\u00e4ts im Netzwerk und leitet Nachrichten intelligent \u00fcber Ger\u00e4te mit besserer Verbindung weiter, um die Kommunikationseffizienz zu optimieren.<\/li>\n<li><strong>Intelligente Nachrichtenweiterleitung<\/strong> : Der Bivy Stick MESH kann als Kommunikationsknoten fungieren, um Nachrichten nahtlos weiterzuleiten, entweder von Ger\u00e4t zu Ger\u00e4t oder \u00fcber Satellit, wodurch die Kommunikationseffizienz maximiert wird.<\/li>\n<li><strong>SOS-Notfall-Reservebatterie:<\/strong> Ausgestattet mit einer speziellen 24-Stunden-SOS-Batteriereserve, die sicherstellt, dass das kritische SOS-Signal in Notfallszenarien aufrechterhalten bleibt.<\/li>\n<li><strong>Robust und wasserdicht:<\/strong> Der Bivy Stick MESH wurde f\u00fcr anspruchsvolle Umgebungen entwickelt und zeichnet sich durch seine widerstandsf\u00e4hige Konstruktion aus, die den Wasserdichtigkeitsstandard IP67 erf\u00fcllt. Er ist f\u00fcr den Einsatz unter allen Wetterbedingungen konzipiert und gew\u00e4hrleistet zuverl\u00e4ssigen Betrieb, egal wohin Ihre Mission Sie f\u00fchrt. <\/li>\n<li><strong>Integrationsbereit:<\/strong> Entwickelt f\u00fcr die Kompatibilit\u00e4t mit vorhandenen Unternehmens-Workflows zur nahtlosen Integration.<\/li>\n<\/ul>\n<p>Notfall-SOS. Aktiviert in der App oder \u00fcber die Ger\u00e4tetaste. Bereitgestellt von GlobalRescue\u2122 <\/p>\n","protected":false},"excerpt":{"rendered":"<p><span class=\"TextRun SCXW184998696 BCX0\" lang=\"EN-US\" data-contrast=\"none\" xml:lang=\"EN-US\"><span class=\"NormalTextRun SCXW184998696 BCX0\">Mit Bivy Stick MESH genie\u00dfen Sie<\/span> <span class=\"NormalTextRun SCXW184998696 BCX0\">zuverl\u00e4ssige<\/span> <\/span><span class=\"TextRun SCXW184998696 BCX0\" lang=\"EN-US\" data-contrast=\"none\"><span class=\"NormalTextRun SCXW184998696 BCX0\">2-Wege<\/span><\/span> <span class=\"TextRun SCXW184998696 BCX0\" lang=\"EN-US\" data-contrast=\"auto\"><span class=\"NormalTextRun SCXW184998696 BCX0\">\u2013<\/span> <span class=\"NormalTextRun SCXW184998696 BCX0\">Satellitenkommunikation<\/span><\/span><span class=\"TextRun SCXW184998696 BCX0\" lang=\"EN-US\" data-contrast=\"none\" xml:lang=\"EN-US\"><span class=\"NormalTextRun SCXW184998696 BCX0\">,  <\/span><\/span><span class=\"TextRun SCXW184998696 BCX0\" lang=\"EN-US\" data-contrast=\"none\" xml:lang=\"EN-US\"><span class=\"NormalTextRun SCXW184998696 BCX0\">Gruppen-Chats<\/span><\/span><span class=\"TextRun SCXW184998696 BCX0\" lang=\"EN-US\" data-contrast=\"none\" xml:lang=\"EN-US\"><span class=\"NormalTextRun SCXW184998696 BCX0\">,  <\/span><\/span><span class=\"TextRun SCXW184998696 BCX0\" lang=\"EN-US\" data-contrast=\"none\" xml:lang=\"EN-US\"><span class=\"NormalTextRun SCXW184998696 BCX0\">24\/7-SOS-Unterst\u00fctzung<\/span><\/span><span class=\"TextRun SCXW184998696 BCX0\" lang=\"EN-US\" data-contrast=\"none\" xml:lang=\"EN-US\"><span class=\"NormalTextRun SCXW184998696 BCX0\">,  <\/span><\/span><span class=\"TextRun SCXW184998696 BCX0\" lang=\"EN-US\" data-contrast=\"none\" xml:lang=\"EN-US\"><span class=\"NormalTextRun SCXW184998696 BCX0\">GPS -Ortung<\/span><\/span><span class=\"TextRun SCXW184998696 BCX0\" lang=\"EN-US\" data-contrast=\"none\" xml:lang=\"EN-US\"><span class=\"NormalTextRun SCXW184998696 BCX0\">, Und  <\/span><\/span><span class=\"TextRun SCXW184998696 BCX0\" lang=\"EN-US\" data-contrast=\"none\" xml:lang=\"EN-US\"><span class=\"NormalTextRun SCXW184998696 BCX0\">Standortfreigabe  <\/span><\/span><span class=\"TextRun SCXW184998696 BCX0\" lang=\"EN-US\" data-contrast=\"none\" xml:lang=\"EN-US\"><span class=\"NormalTextRun SCXW184998696 BCX0\">alles in einem  <\/span><\/span><span class=\"TextRun SCXW184998696 BCX0\" lang=\"EN-US\" data-contrast=\"none\" xml:lang=\"EN-US\"><span class=\"NormalTextRun SCXW184998696 BCX0\">kompakt<\/span><\/span><span class=\"TextRun SCXW184998696 BCX0\" lang=\"EN-US\" data-contrast=\"none\" xml:lang=\"EN-US\"><span class=\"NormalTextRun SCXW184998696 BCX0\">  Und  <\/span><\/span><span class=\"TextRun SCXW184998696 BCX0\" lang=\"EN-US\" data-contrast=\"none\" xml:lang=\"EN-US\"><span class=\"NormalTextRun SCXW184998696 BCX0\">leicht<\/span><\/span><span class=\"TextRun SCXW184998696 BCX0\" lang=\"EN-US\" data-contrast=\"none\" xml:lang=\"EN-US\"><span class=\"NormalTextRun SCXW184998696 BCX0\">  Ger\u00e4t. Es gibt Ihnen die   <\/span><\/span><span class=\"TextRun SCXW184998696 BCX0\" lang=\"EN-US\" data-contrast=\"none\"><span class=\"NormalTextRun SCXW184998696 BCX0\">Unabh\u00e4ngigkeit bei der Kommunikation abseits des Stromnetzes<\/span><\/span> <span class=\"TextRun SCXW184998696 BCX0\" lang=\"EN-US\" data-contrast=\"none\"><span class=\"NormalTextRun SCXW184998696 BCX0\">zum<\/span><\/span> <span class=\"TextRun SCXW184998696 BCX0\" lang=\"EN-US\" data-contrast=\"none\"><span class=\"NormalTextRun SCXW184998696 BCX0\">g\u00fcnstigsten Preis auf dem Markt<\/span><\/span><span class=\"TextRun SCXW184998696 BCX0\" lang=\"EN-US\" data-contrast=\"none\" xml:lang=\"EN-US\"><span class=\"NormalTextRun SCXW184998696 BCX0\">. Bleiben Sie in Verbindung, auch wenn kein Mobilfunkempfang besteht.<\/span><\/span><\/p>\n<h4><\/h4>\n<h4><strong>Mit Stolz in den USA hergestellt!<\/strong><\/h4>\n<p>&nbsp;<\/p>\n","protected":false},"featured_media":163292,"template":"","meta":{"_acf_changed":false,"om_disable_all_campaigns":false},"product_brand":[],"product_cat":[5687,5636],"product_tag":[],"class_list":{"0":"post-166505","1":"product","2":"type-product","3":"status-publish","4":"has-post-thumbnail","6":"product_cat-im-freien","7":"product_cat-marine-de","9":"first","10":"instock","11":"taxable","12":"shipping-taxable","13":"purchasable","14":"product-type-subscription"},"acf":[],"_links":{"self":[{"href":"https:\/\/www.acrartex.com\/de\/wp-json\/wp\/v2\/product\/166505","targetHints":{"allow":["GET"]}}],"collection":[{"href":"https:\/\/www.acrartex.com\/de\/wp-json\/wp\/v2\/product"}],"about":[{"href":"https:\/\/www.acrartex.com\/de\/wp-json\/wp\/v2\/types\/product"}],"wp:featuredmedia":[{"embeddable":true,"href":"https:\/\/www.acrartex.com\/de\/wp-json\/wp\/v2\/media\/163292"}],"wp:attachment":[{"href":"https:\/\/www.acrartex.com\/de\/wp-json\/wp\/v2\/media?parent=166505"}],"wp:term":[{"taxonomy":"product_brand","embeddable":true,"href":"https:\/\/www.acrartex.com\/de\/wp-json\/wp\/v2\/product_brand?post=166505"},{"taxonomy":"product_cat","embeddable":true,"href":"https:\/\/www.acrartex.com\/de\/wp-json\/wp\/v2\/product_cat?post=166505"},{"taxonomy":"product_tag","embeddable":true,"href":"https:\/\/www.acrartex.com\/de\/wp-json\/wp\/v2\/product_tag?post=166505"}],"curies":[{"name":"wp","href":"https:\/\/api.w.org\/{rel}","templated":true}]}}