{"id":166500,"date":"2024-06-11T10:31:17","date_gmt":"2024-06-11T15:31:17","guid":{"rendered":"https:\/\/www.acrartex.com\/products\/exposure-float-on-brenner-nicht-olas\/"},"modified":"2026-03-06T08:58:26","modified_gmt":"2026-03-06T13:58:26","slug":"exposure-float-on-brenner-nicht-olas","status":"publish","type":"product","link":"https:\/\/www.acrartex.com\/de\/products\/exposure-float-on-brenner-nicht-olas\/","title":{"rendered":"EXPOSURE Float-On Brenner (Nicht-OLAS)"},"content":{"rendered":"<p data-sleek-node-id=\"NyjVtB\">Die Float-On ist eine wasserdichte, schwimmf\u00e4hige Taschenlampe mit der einzigartigen MOB-Technologie von Exposure. Ein multifunktionales Sicherheitsger\u00e4t und Taschenlampe f\u00fcr Anf\u00e4nger und erfahrene Bootsfahrer. <br data-sleek-node-id=\"ehDiFc\"><br data-sleek-node-id=\"323HQV\">Wird das Ger\u00e4t \u00fcber Bord geworfen oder von einer \u00fcber Bord gehenden Person getragen, schwimmt es. Die MOB-Technologie erkennt nach 6 Sekunden Wasserkontakt den Blitz, der bis zu 24 Stunden lang einmal pro Sekunde blinkt und bis zu 3 Seemeilen weit sichtbar ist. Getrennte und versenkte Wasseranschlussklemmen gew\u00e4hrleisten, dass die MOB-Technologie nur im Wasser aktiv ist.  <\/p>\n<p>Die Lampe liegt perfekt in der Hand und l\u00e4sst sich dank eines praktischen Knopfes auch im Dunkeln leicht finden. Die Linse dient als Fernlicht und gibt gleichzeitig ein Seitenlicht ab, um optimale Rundumsicht zu gew\u00e4hrleisten, wenn sie als Positionsleuchte oder Blitzlicht verwendet wird. Die Float-On l\u00e4sst sich problemlos an vorhandener Sicherheitsausr\u00fcstung oder in einer Rettungswestentasche verstauen.  <\/p>\n<p><strong>Bitte beachten Sie, dass die OLAS-Technologie in diesem Produkt nicht integriert ist. Klicken Sie hier f\u00fcr den OLAS Float-On. <\/strong><\/p>\n<p style=\"margin: 0in 0in 0.0001pt;\"><span style=\"font-size: 16px;\"><span style=\"line-height: 150%;\"><strong>Im Lieferumfang enthalten:<\/strong> Float-On, Micro-USB-Ladekabel, reflektierendes Nackenband, Bedienungsanleitung.<\/span><\/span><\/p>\n<p>&nbsp;<\/p>\n<p style=\"margin: 0in 0in 0.0001pt;\"><span style=\"font-size: 16px;\"><span style=\"line-height: 150%;\"> <strong>Merkmale:<\/strong><\/span><\/span><\/p>\n<ul>\n<li style=\"margin: 0in 0in 0.0001pt;\"><span style=\"font-size: 16px;\">Wasserdicht<\/span><\/li>\n<li style=\"margin: 0in 0in 0.0001pt;\"><span style=\"font-size: 16px;\">Schwimmf\u00e4hig<\/span><\/li>\n<li style=\"margin: 0in 0in 0.0001pt;\"><span style=\"font-size: 16px;\">Wasseraktivierter Blitz<\/span><\/li>\n<li style=\"margin: 0in 0in 0.0001pt;\"><span style=\"font-size: 16px;\">LED-Taschenlampe<\/span><\/li>\n<li style=\"margin: 0in 0in 0.0001pt;\"><span style=\"font-size: 16px;\">Batterielebensdaueranzeige<\/span><\/li>\n<li style=\"margin: 0in 0in 0.0001pt;\"><span style=\"font-size: 16px;\">Schnelles Laden<\/span><\/li>\n<li style=\"margin: 0in 0in 0.0001pt;\"><span style=\"font-size: 16px;\">USB wiederaufladbar<\/span><\/li>\n<\/ul>\n","protected":false},"excerpt":{"rendered":"<p>Die Float-On ist eine wasserdichte, schwimmf\u00e4hige Taschenlampe mit der einzigartigen MOB-Technologie von Exposure. Ein multifunktionales Sicherheitsger\u00e4t und Taschenlampe f\u00fcr Anf\u00e4nger und erfahrene Bootsfahrer. <\/p>\n<p>Wird das Ger\u00e4t \u00fcber Bord geworfen oder von einer \u00fcber Bord gehenden Person getragen, schwimmt es. Die MOB-Technologie erkennt nach 6 Sekunden Wasserkontakt den Blitz, der bis zu 24 Stunden lang einmal pro Sekunde blinkt und bis zu 3 Seemeilen weit sichtbar ist. Getrennte und versenkte Wasseranschlussklemmen gew\u00e4hrleisten, dass die MOB-Technologie nur im Wasser aktiv ist.  <\/p>\n<p style=\"margin: 0in 0in 0.0001pt;\"><a href=\"https:\/\/www.dropbox.com\/s\/fk04stqsp2hgk5f\/Prop%2065%20-%20DEHP.pdf?dl=0\">WARNUNG: PROP 65<\/a><\/p>\n<p>&nbsp;<\/p>\n<p>&nbsp;<\/p>\n","protected":false},"featured_media":163904,"template":"","meta":{"_acf_changed":false,"om_disable_all_campaigns":false},"product_brand":[],"product_cat":[6028,5687,6024,6023,6026,5636,6030,6025,6027],"product_tag":[16162,16159,16158,16164,16166,16165],"class_list":{"0":"post-166500","1":"product","2":"type-product","3":"status-publish","4":"has-post-thumbnail","6":"product_cat-action-sport-offroad-de","7":"product_cat-im-freien","8":"product_cat-in-kustennahe","9":"product_cat-inland-de","10":"product_cat-kommerziell","11":"product_cat-marine-de","12":"product_cat-paddelsport-angeln","13":"product_cat-vor-der-kuste","14":"product_cat-wandern-klettern-campen","15":"product_tag-belichtung-float-on","16":"product_tag-belichtungs-schwimmbrenner","17":"product_tag-belichtungslampe","18":"product_tag-schwimmblitz","19":"product_tag-schwimmfahiges-wasseraktiviertes-stroboskop","20":"product_tag-wasseraktiviertes-stroboskop","21":"pa_boat-type-sportcraft-de","22":"pa_product-sicherheitszubehor","23":"pa_terrain-flusse-feuchtgebiete-seen-de","25":"first","26":"instock","27":"taxable","28":"shipping-taxable","29":"purchasable","30":"product-type-simple"},"acf":[],"_links":{"self":[{"href":"https:\/\/www.acrartex.com\/de\/wp-json\/wp\/v2\/product\/166500","targetHints":{"allow":["GET"]}}],"collection":[{"href":"https:\/\/www.acrartex.com\/de\/wp-json\/wp\/v2\/product"}],"about":[{"href":"https:\/\/www.acrartex.com\/de\/wp-json\/wp\/v2\/types\/product"}],"wp:featuredmedia":[{"embeddable":true,"href":"https:\/\/www.acrartex.com\/de\/wp-json\/wp\/v2\/media\/163904"}],"wp:attachment":[{"href":"https:\/\/www.acrartex.com\/de\/wp-json\/wp\/v2\/media?parent=166500"}],"wp:term":[{"taxonomy":"product_brand","embeddable":true,"href":"https:\/\/www.acrartex.com\/de\/wp-json\/wp\/v2\/product_brand?post=166500"},{"taxonomy":"product_cat","embeddable":true,"href":"https:\/\/www.acrartex.com\/de\/wp-json\/wp\/v2\/product_cat?post=166500"},{"taxonomy":"product_tag","embeddable":true,"href":"https:\/\/www.acrartex.com\/de\/wp-json\/wp\/v2\/product_tag?post=166500"}],"curies":[{"name":"wp","href":"https:\/\/api.w.org\/{rel}","templated":true}]}}