{"id":166495,"date":"2024-06-11T08:30:35","date_gmt":"2024-06-11T13:30:35","guid":{"rendered":"https:\/\/www.acrartex.com\/products\/exposure-olas-tag\/"},"modified":"2026-03-06T08:55:20","modified_gmt":"2026-03-06T13:55:20","slug":"exposure-olas-tag","status":"publish","type":"product","link":"https:\/\/www.acrartex.com\/de\/products\/exposure-olas-tag\/","title":{"rendered":"EXPOSURE OLAS TAG"},"content":{"rendered":"<h3>Was es bewirkt<\/h3>\n<p><strong>Verfolgen Sie die Verfolgung mit der OLAS-Mobilanwendung<\/strong><\/p>\n<p>Innerhalb von acht Sekunden nach einem Mann-\u00fcber-Bord-Vorfall erkennt die OLAS-Mobilanwendung eine Unterbrechung der Verbindung zum Sender. Das\/Die Mobiltelefon(e) l\u00f6st\/l\u00f6sen daraufhin einen lauten Alarm aus und alarmieren die Besatzung. OLAS unterst\u00fctzt die Besatzung anschlie\u00dfend bei der Bergung der Person \u00fcber Bord, indem es sie mithilfe klarer visueller Signale und Peildaten pr\u00e4zise zum GPS-Standort des Vorfalls leitet. OLAS speichert alle f\u00fcr die Rettungsdienste relevanten Standortdaten und den Zeitpunkt des Vorfalls.   <\/p>\n<p><strong>Verfolgung mit OLAS Guardian und Core (Schiffe bis zu 50 Fu\u00df)<\/strong><\/p>\n<p>Schlie\u00dfen Sie bis zu 15 OLAS-Sender (OLAS-Tag oder OLAS Float-On) an einen beliebigen OLAS-Empf\u00e4nger an. Innerhalb von 2 Sekunden nach Verbindungsabbruch wird der MOB-Alarm aktiviert und die Besatzung \u00fcber den Vorfall informiert. <\/p>\n<h3>Vorteile des OLAS-Tags<\/h3>\n<ul>\n<li>Lange Akkulaufzeit (bis zu 4 Monate)<\/li>\n<li>Die vielseitigste Befestigungsl\u00f6sung \u2013 Handgelenk, Rettungsweste, MOB-Ger\u00e4t mit nur einem Gurt<\/li>\n<li>Kostenlose iOS- und Android-App<\/li>\n<li>Verbinden Sie mehrere Tags mit einem Smartphone oder Tablet<\/li>\n<li>Verbinde einen Tag mit mehreren Smartphones\/Tablets<\/li>\n<li>Verbindung zu einem beliebigen OLAS-Empf\u00e4nger herstellen (Batterie-Feedback innerhalb der OLAS-Mobil-App)<\/li>\n<li>Jeder Anh\u00e4nger wird mit einem universellen Silikonarmband mit Edelstahlschlie\u00dfe und einer vorinstallierten CR2477-Batterie (vom Benutzer austauschbar) geliefert.<\/li>\n<li>Kompatibel mit <a href=\"https:\/\/www.acrartex.com\/de\/products\/acr-olas-waechter\/\">dem OLAS Guardian Motorabschaltsystem<\/a> ( <a href=\"https:\/\/uscgboating.org\/recreational-boaters\/engine-cut-off-devices.php\">Neue USCG-Vorschriften<\/a> )<\/li>\n<\/ul>\n<h3><\/h3>\n<h3>Funktionen der mobilen App<\/h3>\n<p>Der Guardian l\u00e4sst sich einfach \u00fcber die OLAS-App bedienen, die kostenlos im App Store f\u00fcr iOS und im Google Play Store f\u00fcr Android heruntergeladen werden kann. Die OLAS-App ben\u00f6tigt mindestens ein Ger\u00e4t mit iOS 11 oder Android 5.1. Sie ist ein leistungsstarkes Werkzeug zur Steuerung der Guardian-Funktionen und unterst\u00fctzt schnelle Rettungsaktionen.  <\/p>\n<p><strong>Monitor<\/strong><\/p>\n<ul>\n<li>\u00dcberwachen Sie alle OLAS-Sender, die verfolgt werden.<\/li>\n<li>Passen Sie die Namen der OLAS-Sender an, um deren Zuweisung zu vereinfachen.<\/li>\n<li>Pr\u00fcfen Sie den Batteriestatus der OLAS-Tags.<\/li>\n<\/ul>\n<p><strong>W\u00e4chtersteuerung<\/strong><\/p>\n<ul>\n<li>Dem Guardian-System neue OLAS-Sender hinzuf\u00fcgen<\/li>\n<li>Das Guardian-System wird angehalten, wenn Sender den Bereich f\u00fcr kurze Zeit verlassen.<\/li>\n<li>Passen Sie die Reaktionszeit des Guardian auf einen \u00fcber Bord gegangenen Sender zwischen 2 und 15 Sekunden an, um mehr Handlungsfreiheit im Umgang mit gr\u00f6\u00dferen Schiffen zu erm\u00f6glichen.<\/li>\n<li>Umschalten zwischen Abschalt- und externem Alarmmodus<\/li>\n<\/ul>\n<ul>\n<li>Der Not-Aus-Modus aktiviert den eingebauten Schalter f\u00fcr 5 Sekunden, wodurch der Motor abgeschaltet wird. Der Benutzer kann den Motor jedoch nach 5 Sekunden wieder starten.<\/li>\n<li>Der externe Alarmmodus aktiviert den eingebauten Schalter, bis er manuell deaktiviert wird. Dadurch k\u00f6nnen externe Hochleistungsalarme in Reihe geschaltet werden. <\/li>\n<li>Den Alarmzustand unterbrechen<\/li>\n<\/ul>\n<p><strong>Sendersteuerung<\/strong><\/p>\n<ul>\n<li>Einzelne Sender lassen sich einfach zwischen Motorabschaltung (f\u00fcr den Kapit\u00e4n), Nur Alarm (f\u00fcr Passagiere) und Pause (f\u00fcr Passagiere, die das Schiff vor\u00fcbergehend verlassen) einstellen.<\/li>\n<li>Ausl\u00f6sen eines externen Alarms, wenn sich ein Tag-Tr\u00e4ger au\u00dferhalb der Reichweite sowohl des Guardian als auch Ihres Mobilger\u00e4ts befindet.<\/li>\n<li>Passen Sie die Zeit an, bevor der Abschaltschalter oder Alarm ausgel\u00f6st wird \u2013 f\u00fcr mehr Freiheit<\/li>\n<\/ul>\n<p><strong>Externer Alarm und Rettungshilfe<\/strong><\/p>\n<ul>\n<li>Alarm bei maximaler Lautst\u00e4rke und Vibration auf Ihrem Mobiltelefon, synchronisiert mit dem Guardian.<\/li>\n<li>Anzeige, welcher Sender den Alarm ausgel\u00f6st hat.<\/li>\n<li>Notieren Sie den GPS -Standort des Alarmausl\u00f6sers. \u2022 Klare F\u00fchrung zur\u00fcck zum GPS -Standort des Alarmausl\u00f6sers.<\/li>\n<li>Klare Anzeige der Uhrzeit und GPS Standorts des Alarmausl\u00f6sers sowie des aktuellen Standorts des Benutzers. \u2022 VHF-Notrufskript mit automatischer Eingabe von GPS-Koordinaten und benutzerdefinierten Schiffsinformationen im Solo-Modus.<\/li>\n<li>Entwickelt f\u00fcr alleinige Bootsfahrten innerhalb der 2G-Mobilfunkreichweite oder Offshore-WLAN. Der Solo-Modus sendet automatisch eine SMS mit Ihrem Standort und der Uhrzeit des Vorfalls an eine benutzerdefinierte Nummer. Bei erfolgreicher Selbstrettung wird automatisch eine SMS gesendet, die den Alarm abbricht.  <\/li>\n<\/ul>\n","protected":false},"excerpt":{"rendered":"<p>Der OLAS-Tag ist ein kompakter OLAS-Sender, der sich einfach an Erwachsenen, Kindern, Haustieren und Gegenst\u00e4nden wie z. B. Rettungsringen befestigen l\u00e4sst. Die Tags werden \u00fcber die OLAS-App auf einem Mobilger\u00e4t oder \u00fcber Core, Guardian und Extender geortet. <\/p>\n<p>Sekunden nachdem der Tag die Verbindung zu einem OLAS-Empf\u00e4nger abbricht, werden die Besatzungsmitglieder durch den OLAS-Alarm und die OLAS-Leuchte alarmiert, w\u00e4hrend gleichzeitig der OLAS MOB-Rettungsbildschirm in der OLAS-Mobilanwendung aktiviert wird.<\/p>\n<p>Jeder Anh\u00e4nger wird mit einem universellen Silikonarmband mit Edelstahlschlie\u00dfe und einer vorinstallierten CR2477-Batterie (vom Benutzer austauschbar) geliefert.<\/p>\n<p>&nbsp;<\/p>\n<p>&nbsp;<\/p>\n","protected":false},"featured_media":163777,"template":"","meta":{"_acf_changed":false,"om_disable_all_campaigns":false},"product_brand":[],"product_cat":[6024,6023,6026,5636,6025],"product_tag":[14916,14052,16137,11835,14076,11185,11825,11176,16139,14882,14901,8995,14065],"class_list":{"0":"post-166495","1":"product","2":"type-product","3":"status-publish","4":"has-post-thumbnail","6":"product_cat-in-kustennahe","7":"product_cat-inland-de","8":"product_cat-kommerziell","9":"product_cat-marine-de","10":"product_cat-vor-der-kuste","11":"product_tag-bluetooth-mann-uber-bord","12":"product_tag-crew-tracker-de","13":"product_tag-etikett","14":"product_tag-gps-ortung","15":"product_tag-hund-uber-bord","16":"product_tag-mann-uber-bord","17":"product_tag-mann-uber-bord-system","18":"product_tag-mob-de","19":"product_tag-mobilfunksender","20":"product_tag-olas-tag-de","21":"product_tag-olas-sender-de","22":"product_tag-sender","23":"product_tag-sicherheit-beim-kinderbootfahren","24":"pa_activity-angeln","25":"pa_boat-size-0-20-de","26":"pa_boat-size-21-40-de","27":"pa_boat-size-40-80-de","28":"pa_boat-size-80-de","29":"pa_boat-type-charteryacht-de","30":"pa_boat-type-frachtschiff","31":"pa_boat-type-kommerzielle-fischerei","32":"pa_boat-type-motorboot","33":"pa_boat-type-schlepper","34":"pa_boat-type-segelboot","35":"pa_boat-type-sportcraft-de","36":"pa_boat-type-yacht-de","38":"first","39":"instock","40":"taxable","41":"shipping-taxable","42":"purchasable","43":"product-type-variable"},"acf":[],"_links":{"self":[{"href":"https:\/\/www.acrartex.com\/de\/wp-json\/wp\/v2\/product\/166495","targetHints":{"allow":["GET"]}}],"collection":[{"href":"https:\/\/www.acrartex.com\/de\/wp-json\/wp\/v2\/product"}],"about":[{"href":"https:\/\/www.acrartex.com\/de\/wp-json\/wp\/v2\/types\/product"}],"wp:featuredmedia":[{"embeddable":true,"href":"https:\/\/www.acrartex.com\/de\/wp-json\/wp\/v2\/media\/163777"}],"wp:attachment":[{"href":"https:\/\/www.acrartex.com\/de\/wp-json\/wp\/v2\/media?parent=166495"}],"wp:term":[{"taxonomy":"product_brand","embeddable":true,"href":"https:\/\/www.acrartex.com\/de\/wp-json\/wp\/v2\/product_brand?post=166495"},{"taxonomy":"product_cat","embeddable":true,"href":"https:\/\/www.acrartex.com\/de\/wp-json\/wp\/v2\/product_cat?post=166495"},{"taxonomy":"product_tag","embeddable":true,"href":"https:\/\/www.acrartex.com\/de\/wp-json\/wp\/v2\/product_tag?post=166495"}],"curies":[{"name":"wp","href":"https:\/\/api.w.org\/{rel}","templated":true}]}}