{"id":166467,"date":"2024-06-11T14:10:58","date_gmt":"2024-06-11T19:10:58","guid":{"rendered":"https:\/\/www.acrartex.com\/products\/olas-belichtungsverlaengerer\/"},"modified":"2026-03-06T08:49:00","modified_gmt":"2026-03-06T13:49:00","slug":"olas-belichtungsverlaengerer","status":"publish","type":"product","link":"https:\/\/www.acrartex.com\/de\/products\/olas-belichtungsverlaengerer\/","title":{"rendered":"OLAS-Belichtungsverl\u00e4ngerer"},"content":{"rendered":"<h3>Vorteile des Extenders<\/h3>\n<h3 class=\"title\"><strong>Schnelle und einfache Einrichtung ohne erforderliche Verkabelung<\/strong><\/h3>\n<ul>\n<li>Schalten Sie Ihren N2K, Guardian oder Core in den Kopplungsmodus, und der Extender verbindet sich automatisch und bleibt gekoppelt.<\/li>\n<li>Positionieren Sie den Extender mithilfe der LED-Anzeige am Schalter optimal auf dem Schiff. Dank des Akkus kann der Extender um das Schiff herumgef\u00fchrt werden. Sobald die LED am Schalter dauerhaft rot leuchtet, ist die Verbindung unterbrochen. Kehren Sie zu einer Position zur\u00fcck, an der der Extender wieder angeschlossen ist, und fixieren Sie ihn dort.  <\/li>\n<\/ul>\n<h3 class=\"title\"><strong>Tragbar und energiesparend (5V USB)<\/strong><\/h3>\n<ul>\n<li>Der Extender kann mit seinem internen Akku bis zu 80 Stunden lang betrieben werden oder f\u00fcr eine dauerhafte L\u00f6sung mit seinem USB-Kabel an eine 5V-Stromversorgung angeschlossen werden.<\/li>\n<\/ul>\n<h3 class=\"title\"><strong>Automatische Senderverbindung<\/strong><\/h3>\n<ul>\n<li>Schalten Sie Ihren N2K, Guardian oder Core in den Kopplungsmodus, und der Extender verbindet sich automatisch und bleibt gekoppelt.<\/li>\n<\/ul>\n<h3 class=\"title\"><strong>Erweitert das OLAS-System<\/strong><\/h3>\n<ul>\n<li>Erh\u00f6ht die Reichweite der Basissysteme N2K, Guardian und Core um bis zu 15 Meter. Hinweis: Ein Extender erh\u00f6ht die Reichweite um 7,5 Meter, und mit insgesamt zwei Extendern l\u00e4sst sich die Systemreichweite um insgesamt 15 Meter erh\u00f6hen. <\/li>\n<\/ul>\n<p>&nbsp;<\/p>\n<p>&nbsp;<\/p>\n","protected":false},"excerpt":{"rendered":"<p>Der OLAS Extender ist ein kompakter, tragbarer Funkverst\u00e4rker f\u00fcr die OLAS N2K NMEA 2000 MOB-Alarmanlage mit Funk-Not-Aus-Schalter, die OLAS Guardian MOB-Alarmanlage mit Funk-Not-Aus-Schalter und das OLAS Core MOB-Alarmsystem. W\u00e4hrend die OLAS Tag, T2 und OLAS Float-On in Verbindung mit der mobilen App allein eine Abdeckung f\u00fcr Schiffe bis zu 12 Metern L\u00e4nge erm\u00f6glichen, decken die N2K, Guardian und Core Schiffe bis zu 15 Metern L\u00e4nge ab. Der Extender kann in Kombination mit Core, Guardian oder N2K verwendet werden, um die Abdeckung auf Schiffe bis zu 30 Metern L\u00e4nge zu erweitern. <\/p>\n<p>&nbsp;<\/p>\n","protected":false},"featured_media":163632,"template":"","meta":{"_acf_changed":false,"om_disable_all_campaigns":false},"product_brand":[],"product_cat":[6024,6023,6026,5636,6025],"product_tag":[16084,16085,11835,11185,11825,11176,16082,16083],"class_list":{"0":"post-166467","1":"product","2":"type-product","3":"status-publish","4":"has-post-thumbnail","6":"product_cat-in-kustennahe","7":"product_cat-inland-de","8":"product_cat-kommerziell","9":"product_cat-marine-de","10":"product_cat-vor-der-kuste","11":"product_tag-drahtloser-repeater","12":"product_tag-drahtloser-repeater-2","13":"product_tag-gps-ortung","14":"product_tag-mann-uber-bord","15":"product_tag-mann-uber-bord-system","16":"product_tag-mob-de","17":"product_tag-repeater","18":"product_tag-verlangerung","19":"pa_boat-type-motorboot","20":"pa_terrain-flusse-feuchtgebiete-seen-de","22":"first","23":"instock","24":"taxable","25":"shipping-taxable","26":"purchasable","27":"product-type-simple"},"acf":[],"_links":{"self":[{"href":"https:\/\/www.acrartex.com\/de\/wp-json\/wp\/v2\/product\/166467","targetHints":{"allow":["GET"]}}],"collection":[{"href":"https:\/\/www.acrartex.com\/de\/wp-json\/wp\/v2\/product"}],"about":[{"href":"https:\/\/www.acrartex.com\/de\/wp-json\/wp\/v2\/types\/product"}],"wp:featuredmedia":[{"embeddable":true,"href":"https:\/\/www.acrartex.com\/de\/wp-json\/wp\/v2\/media\/163632"}],"wp:attachment":[{"href":"https:\/\/www.acrartex.com\/de\/wp-json\/wp\/v2\/media?parent=166467"}],"wp:term":[{"taxonomy":"product_brand","embeddable":true,"href":"https:\/\/www.acrartex.com\/de\/wp-json\/wp\/v2\/product_brand?post=166467"},{"taxonomy":"product_cat","embeddable":true,"href":"https:\/\/www.acrartex.com\/de\/wp-json\/wp\/v2\/product_cat?post=166467"},{"taxonomy":"product_tag","embeddable":true,"href":"https:\/\/www.acrartex.com\/de\/wp-json\/wp\/v2\/product_tag?post=166467"}],"curies":[{"name":"wp","href":"https:\/\/api.w.org\/{rel}","templated":true}]}}