{"id":166434,"date":"2024-06-11T14:20:02","date_gmt":"2024-06-11T19:20:02","guid":{"rendered":"https:\/\/www.acrartex.com\/products\/enthuellung-olas-guardian\/"},"modified":"2024-06-11T14:20:02","modified_gmt":"2024-06-11T19:20:02","slug":"enthuellung-olas-guardian","status":"publish","type":"product","link":"https:\/\/www.acrartex.com\/de\/products\/enthuellung-olas-guardian\/","title":{"rendered":"ENTH\u00dcLLUNG OLAS GUARDIAN"},"content":{"rendered":"<h3>Was es bewirkt<\/h3>\n<p>Der OLAS Guardian stellt sicher, dass Motorboot- und RIB-Fahrer ihr Boot sofort stoppen k\u00f6nnen, falls der Skipper oder die Besatzung getrennt werden. Dadurch werden Unf\u00e4lle durch unbemannte, unkontrollierte Boote verhindert. Sie k\u00f6nnen sich frei an Bord bewegen, ohne st\u00e4ndig daran denken zu m\u00fcssen, eine physische Notstoppleine anzubringen, abzunehmen und wieder anzuschlie\u00dfen. <\/p>\n<h3>Anpassbare Tag-Modi f\u00fcr mehr Flexibilit\u00e4t<\/h3>\n<p>Der OLAS Guardian bietet drei vom Benutzer w\u00e4hlbare Tag-Modi, mit denen Sie das Ger\u00e4t an Ihre spezifischen Bed\u00fcrfnisse anpassen k\u00f6nnen. \u00dcber die OLAS-Mobil-App k\u00f6nnen Sie m\u00fchelos zwischen den Modi wechseln. Hier ist eine \u00dcbersicht der Tag-Modi:  <\/p>\n<ul>\n<li><strong>Motorstopp<\/strong> \u2013 es fungiert als Notstoppseil und stoppt das Schiff, wenn sich der Sender au\u00dferhalb der Reichweite befindet, ohne MOB-Alarme auszul\u00f6sen.<\/li>\n<\/ul>\n<ul>\n<li><strong>MOB-Alarm<\/strong> \u2013 das System alarmiert das Schiff, ohne den Motor abzuschalten.<\/li>\n<\/ul>\n<ul>\n<li><strong>Motorstopp + MOB-Alarm<\/strong> \u2013 dieser Modus l\u00f6st einen Alarm bei der Besatzung aus und schaltet den Motor ab.<\/li>\n<\/ul>\n<h3>So funktioniert es<\/h3>\n<ul>\n<li>Bis zu 25 OLAS-Sendeger\u00e4te (OLAS T2\/OLAS Tag\/OLAS Float-On) in Reichweite k\u00f6nnen vom Guardian rund um das Schiff verfolgt werden. Dies gibt der Besatzung und dem Kapit\u00e4n die Gewissheit, dass im Falle eines Sturzes \u00fcber Bord entweder der Motor abgestellt und\/oder ein Alarm ausgel\u00f6st wird, sodass umgehend Rettungsma\u00dfnahmen eingeleitet werden k\u00f6nnen. <\/li>\n<li>Der Guardian wird mithilfe der mitgelieferten Steckverbinder an die 12\/24-V-Stromversorgung des Schiffes und den vorhandenen Not-Aus-Schalter angeschlossen, was eine schnelle und einfache Installation und sofortige Einsatzbereitschaft erm\u00f6glicht.<\/li>\n<li>F\u00fcr den Einbau des 20 mm gro\u00dfen LED-Steuerschalters aus Edelstahl wird eine 21 mm gro\u00dfe Bohrung in der N\u00e4he des vorhandenen Not-Aus-Schalters ben\u00f6tigt.<\/li>\n<\/ul>\n<p><em>Eine professionelle Installation ist nicht erforderlich, wird aber empfohlen, da ACR Electronics keine Haftung f\u00fcr unsachgem\u00e4\u00dfe Installation \u00fcbernimmt.<\/em><\/p>\n<div class=\"row\">\n<div class=\"col-xs-12 col-sm-12\">\n<h3>F\u00fcr wen ist es geeignet?<\/h3>\n<p>OLAS Guardian richtet sich an Fahrer von Motorbooten und alle Skipper und Bootsbesitzer, denen die Sicherheit an Bord am Herzen liegt. Es verbindet drahtlos bis zu 25 Besatzungsmitglieder \u00fcber tragbare OLAS-Sender (T2, Tag oder OLAS Float On Light) und bildet so eine virtuelle Notstoppleine. <\/p>\n<\/div>\n<\/div>\n<div>\n<div class=\"row\">\n<div class=\"col-sm-12 col-xs-12\">\n<h3>Kernvorteile<\/h3>\n<\/div>\n<\/div>\n<div class=\"row\">\n<div class=\"col-xs-12 col-sm-6\">\n<ul>\n<li><strong>Betrieb parallel zum vorhandenen Not-Aus-Schalter<\/strong> \u2013 Der Guardian kann anstelle oder zus\u00e4tzlich zum vorhandenen Not-Aus-Schalter verwendet werden und funktioniert auch dann, wenn das physische Not-Aus-Kabel nicht am Fahrer angeschlossen ist. \u2013 Bei den meisten Motoren erm\u00f6glicht eine einfache Parallelschaltung zum vorhandenen Not-Aus-Schalter die vollst\u00e4ndige drahtlose Abschaltfunktion. <\/li>\n<li><strong>Automatischer Neustart<\/strong> \u2013 Nach 5 Sekunden wird der Not-Aus-Schalter deaktiviert, sodass der Motor neu gestartet werden kann.<\/li>\n<li><strong>Eingebauter Alarm<\/strong> \u2013 Ein 85 dB lauter Alarm ert\u00f6nt, um anzuzeigen, dass ein OLAS-Sender au\u00dferhalb der Reichweite ist.<\/li>\n<li><strong>Eingebautes Notlicht (bei externer Montage)<\/strong> \u2013 Ein leistungsstarkes rotes Notlicht leuchtet auf und bietet eine klare visuelle Anzeige eines Alarms, w\u00e4hrend es gleichzeitig als Leuchte zur Ausleuchtung der Umgebung dient.<\/li>\n<li><strong>Relaisauswahl<\/strong> \u2013 Mit der OLAS App k\u00f6nnen Sie einzelne Relais ausw\u00e4hlen und so einfach einstellen, ob der OLAS-Sender die Motorabschaltung\/das Relais ausl\u00f6st oder nur den eingebauten MOB-Alarm des Guardian aktiviert.<\/li>\n<li><strong>Automatische Verbindung<\/strong> \u2013 Wenn Sie an Bord Ihres Schiffes gehen und die Stromversorgung einschalten, verbindet sich The Guardian automatisch mit allen eingeschalteten OLAS-Sendeger\u00e4ten innerhalb einer Reichweite von 2 Metern.<\/li>\n<\/ul>\n<\/div>\n<div class=\"col-xs-12 col-sm-6\">\n<ul>\n<li><strong>Fehlende Verbindung und Deaktivierung<\/strong> \u2013 Wenn Sie das Schiff betreten und keine Sender eingeschaltet sind, gibt der Guardian einen Alarm aus. Dieser Alarm kann entweder durch Anschlie\u00dfen des OLAS-Senders an den Guardian oder durch manuelles Ausschalten des Guardian gestoppt werden. Anschlie\u00dfend kann das Schiff wie gewohnt mit der vorhandenen physischen Not-Aus-Leine gesteuert werden.  <\/li>\n<li><strong>Pausenmodus<\/strong> \u2013 Das System kann in einen Pausenmodus versetzt werden. Dieser Modus wird verwendet, wenn Sie das Boot bei laufendem Motor verlassen m\u00fcssen, beispielsweise um einen Ponton entlangzugehen, und wissen, dass sich der OLAS-Sender au\u00dferhalb der Reichweite befindet. <\/li>\n<li><strong>Verbindet bis zu 25 OLAS-Sender (OLAS T2, OLAS Tag oder OLAS Float-On)<\/strong> \u2013 Bis zu 25 Sender erm\u00f6glichen es gr\u00f6\u00dferen Schiffen, Besatzung und Ausr\u00fcstung mit dem Guardian zu verbinden. Durch einfaches Anbringen eines Senders an einem Objekt wie einer MOB-Rettungsinsel oder einem Beiboot wissen Sie jederzeit, ob etwas fehlt. <\/li>\n<li>Zur Abdeckung von Bereichen, in denen das Sendersignal blockiert sein k\u00f6nnte, k\u00f6nnen ein oder zwei OLAS- <strong>Extender<\/strong> verwendet werden. Dies erm\u00f6glicht den Einsatz auf gr\u00f6\u00dferen Schiffen bis zu 30 Metern L\u00e4nge. <\/li>\n<\/ul>\n<h3>Funktionen der mobilen App<\/h3>\n<p>Der Guardian l\u00e4sst sich einfach \u00fcber die OLAS-App bedienen, die kostenlos im App Store f\u00fcr iOS und im Google Play Store f\u00fcr Android heruntergeladen werden kann. Die OLAS-App ben\u00f6tigt mindestens ein Ger\u00e4t mit iOS 11 oder Android 5.1. Sie ist ein leistungsstarkes Werkzeug zur Steuerung der Guardian-Funktionen und unterst\u00fctzt schnelle Rettungsaktionen. Die App bietet folgende Funktionen:   <\/p>\n<ul>\n<li>\u00dcberwachen Sie alle OLAS-Sender, die verfolgt werden.<\/li>\n<li>Passen Sie die Namen der OLAS-Sender an, um deren Zuweisung zu vereinfachen.<\/li>\n<li>\u00dcberpr\u00fcfen Sie den Batteriestatus f\u00fcr OLAS -Sender<\/li>\n<li>Dem Guardian-System sollen neue OLAS-Sender hinzugef\u00fcgt werden.<\/li>\n<li>Das Guardian-System wird angehalten, wenn sich Sender f\u00fcr kurze Zeit au\u00dferhalb des Einsatzgebietes aufhalten.<\/li>\n<li>Passen Sie die Zeit an, bevor der Guardian auf einen \u00fcber Bord gegangenen Sender reagiert, zwischen 2 und 15 Sekunden an, um mehr Handlungsfreiheit im Umgang mit gr\u00f6\u00dferen Schiffen zu erm\u00f6glichen.<\/li>\n<li>Zwischen Abschalt- und externem Alarmmodus umschalten.<\/li>\n<li>Der Not-Aus-Modus aktiviert den eingebauten Schalter f\u00fcr 5 Sekunden, wodurch der Motor abgeschaltet wird. Der Benutzer kann den Motor jedoch nach 5 Sekunden wieder starten.<\/li>\n<li>Der externe Alarmmodus aktiviert den eingebauten Schalter, bis er manuell deaktiviert wird. Dadurch k\u00f6nnen externe Hochleistungsalarme in Reihe geschaltet werden. <\/li>\n<li>Den Alarmzustand anhalten.<\/li>\n<li>Einzelne Sender lassen sich einfach zwischen Motorabschaltung (f\u00fcr den Kapit\u00e4n), Nur Alarm (f\u00fcr Passagiere) und Pause (f\u00fcr Passagiere, die das Schiff vor\u00fcbergehend verlassen) einstellen.<\/li>\n<li>Ausl\u00f6sen eines externen Alarms, wenn sich ein Tag-Tr\u00e4ger au\u00dferhalb der Reichweite sowohl des Guardian als auch Ihres Mobilger\u00e4ts befindet.<\/li>\n<li>Passen Sie die Zeit an, bevor der Abschaltschalter oder der Alarm ausgel\u00f6st wird \u2013 f\u00fcr mehr Flexibilit\u00e4t.<\/li>\n<li>Alarm bei maximaler Lautst\u00e4rke und Vibration auf Ihrem Mobiltelefon, synchronisiert mit dem Guardian.<\/li>\n<li>Anzeige, welcher Sender den Alarm ausgel\u00f6st hat.<\/li>\n<li>Notieren Sie den GPS-Standort, an dem der Alarm ausgel\u00f6st wurde.<\/li>\n<li>Klare F\u00fchrung zur\u00fcck zum GPS-Standort, an dem der Alarm ausgel\u00f6st wurde.<\/li>\n<li>Klare Anzeige der Uhrzeit und GPS Standorts des Alarmausl\u00f6sers sowie des aktuellen Standorts des Benutzers. \u2022 VHF-Notrufskript mit automatischer Eingabe von GPS-Koordinaten und benutzerdefinierten Schiffsinformationen im Solo-Modus.<\/li>\n<li>Entwickelt f\u00fcr alleinige Bootsfahrten innerhalb der 2G-Mobilfunkreichweite oder Offshore-WLAN. Der Solo-Modus sendet automatisch eine SMS mit Ihrem Standort und der Uhrzeit des Vorfalls an eine benutzerdefinierte Nummer. Bei erfolgreicher Selbstrettung wird automatisch eine SMS gesendet, die den Alarm abbricht.  <\/li>\n<\/ul>\n<h3>Aufbau und Montage<\/h3>\n<p><strong>12\/24 V verkabelt<\/strong><\/p>\n<p>Das Guardian-Modul kann an die Bordstromversorgung Ihres Schiffes angeschlossen werden, um sicherzustellen, dass es bei eingeschaltetem Strom immer mit Strom versorgt wird. Die Stromkabel k\u00f6nnen einfach an die vorhandene Stromversorgung der Bootsbatterie angeschlossen werden. <\/p>\n<p><strong>Durchsteckmontage<\/strong><\/p>\n<p>Der kompakte Schalter aus Edelstahl erfordert nur minimale Anpassungen an Ihrer vorhandenen Mittelkonsole und kann durch ein 21-mm-Loch montiert werden.<\/p>\n<p><strong>Farbcodierter Steuerschalter<\/strong><\/p>\n<p>Der farbcodierte Steuerschalter erm\u00f6glicht eine einfache Steuerung und Einrichtung des Systems ohne die OLAS-App. W\u00e4hrend der Einrichtung werden die automatischen Einrichtungsschritte durch eine rote Kontrollleuchte angezeigt. Im Betriebszustand leuchtet die Kontrollleuchte gr\u00fcn und wechselt im Alarmfall wieder zu Rot.  <\/p>\n<p><strong>System-Feedback<\/strong><\/p>\n<p>Der GUARDIAN zeigt w\u00e4hrend des Einrichtungsvorgangs deutlich an, wie viele OLAS-Sender angeschlossen sind.<\/p>\n<p>Sender k\u00f6nnen dem System entweder \u00fcber die mobile Anwendung oder durch einen einfachen, integrierten Umschaltvorgang hinzugef\u00fcgt werden.<\/p>\n<\/div>\n<\/div>\n<\/div>\n<div class=\"row\"><\/div>\n","protected":false},"excerpt":{"rendered":"<p>Der OLAS Guardian ist ein drahtloser Motor-Not-Aus-Schalter, der innerhalb von zwei Sekunden nach dem \u00dcberbordgehen einer Person ausl\u00f6st. Er dient gleichzeitig als sofortiges Mann-\u00fcber-Bord-Alarmsystem. Der Guardian l\u00e4sst sich einfach mit bis zu 25 OLAS-Sendern verbinden und deckt Schiffe bis zu einer L\u00e4nge von 15 Metern ab.  <\/p>\n<p><strong>Im Lieferumfang enthalten:<\/strong> Guardian, OLAS-Tag + Batterie, Stromanschlusskabel, Notstoppkabel, Edelstahlschalter, Benutzerhandbuch, 5 x Marine-Steckverbinder.<\/p>\n<p>&nbsp;<\/p>\n<p><a href=\"https:\/\/www.dropbox.com\/s\/fk04stqsp2hgk5f\/Prop%2065%20-%20DEHP.pdf?dl=0\">WARNUNG: PROP 65<\/a><\/p>\n","protected":false},"featured_media":163372,"template":"","meta":{"_acf_changed":false,"om_disable_all_campaigns":false},"product_brand":[],"product_cat":[6024,6023,6026,5636,6025],"product_tag":[11909,11900,11835,11185,11825,11176,11889,11878,11868,11847,11934,11920],"class_list":{"0":"post-166434","1":"product","2":"type-product","3":"status-publish","4":"has-post-thumbnail","6":"product_cat-in-kustennahe","7":"product_cat-inland-de","8":"product_cat-kommerziell","9":"product_cat-marine-de","10":"product_cat-vor-der-kuste","11":"product_tag-ecos-de","12":"product_tag-esos-de","13":"product_tag-gps-ortung","14":"product_tag-mann-uber-bord","15":"product_tag-mann-uber-bord-system","16":"product_tag-mob-de","17":"product_tag-motor-abgeschaltet","18":"product_tag-motor-abgestellt","19":"product_tag-motor-notausschalter","20":"product_tag-olas-de","21":"product_tag-uscg-motor-notausschalter","22":"product_tag-uscg-motorabschaltung","23":"pa_boat-size-0-20-de","24":"pa_boat-size-21-40-de","25":"pa_boat-size-40-80-de","26":"pa_boat-size-80-de","27":"pa_boat-type-charteryacht-de","28":"pa_boat-type-frachtschiff","29":"pa_boat-type-kommerzielle-fischerei","30":"pa_boat-type-motorboot","31":"pa_boat-type-schlepper","32":"pa_boat-type-segelboot","33":"pa_boat-type-sportcraft-de","34":"pa_boat-type-yacht-de","35":"pa_product-signalprodukte-de","37":"first","38":"instock","39":"taxable","40":"shipping-taxable","41":"purchasable","42":"product-type-variable"},"acf":[],"_links":{"self":[{"href":"https:\/\/www.acrartex.com\/de\/wp-json\/wp\/v2\/product\/166434","targetHints":{"allow":["GET"]}}],"collection":[{"href":"https:\/\/www.acrartex.com\/de\/wp-json\/wp\/v2\/product"}],"about":[{"href":"https:\/\/www.acrartex.com\/de\/wp-json\/wp\/v2\/types\/product"}],"wp:featuredmedia":[{"embeddable":true,"href":"https:\/\/www.acrartex.com\/de\/wp-json\/wp\/v2\/media\/163372"}],"wp:attachment":[{"href":"https:\/\/www.acrartex.com\/de\/wp-json\/wp\/v2\/media?parent=166434"}],"wp:term":[{"taxonomy":"product_brand","embeddable":true,"href":"https:\/\/www.acrartex.com\/de\/wp-json\/wp\/v2\/product_brand?post=166434"},{"taxonomy":"product_cat","embeddable":true,"href":"https:\/\/www.acrartex.com\/de\/wp-json\/wp\/v2\/product_cat?post=166434"},{"taxonomy":"product_tag","embeddable":true,"href":"https:\/\/www.acrartex.com\/de\/wp-json\/wp\/v2\/product_tag?post=166434"}],"curies":[{"name":"wp","href":"https:\/\/api.w.org\/{rel}","templated":true}]}}