{"id":162637,"date":"2025-09-18T08:34:05","date_gmt":"2025-09-18T13:34:05","guid":{"rendered":"https:\/\/www.acrartex.com\/products\/pathfinder-ais\/"},"modified":"2026-03-06T10:14:09","modified_gmt":"2026-03-06T15:14:09","slug":"pathfinder-ais","status":"publish","type":"product","link":"https:\/\/www.acrartex.com\/de\/products\/pathfinder-ais\/","title":{"rendered":"Pathfinder AIS SART"},"content":{"rendered":"<p>Das Pathfinder AIS nutzt das bew\u00e4hrte, robuste Design und die praktische Form des Pathfinder Pro SART und bietet Notalarme \u00fcber das automatische Identifikationssystem (AIS) im Gegensatz zu einem herk\u00f6mmlichen radarbasierten System. Das neue, hochmoderne Pathfinder AIS \u00fcbertr\u00e4gt GNSS\/GPS-Satellitenstandortkoordinaten an alle mit AIS ausgestatteten Schiffe in UKW-Reichweite und weist sie darauf hin, dass Nothilfe ben\u00f6tigt wird. <\/p>\n<p>Das Pathfinder AIS hat eine durchschnittliche Erfassungsreichweite von 5 Seemeilen, nutzt Near Field Communication (NFC)-Technologie zur Produktregistrierung und Bereitstellung von Testdaten und nutzt eine Lithiumbatterie mit einer Betriebsdauer von 96 Stunden. Weitere Vorteile sind die pr\u00e4zise GNSS\/GPS-Positionierung und Echtzeit-Tracking. Im Gegensatz zu Radar-SARTs sind AIS-SARTs weniger anf\u00e4llig f\u00fcr widrige Wetterbedingungen wie starken Regen oder Nebel. <\/p>\n<p>Das Pathfinder AIS wird mit einer eleganten Wandhalterung geliefert, die es platzsparend verstaut und im Notfall dennoch schnell zug\u00e4nglich macht. Die optionale Teleskopstange l\u00e4sst sich bequem an der Unterseite des SART befestigen und sorgt f\u00fcr maximale H\u00f6he (ausziehbar 1 m) und Sicht aus einem Rettungsboot. Das SART kann auch im Boot aufgeh\u00e4ngt werden, um die H\u00e4nde frei zu haben.  <\/p>\n<p>Das Pathfinder AIS wurde f\u00fcr den Einsatz in rauen Meeresumgebungen entwickelt und ist in jedem Notfall einsatzbereit. Es stellt sicher, dass Ihr Notsignal von jedem AIS-ausgestatteten Schiff in Reichweite erkannt wird. Dank seines robusten Designs bleibt es auch dann einsatzbereit, wenn Sie es am meisten brauchen. <\/p>\n<p><strong><em><u>Bef\u00f6rderungsanforderungen<\/u><\/em><\/strong><\/p>\n<ul>\n<li>Jedes IMO SOLAS-Schiff auf internationalen Reisen muss ein SART mitf\u00fchren<\/li>\n<li>300-500 Bruttoregistertonnen (BRT) m\u00fcssen mindestens 1 SART mitf\u00fchren<\/li>\n<li>Schiffe mit einer Bruttoraumzahl (BRZ) von \u00fcber 500 m\u00fcssen mindestens 2 SARTs mitf\u00fchren.<\/li>\n<li>1 SART f\u00fcr je vier Rettungsfl\u00f6\u00dfe auf RoRo-Passagierschiffen<\/li>\n<li>Passagierschiffe jeder Gr\u00f6\u00dfe m\u00fcssen unabh\u00e4ngig von ihrer Tonnage mindestens 2 SARTs mitf\u00fchren.<\/li>\n<li>Rettungsboote: SOLAS schreibt vor, dass in jedem Rettungsboot mindestens ein SART (Shuttle-Around Rescue-System) zur Verf\u00fcgung stehen muss.<\/li>\n<li>Rettungsinseln: Bei Passagierschiffen sollten, wenn mehr als zwei Rettungsinseln vorhanden sind, zus\u00e4tzliche SARTs bereitgestellt werden, sodass mindestens eine SART f\u00fcr je zwei Rettungsinseln zur Verf\u00fcgung steht.<\/li>\n<\/ul>\n","protected":false},"excerpt":{"rendered":"<p style=\"margin: 0in; line-height: 16.05pt;\"><span style=\"font-family: 'Tahoma',sans-serif; color: black;\">Der Pathfinder AIS SART ist ein vollst\u00e4ndig zugelassener AIS-Such- und Rettungssender, der den IMO-SOLAS-Bestimmungen entspricht und es Schiffen, die dem GMDSS unterliegen, erm\u00f6glicht, die obligatorische SART-Mitf\u00fchrung zu erf\u00fcllen. Mithilfe von AIS-Positionsmeldungen der Klasse A sendet der Pathfinder AIS SART insgesamt acht Positionsmeldungen einmal pro Minute, um die Echtzeitverfolgung zu erm\u00f6glichen. <\/span><\/p>\n<p><strong><span style=\"font-family: 'Tahoma',sans-serif; color: black;\">Dieses Ger\u00e4t wurde nicht gem\u00e4\u00df den Bestimmungen der FCC (Federal Communications Commission) zugelassen.<br \/>\nDieses Ger\u00e4t darf in den Vereinigten Staaten weder zum Verkauf noch zur Vermietung angeboten, verkauft oder vermietet werden, bis eine entsprechende Genehmigung vorliegt.<\/span><\/strong><\/p>\n<p><a href=\"https:\/\/www.dropbox.com\/s\/fk04stqsp2hgk5f\/Prop%2065%20-%20DEHP.pdf?dl=0\">WARNUNG: PROP 65<\/a><\/p>\n","protected":false},"featured_media":162646,"template":"","meta":{"_acf_changed":false,"om_disable_all_campaigns":false},"product_brand":[],"product_cat":[6026,5636],"product_tag":[14373,14412,14423,14418,14378,14383,14398,14393,14350,14443,14375,14359,14436,14366,14405,14428,14447,14451,14432,14388,14439],"class_list":{"0":"post-162637","1":"product","2":"type-product","3":"status-publish","4":"has-post-thumbnail","6":"product_cat-kommerziell","7":"product_cat-marine-de","8":"product_tag-acr-sart-de","9":"product_tag-bester-start","10":"product_tag-epirb-sart-de","11":"product_tag-gmdss-sart-de","12":"product_tag-herbst","13":"product_tag-jotron-sart-de","14":"product_tag-jotron-tron-sart-de","15":"product_tag-mcmurdo-sart-de","16":"product_tag-sart-de","17":"product_tag-sart-gmdss-de","18":"product_tag-sart-ivf-de","19":"product_tag-sart-transponder-de","20":"product_tag-seemann-sart","21":"product_tag-startbatterie","22":"product_tag-starttest-de","23":"product_tag-starttester","24":"product_tag-startvoraussetzungen","25":"product_tag-startzulassungen","26":"product_tag-teststart","27":"product_tag-tron-sart-de","28":"product_tag-tron-sart-20-de","30":"first","31":"outofstock","32":"taxable","33":"shipping-taxable","34":"product-type-simple"},"acf":[],"_links":{"self":[{"href":"https:\/\/www.acrartex.com\/de\/wp-json\/wp\/v2\/product\/162637","targetHints":{"allow":["GET"]}}],"collection":[{"href":"https:\/\/www.acrartex.com\/de\/wp-json\/wp\/v2\/product"}],"about":[{"href":"https:\/\/www.acrartex.com\/de\/wp-json\/wp\/v2\/types\/product"}],"wp:featuredmedia":[{"embeddable":true,"href":"https:\/\/www.acrartex.com\/de\/wp-json\/wp\/v2\/media\/162646"}],"wp:attachment":[{"href":"https:\/\/www.acrartex.com\/de\/wp-json\/wp\/v2\/media?parent=162637"}],"wp:term":[{"taxonomy":"product_brand","embeddable":true,"href":"https:\/\/www.acrartex.com\/de\/wp-json\/wp\/v2\/product_brand?post=162637"},{"taxonomy":"product_cat","embeddable":true,"href":"https:\/\/www.acrartex.com\/de\/wp-json\/wp\/v2\/product_cat?post=162637"},{"taxonomy":"product_tag","embeddable":true,"href":"https:\/\/www.acrartex.com\/de\/wp-json\/wp\/v2\/product_tag?post=162637"}],"curies":[{"name":"wp","href":"https:\/\/api.w.org\/{rel}","templated":true}]}}