{"id":162599,"date":"2023-04-10T16:14:00","date_gmt":"2023-04-10T21:14:00","guid":{"rendered":"https:\/\/www.acrartex.com\/products\/elt-4000m\/"},"modified":"2023-04-10T16:14:00","modified_gmt":"2023-04-10T21:14:00","slug":"elt-4000m","status":"publish","type":"product","link":"https:\/\/www.acrartex.com\/de\/products\/elt-4000m\/","title":{"rendered":"ELT 4000M"},"content":{"rendered":"<p><strong>Produkt\u00fcbersicht<\/strong><\/p>\n<p>Der <a href=\"https:\/\/www.acrartex.com\/de\/news\/acr-electronics-bringt-artex-elt-4000m-auf-den-markt-einen-innovativen-transporttauglichen-emergency-locator-transmitter-mit-alkalibatteriebetrieb\/\">brandneue ARTEX ELT 4000M<\/a> ist ein dreifrequenter Notsender (ELT) f\u00fcr den Transportbereich, der mit Alkalibatterien betrieben wird. Dank dieser innovativen Energiequelle ist der ELT 4000M vollst\u00e4ndig von den Sonderanforderungen der FAA befreit. Zu den Betriebskostenvorteilen des ARTEX ELT 4000M z\u00e4hlen geringere Batteriekosten pro Zyklus, kein Gefahrguttransport und eine einfache Entsorgung. Eine integrierte NAV-Schnittstelle (ARINC429) macht die Installation einer separaten NAV-Schnittstelle \u00fcberfl\u00fcssig.   <\/p>\n<p><strong>So funktioniert das ARTEX ELT 4000M<\/strong><\/p>\n<p>Das ARTEX ELT 4000M kann manuell (\u00fcber einen Fernschalter im Cockpit) oder automatisch (der G-Switch erkennt einen Aufprall von 2,3 G oder mehr) aktiviert werden und alarmiert die n\u00e4chstgelegene Such- und Rettungsorganisation im Notfall. Das 406-MHz-Signal mit den GPS-Koordinaten des Flugzeugs wird an die Cospas-Sarsat-Satelliten gesendet und an das Missionskontrollzentrum weitergeleitet, wo es umgehend an die n\u00e4chstgelegene Such- und Rettungsorganisation weitergeleitet wird. Das Signal gibt den Ersthelfern den genauen Standort auf 100 Meter genau an. Schlie\u00dflich unterst\u00fctzt das 121,5-MHz-Zielsignal die Bodentruppen bei der Ortung des Notfalls.   <\/p>\n<p><strong>Einfache Installation und Nachr\u00fcstung<\/strong><\/p>\n<p>Das ARTEX ELT 4000M bietet eine schnelle und einfache Nachr\u00fcstm\u00f6glichkeit mit flexiblen Installationsoptionen, wie z. B. einem Zweidraht-Fernschalter, der keine Bordstromversorgung ben\u00f6tigt. Das ELT 4000M ist TSO-zugelassen und unterst\u00fctzt Legacy-Schalt- und Antennensysteme, um die Nachr\u00fcstung zu erleichtern. Da es sich um ein ELT mit einem Ausgang handelt, nutzt das ARTEX ELT 4000M denselben HF-Ausgang und nur ein Koaxialkabel zur \u00dcbertragung der Signale 406 MHz, 121,5 und 243,0 MHz. Die integrierte Navigationsschnittstelle reduziert die Notwendigkeit einer sekund\u00e4ren externen Schnittstelle und reduziert so die Installationskosten erheblich. Die Montageplatte ist mit der Installation der \u00e4lteren ELTs der ARTEX C- und B-Serie kompatibel und reduziert so die Entwicklungskosten weiter.    <\/p>\n<p>&nbsp;<\/p>\n<p><strong>Produkteigenschaften<\/strong><\/p>\n<ul>\n<li>Automatischer fest installierter Emergency Locator Transmitter<\/li>\n<li>Dreifrequenz-Notsignal, digitale 406 MHz und analoge 121,5 MHz und 243,0 MHz Zielsignale<\/li>\n<li>Automatische Aktivierung \u00fcber internen G-Schalter<\/li>\n<li>Dualbandantenne mit Einzelanschluss und Kabel zum Sender \u2013 Blade- und Whip-Antenne verf\u00fcgbar<\/li>\n<li>Kompatibel mit \u00e4lteren Antennen<\/li>\n<li>Einfache Wartung und Installation<\/li>\n<li>Viele Optionen f\u00fcr die Fernsteuerung im Cockpit verf\u00fcgbar<\/li>\n<li>Kann \u00fcber die integrierte ARINC429-Schnittstelle an das Bord- GPS angeschlossen werden<\/li>\n<li>GPS Daten sind in die digitale \u00dcbertragung eingebettet, wodurch der Suchradius auf 100 Meter reduziert wird. Cospas-Sarsat -Typzulassung<\/li>\n<li>Kompatibel mit dem Satellitenbest\u00e4tigungstestsystem ARTEX 406Test.com<\/li>\n<li><a href=\"https:\/\/www.acrartex.com\/sv\/products\/elt-4000m-hm\/\">ARTEX ELT 4000M HM<\/a> Helikopterversion mit 5-Achsen-G-Switch verf\u00fcgbar<\/li>\n<li>5 Jahre Batterielebensdauer (austauschbar). Versand ohne Gefahrgut <\/li>\n<\/ul>\n<p>&nbsp;<\/p>\n<p><strong>Packliste<\/strong><\/p>\n<p><a href=\"https:\/\/www.dropbox.com\/scl\/fi\/23o6bmhfh4yfhkkm99yad\/8265A.pdf?rlkey=j9pb5q8p6uc7pmvwnyd2ehg7s&amp;dl=1\">8265 ELT 4000M Basispaket<\/a><\/p>\n<p><a href=\"https:\/\/www.dropbox.com\/scl\/fi\/gmfobp9uap4dljd95gezz\/8266A.pdf?rlkey=orfkkzr6hoe1m106tkv8pudfq&amp;dl=1\">8266 ELT 4000M Basisstange 1 Zoll<\/a><\/p>\n<p>&nbsp;<\/p>\n","protected":false},"excerpt":{"rendered":"<p>Der brandneue ARTEX ELT 4000M ist ein transporttauglicher 3-Frequenz-Notsender (ELT) mit Alkalibatterien. Dank dieser innovativen Energiequelle ist der ELT 4000M vollst\u00e4ndig von den Sonderanforderungen der FAA befreit. Im Notfall kann der ELT 4000M manuell oder automatisch aktiviert werden, um lokale Such- und Rettungskr\u00e4fte schnell \u00fcber Ihre Situation zu informieren. Seien Sie auf das Unvorhersehbare vorbereitet: \u2013 Geringere Batteriekosten pro Zyklus \u2013 Kein Gefahrguttransport \u2013 Einfache Entsorgung \u2013 Integrierte NAV-Schnittstelle (ARINC429)   <\/p>\n<p><a href=\"https:\/\/www.acrartex.com\/news\/acr-electronics-launches-artex-elt-4000m-an-innovative-transport-grade-emergency-locator-transmitter-powered-by-alkaline-battery\/\">Pressemitteilung lesen<\/a><\/p>\n<p><a href=\"https:\/\/www.acrartex.com\/products\/406test-elt-self-testing-service\/\"><img loading=\"lazy\" decoding=\"async\" class=\"alignnone\" style=\"width: 250px; height: 34px;\" src=\"https:\/\/dk2ztu5ooimmu.cloudfront.net\/ckeditor_assets\/pictures\/146\/406Test_with_desc_-_Tag.gif\" alt=\"\" width=\"641\" height=\"88\"><\/a><\/p>\n<p><a href=\"mailto:ArtexSales@acrartex.com?subject= ELT %204000% 20Sales%20Question\"><img decoding=\"async\" style=\"width: 250px; height: 210px;\" src=\"\/\/dk2ztu5ooimmu.cloudfront.net\/ckeditor_assets\/pictures\/148\/ARTEX_-_ELT_4000_Ad_Bubble.gif\" alt=\"\"><\/a><\/p>\n","protected":false},"featured_media":12176,"template":"","meta":{"_acf_changed":false,"om_disable_all_campaigns":false},"product_brand":[],"product_cat":[6032,5570,8486],"product_tag":[15688,15690,15695,15686,8470,8964,8969,8144,8967,15692,5574,8960,8954,15698,8961,8965,5580,8963],"class_list":{"0":"post-162599","1":"product","2":"type-product","3":"status-publish","4":"has-post-thumbnail","6":"product_cat-business-jet-de","7":"product_cat-luftfahrt","8":"product_cat-verkehrsflugzeuge","9":"product_tag-243-mhz-de","10":"product_tag-2430-mhz-de","11":"product_tag-3-frequenz","12":"product_tag-4000-m-de","13":"product_tag-406-mhz-elt-de","14":"product_tag-8260-de","15":"product_tag-alkalisches-elt","16":"product_tag-artex-de","17":"product_tag-ausgenommenes-lithium-elt","18":"product_tag-dreifrequenz","19":"product_tag-elt-de","20":"product_tag-elt-upgrade-de","21":"product_tag-elt-4000-de","22":"product_tag-elt-4000m-de","23":"product_tag-elt4000-de","24":"product_tag-lithium-besondere-bedingungen","25":"product_tag-notsender","26":"product_tag-pn-8260-de","28":"first","29":"instock","30":"taxable","31":"shipping-taxable","32":"product-type-simple"},"acf":[],"_links":{"self":[{"href":"https:\/\/www.acrartex.com\/de\/wp-json\/wp\/v2\/product\/162599","targetHints":{"allow":["GET"]}}],"collection":[{"href":"https:\/\/www.acrartex.com\/de\/wp-json\/wp\/v2\/product"}],"about":[{"href":"https:\/\/www.acrartex.com\/de\/wp-json\/wp\/v2\/types\/product"}],"wp:featuredmedia":[{"embeddable":true,"href":"https:\/\/www.acrartex.com\/de\/wp-json\/wp\/v2\/media\/12176"}],"wp:attachment":[{"href":"https:\/\/www.acrartex.com\/de\/wp-json\/wp\/v2\/media?parent=162599"}],"wp:term":[{"taxonomy":"product_brand","embeddable":true,"href":"https:\/\/www.acrartex.com\/de\/wp-json\/wp\/v2\/product_brand?post=162599"},{"taxonomy":"product_cat","embeddable":true,"href":"https:\/\/www.acrartex.com\/de\/wp-json\/wp\/v2\/product_cat?post=162599"},{"taxonomy":"product_tag","embeddable":true,"href":"https:\/\/www.acrartex.com\/de\/wp-json\/wp\/v2\/product_tag?post=162599"}],"curies":[{"name":"wp","href":"https:\/\/api.w.org\/{rel}","templated":true}]}}