{"id":161994,"date":"2025-08-20T09:58:30","date_gmt":"2025-08-20T14:58:30","guid":{"rendered":"https:\/\/www.acrartex.com\/products\/rcl-100-led-rcl-50-led-suchscheinwerferzubehoer\/"},"modified":"2026-03-06T09:11:28","modified_gmt":"2026-03-06T14:11:28","slug":"rcl-100-led-rcl-50-led-suchscheinwerferzubehoer","status":"publish","type":"product","link":"https:\/\/www.acrartex.com\/de\/products\/rcl-100-led-rcl-50-led-suchscheinwerferzubehoer\/","title":{"rendered":"RCL-100 LED &amp; RCL-50 LED Suchscheinwerferzubeh\u00f6r"},"content":{"rendered":"<p><strong><em>Moderne Steuerung. Klassische Zuverl\u00e4ssigkeit. <\/em><\/strong><\/p>\n<p>&nbsp;<\/p>\n<p><strong><em>URP-103 Punktpad:<\/em><\/strong><\/p>\n<p>&nbsp;<\/p>\n<p>Das URP-103 Point Pad wurde f\u00fcr moderne Bootsfahrer entwickelt und besticht durch sein modernes Design und seine elegante, moderne \u00c4sthetik, die sich nahtlos in moderne Armaturenbretter und Bedienfelder einf\u00fcgt \u2013 perfekt f\u00fcr Umbauten oder Neuinstallationen. Ob Sie eine bestehende Anlage aufr\u00fcsten oder ein neues Boot ausstatten, das Suchscheinwerfer-Point Pad der n\u00e4chsten Generation von ACR bietet ein neues Ma\u00df an Stil, Funktionalit\u00e4t und Flexibilit\u00e4t. <\/p>\n<p>&nbsp;<\/p>\n<ul>\n<li><strong>Stil \u2013<\/strong> Ein moderneres Erscheinungsbild mit stilisierten Symbolen f\u00fcr die Funktionstasten und einem eleganten Edelstahlring, der die prim\u00e4ren Richtungstasten umschlie\u00dft. Ein hintergrundbeleuchtetes ACR-Logo verleiht dem Point Pad ein weiteres modernes Flair und rundet es ab, indem es sowohl seinen Stil als auch seine Funktionalit\u00e4t verbessert. <\/li>\n<\/ul>\n<p>&nbsp;<\/p>\n<ul>\n<li><strong>Funktion \u2013<\/strong> Alle Tasten, einschlie\u00dflich des zentralen ACR-Logos, sind mehrfarbig hinterleuchtet, um verschiedene Modi und\/oder Funktionen anzuzeigen. Dank der M\u00f6glichkeit, ein oder zwei Suchscheinwerfer unabh\u00e4ngig oder gleichzeitig zu steuern, k\u00f6nnen Benutzer bequem zwischen den Scheinwerfern wechseln oder beide f\u00fcr eine koordinierte Beleuchtung steuern. Der URP-103 verf\u00fcgt \u00fcber eine Return-to-Home-Funktion, die den\/die Suchscheinwerfer wieder nach vorne ausrichtet. Dank der exklusiven XRCiZ\u2122-Technologie von ACR ist Ihr Suchscheinwerfer immer einsatzbereit, wenn Sie ihn am meisten brauchen. Diese Selbstwartungsfunktion dreht den Scheinwerfer automatisch alle 30 Tage, um Korrosion zu vermeiden und die einwandfreie Funktion aller beweglichen Teile und elektrischen Komponenten zu gew\u00e4hrleisten.   <\/li>\n<\/ul>\n<p>&nbsp;<\/p>\n<ul>\n<li><strong>Flexibilit\u00e4t \u2013<\/strong> Lieferung mit selbstklebenden Blenden in Schwarz und Wei\u00df. W\u00e4hlen Sie die Blende, die am besten zu Ihrer Konsole passt, und kleben Sie sie einfach auf das Pointpad, um ein einheitliches Erscheinungsbild auf Ihrem Schiff zu gew\u00e4hrleisten. <\/li>\n<\/ul>\n<p>&nbsp;<\/p>\n<p><strong><em>URH-103 Drahtlose Handfernbedienung:<\/em><\/strong><\/p>\n<p><em> <\/em><\/p>\n<p>Die kabellose Handfernbedienung URH-103 bietet un\u00fcbertroffenen Komfort und Kontrolle auf Knopfdruck und ist die erste Handfernbedienung ihrer Art f\u00fcr die Suchscheinwerfer RCL-100 LED und RCL-50 LED. Die Fernbedienung besticht durch ihr ergonomisches, modernes Design, das Form und Funktion vereint. Das gepr\u00e4gte ACR-Logo verleiht der Fernbedienung einen unverwechselbaren Touch, w\u00e4hrend hintergrundbeleuchtete Tasten f\u00fcr eine reibungslose Bedienung bei Nacht sorgen. Durchdachte Rillen an beiden Seiten sorgen f\u00fcr einen sicheren, rutschfesten Griff \u2013 selbst bei N\u00e4sse oder rauer See \u2013 damit Sie auch im Notfall die Kontrolle behalten.   <\/p>\n<p>&nbsp;<\/p>\n<p><strong><em>URC-104 Hauptcontroller:<\/em><\/strong><\/p>\n<p>&nbsp;<\/p>\n<p>Der URC-104 Master Controller ist zwar nicht sichtbar, aber dennoch zentral f\u00fcr alles. Der URC-104 wurde f\u00fcr die diskrete Montage hinter dem Armaturenbrett entwickelt und ist der zentrale Knotenpunkt f\u00fcr die nahtlose Fernbedienung Ihrer RCL-100 LED und RCL-50 LED. <strong> <\/strong>Suchscheinwerfer. Es ist das Gehirn hinter der Operation und gew\u00e4hrleistet die volle Funktionalit\u00e4t sowohl des URP-103 Point Pad Controllers als auch der URH-103 Handheld Wireless Remote. <\/p>\n<p>&nbsp;<\/p>\n<p><strong><u>Teilenummern:<\/u><\/strong><\/p>\n<p>&nbsp;<\/p>\n<p>Mit der Einf\u00fchrung der neuen Suchscheinwerfer-Steuerungsoptionen von ACR sind die folgenden Teilenummern f\u00fcr Suchscheinwerfer-Kits (RCL-100 LED oder RCL-50 LED, die mit neuem Zubeh\u00f6r verkauft werden) und eigenst\u00e4ndiges Zubeh\u00f6r (neues Zubeh\u00f6r einzeln verkauft) verf\u00fcgbar:<\/p>\n<p>&nbsp;<\/p>\n<p><strong><em>Suchscheinwerfer-Kits:<\/em><\/strong><\/p>\n<p>&nbsp;<\/p>\n<table>\n<tbody>\n<tr>\n<td width=\"120\"><strong>TEILENUMMER<\/strong><\/td>\n<td width=\"852\"><strong>BESCHREIBUNG<\/strong><\/td>\n<\/tr>\n<tr>\n<td width=\"120\">1978<\/td>\n<td width=\"852\">RCL-100 LED, Wei\u00df, mit neuem URC-104 Master Controller und URP-103 Point Pad<\/td>\n<\/tr>\n<tr>\n<td width=\"120\">1979<\/td>\n<td width=\"852\">RCL-100 LED, Schwarz, mit neuem URC-104 Master Controller und URP-103 Point Pad<\/td>\n<\/tr>\n<tr>\n<td width=\"120\">1982<\/td>\n<td width=\"852\">RCL-50 LED, Wei\u00df, mit neuem URC-104 Master Controller und URP-103 Point Pad<\/td>\n<\/tr>\n<tr>\n<td width=\"120\">1983<\/td>\n<td width=\"852\">RCL-50 LED, Schwarz, mit neuem URC-104 Master Controller und URP-103 Point Pad<\/td>\n<\/tr>\n<tr>\n<td width=\"120\">1976<\/td>\n<td width=\"852\">RCL-100 LED, Wei\u00df, mit neuem URC-104 Master Controller, URP-103 Point Pad und URH-103 Handheld Wireless Remote<\/td>\n<\/tr>\n<tr>\n<td width=\"120\">1977<\/td>\n<td width=\"852\">RCL-100 LED, Schwarz, mit neuem URC-104 Master Controller, URP-103 Point Pad und URH-103 Handheld Wireless Remote<\/td>\n<\/tr>\n<tr>\n<td width=\"120\">1980<\/td>\n<td width=\"852\">RCL-50 LED, Wei\u00df, mit neuem URC-104 Master Controller, URP-103 Point Pad und URH-103 Handheld Wireless Remote<\/td>\n<\/tr>\n<tr>\n<td width=\"120\">1981<\/td>\n<td width=\"852\">RCL-50 LED, Schwarz, mit neuem URC-104 Master Controller, URP-103 Point Pad und URH-103 Handheld Wireless Remote<\/td>\n<\/tr>\n<\/tbody>\n<\/table>\n<p>&nbsp;<\/p>\n<p><strong><em>Individuelles Zubeh\u00f6r:<\/em><\/strong><\/p>\n<p>&nbsp;<\/p>\n<table>\n<tbody>\n<tr>\n<td width=\"120\"><strong>TEILENUMMER<\/strong><\/td>\n<td width=\"855\"><strong>BESCHREIBUNG<\/strong><\/td>\n<\/tr>\n<tr>\n<td width=\"120\">1967<\/td>\n<td width=\"855\">URH-103 Drahtlose Handfernbedienung<\/td>\n<\/tr>\n<tr>\n<td width=\"120\">1968<\/td>\n<td width=\"855\">URP-103 Punktpad<\/td>\n<\/tr>\n<tr>\n<td width=\"120\">1970<\/td>\n<td width=\"855\">URC-104 Master-Controller<\/td>\n<\/tr>\n<tr>\n<td width=\"120\">1971<\/td>\n<td width=\"855\">URP-103 Nachr\u00fcst-Plattenabdeckung (f\u00fcr Kunden, die ihr altes URP-102-Punktpad durch das neue URP-103 ersetzen)<\/td>\n<\/tr>\n<tr>\n<td width=\"120\">1975<\/td>\n<td width=\"855\">Universal-Fernbedienungsset (URP-103-Punktpad, URC-104-Master-Controller und drahtloses Handger\u00e4t URH-103)<\/td>\n<\/tr>\n<tr>\n<td width=\"120\">1984<\/td>\n<td width=\"855\">Nachr\u00fcstsatz (URP-103, URC-104 und URP-103 Nachr\u00fcstplattenabdeckung)<\/td>\n<\/tr>\n<\/tbody>\n<\/table>\n","protected":false},"excerpt":{"rendered":"<p>Das URP-103 Point Pad, der URC-104 Master Controller und die URH-103 Handfernbedienung bilden die n\u00e4chste Generation von ACR-Suchscheinwerfer-Steuerungszubeh\u00f6r und bieten modernisierte Steuerungsm\u00f6glichkeiten mit verbesserter Benutzerfreundlichkeit und gr\u00f6\u00dferer Vielseitigkeit. Diese neuen Optionen sind abw\u00e4rtskompatibel und lassen sich nahtlos in die bereits beliebten ACR RCL-100 LED- und RCL-50 LED-Suchscheinwerfer integrieren.  Dieses Kit (Art.-Nr. 1975) enth\u00e4lt alle neuen Zubeh\u00f6rteile zur Scheinwerfersteuerung. Weitere Zubeh\u00f6roptionen, darunter ein Nachr\u00fcstsatz f\u00fcr Besitzer von RCL-100 LED oder RCL-50 LED, die aufr\u00fcsten m\u00f6chten, sind \u00fcber das Dropdown-Men\u00fc unten auf dieser Produktseite verf\u00fcgbar. <\/p>\n","protected":false},"featured_media":161897,"template":"","meta":{"_acf_changed":false,"om_disable_all_campaigns":false},"product_brand":[],"product_cat":[5636,7189],"product_tag":[],"class_list":{"0":"post-161994","1":"product","2":"type-product","3":"status-publish","4":"has-post-thumbnail","6":"product_cat-marine-de","7":"product_cat-suchscheinwerfer-de","9":"first","10":"onbackorder","11":"taxable","12":"shipping-taxable","13":"purchasable","14":"product-type-variable"},"acf":[],"_links":{"self":[{"href":"https:\/\/www.acrartex.com\/de\/wp-json\/wp\/v2\/product\/161994","targetHints":{"allow":["GET"]}}],"collection":[{"href":"https:\/\/www.acrartex.com\/de\/wp-json\/wp\/v2\/product"}],"about":[{"href":"https:\/\/www.acrartex.com\/de\/wp-json\/wp\/v2\/types\/product"}],"wp:featuredmedia":[{"embeddable":true,"href":"https:\/\/www.acrartex.com\/de\/wp-json\/wp\/v2\/media\/161897"}],"wp:attachment":[{"href":"https:\/\/www.acrartex.com\/de\/wp-json\/wp\/v2\/media?parent=161994"}],"wp:term":[{"taxonomy":"product_brand","embeddable":true,"href":"https:\/\/www.acrartex.com\/de\/wp-json\/wp\/v2\/product_brand?post=161994"},{"taxonomy":"product_cat","embeddable":true,"href":"https:\/\/www.acrartex.com\/de\/wp-json\/wp\/v2\/product_cat?post=161994"},{"taxonomy":"product_tag","embeddable":true,"href":"https:\/\/www.acrartex.com\/de\/wp-json\/wp\/v2\/product_tag?post=161994"}],"curies":[{"name":"wp","href":"https:\/\/api.w.org\/{rel}","templated":true}]}}