{"id":160388,"date":"2021-07-29T17:07:01","date_gmt":"2021-07-29T22:07:01","guid":{"rendered":"https:\/\/www.acrartex.com\/products\/globalfix-rlb-35\/"},"modified":"2025-07-08T10:15:44","modified_gmt":"2025-07-08T15:15:44","slug":"globalfix-rlb-35","status":"publish","type":"product","link":"https:\/\/www.acrartex.com\/de\/products\/globalfix-rlb-35\/","title":{"rendered":"GlobalFix RLB-35"},"content":{"rendered":"<p><a href=\"https:\/\/www.acrartex.com\/de\/products\/globalfix-v5-ais-epirb-mit-return-link-service-und-mobiler-app\/\"><em><strong>Dieses Produkt wurde aktualisiert.<\/strong><\/em><\/a><\/p>\n<div data-canvas-width=\"547.4670718954251\">\n<div data-canvas-width=\"539.4155986928106\">Die FastACQ\u2122 GPS Engine erfasst LAT\/LON aus einem Kaltstart besser als normale GPS Engines.<\/div>\n<div data-canvas-width=\"371.07709150326815\"><\/div>\n<div data-canvas-width=\"371.07709150326815\">FastACQ\u2122 GPS ist in den ersten 45 Betriebsminuten bis zu 25 Minuten lang eingeschaltet.<\/div>\n<div data-canvas-width=\"516.3214869281046\"><\/div>\n<div data-canvas-width=\"516.3214869281046\">Patentiertes, propriet\u00e4res Elektronikpaket bietet h\u00f6here Frequenzstabilit\u00e4t f\u00fcr die genaueste Positionsbestimmung durch die LEOSAR-Satelliten. 100 m (110 Yards) GPS Positionsgenauigkeit, Optimum erm\u00f6glicht durch COSPAS-SARSAT. <\/div>\n<div data-canvas-width=\"482.5856732026145\"><\/div>\n<div data-canvas-width=\"482.5856732026145\">Einzige verf\u00fcgbare EPIRB , die einen GPS Erfassungstest, einen vollst\u00e4ndigen Funktionsselbsttest der internen Schaltkreise und einen Batteriespannungstest bietet.<\/div>\n<div data-canvas-width=\"482.5856732026145\"><\/div>\n<div data-canvas-width=\"482.5856732026145\">Kategorie 1: Vollst\u00e4ndig geschlossenes, hochdichtes, UV-stabilisiertes Polyethylen<\/div>\n<div data-canvas-width=\"474.1053562091504\">Halterung mit hydrostatischer Ausl\u00f6sung. H\u00e4lt extremen Belastungen stand. Die hydrostatische Ausl\u00f6sung aktiviert automatisch EPIRB , wenn das Schiff auf ca. 4 m (13 Fu\u00df) sinkt.  <\/div>\n<div data-canvas-width=\"506.93075816993485\">Kategorie 2: Universelle Low Pro2-Halterung; inklusive Schott- und Schienenmontageoption.<\/div>\n<div data-canvas-width=\"506.93075816993485\"><\/div>\n<div data-canvas-width=\"547.7559820261438\">Sendet auf 406 MHz (COSPAS-SARSAT) mit Ihrem registrierten, digital codierten Notsignal und 121,5 MHz (SAR-Homing-Frequenz).<\/div>\n<\/div>\n","protected":false},"excerpt":{"rendered":"<p><em><strong>Dieses Produkt wurde aktualisiert. <a href=\"https:\/\/www.acrartex.com\/products\/globalfix-v5-ais-epirb\/\">Klicken Sie hier,<\/a> um verf\u00fcgbare Produkt-Upgrades anzuzeigen.<\/strong><\/em><\/p>\n<div data-canvas-width=\"547.4670718954251\">Egal, welche Art von Boot Sie fahren, auf dem Wasser passieren t\u00e4glich Unf\u00e4lle. Wenn die Situation schlimmer wird, stellen Sie sicher, dass Sie vorbereitet sind! <\/div>\n<div data-canvas-width=\"496.097777777778\">Die ultimative Technologie zur Rettung von Meereslebewesen ist jetzt verf\u00fcgbar. Nutzen Sie die Leistung der GlobalFix \u2122 406 MHz GPS EPIRB und machen Sie aus einer lebensbedrohlichen Situation eine erfolgreiche Rettung. <\/div>\n<div data-canvas-width=\"141.5316320261438\">Es ist so einfach wie das Umlegen eines Schalters. Mit einem internen GPS Empf\u00e4nger erfasst GlobalFix \u2122 Ihre GPS Position und \u00fcbertr\u00e4gt sie zusammen mit Ihrem pers\u00f6nlichen Identifikationscode \u00fcber die SARSAT-Satelliten. So werden die SAR-Kr\u00e4fte sofort benachrichtigt, dass Sie sofort Hilfe ben\u00f6tigen!<\/div>\n<div data-canvas-width=\"133.5515816993464\">GlobalFix arbeitet schnell. Sobald GPS Daten im ersten Signalsto\u00df vorhanden sind, k\u00f6nnen die Rettungskr\u00e4fte benachrichtigt werden und innerhalb von nur drei Minuten mit der Rettungsplanung beginnen. Unabh\u00e4ngig getestet in realen Szenarien \u00fcbertraf GlobalFix alle anderen 406-MHz-EPIRBs auf dem Markt. <\/div>\n<p>&nbsp;<\/p>\n<p>&nbsp;<\/p>\n","protected":false},"featured_media":160389,"template":"","meta":{"_acf_changed":false,"om_disable_all_campaigns":false},"product_brand":[],"product_cat":[5636],"product_tag":[16037,16038,16039,16040,5638,5654,5647,5666,5642,16042,16041],"class_list":{"0":"post-160388","1":"product","2":"type-product","3":"status-publish","4":"has-post-thumbnail","6":"product_cat-marine-de","7":"product_tag-2742-de","8":"product_tag-2742nh-de","9":"product_tag-2744-de","10":"product_tag-2744nh-de","11":"product_tag-epirb-de","12":"product_tag-globale-losung","13":"product_tag-globalfix-de","14":"product_tag-gpirb-de","15":"product_tag-notsignal","16":"product_tag-rlb-35-de","17":"product_tag-rlb35-de","18":"pa_product-vermachtnis","20":"first","21":"outofstock","22":"taxable","23":"shipping-taxable","24":"product-type-simple"},"acf":[],"_links":{"self":[{"href":"https:\/\/www.acrartex.com\/de\/wp-json\/wp\/v2\/product\/160388","targetHints":{"allow":["GET"]}}],"collection":[{"href":"https:\/\/www.acrartex.com\/de\/wp-json\/wp\/v2\/product"}],"about":[{"href":"https:\/\/www.acrartex.com\/de\/wp-json\/wp\/v2\/types\/product"}],"wp:featuredmedia":[{"embeddable":true,"href":"https:\/\/www.acrartex.com\/de\/wp-json\/wp\/v2\/media\/160389"}],"wp:attachment":[{"href":"https:\/\/www.acrartex.com\/de\/wp-json\/wp\/v2\/media?parent=160388"}],"wp:term":[{"taxonomy":"product_brand","embeddable":true,"href":"https:\/\/www.acrartex.com\/de\/wp-json\/wp\/v2\/product_brand?post=160388"},{"taxonomy":"product_cat","embeddable":true,"href":"https:\/\/www.acrartex.com\/de\/wp-json\/wp\/v2\/product_cat?post=160388"},{"taxonomy":"product_tag","embeddable":true,"href":"https:\/\/www.acrartex.com\/de\/wp-json\/wp\/v2\/product_tag?post=160388"}],"curies":[{"name":"wp","href":"https:\/\/api.w.org\/{rel}","templated":true}]}}