{"id":160359,"date":"2021-08-04T14:20:38","date_gmt":"2021-08-04T19:20:38","guid":{"rendered":"https:\/\/www.acrartex.com\/products\/terrafix-plb-200-201\/"},"modified":"2021-08-04T14:20:38","modified_gmt":"2021-08-04T19:20:38","slug":"terrafix-plb-200-201","status":"publish","type":"product","link":"https:\/\/www.acrartex.com\/de\/products\/terrafix-plb-200-201\/","title":{"rendered":"TerraFix ( PLB -200\/201)"},"content":{"rendered":"<p><span style=\"color: #3366ff;\"><strong>Dieses Produkt wurde eingestellt.<\/strong><\/span><\/p>\n<div>In der freien Natur passieren t\u00e4glich Unf\u00e4lle. Sind Sie vorbereitet, wenn die Situation noch schlimmer wird?<\/div>\n<div><\/div>\n<div>Warum tagelang gestrandet warten, bis Sie jemand findet? Mit dem TerraFix\u2122 406 GPS PLB haben Sie die Macht in der Hand. So k\u00f6nnen Sie aus einer lebensbedrohlichen Situation eine erfolgreiche Rettung machen. Es ist ganz einfach: Ein Knopfdruck gen\u00fcgt. Dank des integrierten GPS Empf\u00e4ngers (P\/N 2798) erfasst der TerraFix\u2122 Ihre GPS Position und \u00fcbertr\u00e4gt sie zusammen mit Ihrem pers\u00f6nlichen Identifikationscode \u00fcber die COSPAS-SARSAT-Satelliten. So werden die Rettungskr\u00e4fte sofort benachrichtigt, dass Sie Hilfe ben\u00f6tigen!   <\/div>\n<div><\/div>\n<div>Terrafix\u2122 arbeitet schnell. Wenn im ersten Signalimpuls GPS Daten vorhanden sind, k\u00f6nnen die SAR-Kr\u00e4fte benachrichtigt werden und innerhalb von nur drei Minuten mit der Rettungsplanung beginnen. Verantwortungsbewusst handeln, vorbereitet sein, sicher sein. <\/div>\n","protected":false},"excerpt":{"rendered":"<p><span style=\"color: #3366ff;\"><strong>Dieses Produkt wurde eingestellt.<\/strong><\/span><\/p>\n<p>Der TerraFix\u2122 Personal Locator Beacon oder PLB sendet auf 406 MHz \u00fcber das COSPAS-SARSAT-Satellitensystem mit Ihrem registrierten, eindeutigen, digital codierten Notsignal und der lokalen SAR-Zielfrequenz von 121,5 MHz.<\/p>\n<p style=\"margin-left: 0in; margin-right: 0in;\">\n","protected":false},"featured_media":160362,"template":"","meta":{"_acf_changed":false,"om_disable_all_campaigns":false},"product_brand":[],"product_cat":[5687],"product_tag":[15981,15983,15987,15985,15989,5576,15980,5698,6128,5694,5690,13747,13758,15977],"class_list":{"0":"post-160359","1":"product","2":"type-product","3":"status-publish","4":"has-post-thumbnail","6":"product_cat-im-freien","7":"product_tag-2798-de","8":"product_tag-2798-2-de","9":"product_tag-2798-2nh-de","10":"product_tag-2798-4-de","11":"product_tag-2798-4nh-de","12":"product_tag-406-de","13":"product_tag-acr-terrafix-de","14":"product_tag-geographisches-positionierungs-system","15":"product_tag-notrufortung","16":"product_tag-personliches-ortungssignal","17":"product_tag-plb-de","18":"product_tag-plb-200-de","19":"product_tag-plb-201-de","20":"product_tag-terrafix-de","21":"pa_product-vermachtnis","23":"first","24":"outofstock","25":"taxable","26":"shipping-taxable","27":"product-type-simple"},"acf":[],"_links":{"self":[{"href":"https:\/\/www.acrartex.com\/de\/wp-json\/wp\/v2\/product\/160359","targetHints":{"allow":["GET"]}}],"collection":[{"href":"https:\/\/www.acrartex.com\/de\/wp-json\/wp\/v2\/product"}],"about":[{"href":"https:\/\/www.acrartex.com\/de\/wp-json\/wp\/v2\/types\/product"}],"wp:featuredmedia":[{"embeddable":true,"href":"https:\/\/www.acrartex.com\/de\/wp-json\/wp\/v2\/media\/160362"}],"wp:attachment":[{"href":"https:\/\/www.acrartex.com\/de\/wp-json\/wp\/v2\/media?parent=160359"}],"wp:term":[{"taxonomy":"product_brand","embeddable":true,"href":"https:\/\/www.acrartex.com\/de\/wp-json\/wp\/v2\/product_brand?post=160359"},{"taxonomy":"product_cat","embeddable":true,"href":"https:\/\/www.acrartex.com\/de\/wp-json\/wp\/v2\/product_cat?post=160359"},{"taxonomy":"product_tag","embeddable":true,"href":"https:\/\/www.acrartex.com\/de\/wp-json\/wp\/v2\/product_tag?post=160359"}],"curies":[{"name":"wp","href":"https:\/\/api.w.org\/{rel}","templated":true}]}}