{"id":160351,"date":"2021-08-04T14:51:40","date_gmt":"2021-08-04T19:51:40","guid":{"rendered":"https:\/\/www.acrartex.com\/products\/rapidfix-rlb-33-epirb\/"},"modified":"2021-08-04T14:51:40","modified_gmt":"2021-08-04T19:51:40","slug":"rapidfix-rlb-33-epirb","status":"publish","type":"product","link":"https:\/\/www.acrartex.com\/de\/products\/rapidfix-rlb-33-epirb\/","title":{"rendered":"RapidFix RLB-33 EPIRB"},"content":{"rendered":"<p><a href=\"https:\/\/www.acrartex.com\/de\/products\/globalfix-v5-ais-epirb-mit-return-link-service-und-mobiler-app\/\"><b><i>Dieses Produkt wurde aktualisiert.<\/i><\/b><\/a><\/p>\n<div data-canvas-width=\"547.4670718954251\">\n<div data-canvas-width=\"482.5856732026145\">Kategorie 1: Vollst\u00e4ndig geschlossenes, hochdichtes, UV-stabilisiertes Polyethylen<\/div>\n<div data-canvas-width=\"474.1053562091504\">Halterung mit hydrostatischer Ausl\u00f6sung. H\u00e4lt extremen Belastungen stand. Die hydrostatische Ausl\u00f6sung aktiviert automatisch EPIRB , wenn das Schiff auf ca. 4 m (13 Fu\u00df) sinkt.  <\/div>\n<div data-canvas-width=\"506.93075816993485\">Kategorie 2: Universelle Low Pro2-Halterung; inklusive Schott- und Schienenmontageoption.<\/div>\n<div data-canvas-width=\"506.93075816993485\"><\/div>\n<div data-canvas-width=\"547.7559820261438\">Sendet auf 406 MHz (COSPAS-SARSAT) mit Ihrem registrierten, digital codierten Notsignal und 121,5 MHz (SAR-Homing-Frequenz).<\/div>\n<\/div>\n","protected":false},"excerpt":{"rendered":"<p><b><i>Dieses Produkt wurde aktualisiert. <a href=\"https:\/\/www.acrartex.com\/products\/globalfix-v5-ais-epirb\/\">Klicken Sie hier<\/a> f\u00fcr verf\u00fcgbare Upgrades.<\/i><\/b><\/p>\n<div data-canvas-width=\"133.5515816993464\">\n<div data-canvas-width=\"516.3214869281046\">RapidFix\u2122 ist ein GPS -f\u00e4higes Beacon, das mit einem externen GPS kommuniziert, um vor der Aktivierung die Position herunterzuladen.<\/div>\n<div data-canvas-width=\"516.3214869281046\"><\/div>\n<div data-canvas-width=\"516.3214869281046\">Das patentierte, propriet\u00e4re Elektronikpaket bietet eine h\u00f6here Frequenzstabilit\u00e4t f\u00fcr eine \u00e4u\u00dferst genaue Positionsbestimmung durch die LEOSAR-Satelliten. GPS Schnittstelle bietet GPS Positionsgenauigkeit von 100 m (110 Yards), das Optimum, das COSPAS-SARSAT erm\u00f6glicht. <\/div>\n<\/div>\n<p>&nbsp;<\/p>\n<p>&nbsp;<\/p>\n","protected":false},"featured_media":160352,"template":"","meta":{"_acf_changed":false,"om_disable_all_campaigns":false},"product_brand":[],"product_cat":[5636],"product_tag":[15954,15955,15956,15958,15957,15953,5638,5666,5642,15950,15952,15951],"class_list":{"0":"post-160351","1":"product","2":"type-product","3":"status-publish","4":"has-post-thumbnail","6":"product_cat-marine-de","7":"product_tag-2776-de","8":"product_tag-2776nh-de","9":"product_tag-2777-de","10":"product_tag-27775nh-de","11":"product_tag-2777-5-de","12":"product_tag-acr-rapidfix-de","13":"product_tag-epirb-de","14":"product_tag-gpirb-de","15":"product_tag-notsignal","16":"product_tag-rapidfix-de","17":"product_tag-rlb-33-de","18":"product_tag-rlb33-de","19":"pa_product-vermachtnis","21":"first","22":"outofstock","23":"taxable","24":"shipping-taxable","25":"product-type-simple"},"acf":[],"_links":{"self":[{"href":"https:\/\/www.acrartex.com\/de\/wp-json\/wp\/v2\/product\/160351","targetHints":{"allow":["GET"]}}],"collection":[{"href":"https:\/\/www.acrartex.com\/de\/wp-json\/wp\/v2\/product"}],"about":[{"href":"https:\/\/www.acrartex.com\/de\/wp-json\/wp\/v2\/types\/product"}],"wp:featuredmedia":[{"embeddable":true,"href":"https:\/\/www.acrartex.com\/de\/wp-json\/wp\/v2\/media\/160352"}],"wp:attachment":[{"href":"https:\/\/www.acrartex.com\/de\/wp-json\/wp\/v2\/media?parent=160351"}],"wp:term":[{"taxonomy":"product_brand","embeddable":true,"href":"https:\/\/www.acrartex.com\/de\/wp-json\/wp\/v2\/product_brand?post=160351"},{"taxonomy":"product_cat","embeddable":true,"href":"https:\/\/www.acrartex.com\/de\/wp-json\/wp\/v2\/product_cat?post=160351"},{"taxonomy":"product_tag","embeddable":true,"href":"https:\/\/www.acrartex.com\/de\/wp-json\/wp\/v2\/product_tag?post=160351"}],"curies":[{"name":"wp","href":"https:\/\/api.w.org\/{rel}","templated":true}]}}