{"id":160282,"date":"2021-08-04T18:10:30","date_gmt":"2021-08-04T23:10:30","guid":{"rendered":"https:\/\/www.acrartex.com\/products\/pathfinder3-sart\/"},"modified":"2021-08-04T18:10:30","modified_gmt":"2021-08-04T23:10:30","slug":"pathfinder3-sart","status":"publish","type":"product","link":"https:\/\/www.acrartex.com\/de\/products\/pathfinder3-sart\/","title":{"rendered":"Pathfinder3 SART"},"content":{"rendered":"<p><a href=\"https:\/\/www.acrartex.com\/de\/products\/pathfinder-pro-sart\/\"><b>Dieses Produkt wurde aktualisiert.<\/b><\/a><\/p>\n<ul>\n<li>Kompakte Einheit, l\u00e4sst sich leicht in einer Rettungsinsel verstauen<\/li>\n<li>Schnellspannhalterung im Lieferumfang enthalten<\/li>\n<li>Betriebsdauer: 96 Stunden im Standby-Modus; \u00fcber 8 Stunden im Betriebsmodus<\/li>\n<li>Sto\u00dffestes Polystyrolgeh\u00e4use, das f\u00fcr raue Umgebungen ausgelegt ist<\/li>\n<li>Enth\u00e4lt ein 10 m langes Sicherheitsband und eine zusammenklappbare Stange, beide im SART verstaut<\/li>\n<li>Wasserdicht bis 10 m<\/li>\n<li>Transportsichere Lithiumbatterie mit langer Lebensdauer (5 Jahre Austauschlebensdauer) (nur 2714NH)<\/li>\n<li>Weltweite Zertifizierung; entspricht den Standards GMDSS, IEC, IMO\/SOLAS 88, ETSI 300 151 und RTCM, FCC-Zulassung, MED<\/li>\n<\/ul>\n","protected":false},"excerpt":{"rendered":"<p><strong>Dieses Produkt wurde aktualisiert. <a href=\"https:\/\/www.acrartex.com\/products\/pathfinder-pro-sart\/\">Klicken Sie hier,<\/a> um das verf\u00fcgbare Produkt-Upgrade anzuzeigen.<\/strong><\/p>\n<p>Bei Radarabfrage sendet dieses Ger\u00e4t zw\u00f6lf intensive Radarsignale und unterst\u00fctzt so Such- und Rettungseins\u00e4tze erheblich. Ein Such- und Rettungstransponder ist f\u00fcr alle kommerziellen Schiffe, die GMDSS-konform sein m\u00fcssen, sowie f\u00fcr alle Schiffe mit mehr als einer Rettungsinsel vorgeschrieben. Der exklusive ACR Testmodus liefert visuelles und akustisches Feedback zur Best\u00e4tigung des Betriebsstatus.  <\/p>\n<p>&nbsp;<\/p>\n<p><a href=\"https:\/\/www.acrartex.com\/products\/pathfinder-pro-sart\/\"><strong>Dieses Produkt ist NICHT f\u00fcr den E-Commerce-Verkauf verf\u00fcgbar.  <\/strong><\/a><\/p>\n<p>&nbsp;<\/p>\n","protected":false},"featured_media":160290,"template":"","meta":{"_acf_changed":false,"om_disable_all_campaigns":false},"product_brand":[],"product_cat":[6026,5636,6025],"product_tag":[15876,15877,14373,14418,14378,14383,14398,14393,15874,15875,14350,14443,14375,14359,14436,14366,14405,14428,14447,14451,14432,14388,14439],"class_list":{"0":"post-160282","1":"product","2":"type-product","3":"status-publish","4":"has-post-thumbnail","6":"product_cat-kommerziell","7":"product_cat-marine-de","8":"product_cat-vor-der-kuste","9":"product_tag-2714-de","10":"product_tag-2714nh-de","11":"product_tag-acr-sart-de","12":"product_tag-gmdss-sart-de","13":"product_tag-herbst","14":"product_tag-jotron-sart-de","15":"product_tag-jotron-tron-sart-de","16":"product_tag-mcmurdo-sart-de","17":"product_tag-pathfinder2-de","18":"product_tag-pathfinder3-de","19":"product_tag-sart-de","20":"product_tag-sart-gmdss-de","21":"product_tag-sart-ivf-de","22":"product_tag-sart-transponder-de","23":"product_tag-seemann-sart","24":"product_tag-startbatterie","25":"product_tag-starttest-de","26":"product_tag-starttester","27":"product_tag-startvoraussetzungen","28":"product_tag-startzulassungen","29":"product_tag-teststart","30":"product_tag-tron-sart-de","31":"product_tag-tron-sart-20-de","32":"pa_product-vermachtnis","34":"first","35":"outofstock","36":"taxable","37":"shipping-taxable","38":"product-type-simple"},"acf":[],"_links":{"self":[{"href":"https:\/\/www.acrartex.com\/de\/wp-json\/wp\/v2\/product\/160282","targetHints":{"allow":["GET"]}}],"collection":[{"href":"https:\/\/www.acrartex.com\/de\/wp-json\/wp\/v2\/product"}],"about":[{"href":"https:\/\/www.acrartex.com\/de\/wp-json\/wp\/v2\/types\/product"}],"wp:featuredmedia":[{"embeddable":true,"href":"https:\/\/www.acrartex.com\/de\/wp-json\/wp\/v2\/media\/160290"}],"wp:attachment":[{"href":"https:\/\/www.acrartex.com\/de\/wp-json\/wp\/v2\/media?parent=160282"}],"wp:term":[{"taxonomy":"product_brand","embeddable":true,"href":"https:\/\/www.acrartex.com\/de\/wp-json\/wp\/v2\/product_brand?post=160282"},{"taxonomy":"product_cat","embeddable":true,"href":"https:\/\/www.acrartex.com\/de\/wp-json\/wp\/v2\/product_cat?post=160282"},{"taxonomy":"product_tag","embeddable":true,"href":"https:\/\/www.acrartex.com\/de\/wp-json\/wp\/v2\/product_tag?post=160282"}],"curies":[{"name":"wp","href":"https:\/\/api.w.org\/{rel}","templated":true}]}}