{"id":160214,"date":"2022-01-28T12:41:20","date_gmt":"2022-01-28T17:41:20","guid":{"rendered":"https:\/\/www.acrartex.com\/products\/bivy-essential-mounts-kit\/"},"modified":"2022-01-28T12:41:20","modified_gmt":"2022-01-28T17:41:20","slug":"bivy-essential-mounts-kit","status":"publish","type":"product","link":"https:\/\/www.acrartex.com\/de\/products\/bivy-essential-mounts-kit\/","title":{"rendered":"Bivy Essential Mounts Kit"},"content":{"rendered":"<p>Mit dem Bivy Stick Essential Mounting Kit kannst du den Bivy Stick \u00fcberallhin mitnehmen. Ideal f\u00fcr Abenteurer, die st\u00e4ndig von einer Aktivit\u00e4t zur n\u00e4chsten wechseln. Das gesamte Kit passt problemlos in die mitgelieferte wasserdichte und sto\u00dffeste H\u00fclle, sodass du den Bivy Stick ganz einfach an deine Bed\u00fcrfnisse anpassen kannst.  <\/p>\n<ul class=\"a-unordered-list a-vertical a-spacing-mini\">\n<li><span class=\"a-list-item\"><strong>Saugnapfhalterung<\/strong><br \/>\n Mit dem Saugnapf l\u00e4sst sich Ihr Bivy Stick am Auto befestigen.  <\/span><\/li>\n<li><span class=\"a-list-item\"><strong>Lenkerhalterung<\/strong><br \/>\n Die Lenkerhalterung passt an Lenker mit einem Durchmesser von 1,9\u20133,6 cm (0,75\u20131,4 Zoll) an Ihrem Fahrrad oder Motorrad und erm\u00f6glicht eine Neigungsbewegung von 180\u00b0.  <\/span><\/li>\n<li><strong>Rucksack-Clip<\/strong><br \/>\n 360 Grad drehbare Rucksackkappen-Clip-Klemmhalterung + langes Schrauben-Set<\/li>\n<li><strong>J-Haken-Schnalle<\/strong><br \/>\n <span data-spm-anchor-id=\"a2700.wholesale.0.i26.35472ba2pcG0VM\">L\u00e4sst sich fest an der Klebehalterung befestigen und erm\u00f6glicht so eine freih\u00e4ndige und sorgenfreie Bedienung.<\/span><\/li>\n<li><strong>Entriegelungsschnallen und 3-Wege-Schwenkarmadapter, lange und kurze Verbindungen<\/strong><\/li>\n<li><strong>1\/4&#8243;-Gewindemontageadapter<\/strong><\/li>\n<li><strong>3M Klebepadhalterungen<\/strong><\/li>\n<li><strong>Extra lange und kurze Schrauben<\/strong><\/li>\n<li><strong>Haltegurte<\/strong><\/li>\n<li><strong>Tragbare Tragetasche<\/strong><\/li>\n<\/ul>\n","protected":false},"excerpt":{"rendered":"<p>&nbsp;<\/p>\n<p><a href=\"https:\/\/www.dropbox.com\/s\/fk04stqsp2hgk5f\/Prop%2065%20-%20DEHP.pdf?dl=0\" data-cke-saved-href=\"https:\/\/www.dropbox.com\/s\/fk04stqsp2hgk5f\/Prop%2065%20-%20DEHP.pdf?dl=0\">WARNUNG: PROP 65<\/a><\/p>\n","protected":false},"featured_media":160222,"template":"","meta":{"_acf_changed":false,"om_disable_all_campaigns":false},"product_brand":[],"product_cat":[5687,5636,6558],"product_tag":[13010,13024,13011,13006,13007,13018,13019,13021,13012,13017,13020,13022,12396,5698,13013,13008,13015,13014,13023,13016,13009,13005],"class_list":{"0":"post-160214","1":"product","2":"type-product","3":"status-publish","4":"has-post-thumbnail","6":"product_cat-im-freien","7":"product_cat-marine-de","8":"product_cat-sicherheitszubehor","9":"product_tag-2-wege-kommunikation","10":"product_tag-4605-de","11":"product_tag-acr-bivy-de","12":"product_tag-bivy-de","13":"product_tag-bivy-de-2","14":"product_tag-bivy-uberleben","15":"product_tag-bivy-uberlebenskit","16":"product_tag-bivy-solarpanel-uberlebenskit","17":"product_tag-bivy-app-de","18":"product_tag-bivy-gegen-plb","19":"product_tag-bivy-solarpanel","20":"product_tag-bivy-und-solarpanel-kit","21":"product_tag-bluetooth-de","22":"product_tag-geographisches-positionierungs-system","23":"product_tag-globale-rettung","24":"product_tag-iridium-de","25":"product_tag-kleinster-satellitenkommunikator","26":"product_tag-mini-de","27":"product_tag-mini-gps-de","28":"product_tag-satelliten-gps-tracking","29":"product_tag-sendungsverfolgung","30":"product_tag-uberlebenskit-de","31":"pa_activity-angeln","32":"pa_activity-camping-de","33":"pa_activity-fahrrad","34":"pa_activity-gelandewagen-4x4","35":"pa_activity-klettern","36":"pa_activity-paddelsport","37":"pa_activity-querfeldein","38":"pa_activity-schneemobil","39":"pa_activity-ski-snowboard","40":"pa_activity-wandern","41":"pa_aircraft-type-drehflugler","42":"pa_aircraft-type-einmotorig","43":"pa_aircraft-type-experimental-de","44":"pa_aircraft-type-grose-jets","45":"pa_aircraft-type-leichte-jets","46":"pa_aircraft-type-mehrmotorige","47":"pa_aircraft-type-mittelgrose-jets","48":"pa_aircraft-type-passagierflugzeug","49":"pa_aircraft-type-turboprop-de","50":"pa_boat-type-charteryacht-de","51":"pa_boat-type-frachtschiff","52":"pa_boat-type-kommerzielle-fischerei","53":"pa_boat-type-motorboot","54":"pa_boat-type-schlepper","55":"pa_boat-type-segelboot","56":"pa_boat-type-sportcraft-de","57":"pa_boat-type-yacht-de","58":"pa_product-sicherheitszubehor","59":"pa_terrain-flusse-feuchtgebiete-seen-de","60":"pa_terrain-hugel-berg","61":"pa_terrain-tundra-de-2","62":"pa_terrain-wald-dschungel","64":"first","65":"instock","66":"taxable","67":"shipping-taxable","68":"purchasable","69":"product-type-simple"},"acf":[],"_links":{"self":[{"href":"https:\/\/www.acrartex.com\/de\/wp-json\/wp\/v2\/product\/160214","targetHints":{"allow":["GET"]}}],"collection":[{"href":"https:\/\/www.acrartex.com\/de\/wp-json\/wp\/v2\/product"}],"about":[{"href":"https:\/\/www.acrartex.com\/de\/wp-json\/wp\/v2\/types\/product"}],"wp:featuredmedia":[{"embeddable":true,"href":"https:\/\/www.acrartex.com\/de\/wp-json\/wp\/v2\/media\/160222"}],"wp:attachment":[{"href":"https:\/\/www.acrartex.com\/de\/wp-json\/wp\/v2\/media?parent=160214"}],"wp:term":[{"taxonomy":"product_brand","embeddable":true,"href":"https:\/\/www.acrartex.com\/de\/wp-json\/wp\/v2\/product_brand?post=160214"},{"taxonomy":"product_cat","embeddable":true,"href":"https:\/\/www.acrartex.com\/de\/wp-json\/wp\/v2\/product_cat?post=160214"},{"taxonomy":"product_tag","embeddable":true,"href":"https:\/\/www.acrartex.com\/de\/wp-json\/wp\/v2\/product_tag?post=160214"}],"curies":[{"name":"wp","href":"https:\/\/api.w.org\/{rel}","templated":true}]}}