{"id":160008,"date":"2022-01-28T12:52:37","date_gmt":"2022-01-28T17:52:37","guid":{"rendered":"https:\/\/www.acrartex.com\/products\/bivy-comprehensive-mounts-kit\/"},"modified":"2022-01-28T12:52:37","modified_gmt":"2022-01-28T17:52:37","slug":"bivy-comprehensive-mounts-kit","status":"publish","type":"product","link":"https:\/\/www.acrartex.com\/de\/products\/bivy-comprehensive-mounts-kit\/","title":{"rendered":"Bivy Comprehensive Mounts Kit"},"content":{"rendered":"<p>Mit dem umfassenden Bivy Stick-Montageset k\u00f6nnen Sie den Bivy Stick \u00fcberallhin mitnehmen. Es ist ideal f\u00fcr Abenteurer, die st\u00e4ndig von einer Aktivit\u00e4t zur n\u00e4chsten wechseln. Das gesamte Set passt problemlos in die mitgelieferte wasserdichte und sto\u00dffeste H\u00fclle, sodass Sie den Bivy Stick ganz einfach an Ihre Bed\u00fcrfnisse anpassen k\u00f6nnen.  <\/p>\n<ul class=\"a-unordered-list a-vertical a-spacing-mini\">\n<li><strong>Octopus-Stativ<br \/>\n<\/strong> Leicht und kompakt, kann als Handstab, Stativ f\u00fcr unebene Oberfl\u00e4chen oder zum Umwickeln von Objekten verwendet werden<\/li>\n<li><strong>Jaws Flex Clamp Mount Verstellbarer Hals<br \/>\n<\/strong> L\u00e4sst sich schnell an Stangen oder anderen Objekten befestigen. Einfach verstellbar und leicht. <\/li>\n<li><strong>EVA-Handschwimmer<\/strong><br \/>\n Zus\u00e4tzliche Sicherheit bei versehentlichem Fallenlassen ins Wasser. Versiegelter Stauraum f\u00fcr kleine Gegenst\u00e4nde. 1\/4-Zoll-Adapter zur Befestigung an einem Stativ.  <\/li>\n<li><span class=\"a-list-item\"><strong>Saugnapfhalterung<\/strong><br \/>\n Mit dem Saugnapf l\u00e4sst sich Ihr Bivy Stick am Auto befestigen.  <\/span><\/li>\n<li><span class=\"a-list-item\"><strong>Lenkerhalterung<\/strong><br \/>\n Die Lenkerhalterung passt an Lenker mit einem Durchmesser von 1,9\u20133,6 cm (0,75\u20131,4 Zoll) an Ihrem Fahrrad oder Motorrad und erm\u00f6glicht eine Neigungsbewegung von 180\u00b0.  <\/span><\/li>\n<li><strong>Rucksack-Clip<\/strong><br \/>\n 360 Grad drehbare Rucksackkappen-Clip-Klemmhalterung + langes Schrauben-Set<\/li>\n<li><strong>J-Haken-Schnalle<\/strong><br \/>\n <span data-spm-anchor-id=\"a2700.wholesale.0.i26.35472ba2pcG0VM\">L\u00e4sst sich fest an der Klebehalterung befestigen und erm\u00f6glicht so eine freih\u00e4ndige und sorgenfreie Bedienung.<\/span><\/li>\n<li><strong>Entriegelungsschnallen und 3-Wege-Schwenkarmadapter, lange und kurze Verbindungen<\/strong><\/li>\n<li><strong>1\/4&#8243;-Gewindemontageadapter<\/strong><\/li>\n<li><strong>3M Klebepadhalterungen<\/strong><\/li>\n<li><strong>Extra lange und kurze Schrauben<\/strong><\/li>\n<li><strong>Haltegurte<\/strong><\/li>\n<li><strong>Tragbare Tragetasche<\/strong><\/li>\n<\/ul>\n","protected":false},"excerpt":{"rendered":"<p>&nbsp;<\/p>\n<p><a href=\"https:\/\/www.dropbox.com\/s\/fk04stqsp2hgk5f\/Prop%2065%20-%20DEHP.pdf?dl=0\" data-cke-saved-href=\"https:\/\/www.dropbox.com\/s\/fk04stqsp2hgk5f\/Prop%2065%20-%20DEHP.pdf?dl=0\">WARNUNG: PROP 65<\/a><\/p>\n","protected":false},"featured_media":160032,"template":"","meta":{"_acf_changed":false,"om_disable_all_campaigns":false},"product_brand":[],"product_cat":[5687,5636],"product_tag":[13010,13024,13011,13006,13007,13018,13019,13021,13012,13017,13020,13022,12396,5698,13013,13008,13015,13014,13023,13016,13009,13005],"class_list":{"0":"post-160008","1":"product","2":"type-product","3":"status-publish","4":"has-post-thumbnail","6":"product_cat-im-freien","7":"product_cat-marine-de","8":"product_tag-2-wege-kommunikation","9":"product_tag-4605-de","10":"product_tag-acr-bivy-de","11":"product_tag-bivy-de","12":"product_tag-bivy-de-2","13":"product_tag-bivy-uberleben","14":"product_tag-bivy-uberlebenskit","15":"product_tag-bivy-solarpanel-uberlebenskit","16":"product_tag-bivy-app-de","17":"product_tag-bivy-gegen-plb","18":"product_tag-bivy-solarpanel","19":"product_tag-bivy-und-solarpanel-kit","20":"product_tag-bluetooth-de","21":"product_tag-geographisches-positionierungs-system","22":"product_tag-globale-rettung","23":"product_tag-iridium-de","24":"product_tag-kleinster-satellitenkommunikator","25":"product_tag-mini-de","26":"product_tag-mini-gps-de","27":"product_tag-satelliten-gps-tracking","28":"product_tag-sendungsverfolgung","29":"product_tag-uberlebenskit-de","30":"pa_activity-angeln","31":"pa_activity-camping-de","32":"pa_activity-fahrrad","33":"pa_activity-gelandewagen-4x4","34":"pa_activity-klettern","35":"pa_activity-paddelsport","36":"pa_activity-querfeldein","37":"pa_activity-schneemobil","38":"pa_activity-ski-snowboard","39":"pa_activity-wandern","40":"pa_aircraft-type-drehflugler","41":"pa_aircraft-type-einmotorig","42":"pa_aircraft-type-experimental-de","43":"pa_aircraft-type-grose-jets","44":"pa_aircraft-type-leichte-jets","45":"pa_aircraft-type-mehrmotorige","46":"pa_aircraft-type-mittelgrose-jets","47":"pa_aircraft-type-passagierflugzeug","48":"pa_aircraft-type-turboprop-de","49":"pa_boat-type-charteryacht-de","50":"pa_boat-type-frachtschiff","51":"pa_boat-type-kommerzielle-fischerei","52":"pa_boat-type-motorboot","53":"pa_boat-type-schlepper","54":"pa_boat-type-segelboot","55":"pa_boat-type-sportcraft-de","56":"pa_boat-type-yacht-de","57":"pa_product-sicherheitszubehor","58":"pa_terrain-flusse-feuchtgebiete-seen-de","59":"pa_terrain-hugel-berg","60":"pa_terrain-tundra-de-2","61":"pa_terrain-wald-dschungel","63":"first","64":"instock","65":"taxable","66":"shipping-taxable","67":"purchasable","68":"product-type-simple"},"acf":[],"_links":{"self":[{"href":"https:\/\/www.acrartex.com\/de\/wp-json\/wp\/v2\/product\/160008","targetHints":{"allow":["GET"]}}],"collection":[{"href":"https:\/\/www.acrartex.com\/de\/wp-json\/wp\/v2\/product"}],"about":[{"href":"https:\/\/www.acrartex.com\/de\/wp-json\/wp\/v2\/types\/product"}],"wp:featuredmedia":[{"embeddable":true,"href":"https:\/\/www.acrartex.com\/de\/wp-json\/wp\/v2\/media\/160032"}],"wp:attachment":[{"href":"https:\/\/www.acrartex.com\/de\/wp-json\/wp\/v2\/media?parent=160008"}],"wp:term":[{"taxonomy":"product_brand","embeddable":true,"href":"https:\/\/www.acrartex.com\/de\/wp-json\/wp\/v2\/product_brand?post=160008"},{"taxonomy":"product_cat","embeddable":true,"href":"https:\/\/www.acrartex.com\/de\/wp-json\/wp\/v2\/product_cat?post=160008"},{"taxonomy":"product_tag","embeddable":true,"href":"https:\/\/www.acrartex.com\/de\/wp-json\/wp\/v2\/product_tag?post=160008"}],"curies":[{"name":"wp","href":"https:\/\/api.w.org\/{rel}","templated":true}]}}