{"id":159972,"date":"2022-07-06T11:31:11","date_gmt":"2022-07-06T16:31:11","guid":{"rendered":"https:\/\/www.acrartex.com\/products\/plb-bivy-und-karabiner-mit-klettverschluss\/"},"modified":"2022-07-06T11:31:11","modified_gmt":"2022-07-06T16:31:11","slug":"plb-bivy-und-karabiner-mit-klettverschluss","status":"publish","type":"product","link":"https:\/\/www.acrartex.com\/de\/products\/plb-bivy-und-karabiner-mit-klettverschluss\/","title":{"rendered":"PLB + Bivy und Karabiner mit Klettverschluss"},"content":{"rendered":"<p>Dieses Set ist mit dem ACR Bivy Stick und den ACR PLB -400, PLB -410, PLB -425 und PLB -435 kompatibel und stellt eine wichtige Erg\u00e4nzung Ihrer Sicherheitsausr\u00fcstung dar, da es dazu beitr\u00e4gt, dass Sie die lebensrettenden Produkte von ACR sicher bei sich tragen k\u00f6nnen, damit Sie sie zur Hand haben, wenn Sie sie am meisten brauchen.<\/p>\n<p>Mit dem Karabiner mit Klettverschluss k\u00f6nnen Sie Ihren PLB oder Bivy an einem Rucksack, einer Rettungsweste oder einfach an der Oberbekleidung f\u00fcr verschiedene Outdoor-Aktivit\u00e4ten befestigen. Die Schutztasche verf\u00fcgt \u00fcber eine G\u00fcrtelbefestigung, mit der sie sich neben den Tr\u00e4gern eines Rucksacks oder einer Rettungsweste auch an G\u00fcrteln unterschiedlicher Breite befestigen l\u00e4sst. <\/p>\n<p>Wohin Ihr Abenteuer Sie auch f\u00fchrt, ob es sich um eine Reise zu den h\u00f6chsten Berggipfeln, in das unentdeckteste Gel\u00e4nde oder zu den weitesten Ozeanen handelt, genie\u00dfen Sie die gr\u00f6\u00dfere Leichtigkeit, Ihren PLB oder Bivy Stick bei sich zu tragen oder in Ihre Ausr\u00fcstung zu integrieren, was all Ihre Abenteuer nicht nur sicherer, sondern auch bequemer macht.<\/p>\n","protected":false},"excerpt":{"rendered":"<p>Das ACR Zubeh\u00f6rset mit Tasche und Karabiner mit Klettverschluss bietet zahlreiche Trageoptionen f\u00fcr eine Vielzahl von Verwendungszwecken f\u00fcr mehrere ACR Produkte.<\/p>\n<p>Dieses Kit ist mit dem ACR Bivy Stick und der ACR ResQLink Personal Locator Beacon Serie (einschlie\u00dflich PLB -375, PLB -400, PLB -410, PLB -425 und PLB -435) kompatibel und stellt eine wichtige Erg\u00e4nzung Ihrer Sicherheitsausr\u00fcstung dar, da es dazu beitr\u00e4gt, dass Sie die lebensrettenden Produkte von ACR sicher bei sich tragen k\u00f6nnen, damit Sie sie zur Hand haben, wenn Sie sie am meisten brauchen.<\/p>\n<p>&nbsp;<\/p>\n<p>Diese Tasche ist NICHT mit dem neuen ResQLink AIS PLB -450 kompatibel<\/p>\n<p>&nbsp;<\/p>\n<p>&nbsp;<\/p>\n<p><a href=\"https:\/\/www.dropbox.com\/s\/fk04stqsp2hgk5f\/Prop%2065%20-%20DEHP.pdf?dl=0\">WARNUNG: PROP 65<\/a><\/p>\n","protected":false},"featured_media":27632,"template":"","meta":{"_acf_changed":false,"om_disable_all_campaigns":false},"product_brand":[],"product_cat":[5687,5636,6558],"product_tag":[],"class_list":{"0":"post-159972","1":"product","2":"type-product","3":"status-publish","4":"has-post-thumbnail","6":"product_cat-im-freien","7":"product_cat-marine-de","8":"product_cat-sicherheitszubehor","9":"pa_activity-angeln","10":"pa_activity-camping-de","11":"pa_activity-fahrrad","12":"pa_activity-gelandewagen-4x4","13":"pa_activity-klettern","14":"pa_activity-paddelsport","15":"pa_activity-querfeldein","16":"pa_activity-schneemobil","17":"pa_activity-ski-snowboard","18":"pa_activity-wandern","19":"pa_product-sicherheitszubehor","21":"first","22":"instock","23":"taxable","24":"shipping-taxable","25":"purchasable","26":"product-type-simple"},"acf":[],"_links":{"self":[{"href":"https:\/\/www.acrartex.com\/de\/wp-json\/wp\/v2\/product\/159972","targetHints":{"allow":["GET"]}}],"collection":[{"href":"https:\/\/www.acrartex.com\/de\/wp-json\/wp\/v2\/product"}],"about":[{"href":"https:\/\/www.acrartex.com\/de\/wp-json\/wp\/v2\/types\/product"}],"wp:featuredmedia":[{"embeddable":true,"href":"https:\/\/www.acrartex.com\/de\/wp-json\/wp\/v2\/media\/27632"}],"wp:attachment":[{"href":"https:\/\/www.acrartex.com\/de\/wp-json\/wp\/v2\/media?parent=159972"}],"wp:term":[{"taxonomy":"product_brand","embeddable":true,"href":"https:\/\/www.acrartex.com\/de\/wp-json\/wp\/v2\/product_brand?post=159972"},{"taxonomy":"product_cat","embeddable":true,"href":"https:\/\/www.acrartex.com\/de\/wp-json\/wp\/v2\/product_cat?post=159972"},{"taxonomy":"product_tag","embeddable":true,"href":"https:\/\/www.acrartex.com\/de\/wp-json\/wp\/v2\/product_tag?post=159972"}],"curies":[{"name":"wp","href":"https:\/\/api.w.org\/{rel}","templated":true}]}}