{"id":159909,"date":"2022-08-11T08:04:39","date_gmt":"2022-08-11T13:04:39","guid":{"rendered":"https:\/\/www.acrartex.com\/products\/globalfix-v5-ais-epirb-mit-return-link-service-und-mobiler-app\/"},"modified":"2026-03-06T08:57:24","modified_gmt":"2026-03-06T13:57:24","slug":"globalfix-v5-ais-epirb-mit-return-link-service-und-mobiler-app","status":"publish","type":"product","link":"https:\/\/www.acrartex.com\/de\/products\/globalfix-v5-ais-epirb-mit-return-link-service-und-mobiler-app\/","title":{"rendered":"GlobalFix \u2122 V5 AIS EPIRB mit Return Link Service und mobiler App"},"content":{"rendered":"<p class=\"ai-optimize-introduction ai-optimize-33\">Wir stellen das fortschrittlichste EPIRB ( <a href=\"https:\/\/www.acrartex.com\/de\/news\/was-ist-ein-epirb-oder-ein-notfunkfeuer-zur-positionsanzeige\/\">Emergency Position Indicating Radio Beacon<\/a> ) auf dem Markt vor. Das neue ACR GlobalFix V5 EPIRB kombiniert 406 MHz-Satellitenkonnektivit\u00e4t mit AIS -Funktionalit\u00e4t ( Automatic Identification System ). Wenn das EPIRB aktiviert wird, \u00fcbertr\u00e4gt es nicht nur Ihr Notsignal an das globale Satellitenrettungssystem <a href=\"https:\/\/www.cospas-sarsat.int\/en\/\">Cospas Sarsat<\/a> , sondern sendet auch eine AIS Sicherheitsmeldung auf VHF-Frequenzen, die von jedem AIS ausger\u00fcsteten Schiff in der N\u00e4he sofort gesehen werden kann. Zu den weiteren gro\u00dfartigen Funktionen geh\u00f6ren die RLS Technologie ( Return Link Service ), die dem Benutzer eine visuelle Best\u00e4tigung des Empfangs seiner Notmeldung liefert, ein 121,5 MHz-Zielsuchsignal sowie sichtbare und infrarote Blitzlichter zur einfachen Zielidentifizierung bei Nacht oder schlechter Sicht. Eine weitere neue Funktion ist Near Field Communication ( NFC ), mit der Benutzer ihr EPIRB mithilfe einer Smartphone-App \u00fcberwachen k\u00f6nnen. ACR ist der weltweit f\u00fchrende Anbieter von Sicherheits- und Rettungstechnologie f\u00fcr den Seeverkehr und die neue GlobalFix V5 GPS EPIRB mit AIS kombiniert die bekannte Haltbarkeit und Zuverl\u00e4ssigkeit mit fortschrittlicher Technologie zur Beschleunigung der Reaktionszeit bei Rettungseins\u00e4tzen.     <\/p>\n<h3 class=\"ai-optimize-34\"><strong>Schnellere AIS EPIRB Rettungen durch die Kombination globaler und lokaler Rettung<\/strong><\/h3>\n<p class=\"ai-optimize-35\">Die ACR GlobalFix V5 EPIRB bestimmt ihre Position \u00fcberall auf der Welt mithilfe von GNSS-Positionierungsnetzwerken ( GPS , Galileo, Glonass). Nach der Aktivierung \u00fcbertragen 406 MHz-Notruf\u00fcbertragungen die auf 100 Meter genaue GPS EPIRB Position (GPIRB) an das weltweite Such- und Rettungssatellitennetzwerk Cospas Sarsat. EPIRB Kennungen und Positionsinformationen werden \u00fcber das Satellitensystem an Bodenstationen weitergeleitet, die Rettungsma\u00dfnahmen einleiten. Mit der jetzt in die EPIRB integrierten fortschrittlichen AIS Technologie wird nach der Aktivierung ein AIS Signal gesendet, sodass in der N\u00e4he befindliche Schiffe mit einem AIS Transponder sofort \u00fcber die Position des Bootes informiert werden. Mit AIS ausger\u00fcstete Schiffe innerhalb der VHF-Reichweite des Leuchtfeuers sehen auf ihren Bildschirmen eine Sicherheitsmeldung einschlie\u00dflich der MMSI-Schiffsidentifikation. Schiffe in dem Gebiet, in dem die EPIRB aktiviert wurde, k\u00f6nnen dann sofort mit Rettungs- und Bergungsma\u00dfnahmen beginnen, ohne auf eine Notfallreaktion der zust\u00e4ndigen SAR-Beh\u00f6rde warten zu m\u00fcssen. AIS erm\u00f6glicht es lokalen Einsatzkr\u00e4ften au\u00dferdem, den Standort der EPIRB einfach zu bestimmen, da dieser als AIS Ziel auf ihrem Borddisplay angezeigt wird. Schiffe in der N\u00e4he mit integriertem AIS k\u00f6nnen durch Auswahl des AIS Ziels direkt zur EPIRB navigieren.        Dieser unglaubliche technologische Fortschritt wird die Genesungszeiten verk\u00fcrzen und mit Sicherheit Leben retten.<\/p>\n<h3 class=\"ai-optimize-36\"><strong>Smartphone-Konnektivit\u00e4t mittels Near Field Communication ( NFC )<\/strong><\/h3>\n<p class=\"ai-optimize-37\"><a href=\"https:\/\/www.youtube.com\/watch?v=WqE0ag4yqG4\">Die NFC-Technologie (Near Field Communication)<\/a> erm\u00f6glicht es Nutzern, \u00fcber ihr Smartphone auf die EPIRB-Diagnose zuzugreifen. Sobald sich ein Smartphone in der N\u00e4he des GlobalFix V5 Notfunkbaken (EPIRB) befindet, \u00f6ffnet sich automatisch die ACR-Produkt-App und zeigt die Daten der Bake an. Die App liefert Statusinformationen wie den aktuellen Akkustand, die Anzahl der durchgef\u00fchrten Selbsttests, die Anzahl der GNSS-Tests und die Aktivierungsdauer der EPIRB.   Detaillierte Informationen zu jedem vom Ger\u00e4t durchgef\u00fchrten Selbsttest und GNSS-Test sind ebenfalls verf\u00fcgbar. GNSS-Tests zeigen eine Kartenansicht mit dem genauen Standort des vorherigen Tests, Datum und Uhrzeit des Tests, der Zeit, die die EPIRB f\u00fcr die Positionsbestimmung der GNSS-Koordinaten ben\u00f6tigte, der Anzahl der verwendeten Satelliten und der Genauigkeit der Positionsbestimmung. Dank der einfachen App-Verbindung mit NFC k\u00f6nnen Benutzer den Status aller EPIRB-Funktionen bequem \u00fcberpr\u00fcfen und so deren einwandfreie Funktion sicherstellen. <\/p>\n<p>&nbsp;<\/p>\n<h3 class=\"ai-optimize-38\"><strong>Return Link Service ( RLS )<\/strong><\/h3>\n<p class=\"ai-optimize-39\">Der R\u00fcckmeldedienst (Return Link Service, RLS) signalisiert dem Absender der EPIRB, dass der Notruf zugestellt wurde. Ein \u00fcber das Galileo-Satellitennetzwerk zur\u00fcckgesendetes RLS-Signal best\u00e4tigt den Empfang des Notrufs sowie der genauen Position und Kennung des Notsenders. Ein gut sichtbares, blinkendes blaues Licht zeigt den erfolgreichen Empfang der R\u00fcckmeldenachricht durch die EPIRB an.   Das beruhigende Gef\u00fchl, dass die Rettungskr\u00e4fte wissen, dass eine EPIRB aktiviert wurde und dass sie ihren Standort kennen, tr\u00e4gt dazu bei, den Stress im Zusammenhang mit Mayday-Situationen zu verringern.<\/p>\n<p class=\"ai-optimize-40\">ACR ist spezialisiert auf elektronische Rettungsger\u00e4te und andere lebensrettende Produkte f\u00fcr Berufs- und Freizeitseeleute. Dank AIS bietet die innovative neue ACR GlobalFix V5 EPIRB den einfachsten und schnellsten Weg zur Rettung. Der Return Link Service vermittelt ein sicheres Gef\u00fchl, da Sie wissen, dass Ihre Notmeldung empfangen wurde. Near Field Communication bietet Zugriff auf Daten und Produktfunktionen, die bisher keinem EPIRB Kunden zur Verf\u00fcgung standen. Dank der neuen und erweiterten Funktionen ist die GlobalFix V5 EPIRB ideal f\u00fcr Seefahrer, egal ob sie K\u00fcstenfahrten, Offshore-Arbeiten oder Ozean\u00fcberquerungen durchf\u00fchren.   <\/p>\n<p class=\"ai-optimize-41\">F\u00fcr ein pers\u00f6nliches EPIRB schauen Sie sich den neuen <a href=\"https:\/\/www.acrartex.com\/de\/products\/resqlink-ais-personal-locator-beacon\/\">ResQLink AIS Personal Locator Beacon<\/a> an.<\/p>\n","protected":false},"excerpt":{"rendered":"<p>Der neue ACR GlobalFix V5 AIS -Notfunksender mit Positionsanzeige ist eine innovative EPIRB mit einzigartigem Funktionsumfang. Der zus\u00e4tzliche AIS Alarm bietet den einfachsten und schnellsten Weg zur Rettung, w\u00e4hrend die integrierte Return Link Service ( RLS )-Funktion ein willkommenes Gef\u00fchl der Sicherheit vermittelt, indem sie den Empfang Ihrer Notrufmeldung direkt an den Sender best\u00e4tigt. Die Near Field Communication ( NFC ) erm\u00f6glicht Smartphone-Konnektivit\u00e4t sowie beispiellosen Datenzugriff und Produktinteraktion. Dieser erweiterte Funktionsumfang macht den GlobalFix V5 ideal f\u00fcr Seefahrer, egal ob sie K\u00fcstenfahrten, Offshore-Arbeiten oder Ozean\u00fcberquerungen unternehmen.   <\/p>\n<p>&nbsp;<\/p>\n<p><a href=\"https:\/\/www.dropbox.com\/s\/fk04stqsp2hgk5f\/Prop%2065%20-%20DEHP.pdf?dl=0\">WARNUNG: PROP 65<\/a><\/p>\n<p>&nbsp;<\/p>\n","protected":false},"featured_media":33693,"template":"","meta":{"_acf_changed":false,"om_disable_all_campaigns":false},"product_brand":[],"product_cat":[15789,6024,6023,6026,5636,6035,6025],"product_tag":[15369,5638,15846,9261,9252,5647,9247,9250,5666,9269,9254,9256,5642,13003,15639],"class_list":{"0":"post-159909","1":"product","2":"type-product","3":"status-publish","4":"has-post-thumbnail","6":"product_cat-epirb-de","7":"product_cat-in-kustennahe","8":"product_cat-inland-de","9":"product_cat-kommerziell","10":"product_cat-marine-de","11":"product_cat-seestreitkrafte","12":"product_cat-vor-der-kuste","13":"product_tag-ais-epirb-de","14":"product_tag-epirb-de","15":"product_tag-epirb-mit-ais","16":"product_tag-epirb-mit-gps","17":"product_tag-epirbs-de","18":"product_tag-globalfix-de","19":"product_tag-globalfix-v4-de","20":"product_tag-globalfix-epirb-de","21":"product_tag-gpirb-de","22":"product_tag-gpirbs-de","23":"product_tag-gps-epirb-de","24":"product_tag-notfunksignal-zur-positionsanzeige","25":"product_tag-notsignal","26":"product_tag-return-link-service-de","27":"product_tag-rls-epirb-de","28":"pa_activity-angeln","29":"pa_boat-size-0-20-de","30":"pa_boat-size-21-40-de","31":"pa_boat-size-40-80-de","32":"pa_boat-size-80-de","33":"pa_boat-type-charteryacht-de","34":"pa_boat-type-frachtschiff","35":"pa_boat-type-kommerzielle-fischerei","36":"pa_boat-type-motorboot","37":"pa_boat-type-schlepper","38":"pa_boat-type-segelboot","39":"pa_boat-type-sportcraft-de","40":"pa_boat-type-yacht-de","42":"first","43":"instock","44":"taxable","45":"shipping-taxable","46":"purchasable","47":"product-type-variable","48":"has-default-attributes"},"acf":[],"_links":{"self":[{"href":"https:\/\/www.acrartex.com\/de\/wp-json\/wp\/v2\/product\/159909","targetHints":{"allow":["GET"]}}],"collection":[{"href":"https:\/\/www.acrartex.com\/de\/wp-json\/wp\/v2\/product"}],"about":[{"href":"https:\/\/www.acrartex.com\/de\/wp-json\/wp\/v2\/types\/product"}],"wp:featuredmedia":[{"embeddable":true,"href":"https:\/\/www.acrartex.com\/de\/wp-json\/wp\/v2\/media\/33693"}],"wp:attachment":[{"href":"https:\/\/www.acrartex.com\/de\/wp-json\/wp\/v2\/media?parent=159909"}],"wp:term":[{"taxonomy":"product_brand","embeddable":true,"href":"https:\/\/www.acrartex.com\/de\/wp-json\/wp\/v2\/product_brand?post=159909"},{"taxonomy":"product_cat","embeddable":true,"href":"https:\/\/www.acrartex.com\/de\/wp-json\/wp\/v2\/product_cat?post=159909"},{"taxonomy":"product_tag","embeddable":true,"href":"https:\/\/www.acrartex.com\/de\/wp-json\/wp\/v2\/product_tag?post=159909"}],"curies":[{"name":"wp","href":"https:\/\/api.w.org\/{rel}","templated":true}]}}