{"id":159799,"date":"2022-11-14T18:20:23","date_gmt":"2022-11-14T23:20:23","guid":{"rendered":"https:\/\/www.acrartex.com\/products\/resqlink-ais-personal-locator-beacon\/"},"modified":"2026-03-06T10:43:22","modified_gmt":"2026-03-06T15:43:22","slug":"resqlink-ais-personal-locator-beacon","status":"publish","type":"product","link":"https:\/\/www.acrartex.com\/de\/products\/resqlink-ais-personal-locator-beacon\/","title":{"rendered":"ResQLink AIS Personal Locator Beacon"},"content":{"rendered":"<p class=\"ai-optimize-40 ai-optimize-introduction\"><b> <\/b>ACR ein weltweit f\u00fchrender Hersteller von Rettungsger\u00e4ten und anderen lebensrettenden Produkten, auf die sich Berufs- und Freizeitseeleute verlassen, ist stolz, den neuen preisgekr\u00f6nten ResQLink AIS Personal Locator Beacon ( PLB ) anbieten zu k\u00f6nnen. Dieser kompakte Hightech-Notfallsender ist der weltweit erste PLB , der neben der Standard-Satellitenbenachrichtigung \u00fcber das Rettungssystem <a href=\"https:\/\/www.cospas-sarsat.int\/en\/\">Cospas Sarsat<\/a> sowohl AIS ( Automatic Identification System ) als auch NFC ( Near Field Communication ) unterst\u00fctzt. AIS bedeutet sofortige lokale Benachrichtigung f\u00fcr schnellere Rettungszeiten. NFC stellt sicher, dass der Sender bei Bedarf richtig funktioniert, und bietet einfachen Zugriff auf alle Funktionen und Aufzeichnungen per Smartphone. Genaue Positionierung durch GNSS ( GPS , Galileo, Glonass) und 406 MHz-Satellitenkonnektivit\u00e4t bedeutet zuverl\u00e4ssigen Service weltweit. 121,5 MHz-Homing-\u00dcbertragungen kombiniert mit AIS Man Overboard ( AIS MOB ) und sowohl sichtbarem als auch infrarotem Blitzlicht helfen bei der Ortung des Senders und verk\u00fcrzen die Bergungszeiten. Das innovative neue ACR ResQLink AIS ist das ERSTE, das alle diese Funktionen in einem kompakten, benutzerfreundlichen PLB Beacon vereint und ist damit die ERSTE Wahl f\u00fcr ernsthafte Seefahrer, die nach dem besten Personal Locator Beacon f\u00fcr Bootsfahrer suchen.      <\/p>\n<p>&nbsp;<\/p>\n<h2 class=\"ai-optimize-41\"><strong>Koppeln von globaler und lokaler Rettung mit einem pers\u00f6nlichen AIS Personal Locator Beacon<\/strong><\/h2>\n<p class=\"ai-optimize-42\">Das weltweite Cospas Sarsat-Satellitensystem umfasst drei verschiedene Konstellationen, um sicherzustellen, dass Ihr 406-MHz-Notsignal das globale Netzwerk der Such- und Rettungskr\u00e4fte sofort erreicht und Ihren Standort auf 100 Meter genau ermittelt. Mit mehreren Ebenen integrierter Signaltechnologie, einschlie\u00dflich 406 MHz und GNSS-Positionierung ( GPS , Galileo, Glonass), sendet das PLB auch ein 121,5-MHz-Zielsignal, das Such- und Rettungsdienste zum aktuellen Standort des Leuchtfeuers f\u00fchrt, wenn sie vor Ort eintreffen, da das Leuchtfeuer m\u00f6glicherweise von der urspr\u00fcnglich gesendeten Position abgedriftet ist. Durch die zus\u00e4tzlichen \u00dcbertragungen des AIS Mann-\u00fcber-Bord-Leuchtfeuers alarmiert das ResQLink AIS gleichzeitig alle mit AIS Transpondern ausgestatteten Schiffe innerhalb der UKW-Funkreichweite der Notposition des PLB . Dies erh\u00f6ht sowohl die Wahrscheinlichkeit als auch die Geschwindigkeit einer Rettung erheblich, da Schiffe in der N\u00e4he die AIS MOB -Warnungen empfangen. Unmittelbar nach dem Aussetzen des Leuchtfeuers wird auf jedem AIS Bildschirm in Reichweite eine AIS Sicherheitsmeldung oder AIS MOB Alarm mit der MMSI und dem Standort des Leuchtfeuers angezeigt. Dadurch k\u00f6nnen Schiffe in der N\u00e4he das Leuchtfeuer leichter ansteuern, da es auf ihren Bildschirmen als aktives AIS Ziel angezeigt wird.     <\/p>\n<p class=\"ai-optimize-43\">Das ResQLink AIS leuchtet den Weg aus, wenn die Rettungskr\u00e4fte am Einsatzort eintreffen, und zwar mit einem wei\u00dfen sichtbaren Blitzlicht sowie einem Infrarot-Blitzlicht, das den Rettungskr\u00e4ften die visuelle Orientierung bietet, die sie bei Rettungseins\u00e4tzen in der Nacht oder bei anderen Situationen mit schlechter Sicht ben\u00f6tigen.<\/p>\n<h2 class=\"ai-optimize-44\"><strong>Smartphone-Konnektivit\u00e4t mittels Near Field Communication ( NFC )<\/strong><\/h2>\n<p class=\"ai-optimize-45\">Die <a href=\"https:\/\/www.youtube.com\/watch?v=WqE0ag4yqG4\">Integration der NFC Technologie<\/a> erm\u00f6glicht Nutzern den bequemen Zugriff auf Beacon-Daten von ihrem Mobiltelefon aus. Durch einfaches Halten des Smartphones in die N\u00e4he des Beacons \u00f6ffnet sich automatisch die ACR Produkt-App und bietet Zugriff auf zahlreiche Nutzungsdaten, darunter die aktuelle Akkulaufzeit, die Anzahl der durchgef\u00fchrten Selbsttests, die Anzahl der durchgef\u00fchrten GNSS-Tests und gegebenenfalls die Dauer der Aktivierung des Beacons. Detaillierte Informationen zu jedem vom Beacon durchgef\u00fchrten Selbsttest und GNSS-Test sind auf Wunsch ebenfalls verf\u00fcgbar. F\u00fcr jeden erfolgreichen GNSS-Test wird eine Karte angezeigt, die den genauen Ort, Datum und Uhrzeit des Tests, die ben\u00f6tigte Zeit f\u00fcr die Ortung der GNSS-Koordinaten, die Anzahl der vom Beacon verwendeten Satelliten und die Genauigkeit der Standortbestimmung zeigt.   <\/p>\n<h2 class=\"ai-optimize-46\"><strong>Return Link Service ( RLS )<\/strong><\/h2>\n<p class=\"ai-optimize-47\">RLS Funktion sendet ein Signal \u00fcber das Galileo-Satellitennetzwerk zur\u00fcck, um dem Benutzer des Beacons zu best\u00e4tigen, dass seine Notmeldung empfangen und sein Standort von der K\u00fcstenwache erkannt wurde. Eine Best\u00e4tigungsmeldung wird durch ein blinkendes blaues Licht auf dem PLB deutlich angezeigt. Wie andere ACR Beacons mit der wichtigen RLS Funktion bietet auch das ResQLink AIS die Gewissheit, dass eine Notmeldung erfolgreich \u00fcbermittelt wurde.   Wenn die Rettungskr\u00e4fte \u00fcber die \u00dcbertragung und den Standort des Signals informiert sind, verringert sich der Stress, der h\u00e4ufig mit Mann-\u00fcber-Bord-Vorf\u00e4llen einhergeht.<\/p>\n<h2 class=\"ai-optimize-48\"><strong>PFD-Kompatibilit\u00e4t und -Integration<\/strong><\/h2>\n<p class=\"ai-optimize-49\">Das ResQLink AIS ist f\u00fcr den Einbau in eine Rettungsweste konzipiert und wird beim Aufblasen der Weste (halbautomatisch) aktiviert. Die Installation ist einfach: Der mitgelieferte Schlauchclip erm\u00f6glicht die Befestigung des PLB an der Rettungsweste mit einem Band, das um die Blase der Weste gelegt wird. Nach korrekter Installation l\u00f6st das Aufblasen der Weste die Ausl\u00f6sung der Antenne und die Aktivierung des Signals aus.  <\/p>\n<p class=\"ai-optimize-37\"><strong>Es wird empfohlen, vor der Installation den Hersteller der Rettungsweste zu konsultieren, da f\u00fcr bestimmte Modelle m\u00f6glicherweise eine eigene bevorzugte Befestigungsmethode oder Integrationsempfehlungen gelten.<\/strong><\/p>\n<p><iframe loading=\"lazy\" title=\"ResQLink AIS: Life Jacket Installation | ACR ARTEX\" width=\"500\" height=\"281\" src=\"https:\/\/www.youtube.com\/embed\/Y7BpQoea-mQ?start=5&#038;feature=oembed\" frameborder=\"0\" allow=\"accelerometer; autoplay; clipboard-write; encrypted-media; gyroscope; picture-in-picture; web-share\" referrerpolicy=\"strict-origin-when-cross-origin\" allowfullscreen><\/iframe><\/p>\n<p class=\"ai-optimize-50\">Benutzer, die das PLB nicht in einer Schwimmweste installieren m\u00f6chten, haben die M\u00f6glichkeit, den mitgelieferten Gurtclip zu verwenden, um das Leuchtfeuer an einem G\u00fcrtel entsprechender Gr\u00f6\u00dfe oder am Gurtband einer Schwimmweste mit Eigenschwimmf\u00e4higkeit zu befestigen.<\/p>\n<p class=\"ai-optimize-51\">Die komplette Kombination aus einem 406 MHz Personal Locator Beacon und einem AIS Man Overboard Beacon macht den neuen ResQLink AIS zum besten Personal Locator Beacon , mit dem Bootsfahrer schnell gerettet werden k\u00f6nnen.<\/p>\n","protected":false},"excerpt":{"rendered":"<p>Der brandneue ACR ResQLink AIS Personal Locator Beacon ( PLB ) ist der technologisch fortschrittlichste Beacon der Welt, da er sowohl Satelliten- als auch lokale Transponder enth\u00e4lt. Mit der Einf\u00fchrung der Automatic Identification System ( AIS ), Return Link Service ( RLS )-Technologie und der Near Field Communication ( NFC )-F\u00e4higkeit in einem 406-MHz-Beacon stellt der ResQLink AIS einen entscheidenden Fortschritt in der Entwicklung der PLB -Technologie dar. <\/p>\n<p>Die Kombination aus 406 MHz und AIS -Notrufen wurde speziell f\u00fcr den maritimen Einsatz entwickelt und vereint erstmals globale und lokale Rettungsdienste in einem einzigen Sender. Dadurch wird der Zugang f\u00fcr die K\u00fcstenwache, Such- und Rettungsdienste sowie f\u00fcr kommerzielle und Freizeitboote in der Region erweitert. Durch die Alarmierung lokaler AIS ausgestatteter Boote in Ihrer N\u00e4he k\u00f6nnen weitere Schiffe direkt auf den digitalen Notruf mit Ihrem genauen Standort reagieren. <\/p>\n<p>Dar\u00fcber hinaus bietet <a href=\"https:\/\/www.youtube.com\/watch?v=WqE0ag4yqG4\">die NFC-Funktion<\/a> den Nutzern den weltweit ersten mit einem Smartphone verbundenen pers\u00f6nlichen Locator Beacon. Die neue Return Link Service-Funktion gibt den Nutzern die Gewissheit, dass ihre Notmeldung empfangen und ihr Standort von der K\u00fcstenwache ermittelt wurde.<\/p>\n<p>&nbsp;<\/p>\n<p><a href=\"https:\/\/www.dropbox.com\/s\/8343nj28z0d7bxa\/Prop%2065%20-%20BPA.pdf?dl=0\" data-cke-saved-href=\"https:\/\/www.dropbox.com\/s\/8343nj28z0d7bxa\/Prop%2065%20-%20BPA.pdf?dl=0\">WARNUNG: PROP 65<\/a><\/p>\n","protected":false},"featured_media":31791,"template":"","meta":{"_acf_changed":false,"om_disable_all_campaigns":false},"product_brand":[],"product_cat":[6024,6023,6026,5636,12618,6035,6025],"product_tag":[11427,9608,15799,15641,5694,5690],"class_list":{"0":"post-159799","1":"product","2":"type-product","3":"status-publish","4":"has-post-thumbnail","6":"product_cat-in-kustennahe","7":"product_cat-inland-de","8":"product_cat-kommerziell","9":"product_cat-marine-de","10":"product_cat-personal-locator-beacon-de","11":"product_cat-seestreitkrafte","12":"product_cat-vor-der-kuste","13":"product_tag-acr-ortungsgerat","14":"product_tag-ais-de","15":"product_tag-ais-plb-de","16":"product_tag-personlicher-ais-personal-locator-beacon","17":"product_tag-personliches-ortungssignal","18":"product_tag-plb-de","19":"pa_activity-angeln","20":"pa_boat-size-0-20-de","21":"pa_boat-size-21-40-de","22":"pa_boat-size-40-80-de","23":"pa_boat-size-80-de","24":"pa_boat-type-charteryacht-de","25":"pa_boat-type-frachtschiff","26":"pa_boat-type-kommerzielle-fischerei","27":"pa_boat-type-motorboot","28":"pa_boat-type-schlepper","29":"pa_boat-type-segelboot","30":"pa_boat-type-sportcraft-de","31":"pa_boat-type-yacht-de","32":"pa_product-rescue-beacons-de","34":"first","35":"instock","36":"taxable","37":"shipping-taxable","38":"purchasable","39":"product-type-variable"},"acf":[],"_links":{"self":[{"href":"https:\/\/www.acrartex.com\/de\/wp-json\/wp\/v2\/product\/159799","targetHints":{"allow":["GET"]}}],"collection":[{"href":"https:\/\/www.acrartex.com\/de\/wp-json\/wp\/v2\/product"}],"about":[{"href":"https:\/\/www.acrartex.com\/de\/wp-json\/wp\/v2\/types\/product"}],"wp:featuredmedia":[{"embeddable":true,"href":"https:\/\/www.acrartex.com\/de\/wp-json\/wp\/v2\/media\/31791"}],"wp:attachment":[{"href":"https:\/\/www.acrartex.com\/de\/wp-json\/wp\/v2\/media?parent=159799"}],"wp:term":[{"taxonomy":"product_brand","embeddable":true,"href":"https:\/\/www.acrartex.com\/de\/wp-json\/wp\/v2\/product_brand?post=159799"},{"taxonomy":"product_cat","embeddable":true,"href":"https:\/\/www.acrartex.com\/de\/wp-json\/wp\/v2\/product_cat?post=159799"},{"taxonomy":"product_tag","embeddable":true,"href":"https:\/\/www.acrartex.com\/de\/wp-json\/wp\/v2\/product_tag?post=159799"}],"curies":[{"name":"wp","href":"https:\/\/api.w.org\/{rel}","templated":true}]}}