{"id":159785,"date":"2022-11-14T17:30:44","date_gmt":"2022-11-14T22:30:44","guid":{"rendered":"https:\/\/www.acrartex.com\/products\/acr-globalfix-v6-epirb-mit-return-link-service-und-mobiler-app\/"},"modified":"2026-03-11T03:42:14","modified_gmt":"2026-03-11T08:42:14","slug":"acr-globalfix-v6-epirb-mit-return-link-service-und-mobiler-app","status":"publish","type":"product","link":"https:\/\/www.acrartex.com\/de\/products\/acr-globalfix-v6-epirb-mit-return-link-service-und-mobiler-app\/","title":{"rendered":"ACR GlobalFix V6 EPIRB mit Return Link Service und mobiler App"},"content":{"rendered":"<p><iframe loading=\"lazy\" title=\"GlobalFix V6 RLS EPIRB with Mobile App | ACR ARTEX\" width=\"500\" height=\"281\" src=\"https:\/\/www.youtube.com\/embed\/hm4YxhdzD5w?feature=oembed\" frameborder=\"0\" allow=\"accelerometer; autoplay; clipboard-write; encrypted-media; gyroscope; picture-in-picture; web-share\" referrerpolicy=\"strict-origin-when-cross-origin\" allowfullscreen><\/iframe><\/p>\n<p>ACR , der weltweit f\u00fchrende Hersteller elektronischer Sicherheitsger\u00e4te f\u00fcr die Schifffahrt, stellt ein neues Hightech- EPIRB (Emergency Positioning Radio Beacon) vor. Das neue ACR GlobalFix V6 EPIRB verwendet 406 MHz-Satellitenkonnektivit\u00e4t, um Notsignale an das globale Satellitenrettungssystem Cospas Sarsat zu senden. Return Link Service ( RLS )-Technologie bietet dem Benutzer eine visuelle Best\u00e4tigung, dass seine Notmeldung empfangen wurde. Ein 121,5 MHz-Zielsignal hilft den Rettern, das aktivierte Signal vor Ort zu finden. Sichtbare und infrarote Blitzlichter unterst\u00fctzen die Zielidentifizierung bei Nacht oder eingeschr\u00e4nkter Sicht und beschleunigen so Rettung und Bergung. Eine neue Funktion namens Near Field Communication ( NFC ) erm\u00f6glicht es Benutzern, die Funktionen ihres EPIRB mit einer Smartphone-App zu \u00fcberwachen. ACR hat sich der Sicherheit auf See verschrieben und das neue GlobalFix V6 EPIRB bietet hochentwickelte Rettungstechnologie in einem langlebigen und zuverl\u00e4ssigen Ger\u00e4t, das weltweit funktioniert.      <\/p>\n<p>&nbsp;<\/p>\n<h3><strong>Zuverl\u00e4ssiger, weltweiter digitaler Mayday-Dienst zeigt Rettungskr\u00e4ften, wo sie suchen m\u00fcssen.<\/strong><\/h3>\n<p>Die ACR GlobalFix V6 EPIRB bestimmt ihre Position weltweit pr\u00e4zise \u00fcber die GNSS-Positionierungsnetzwerke ( GPS , Galileo, Glonass). Beim Ausl\u00f6sen des Ger\u00e4ts wird ein digitales Mayday-Signal mithilfe einer 406-MHz-Notmeldung gesendet, die die auf 100 Meter genaue Position der GPS EPIRB (GPIRB) an das weltweite Such- und Rettungssatellitennetzwerk Cospas Sarsat weiterleitet. Positionsinformationen und Schiffsidentifikation werden dann von den Satelliten an die Bodenstationen weitergeleitet, was letztendlich dabei hilft, \u00fcber den Umfang der einzuleitenden Rettungsaktion zu entscheiden. Sobald die EPIRB aktiviert ist, wird zus\u00e4tzlich zum Satellitensignal mit h\u00f6herer Frequenz ein 121,5-MHz-Signal gesendet. Dieses 121,5-MHz-Zielsuchsignal hilft den Rettungskr\u00e4ften, das Ger\u00e4t zu finden, wenn sie am Rettungsort eintreffen, was besonders wichtig ist, falls die Bake von ihrer urspr\u00fcnglichen Position abdriftet. Die GlobalFix V6 EPIRB sendet au\u00dferdem sowohl ein visuelles als auch ein Infrarot-Blitzlicht aus, um den Rettern dabei zu helfen, die Bake genauer zu lokalisieren und die Rettungsma\u00dfnahmen zu beschleunigen.     <\/p>\n<h3><strong>Near Field Communication ( NFC ) stellt sicher, dass die EPIRB ordnungsgem\u00e4\u00df funktioniert  <\/strong><\/h3>\n<p>Mithilfe <a href=\"https:\/\/www.youtube.com\/watch?v=WqE0ag4yqG4\">der kostenlosen Smartphone-App von ACR und NFC Technologie ( Near Field Communication )<\/a> k\u00f6nnen Benutzer einfach auf EPIRB Diagnose zugreifen. Wenn Sie ein Smartphone neben die GlobalFix V6 EPIRB halten, wird die ACR -Produkt-App ge\u00f6ffnet, die EPIRB -Daten anzeigt. Die App zeigt die aktuelle Akkulaufzeit des Beacons, die Anzahl der abgeschlossenen GNSS- und Selbsttests und die Zeit, die die EPIRB aktiviert war. Benutzer k\u00f6nnen ausf\u00fchrliche Informationen zu jedem vom Ger\u00e4t durchgef\u00fchrten Selbsttest und GNSS-Test sehen. GNSS-Tests umfassen eine Kartenansicht, die zeigt, wo vorherige Tests durchgef\u00fchrt wurden, das Datum und die Uhrzeit der Tests, wie lange die EPIRB brauchte, um die GNSS-Koordinaten zu fixieren, die Anzahl der f\u00fcr diese Fixierung verwendeten Satelliten und die Genauigkeit der Fixierung. Mithilfe von NFC k\u00f6nnen Benutzer regelm\u00e4\u00dfig den Status aller EPIRB -Funktionen \u00fcberpr\u00fcfen, um sicherzustellen, dass sie ordnungsgem\u00e4\u00df funktionieren und im Notfall einsatzbereit sind.     <\/p>\n<p>&nbsp;<\/p>\n<h3><strong>Return Link Service ( RLS )<\/strong><\/h3>\n<p>Return Link Service zeigt dem Benutzer an, dass eine Rettungsmeldung der EPIRB empfangen wurde. Das RLS Signal wird \u00fcber das Galileo-Satellitennetzwerk zur\u00fcckgesendet und best\u00e4tigt, dass der digitale Notruf mit genauer Position und Kennung \u00fcbermittelt wurde. Ein gut sichtbares blaues Blinklicht zeigt den erfolgreichen Empfang der Return Link-Meldung durch die EPIRB \u00fcber das Galileo-Satellitennetzwerk an. Personen in Not, die das Signal ausgel\u00f6st und die RLS Best\u00e4tigung erhalten haben, wissen, dass die Rettungskr\u00e4fte \u00fcber die Aktivierung und Position EPIRB informiert werden und Rettungsma\u00dfnahmen eingeleitet werden.   <\/p>\n<p>&nbsp;<\/p>\n<p>ACR ist ein weltweit anerkannter Marktf\u00fchrer f\u00fcr elektronische Rettungsger\u00e4te und andere lebensrettende Produkte f\u00fcr die Schifffahrt. Das Unternehmen fertigt hochwertige Rettungsger\u00e4te wie die neue ACR GlobalFix V6 EPIRB , die f\u00fcr alle Schiffstypen und -gr\u00f6\u00dfen im Freizeit- und kommerziellen Bereich geeignet ist. Langlebige Lithiumbatterien, globale 406-MHz-Satelliten\u00fcbertragung, ein 121,5-MHz-Zielsuchsignal, optische und infrarote Blitzlichter sowie Return Link Service , der den Empfang des Rettungssignals signalisiert, sind in einem robusten, wasserdichten Leuchtfeuer vereint. Near Field Communication und der kostenlosen ACR App k\u00f6nnen Nutzer den Status EPIRB f\u00fcr zus\u00e4tzliche Zuverl\u00e4ssigkeit \u00fcberpr\u00fcfen. Seefahrer, die K\u00fcstenfahrten unternehmen, auf hoher See arbeiten oder Ozeane \u00fcberqueren, werden die erweiterten Funktionen der GlobalFix V6 EPIRB zu sch\u00e4tzen wissen.    <\/p>\n","protected":false},"excerpt":{"rendered":"<p>Die neue ACR GlobalFix V6 EPIRB ist ein vielseitiger Notfunksender mit Positionsanzeige, der sowohl auf Freizeit- als auch auf kommerziellen Schiffen eingesetzt werden kann. Hochtechnologische Funktionen wie Return Link Service ( RLS ) geben dem Benutzer Sicherheit, indem sie best\u00e4tigen, dass der Sender die Notmeldung erfolgreich gesendet und empfangen hat. Dank der neuen Near Field Communication ( NFC ) von ACR kann der Sender mit einem Smartphone verbunden werden, um eine schnelle Diagnose zu erm\u00f6glichen und so den Ladezustand der Batterie und die ordnungsgem\u00e4\u00dfe Funktion der EPIRB zu pr\u00fcfen. Die GlobalFix V6 ist die ideale Sicherheitsl\u00f6sung f\u00fcr alle Schiffstypen und Aktivit\u00e4ten, darunter K\u00fcstenfahrten, Offshore-Passagen sowie Arbeiten und Angeln auf allen Meeren.   <\/p>\n<p>&nbsp;<\/p>\n<p><a href=\"https:\/\/www.dropbox.com\/s\/fk04stqsp2hgk5f\/Prop%2065%20-%20DEHP.pdf?dl=0\">WARNUNG: PROP 65<\/a><\/p>\n","protected":false},"featured_media":165562,"template":"","meta":{"_acf_changed":false,"om_disable_all_campaigns":false},"product_brand":[],"product_cat":[15789,6024,6023,6026,5636,6035,6025],"product_tag":[15790,9374,15794,7029,5638,15798,15793,15795,9252,15791,5666,15640,9254,9256,15792],"class_list":{"0":"post-159785","1":"product","2":"type-product","3":"status-publish","4":"has-post-thumbnail","6":"product_cat-epirb-de","7":"product_cat-in-kustennahe","8":"product_cat-inland-de","9":"product_cat-kommerziell","10":"product_cat-marine-de","11":"product_cat-seestreitkrafte","12":"product_cat-vor-der-kuste","13":"product_tag-acr-epirb-de","14":"product_tag-acr-globalfix-de","15":"product_tag-bootssignal","16":"product_tag-cospas-sarsat-de","17":"product_tag-epirb-de","18":"product_tag-epirb-app-de","19":"product_tag-epirb-leuchtfeuer","20":"product_tag-epirb-mit-mobiler-app","21":"product_tag-epirbs-de","22":"product_tag-globalfix-v6-de","23":"product_tag-gpirb-de","24":"product_tag-gps-notsignal","25":"product_tag-gps-epirb-de","26":"product_tag-notfunksignal-zur-positionsanzeige","27":"product_tag-v6-de","28":"pa_activity-angeln","29":"pa_boat-size-0-20-de","30":"pa_boat-size-21-40-de","31":"pa_boat-size-40-80-de","32":"pa_boat-type-charteryacht-de","33":"pa_boat-type-kommerzielle-fischerei","34":"pa_boat-type-motorboot","35":"pa_boat-type-segelboot","36":"pa_boat-type-sportcraft-de","38":"first","39":"instock","40":"taxable","41":"shipping-taxable","42":"purchasable","43":"product-type-variable","44":"has-default-attributes"},"acf":[],"_links":{"self":[{"href":"https:\/\/www.acrartex.com\/de\/wp-json\/wp\/v2\/product\/159785","targetHints":{"allow":["GET"]}}],"collection":[{"href":"https:\/\/www.acrartex.com\/de\/wp-json\/wp\/v2\/product"}],"about":[{"href":"https:\/\/www.acrartex.com\/de\/wp-json\/wp\/v2\/types\/product"}],"wp:featuredmedia":[{"embeddable":true,"href":"https:\/\/www.acrartex.com\/de\/wp-json\/wp\/v2\/media\/165562"}],"wp:attachment":[{"href":"https:\/\/www.acrartex.com\/de\/wp-json\/wp\/v2\/media?parent=159785"}],"wp:term":[{"taxonomy":"product_brand","embeddable":true,"href":"https:\/\/www.acrartex.com\/de\/wp-json\/wp\/v2\/product_brand?post=159785"},{"taxonomy":"product_cat","embeddable":true,"href":"https:\/\/www.acrartex.com\/de\/wp-json\/wp\/v2\/product_cat?post=159785"},{"taxonomy":"product_tag","embeddable":true,"href":"https:\/\/www.acrartex.com\/de\/wp-json\/wp\/v2\/product_tag?post=159785"}],"curies":[{"name":"wp","href":"https:\/\/api.w.org\/{rel}","templated":true}]}}