{"id":159733,"date":"2023-01-10T13:30:30","date_gmt":"2023-01-10T18:30:30","guid":{"rendered":"https:\/\/www.acrartex.com\/products\/exklusives-angebot-von-boatus-januar-2023\/"},"modified":"2023-01-10T13:30:30","modified_gmt":"2023-01-10T18:30:30","slug":"exklusives-angebot-von-boatus-januar-2023","status":"publish","type":"product","link":"https:\/\/www.acrartex.com\/de\/products\/exklusives-angebot-von-boatus-januar-2023\/","title":{"rendered":"Exklusives Angebot von BoatUS \u2013 Januar 2023"},"content":{"rendered":"<p>Zeitlich begrenztes Angebot<\/p>\n","protected":false},"excerpt":{"rendered":"<p>Wir freuen uns, BoatUS-Mitgliedern beim Kauf eines ResQLink View Survival Kits und des Zubeh\u00f6r-Kits mit Tasche und Karabinerhaken mit Klettverschluss ein hervorragendes Angebot zu bieten. <strong>Legen Sie diese beiden Artikel unten in Ihren Warenkorb, sehen Sie sich Ihren Warenkorb an, geben Sie den Gutscheincode BUSKit2023 ein<\/strong> <strong>und klicken Sie auf \u201eGutschein anwenden\u201c,<\/strong> um Ihr ResQLink View PLB ( <a href=\"https:\/\/www.acrartex.com\/products\/resqlink-view\">Mehr erfahren<\/a> ) zu erhalten und zus\u00e4tzlich folgende Artikel kostenlos dazuzubekommen:<\/p>\n<ul>\n<li>C-Strobe\u2122 H2O Rettungsleuchte \u2013 <a href=\"https:\/\/www.acrartex.com\/products\/c-strobe-h20\">Mehr erfahren<\/a><\/li>\n<li>Res-Q\u2122 Pfeife \u2013 <a href=\"https:\/\/www.acrartex.com\/products\/ww-3-res-q-whistle\">Mehr erfahren<\/a><\/li>\n<li>Tasche und Karabiner mit Klettverschluss \u2013 <a href=\"https:\/\/www.acrartex.com\/products\/pouch-and-carabiner-with-velcro-strap\/\">Mehr erfahren<\/a><\/li>\n<li>RapidDitch Drybag<\/li>\n<li>Signalspiegel<\/li>\n<\/ul>\n<p><strong>Hinweis: Der alleinige Kauf ResQLink View PLB kostet 399,95 $, aber BoatUS-Mitglieder, die den Gutscheincode BUSKit2023 verwenden, erhalten alle oben genannten Artikel f\u00fcr 399,95 $, wenn sie mindestens ein ResQLink View Survival Kit und ein Zubeh\u00f6rset mit Tasche und Karabiner mit Klettverschluss kaufen.<\/strong><\/p>\n<p>Wohin Ihr Abenteuer Sie auch f\u00fchrt, ob zu den h\u00f6chsten Berggipfeln, in unerforschtes Gel\u00e4nde oder zu den weitesten Ozeanen \u2013 mit Ihrem ResQLink View Survival Kit sind Sie auf der sicheren Seite. Aktivieren Sie das ResQLink View einfach durch Ausfahren der Antenne und Dr\u00fccken der Einschalttaste. Der Sender erledigt den Rest f\u00fcr Sie und f\u00fchrt Rettungskr\u00e4fte m\u00fchelos bis auf 100 Meter an Ihre Position heran. Gleichzeitig werden der Status des Senders und GPS Koordinaten auf dem integrierten Digitaldisplay angezeigt. <\/p>\n<p>Wenn die Suche und Rettung vor Ort eintrifft, erregt das helle LED-Blitzlicht C-Strobe H2O nachts die Aufmerksamkeit der Rettungskr\u00e4fte. Tags\u00fcber k\u00f6nnen Sie mit dem Signalspiegel ihre Aufmerksamkeit erregen. Verstauen Sie Ihre gesamte Notfallausr\u00fcstung im RapidDitch Dry Bag, um Ihr Survival-Kit griffbereit zu haben. <\/p>\n<p>Zus\u00e4tzlich bietet das ACR Zubeh\u00f6rset mit Tasche und Karabiner mit Klettverschluss zahlreiche Tragem\u00f6glichkeiten f\u00fcr Ihren ResQLink View PLB . Dieses Set ist f\u00fcr verschiedene Einsatzzwecke geeignet und eine wichtige Erg\u00e4nzung Ihrer Sicherheitsausr\u00fcstung. Es sorgt daf\u00fcr, dass Sie Ihren ResQLink View sicher bei sich tragen k\u00f6nnen, damit Sie ihn immer zur Hand haben, wenn Sie ihn am meisten brauchen. <\/p>\n<p>&nbsp;<\/p>\n<p><a href=\"https:\/\/www.dropbox.com\/s\/fk04stqsp2hgk5f\/Prop%2065%20-%20DEHP.pdf?dl=0\">WARNUNG: PROP 65<\/a><\/p>\n<p>&nbsp;<\/p>\n","protected":false},"featured_media":159735,"template":"","meta":{"_acf_changed":false,"om_disable_all_campaigns":false},"product_brand":[],"product_cat":[2923],"product_tag":[],"class_list":{"0":"post-159733","1":"product","2":"type-product","3":"status-publish","4":"has-post-thumbnail","6":"product_cat-nicht-kategorisiert","8":"first","9":"instock","10":"taxable","11":"shipping-taxable","12":"product-type-grouped"},"acf":[],"_links":{"self":[{"href":"https:\/\/www.acrartex.com\/de\/wp-json\/wp\/v2\/product\/159733","targetHints":{"allow":["GET"]}}],"collection":[{"href":"https:\/\/www.acrartex.com\/de\/wp-json\/wp\/v2\/product"}],"about":[{"href":"https:\/\/www.acrartex.com\/de\/wp-json\/wp\/v2\/types\/product"}],"wp:featuredmedia":[{"embeddable":true,"href":"https:\/\/www.acrartex.com\/de\/wp-json\/wp\/v2\/media\/159735"}],"wp:attachment":[{"href":"https:\/\/www.acrartex.com\/de\/wp-json\/wp\/v2\/media?parent=159733"}],"wp:term":[{"taxonomy":"product_brand","embeddable":true,"href":"https:\/\/www.acrartex.com\/de\/wp-json\/wp\/v2\/product_brand?post=159733"},{"taxonomy":"product_cat","embeddable":true,"href":"https:\/\/www.acrartex.com\/de\/wp-json\/wp\/v2\/product_cat?post=159733"},{"taxonomy":"product_tag","embeddable":true,"href":"https:\/\/www.acrartex.com\/de\/wp-json\/wp\/v2\/product_tag?post=159733"}],"curies":[{"name":"wp","href":"https:\/\/api.w.org\/{rel}","templated":true}]}}