{"id":159694,"date":"2023-03-08T10:11:32","date_gmt":"2023-03-08T15:11:32","guid":{"rendered":"https:\/\/www.acrartex.com\/products\/schwimmbeutel-fuer-resqlink-ais\/"},"modified":"2023-03-08T10:11:32","modified_gmt":"2023-03-08T15:11:32","slug":"schwimmbeutel-fuer-resqlink-ais","status":"publish","type":"product","link":"https:\/\/www.acrartex.com\/de\/products\/schwimmbeutel-fuer-resqlink-ais\/","title":{"rendered":"Schwimmbeutel f\u00fcr ResQlink AIS"},"content":{"rendered":"<ul>\n<li>Leicht<\/li>\n<li>H\u00e4lt den ResQLink sicher und sorgt f\u00fcr Auftrieb<\/li>\n<\/ul>\n","protected":false},"excerpt":{"rendered":"<p>Die Schwimmtasche bietet Ihrem pers\u00f6nlichen Ortungsger\u00e4t zus\u00e4tzlichen Schutz und macht es schwimmf\u00e4hig. Sie zeichnet sich durch ihr schlankes Design aus und l\u00e4sst sich mit dem integrierten Trageband einfach am ResQLink AIS befestigen. <\/p>\n<p><strong>HINWEIS: Diese Tasche ist nur f\u00fcr das Modell ResQLink PLB -450 (Art.-Nr. 2933) geeignet. Diese Tasche ist nicht f\u00fcr ResQLink 400 (Art.-Nr. 2921), ResQLink View (Art.-Nr. 2922), ResQLink RLS 410 (Art.-Nr. 2931) oder ResQLink View RLS 435 (Art.-Nr. 2932) geeignet.   <\/strong><\/p>\n<h2><span style=\"color: #ff0000;\"><strong>NUR F\u00dcR KURZE ZEIT IM ANGEBOT<\/strong><\/span><\/h2>\n<p><a href=\"https:\/\/www.dropbox.com\/s\/x4vzqxmcrtt8f32\/Prop%2065%20Warning_Chloroprene.JPG?dl=0\">WARNUNG: PROP 65<\/a><\/p>\n","protected":false},"featured_media":159695,"template":"","meta":{"_acf_changed":false,"om_disable_all_campaigns":false},"product_brand":[],"product_cat":[6023,6026,5636,6558,6025],"product_tag":[],"class_list":{"0":"post-159694","1":"product","2":"type-product","3":"status-publish","4":"has-post-thumbnail","6":"product_cat-inland-de","7":"product_cat-kommerziell","8":"product_cat-marine-de","9":"product_cat-sicherheitszubehor","10":"product_cat-vor-der-kuste","11":"pa_product-sicherheitszubehor","13":"first","14":"instock","15":"taxable","16":"shipping-taxable","17":"purchasable","18":"product-type-simple"},"acf":[],"_links":{"self":[{"href":"https:\/\/www.acrartex.com\/de\/wp-json\/wp\/v2\/product\/159694","targetHints":{"allow":["GET"]}}],"collection":[{"href":"https:\/\/www.acrartex.com\/de\/wp-json\/wp\/v2\/product"}],"about":[{"href":"https:\/\/www.acrartex.com\/de\/wp-json\/wp\/v2\/types\/product"}],"wp:featuredmedia":[{"embeddable":true,"href":"https:\/\/www.acrartex.com\/de\/wp-json\/wp\/v2\/media\/159695"}],"wp:attachment":[{"href":"https:\/\/www.acrartex.com\/de\/wp-json\/wp\/v2\/media?parent=159694"}],"wp:term":[{"taxonomy":"product_brand","embeddable":true,"href":"https:\/\/www.acrartex.com\/de\/wp-json\/wp\/v2\/product_brand?post=159694"},{"taxonomy":"product_cat","embeddable":true,"href":"https:\/\/www.acrartex.com\/de\/wp-json\/wp\/v2\/product_cat?post=159694"},{"taxonomy":"product_tag","embeddable":true,"href":"https:\/\/www.acrartex.com\/de\/wp-json\/wp\/v2\/product_tag?post=159694"}],"curies":[{"name":"wp","href":"https:\/\/api.w.org\/{rel}","templated":true}]}}