{"id":159664,"date":"2023-04-10T16:25:24","date_gmt":"2023-04-10T21:25:24","guid":{"rendered":"https:\/\/www.acrartex.com\/products\/elt-4000m-hm\/"},"modified":"2023-04-10T16:25:24","modified_gmt":"2023-04-10T21:25:24","slug":"elt-4000m-hm","status":"publish","type":"product","link":"https:\/\/www.acrartex.com\/de\/products\/elt-4000m-hm\/","title":{"rendered":"ELT 4000M HM"},"content":{"rendered":"<p>Der brandneue ARTEX ELT 4000M HM ist ein 3-Frequenz- Emergency Locator Transmitter ( ELT ) f\u00fcr den Transportbereich von Drehfl\u00fcglern, der mit Alkalibatterien betrieben wird. Dank dieser innovativen Energiequelle ist der ELT 4000M HM vollst\u00e4ndig von den Sonderanforderungen der FAA befreit. Zu den Betriebskostenvorteilen ARTEX ELT 4000M HM z\u00e4hlen geringere Batteriekosten pro Zyklus, kein Gefahrguttransport und eine einfache Entsorgung. Dank der integrierten NAV-Schnittstelle (ARINC429) entf\u00e4llt die Installation einer separaten NAV-Schnittstelle.   <\/p>\n<p>&nbsp;<\/p>\n<p><strong>So funktioniert der ARTEX ELT 4000M HM<\/strong><\/p>\n<p>Das ARTEX ELT 4000M HM kann manuell (\u00fcber einen Fernschalter im Cockpit) oder automatisch (der G-Switch erkennt einen Aufprall von 2,3 G oder mehr) aktiviert werden und alarmiert die n\u00e4chstgelegene Such- und Rettungsdienststelle im Notfall. Das 406-MHz-Signal mit den GPS Koordinaten des Flugzeugs wird an die Cospas-Sarsat -Satelliten gesendet und an das Missionskontrollzentrum weitergeleitet, wo es umgehend an die n\u00e4chstgelegene Such- und Rettungsdienststelle weitergeleitet wird. Das Signal gibt den Ersthelfern den genauen Standort auf 100 Meter genau an. Schlie\u00dflich unterst\u00fctzen die 121,5- und 243,0-MHz-Zielsignale die Bodentruppen der Such- und Rettungsdienste bei der Ortung des Notfalls.   <\/p>\n<p>&nbsp;<\/p>\n<p><strong>Einfache Installation und Nachr\u00fcstung<\/strong><\/p>\n<p>Das ARTEX ELT 4000M HM bietet eine schnelle und einfache Nachr\u00fcstm\u00f6glichkeit mit flexiblen Installationsoptionen, wie beispielsweise einem Zweidraht-Fernschalter, der keine Bordstromversorgung ben\u00f6tigt. ELT 4000M HM ist TSO-zugelassen und unterst\u00fctzt auch \u00e4ltere Schalter- und Antennensysteme, um die Nachr\u00fcstung zu erleichtern. Da es sich um ein ELT mit Einzelausgang handelt, nutzt das ARTEX ELT 4000M HM denselben HF-Ausgang und nur ein Koaxialkabel zur \u00dcbertragung von 406 MHz-, 121,5 MHz- und 243,0 MHz-Signalen. Die integrierte Navigationsschnittstelle macht die Montage einer zweiten externen Schnittstelle \u00fcberfl\u00fcssig und reduziert so die Installationskosten erheblich. Die Montageplatte ist mit der Installation der \u00e4lteren ELT ARTEX C- und B-Serie kompatibel und reduziert so die Engineering-Kosten zus\u00e4tzlich.    <\/p>\n<p>&nbsp;<\/p>\n<p><strong>Produkteigenschaften<\/strong><\/p>\n<ul>\n<li>Automatischer fest installierter Emergency Locator Transmitter<\/li>\n<li>3-Frequenz-Notsignal, digitale 406 MHz und analoge 121,5 MHz und 243,0 MHz Zielsignale<\/li>\n<li>Dualband-Antenne mit Einzelanschluss und Kabel zum Sender<\/li>\n<li>Kompatibel mit \u00e4lteren Antennen<\/li>\n<li>Einfache Wartung und Installation<\/li>\n<li>Viele Optionen f\u00fcr die Fernsteuerung im Cockpit verf\u00fcgbar<\/li>\n<li>Kann \u00fcber die integrierte ARINC429-Schnittstelle an das Bord- GPS angeschlossen werden<\/li>\n<li>GPS Daten sind in die digitale \u00dcbertragung eingebettet, wodurch der Suchradius auf 100 Meter reduziert wird. Cospas-Sarsat-Typzulassung<\/li>\n<li>Kompatibel mit dem Satellitenbest\u00e4tigungstestsystem ARTEX 406Test.com<\/li>\n<li>5 Jahre Batterielebensdauer (austauschbar). Versand ohne Gefahrgut. <\/li>\n<\/ul>\n<p><strong>Packlisten<\/strong><\/p>\n<p><a href=\"https:\/\/www.dropbox.com\/scl\/fi\/66srmtbef84du2j1inktb\/8268A.pdf?rlkey=f3pwnc4za6m0728rq3sp4rwi4&amp;dl=1\">8268<\/a><br \/>\n<a href=\"https:\/\/www.dropbox.com\/scl\/fi\/7c8k7n0o89y7puw1u6yti\/8269A.pdf?rlkey=e0pa0un3tqsga4501s4tet0ao&amp;dl=1\">8269<\/a><\/p>\n","protected":false},"excerpt":{"rendered":"<p>Die regulatorischen Rahmenbedingungen f\u00fcr Lithiumbatterien haben sich ge\u00e4ndert, und der ELT 4000M HM ist daf\u00fcr da. ACR bietet innovative Batteriesystemdesigns, die einen reibungslosen Zertifizierungsprozess gew\u00e4hrleisten. Der Artex ELT 4000M HM ist ein 3-Frequenz ELT , der vollst\u00e4ndig von den FAA-Konformit\u00e4tsanforderungen f\u00fcr Lithiumbatterien befreit ist und als Gefahrgut versendet wird.  <\/p>\n<p>&nbsp;<\/p>\n<p><a href=\"https:\/\/www.acrartex.com\/products\/406test-elt-self-testing-service\/\"><img loading=\"lazy\" decoding=\"async\" class=\"alignnone\" style=\"width: 300px; height: 41px;\" src=\"\/\/dk2ztu5ooimmu.cloudfront.net\/ckeditor_assets\/pictures\/146\/406Test_with_desc_-_Tag.gif\" alt=\"\" width=\"641\" height=\"88\"><\/a><\/p>\n<p><a href=\"mailto:ArtexSales@acrartex.com?subject= ELT %204000% 20Sales%20Question\"><img decoding=\"async\" style=\"width: 200px; height: 168px;\" src=\"\/\/dk2ztu5ooimmu.cloudfront.net\/ckeditor_assets\/pictures\/147\/ARTEX_-_ELT_4000_Ad_Bubble.gif\" alt=\"\"><\/a><\/p>\n","protected":false},"featured_media":12375,"template":"","meta":{"_acf_changed":false,"om_disable_all_campaigns":false},"product_brand":[],"product_cat":[5572,5570,8486],"product_tag":[8959,15688,15690,15718,15695,8956,15686,15707,15704,12786,15701,8470,12799,12802,15692,5574,8960,8954,15715,15698,15710,15712,8961,12797,12794,8965,12790,8958,5580],"class_list":{"0":"post-159664","1":"product","2":"type-product","3":"status-publish","4":"has-post-thumbnail","6":"product_cat-drehflugler","7":"product_cat-luftfahrt","8":"product_cat-verkehrsflugzeuge","9":"product_tag-121-5-elt-upgrade-de","10":"product_tag-243-mhz-de","11":"product_tag-2430-mhz-de","12":"product_tag-2430-mhz-elt-de","13":"product_tag-3-frequenz","14":"product_tag-4000-de","15":"product_tag-4000-m-de","16":"product_tag-4000-mhm-de-2","17":"product_tag-4000-mhm-de","18":"product_tag-4000hm-de","19":"product_tag-4000m-hm-de","20":"product_tag-406-mhz-elt-de","21":"product_tag-alkalisch-de","22":"product_tag-besondere-bedingungen","23":"product_tag-dreifrequenz","24":"product_tag-elt-de","25":"product_tag-elt-upgrade-de","26":"product_tag-elt-4000-de","27":"product_tag-elt-4000-mhm-de","28":"product_tag-elt-4000m-de","29":"product_tag-elt-4000m-hm-de","30":"product_tag-elt-4000mhm-de","31":"product_tag-elt4000-de","32":"product_tag-kein-gefahrgut","33":"product_tag-kein-lithium","34":"product_tag-lithium-besondere-bedingungen","35":"product_tag-lithiumfrei","36":"product_tag-notortungssender","37":"product_tag-notsender","38":"pa_aircraft-type-verkehrsflugzeuge","39":"pa_product-elt-losungen","41":"first","42":"instock","43":"taxable","44":"shipping-taxable","45":"product-type-simple"},"acf":[],"_links":{"self":[{"href":"https:\/\/www.acrartex.com\/de\/wp-json\/wp\/v2\/product\/159664","targetHints":{"allow":["GET"]}}],"collection":[{"href":"https:\/\/www.acrartex.com\/de\/wp-json\/wp\/v2\/product"}],"about":[{"href":"https:\/\/www.acrartex.com\/de\/wp-json\/wp\/v2\/types\/product"}],"wp:featuredmedia":[{"embeddable":true,"href":"https:\/\/www.acrartex.com\/de\/wp-json\/wp\/v2\/media\/12375"}],"wp:attachment":[{"href":"https:\/\/www.acrartex.com\/de\/wp-json\/wp\/v2\/media?parent=159664"}],"wp:term":[{"taxonomy":"product_brand","embeddable":true,"href":"https:\/\/www.acrartex.com\/de\/wp-json\/wp\/v2\/product_brand?post=159664"},{"taxonomy":"product_cat","embeddable":true,"href":"https:\/\/www.acrartex.com\/de\/wp-json\/wp\/v2\/product_cat?post=159664"},{"taxonomy":"product_tag","embeddable":true,"href":"https:\/\/www.acrartex.com\/de\/wp-json\/wp\/v2\/product_tag?post=159664"}],"curies":[{"name":"wp","href":"https:\/\/api.w.org\/{rel}","templated":true}]}}