{"id":159658,"date":"2023-11-20T14:34:40","date_gmt":"2023-11-20T19:34:40","guid":{"rendered":"https:\/\/www.acrartex.com\/products\/globalfix-v5-v6-cat-ii-epirb-halterung-mit-manueller-ausloesung\/"},"modified":"2025-07-29T14:55:08","modified_gmt":"2025-07-29T19:55:08","slug":"globalfix-v5-v6-cat-ii-epirb-halterung-mit-manueller-ausloesung","status":"publish","type":"product","link":"https:\/\/www.acrartex.com\/de\/products\/globalfix-v5-v6-cat-ii-epirb-halterung-mit-manueller-ausloesung\/","title":{"rendered":"GlobalFix V5\/V6 Cat II EPIRB -Halterung mit manueller Ausl\u00f6sung"},"content":{"rendered":"<ul>\n<li>Einfacher, manueller Entriegelungsmechanismus zum Greifen und Loslegen<\/li>\n<li>Durch die Einwegmontage wird die M\u00f6glichkeit einer r\u00fcckw\u00e4rtigen Installation EPIRB ausgeschlossen<\/li>\n<li>Der integrierte Deaktivierungsmagnet verhindert die \u00dcbertragung der EPIRB , bis er entfernt wird.<\/li>\n<\/ul>\n","protected":false},"excerpt":{"rendered":"<p>Raue Bedingungen haben keine Chance gegen die Cat II- EPIRB Halterung mit manueller Ausl\u00f6sung. Diese EPIRB Halterung ist auf Langlebigkeit ausgelegt und h\u00e4lt selbst Ihren wildesten Abenteuern stand. Sollte Ihr Schiff Wasser aufnehmen, l\u00e4sst sich die Halterung dank des einfachen Greifmechanismus mit Einweg-Montage leicht entfernen und aktivieren. Diese Halterung passt ausschlie\u00dflich f\u00fcr GlobalFix \u2122 V5 und GlobalFix \u2122 V6 EPIRB .   <\/p>\n","protected":false},"featured_media":159660,"template":"","meta":{"_acf_changed":false,"om_disable_all_campaigns":false},"product_brand":[],"product_cat":[6024,6023,6026,5636,6035,6025],"product_tag":[8143,15666,15668,8145,5638,8147,6561,15680,6572,9378,15662,15664,15682,15678,8150,8151,15676,15670,15672,15674],"class_list":{"0":"post-159658","1":"product","2":"type-product","3":"status-publish","4":"has-post-thumbnail","6":"product_cat-in-kustennahe","7":"product_cat-inland-de","8":"product_cat-kommerziell","9":"product_cat-marine-de","10":"product_cat-seestreitkrafte","11":"product_cat-vor-der-kuste","12":"product_tag-acr-de","13":"product_tag-cat-2-epirb-halterung","14":"product_tag-cat-ii-epirb-halterung","15":"product_tag-der-sea-shelter","16":"product_tag-epirb-de","17":"product_tag-epirb-halterung","18":"product_tag-halterung","19":"product_tag-halterung-fur-manuelle-entriegelung","20":"product_tag-kategorie-2","21":"product_tag-kategorie-ii-de","22":"product_tag-katze-2","23":"product_tag-katze-ii","24":"product_tag-manuelle-entriegelung","25":"product_tag-manuelle-halterung","26":"product_tag-meer","27":"product_tag-meeresschutz","28":"product_tag-meeresschutz-4","29":"product_tag-rlb-43-de","30":"product_tag-rlb-44-de","31":"product_tag-sea-shelter-4-de","32":"pa_boat-size-0-20-de","33":"pa_boat-size-21-40-de","34":"pa_boat-size-40-80-de","35":"pa_boat-size-80-de","36":"pa_boat-type-charteryacht-de","37":"pa_boat-type-frachtschiff","38":"pa_boat-type-kommerzielle-fischerei","39":"pa_boat-type-motorboot","40":"pa_boat-type-schlepper","41":"pa_boat-type-segelboot","42":"pa_boat-type-sportcraft-de","43":"pa_boat-type-yacht-de","44":"pa_product-rescue-beacons-de","45":"pa_product-rescue-beacons-ukw-sart","46":"pa_product-sicherheitszubehor","48":"first","49":"instock","50":"taxable","51":"shipping-taxable","52":"purchasable","53":"product-type-simple"},"acf":[],"_links":{"self":[{"href":"https:\/\/www.acrartex.com\/de\/wp-json\/wp\/v2\/product\/159658","targetHints":{"allow":["GET"]}}],"collection":[{"href":"https:\/\/www.acrartex.com\/de\/wp-json\/wp\/v2\/product"}],"about":[{"href":"https:\/\/www.acrartex.com\/de\/wp-json\/wp\/v2\/types\/product"}],"wp:featuredmedia":[{"embeddable":true,"href":"https:\/\/www.acrartex.com\/de\/wp-json\/wp\/v2\/media\/159660"}],"wp:attachment":[{"href":"https:\/\/www.acrartex.com\/de\/wp-json\/wp\/v2\/media?parent=159658"}],"wp:term":[{"taxonomy":"product_brand","embeddable":true,"href":"https:\/\/www.acrartex.com\/de\/wp-json\/wp\/v2\/product_brand?post=159658"},{"taxonomy":"product_cat","embeddable":true,"href":"https:\/\/www.acrartex.com\/de\/wp-json\/wp\/v2\/product_cat?post=159658"},{"taxonomy":"product_tag","embeddable":true,"href":"https:\/\/www.acrartex.com\/de\/wp-json\/wp\/v2\/product_tag?post=159658"}],"curies":[{"name":"wp","href":"https:\/\/api.w.org\/{rel}","templated":true}]}}