{"id":159629,"date":"2024-01-30T08:50:30","date_gmt":"2024-01-30T13:50:30","guid":{"rendered":"https:\/\/www.acrartex.com\/products\/bivy-stick-mesh-satellitenkommunikator\/"},"modified":"2026-03-06T09:26:04","modified_gmt":"2026-03-06T14:26:04","slug":"bivy-stick-mesh-satellitenkommunikator","status":"publish","type":"product","link":"https:\/\/www.acrartex.com\/de\/products\/bivy-stick-mesh-satellitenkommunikator\/","title":{"rendered":"Bivy Stick MESH \u2013 Satellitenkommunikator"},"content":{"rendered":"<p><span style=\"font-weight: 400;\">Der<\/span> <b>Bivy Stick MESH<\/b> <span style=\"font-weight: 400;\">ist nicht nur ein Ger\u00e4t \u2013 er ist ein bahnbrechender Fortschritt in der<\/span> <b>Unternehmenskommunikation f\u00fcr Remote-Operationen<\/b><span style=\"font-weight: 400;\">. Es wurde entwickelt, um Teams auch in den anspruchsvollsten Umgebungen miteinander zu verbinden und bietet  <\/span><b>nahtlose Dual-Mode-Konnektivit\u00e4t<\/b> <span style=\"font-weight: 400;\">, intelligentes Umschalten zwischen dem <strong>Global<\/strong><\/span> <b>Iridium\u00ae-Satellitennetzwerk<\/b> <span style=\"font-weight: 400;\">und<\/span> <b>dem LoRa\u00ae-f\u00e4higen Mesh-Netzwerk<\/b> <span style=\"font-weight: 400;\">f\u00fcr un\u00fcbertroffene Zuverl\u00e4ssigkeit und Abdeckung.<\/span><\/p>\n<p>&nbsp;<\/p>\n<p>St\u00e4rkung Ihrer Fernkommunikation:<\/p>\n<ul>\n<li><strong>Globale Iridium-Satellitenabdeckung:<\/strong> Arbeiten Sie \u00fcberall auf der Erde vertrauensvoll und nutzen Sie die konkurrenzlose Satellitenkonstellation von Iridium f\u00fcr eine zuverl\u00e4ssige Kommunikation.<\/li>\n<li><strong>LoRa\u00ae-f\u00e4higes Mesh-Netzwerk:<\/strong> Selbstbildende Mesh-Netzwerke, die Echtzeitnachrichten und GPS Standortaktualisierungen f\u00fcr eine verbesserte Teamkoordination erm\u00f6glichen.<\/li>\n<\/ul>\n<p><strong> <\/strong><\/p>\n<p><span style=\"font-weight: 400;\">ACR Bivy war stets Branchenf\u00fchrer und f\u00fchrte als Erster die satellitengest\u00fctzte Gruppenkommunikation und Ortung f\u00fcr bis zu 12 Bivy Sticks ein. Mit der LoRa\u00ae-f\u00e4higen MESH-Integration legt Bivy die Messlatte nun erneut h\u00f6her und festigt seine Position als f\u00fchrende Kommunikationsl\u00f6sung f\u00fcr Teams an Standorten ohne Netzanschluss. <\/span><\/p>\n<h2>Bivy Stick MESH Eigenschaften:<\/h2>\n<ul>\n<li><strong>Duale Kommunikationsmodi<\/strong> : Kombiniert auf einzigartige Weise LoRa\u00ae-f\u00e4higes Mesh-Networking mit robuster globaler Satellitenkommunikation und bietet so beispiellose Konnektivit\u00e4t in unterschiedlichsten Umgebungen und setzt einen neuen Standard in der Outdoor-Kommunikationstechnologie.\n<ul>\n<li><strong>Globale Satellitenkommunikation<\/strong> :<br \/>\n Verlassen Sie sich auf das Iridium-Netzwerk f\u00fcr eine konsistente, globale Konnektivit\u00e4t, selbst an den entlegensten Standorten.<\/li>\n<li><strong>LoRa\u00ae-f\u00e4higes Mesh-Netzwerk:<br \/>\n<\/strong> Verbessern Sie die Teamkoordination mit Mesh-Netzwerken f\u00fcr direkte Ger\u00e4te-zu-Ger\u00e4te-Verbindungen \u00fcber Entfernungen von bis zu einer Meile und unterst\u00fctzen Sie bis zu 12 Ger\u00e4te.<\/li>\n<\/ul>\n<\/li>\n<li><strong>LoRa\u00ae-f\u00e4hige Nachrichten\u00fcbermittlung:<\/strong> Nachrichten\u00fcbertragung von Ger\u00e4t zu Ger\u00e4t innerhalb von Sekunden, was erheblich schneller ist als die herk\u00f6mmliche Satellitenkommunikation, die zwischen Ger\u00e4ten mehrere Minuten dauern kann.<\/li>\n<\/ul>\n<ul>\n<li><strong>Anpassungsf\u00e4hig an raue Umgebungen: <span style=\"font-weight: 400;\">Entwickelt f\u00fcr den reibungslosen Betrieb in extremen Umgebungen, von dichten W\u00e4ldern mit dichtem Bl\u00e4tterdach bis hin zu Bereichen mit vielen Betonstrukturen, und etabliert sich als unverzichtbare Ressource f\u00fcr Teams und Ersthelfer in signalbeeintr\u00e4chtigten Zonen.<\/span><\/strong><\/li>\n<li><strong>Gruppennachrichten:<\/strong> Benutzer k\u00f6nnen problemlos Gruppenchats innerhalb des Mesh-Netzwerks erstellen und ihnen beitreten, was eine effiziente Koordination und Kommunikation zwischen Teams oder Personengruppen erm\u00f6glicht.<\/li>\n<li style=\"font-weight: 400;\" aria-level=\"1\"><b>Standortfreigabe in Echtzeit:<\/b> <span style=\"font-weight: 400;\">Ger\u00e4te erm\u00f6glichen es Benutzern, ihren Standort in Echtzeit mit anderen im Mesh-Netzwerk zu teilen. Dies erh\u00f6ht die Sicherheit und erm\u00f6glicht eine effiziente Koordination bei Aktivit\u00e4ten im Freien und in Notf\u00e4llen.<\/span><\/li>\n<li><strong>MESH-Netzwerkintelligenz:<\/strong> \u00dcberwacht die Mobilfunk- und Satellitensignalst\u00e4rke jedes Ger\u00e4ts im Netzwerk und leitet Nachrichten intelligent \u00fcber Ger\u00e4te mit besserer Verbindung weiter, um die Kommunikationseffizienz zu optimieren.<\/li>\n<li><strong>Intelligente Nachrichtenweiterleitung<\/strong> : Der Bivy Stick MESH kann als Kommunikationsknoten fungieren, um Nachrichten nahtlos weiterzuleiten, entweder von Ger\u00e4t zu Ger\u00e4t oder \u00fcber Satellit, wodurch die Kommunikationseffizienz maximiert wird.<\/li>\n<li><strong>SOS-Notfall-Reservebatterie:<\/strong> Ausgestattet mit einer speziellen 24-Stunden-SOS-Batteriereserve, die sicherstellt, dass das kritische SOS-Signal in Notfallszenarien aufrechterhalten bleibt.<\/li>\n<li><strong>Robust und wasserdicht:<\/strong><\/li>\n<li style=\"font-weight: 400;\" aria-level=\"1\"><span style=\"font-weight: 400;\">Der Bivy Stick MESH wurde f\u00fcr anspruchsvolle Umgebungen entwickelt und verf\u00fcgt \u00fcber eine robuste Konstruktion, die dem Wasserdichtigkeitsstandard IP67 entspricht. Er ist f\u00fcr den Einsatz bei jedem Wetter konzipiert und gew\u00e4hrleistet zuverl\u00e4ssigen Betrieb, egal wohin Ihre Mission Sie f\u00fchrt. <\/span><\/li>\n<li><strong>Integrationsbereit:<\/strong> Entwickelt f\u00fcr die Kompatibilit\u00e4t mit vorhandenen Unternehmens-Workflows zur nahtlosen Integration.<\/li>\n<\/ul>\n<p>Notfall-SOS. Aktiviert in der App oder \u00fcber die Ger\u00e4tetaste. Bereitgestellt von GlobalRescue\u2122 <\/p>\n","protected":false},"excerpt":{"rendered":"<p><span style=\"font-weight: 400;\">Mit Bivy Stick MESH profitieren Sie von einem zuverl\u00e4ssigen<\/span> <b>2-Wege-Satellitenkommunikator<\/b> <span style=\"font-weight: 400;\">,<\/span> <b>Gruppennachrichten<\/b> <span style=\"font-weight: 400;\">,<\/span> <b>SOS-Support rund um die Uhr<\/b> <span style=\"font-weight: 400;\">,<\/span> <b>GPS -Tracking<\/b> <span style=\"font-weight: 400;\">und<\/span> <b>Standortfreigabe<\/b> <span style=\"font-weight: 400;\">\u2013 alles in einem<\/span> <b>kompakten<\/b> <span style=\"font-weight: 400;\">und<\/span> <b>leichten Ger\u00e4t<\/b><span style=\"font-weight: 400;\">  Ger\u00e4t. Es gibt Ihnen die   <\/span><b>Freiheit der netzunabh\u00e4ngigen Kommunikation<\/b> <span style=\"font-weight: 400;\">zum<\/span> <b>g\u00fcnstigsten Preis auf dem Markt<\/b> <span style=\"font-weight: 400;\">.<\/span> Bleiben Sie verbunden, auch ohne Mobilfunkabdeckung.<\/p>\n<h4><\/h4>\n<h4><span style=\"color: #ff0000;\"><strong>Mit Stolz in den USA hergestellt!<\/strong><\/span><\/h4>\n<p><a href=\"https:\/\/bivystick.com\/bivy-go-plan\/\"><strong>Entdecken Sie den Bivy Go-Plan<\/strong><\/a><\/p>\n<p><a href=\"https:\/\/www.dropbox.com\/s\/0ezw0kexbm120vv\/Prop%2065%20-%20Lead%20and%20Lead%20Compounds.pdf?dl=0\">WARNUNG: PROP 65<\/a><\/p>\n<p>&nbsp;<\/p>\n<p>&nbsp;<\/p>\n","protected":false},"featured_media":164329,"template":"","meta":{"_acf_changed":false,"om_disable_all_campaigns":false},"product_brand":[],"product_cat":[16183,5687,5636],"product_tag":[13010,13279,13011,13006,13007,13012,13275,13017,16185,12396,13013,13008,13015,13014,13016,13009],"class_list":{"0":"post-159629","1":"product","2":"type-product","3":"status-publish","4":"has-post-thumbnail","6":"product_cat-biwaksack-aus-netzgewebe","7":"product_cat-im-freien","8":"product_cat-marine-de","9":"product_tag-2-wege-kommunikation","10":"product_tag-4601-de","11":"product_tag-acr-bivy-de","12":"product_tag-bivy-de","13":"product_tag-bivy-de-2","14":"product_tag-bivy-app-de","15":"product_tag-bivy-blau","16":"product_tag-bivy-gegen-plb","17":"product_tag-biwaksack-aus-netzgewebe","18":"product_tag-bluetooth-de","19":"product_tag-globale-rettung","20":"product_tag-iridium-de","21":"product_tag-kleinster-satellitenkommunikator","22":"product_tag-mini-de","23":"product_tag-satelliten-gps-tracking","24":"product_tag-sendungsverfolgung","25":"pa_activity-angeln","26":"pa_activity-camping-de","27":"pa_activity-fahrrad","28":"pa_activity-gelandewagen-4x4","29":"pa_activity-klettern","30":"pa_activity-paddelsport","31":"pa_activity-querfeldein","32":"pa_activity-schneemobil","33":"pa_activity-ski-snowboard","34":"pa_activity-wandern","35":"pa_boat-type-charteryacht-de","36":"pa_boat-type-frachtschiff","37":"pa_boat-type-kommerzielle-fischerei","38":"pa_boat-type-motorboot","39":"pa_boat-type-schlepper","40":"pa_boat-type-segelboot","41":"pa_boat-type-sportcraft-de","42":"pa_boat-type-yacht-de","43":"pa_terrain-flusse-feuchtgebiete-seen-de","44":"pa_terrain-hugel-berg","45":"pa_terrain-tundra-de-2","46":"pa_terrain-wald-dschungel","48":"first","49":"instock","50":"taxable","51":"shipping-taxable","52":"purchasable","53":"product-type-simple"},"acf":[],"_links":{"self":[{"href":"https:\/\/www.acrartex.com\/de\/wp-json\/wp\/v2\/product\/159629","targetHints":{"allow":["GET"]}}],"collection":[{"href":"https:\/\/www.acrartex.com\/de\/wp-json\/wp\/v2\/product"}],"about":[{"href":"https:\/\/www.acrartex.com\/de\/wp-json\/wp\/v2\/types\/product"}],"wp:featuredmedia":[{"embeddable":true,"href":"https:\/\/www.acrartex.com\/de\/wp-json\/wp\/v2\/media\/164329"}],"wp:attachment":[{"href":"https:\/\/www.acrartex.com\/de\/wp-json\/wp\/v2\/media?parent=159629"}],"wp:term":[{"taxonomy":"product_brand","embeddable":true,"href":"https:\/\/www.acrartex.com\/de\/wp-json\/wp\/v2\/product_brand?post=159629"},{"taxonomy":"product_cat","embeddable":true,"href":"https:\/\/www.acrartex.com\/de\/wp-json\/wp\/v2\/product_cat?post=159629"},{"taxonomy":"product_tag","embeddable":true,"href":"https:\/\/www.acrartex.com\/de\/wp-json\/wp\/v2\/product_tag?post=159629"}],"curies":[{"name":"wp","href":"https:\/\/api.w.org\/{rel}","templated":true}]}}