{"id":159623,"date":"2024-04-15T10:49:36","date_gmt":"2024-04-15T15:49:36","guid":{"rendered":"https:\/\/www.acrartex.com\/products\/globalfix-v6-bootssicherheits-kits\/"},"modified":"2024-04-15T10:49:36","modified_gmt":"2024-04-15T15:49:36","slug":"globalfix-v6-bootssicherheits-kits","status":"publish","type":"product","link":"https:\/\/www.acrartex.com\/de\/products\/globalfix-v6-bootssicherheits-kits\/","title":{"rendered":"GlobalFix V6 Bootssicherheits-Kits"},"content":{"rendered":"<p>Ob Freizeitbootfahren, Hochseefischen, Segeln oder jede andere spannende Meeresexpedition \u2013 die neuen GlobalFix V6 Bootssicherheits-Kits sch\u00fctzen Ihre Reisen jeder Gr\u00f6\u00dfe. Mit diesen umfassenden Kits an Ihrer Seite k\u00f6nnen Sie jedes nautische Abenteuer mit Zuversicht angehen, da die Sicherheit niemals gef\u00e4hrdet ist. Ob unvorhergesehene Herausforderungen oder unerwartete Situationen \u2013 das GlobalFix V6 Bootssicherheits-Kit stattet Sie mit allem aus, was Sie f\u00fcr eine sichere R\u00fcckkehr ben\u00f6tigen, und sorgt selbst unter schwierigsten Umst\u00e4nden f\u00fcr Ihre Sicherheit.  <\/p>\n<p>F\u00fcr die GlobalFix V6-Kits stehen vier Optionen zur Auswahl. Diese Kits enthalten die folgenden wichtigen \u00dcberlebensprodukte: <\/p>\n<p><span style=\"color: #ff0000;\"><strong>SKU 2339.1 GlobalFix V6 Premium-Bootsbausatz<\/strong><\/span><\/p>\n<ul>\n<li>GlobalFIX V6 RLS Kat. 2 EPIRB mit Return Link Service und NFC Mobile App <a href=\"https:\/\/www.acrartex.com\/de\/products\/acr-globalfix-v6-epirb-mit-return-link-service-und-mobiler-app\/\">Mehr erfahren<\/a> <\/li>\n<li>ResQlink RLS PLB 410 <a href=\"https:\/\/www.acrartex.com\/de\/products\/resqlink-410-rls-personal-locator-beacon\/\">Mehr erfahren<\/a><\/li>\n<li>FireFly PRO Waterbug \u2013 SOLAS-zugelassenes Blitzlicht mit integrierter Wasseraktivierung. <a href=\"https:\/\/www.acrartex.com\/products\/firefly-pro-waterbug\/\">Mehr erfahren<\/a><\/li>\n<li>RapidDitch Express Bag <a href=\"https:\/\/www.acrartex.com\/de\/products\/rapidditch-express-tasche\/\">Mehr erfahren<\/a><\/li>\n<li>HemiLight \u21223 <a href=\"https:\/\/www.acrartex.com\/de\/products\/hemilight-3-med-und-solas-rettungswestenleuchte\/\">Mehr erfahren<\/a><\/li>\n<li>Signalspiegel<\/li>\n<li>WW-3 Res-Q\u2122 Pfeife <a href=\"https:\/\/www.acrartex.com\/de\/products\/ww-3-resq-pfeife\/\">Mehr erfahren<\/a><\/li>\n<\/ul>\n<p><span style=\"color: #ff0000;\"><strong>SKU 2342.1: GlobalFix V6 und ResQflare Bootssicherheitsset<\/strong><\/span><\/p>\n<ul>\n<li>GlobalFIX V6 RLS Kat. 2 EPIRB mit Return Link Service und NFC Mobile App <a href=\"https:\/\/www.acrartex.com\/de\/products\/acr-globalfix-v6-epirb-mit-return-link-service-und-mobiler-app\/\">Mehr erfahren<\/a> <\/li>\n<li>ResQflare (Elektronisches Notsignal mit hochintensiver LED f\u00fcr Boote) <a href=\"https:\/\/www.acrartex.com\/de\/products\/resqflare-elektronische-led-notfall-bootsfackel\/\">Mehr erfahren<\/a><\/li>\n<li>RapidDitch Express Bag <a href=\"https:\/\/www.acrartex.com\/de\/products\/rapidditch-express-tasche\/\">Mehr erfahren<\/a><\/li>\n<li>HemiLight \u21223 <a href=\"https:\/\/www.acrartex.com\/de\/products\/hemilight-3-med-und-solas-rettungswestenleuchte\/\">Mehr erfahren<\/a><\/li>\n<li>C-Strobe H2O SOLAS Blitzlicht <a href=\"https:\/\/www.acrartex.com\/products\/c-strobe-h20\/\">Mehr erfahren<\/a><\/li>\n<li>Signalspiegel<\/li>\n<li>WW-3 Res-Q\u2122 Pfeife <a href=\"https:\/\/www.acrartex.com\/de\/products\/ww-3-resq-pfeife\/\">Mehr erfahren<\/a><\/li>\n<\/ul>\n<p><strong><span style=\"color: #ff0000;\">SKU 2343.1: GlobalFix V6 Base Bootssicherheitsset<\/span><\/strong><\/p>\n<ul>\n<li>GlobalFIX V6 RLS Kat. 2 EPIRB mit Return Link Service und NFC Mobile App <a href=\"https:\/\/www.acrartex.com\/de\/products\/acr-globalfix-v6-epirb-mit-return-link-service-und-mobiler-app\/\">Mehr erfahren<\/a> <\/li>\n<li>RapidDitch Express Bag <a href=\"https:\/\/www.acrartex.com\/de\/products\/rapidditch-express-tasche\/\">Mehr erfahren<\/a><\/li>\n<\/ul>\n<p><span style=\"color: #ff0000;\"><strong>SKU 2344.1: GlobalFix V6 Plus Bootssicherheitsset<\/strong><\/span><\/p>\n<ul>\n<li>GlobalFIX V6 RLS Kat. 2 EPIRB mit Return Link Service und NFC Mobile App <a href=\"https:\/\/www.acrartex.com\/de\/products\/acr-globalfix-v6-epirb-mit-return-link-service-und-mobiler-app\/\">Mehr erfahren<\/a> <\/li>\n<li>RapidDitch Express Bag <a href=\"https:\/\/www.acrartex.com\/de\/products\/rapidditch-express-tasche\/\">Mehr erfahren<\/a><\/li>\n<li>HemiLight \u21223 <a href=\"https:\/\/www.acrartex.com\/de\/products\/hemilight-3-med-und-solas-rettungswestenleuchte\/\">Mehr erfahren<\/a><\/li>\n<li>C-Strobe H2O SOLAS Blitzlicht <a href=\"https:\/\/www.acrartex.com\/products\/c-strobe-h20\/\">Mehr erfahren<\/a><\/li>\n<li>Signalspiegel<\/li>\n<li>WW-3 Res-Q\u2122 Pfeife <a href=\"https:\/\/www.acrartex.com\/de\/products\/ww-3-resq-pfeife\/\">Mehr erfahren<\/a><\/li>\n<\/ul>\n<p>&nbsp;<\/p>\n","protected":false},"excerpt":{"rendered":"<h2><\/h2>\n<h4><span style=\"color: #ff0000;\">Mit Stolz in den USA hergestellt!<\/span><\/h4>\n<p><a href=\"https:\/\/www.dropbox.com\/s\/fk04stqsp2hgk5f\/Prop%2065%20-%20DEHP.pdf?dl=0\">WARNUNG: PROP 65<\/a><\/p>\n","protected":false},"featured_media":88814,"template":"","meta":{"_acf_changed":false,"om_disable_all_campaigns":false},"product_brand":[],"product_cat":[6024,6023,6026,5636,14693,6025],"product_tag":[8554,9608,15369,15644,15638,5638,15642,5647,15640,9254,7791,12746,5642,15641,5694,5690,12748,13002,15639,7582,15643],"class_list":{"0":"post-159623","1":"product","2":"type-product","3":"status-publish","4":"has-post-thumbnail","6":"product_cat-in-kustennahe","7":"product_cat-inland-de","8":"product_cat-kommerziell","9":"product_cat-marine-de","10":"product_cat-marine-sicherheitskits","11":"product_cat-vor-der-kuste","12":"product_tag-406-mhz-emergency-locator-transmitter-de","13":"product_tag-ais-de","14":"product_tag-ais-epirb-de","15":"product_tag-bootsbausatz","16":"product_tag-c-blitz","17":"product_tag-epirb-de","18":"product_tag-epirb-kit-de","19":"product_tag-globalfix-de","20":"product_tag-gps-notsignal","21":"product_tag-gps-epirb-de","22":"product_tag-led-notlicht","23":"product_tag-notfall","24":"product_tag-notsignal","25":"product_tag-personlicher-ais-personal-locator-beacon","26":"product_tag-personliches-ortungssignal","27":"product_tag-plb-de","28":"product_tag-resq-pfeife","29":"product_tag-rls-de","30":"product_tag-rls-epirb-de","31":"product_tag-sos-de","32":"product_tag-sos-notlicht","34":"first","35":"instock","36":"taxable","37":"shipping-taxable","38":"purchasable","39":"product-type-variable"},"acf":[],"_links":{"self":[{"href":"https:\/\/www.acrartex.com\/de\/wp-json\/wp\/v2\/product\/159623","targetHints":{"allow":["GET"]}}],"collection":[{"href":"https:\/\/www.acrartex.com\/de\/wp-json\/wp\/v2\/product"}],"about":[{"href":"https:\/\/www.acrartex.com\/de\/wp-json\/wp\/v2\/types\/product"}],"wp:featuredmedia":[{"embeddable":true,"href":"https:\/\/www.acrartex.com\/de\/wp-json\/wp\/v2\/media\/88814"}],"wp:attachment":[{"href":"https:\/\/www.acrartex.com\/de\/wp-json\/wp\/v2\/media?parent=159623"}],"wp:term":[{"taxonomy":"product_brand","embeddable":true,"href":"https:\/\/www.acrartex.com\/de\/wp-json\/wp\/v2\/product_brand?post=159623"},{"taxonomy":"product_cat","embeddable":true,"href":"https:\/\/www.acrartex.com\/de\/wp-json\/wp\/v2\/product_cat?post=159623"},{"taxonomy":"product_tag","embeddable":true,"href":"https:\/\/www.acrartex.com\/de\/wp-json\/wp\/v2\/product_tag?post=159623"}],"curies":[{"name":"wp","href":"https:\/\/api.w.org\/{rel}","templated":true}]}}