{"id":159590,"date":"2023-11-20T13:29:13","date_gmt":"2023-11-20T18:29:13","guid":{"rendered":"https:\/\/www.acrartex.com\/products\/fpt-8800-serie-artex-elt-programmierer\/"},"modified":"2026-03-06T10:07:25","modified_gmt":"2026-03-06T15:07:25","slug":"fpt-8800-serie-artex-elt-programmierer","status":"publish","type":"product","link":"https:\/\/www.acrartex.com\/de\/products\/fpt-8800-serie-artex-elt-programmierer\/","title":{"rendered":"FPT 8800 Serie ARTEX ELT Programmierger\u00e4t"},"content":{"rendered":"<p>Der ARTEX-Programmierer der Serie FPT 8800 ist ein robustes und benutzerfreundliches Werkzeug zur Unterst\u00fctzung von Notfallsendern (ELT) und eignet sich sowohl f\u00fcr den Einsatz im Labor als auch im Au\u00dfendienst. Wenn Sie einen Fuhrpark verwalten oder ARTEX-Notfallsender verkaufen oder warten, ist dieses Ger\u00e4t unverzichtbar. ARTEX wird zuk\u00fcnftig zus\u00e4tzliche Konfigurationen zur Programmierung aller aktuellen ELT-Produkte anbieten. Bitte kontaktieren Sie ARTEX, um zu erfahren, wann diese zus\u00e4tzlichen Optionen verf\u00fcgbar sein werden.   <\/p>\n<p><strong>Hinweis: <span data-teams=\"true\">Die Softwareversion V134B oder \u00e4lter des C406 wird nicht unterst\u00fctzt.<\/span><\/strong><\/p>\n<p>&nbsp;<\/p>\n<p><strong>Hauptmerkmale:<\/strong><\/p>\n<p>&nbsp;<\/p>\n<ul>\n<li><strong>Microsoft Surface Tablet-basiert:<\/strong> Verabschieden Sie sich von sperriger, veralteter Programmierausr\u00fcstung. Das ARTEX FPT nutzt die Leistungsf\u00e4higkeit des Microsoft Surface Tablets und bietet eine benutzerfreundliche Oberfl\u00e4che sowie eine vertraute, intuitive Bedienung. So k\u00f6nnen Sie Ihre Englischkurse \u00fcberallhin mitnehmen und profitieren von mehr Flexibilit\u00e4t und Zug\u00e4nglichkeit.  <\/li>\n<\/ul>\n<p>&nbsp;<\/p>\n<ul>\n<li><strong>R\u00fcsten Sie Ihre bestehenden ELTs nach:<\/strong> Machen Sie sich Sorgen um die Umprogrammierung von Protokollen f\u00fcr Neulieferungen oder Nachr\u00fcstungen? Keine Sorge. Das ARTEX FPT ist f\u00fcr die einfache Nachr\u00fcstung Ihrer bestehenden ELTs konzipiert und macht die Programmierung durch Dritte \u00fcberfl\u00fcssig. Es ist eine kosteng\u00fcnstige L\u00f6sung, die Ihren Wartungsprozess optimiert.   <\/li>\n<\/ul>\n<p>&nbsp;<\/p>\n<ul>\n<li><strong>Intuitive Benutzeroberfl\u00e4che:<\/strong> Programmieren Sie Ihre ELTs m\u00fchelos mit unserer benutzerfreundlichen Oberfl\u00e4che. Schluss mit komplizierten Men\u00fcs und umst\u00e4ndlichen Tasten. Mit dem ARTEX FPT wird die Programmierung von ELTs zum Kinderspiel \u2013 das spart Zeit und reduziert das Fehlerrisiko.  <\/li>\n<\/ul>\n<p>&nbsp;<\/p>\n<ul>\n<li><strong>Verbesserte Leistung:<\/strong> Mit dem ARTEX FPT k\u00f6nnen Sie wichtige Einstellungen pr\u00e4zise abrufen und anpassen und so den optimalen Betrieb Ihrer Notfallsender sicherstellen. Dies ist ein entscheidender Vorteil f\u00fcr die Einhaltung der Vorschriften f\u00fcr Ihre Notfallsender. <\/li>\n<\/ul>\n<p>&nbsp;<\/p>\n<ul>\n<li><strong>Umfassendes Datenmanagement:<\/strong> Mit den umfassenden Datenmanagementfunktionen von ARTEX FPT behalten Sie den \u00dcberblick \u00fcber all Ihre ELTs an einem Ort. Programmierdaten und -historie lassen sich einfach speichern, abrufen und \u00fcberpr\u00fcfen, um Konformit\u00e4t und Einsatzbereitschaft sicherzustellen. <\/li>\n<\/ul>\n<p>&nbsp;<\/p>\n<ul>\n<li><strong>Zukunftssichere Technologie:<\/strong> ARTEX ist ein etablierter Name in der Luftfahrttechnologie, und der FTP-Programmierer f\u00fcr Surface-Tablets ist so konzipiert, dass er sich Ihren Bed\u00fcrfnissen anpasst. Profitieren Sie von regelm\u00e4\u00dfigen Software-Updates und bleiben Sie so stets auf dem neuesten Stand der Branchenstandards und -vorschriften. <\/li>\n<\/ul>\n<p>&nbsp;<\/p>\n<ul>\n<li><strong>Programmierung:<\/strong> ARTEX FPT ist in der Lage, das gew\u00fcnschte Protokoll, die NAV-Daten-Baudrate und die erforderlichen Informationen gem\u00e4\u00df den Vorgaben von Cospas-Sarsat \u00fcber das entsprechende Programmierkabel zu programmieren.<\/li>\n<\/ul>\n<p>&nbsp;<\/p>\n<ul>\n<li><strong>Druckfunktion:<\/strong> ARTEX FPT kann einen Bericht zur Kundenverifizierung f\u00fcr Ihre Unterlagen ausdrucken.<\/li>\n<\/ul>\n<p>&nbsp;<\/p>\n<p>&nbsp;<\/p>\n<p><strong>Hinweis:<\/strong> Dieses Programmierger\u00e4t misst weder die Sendeleistung noch liest es die vom Funkger\u00e4t ausgesendeten Bakensignale. Die FPT-8800-Serie liest den internen Speicher aus und programmiert den ELT ausschlie\u00dflich gem\u00e4\u00df den zugelassenen Cospas-Sarsat-Protokollen um. F\u00fcr die j\u00e4hrliche Pr\u00fcfung der Bakenleistung ist ein externes 406-MHz-Leistungspr\u00fcfger\u00e4t wie beispielsweise Viavi 10K oder WST BT-200 erforderlich. Bitte informieren Sie sich bei Ihrer zust\u00e4ndigen Beh\u00f6rde \u00fcber die Pr\u00fcfanforderungen f\u00fcr ELTs im Rahmen der planm\u00e4\u00dfigen Inspektionen.   <\/p>\n<p>&nbsp;<\/p>\n<p>Der ARTEX 8805 Series Programmer wird in folgenden Konfigurationen erh\u00e4ltlich sein:<\/p>\n<table width=\"714\">\n<tbody>\n<tr>\n<td colspan=\"2\" width=\"714\"><strong>P\/N-Programmierfunktionen<\/strong><\/td>\n<\/tr>\n<tr>\n<td width=\"62\">Teilenummer 8805<\/td>\n<td width=\"652\">Nur Tablet und Software<\/td>\n<\/tr>\n<tr>\n<td width=\"62\">Teilenummer 8806<\/td>\n<td width=\"652\">ELT 345, 1000 und ME406<\/td>\n<\/tr>\n<tr>\n<td width=\"62\">Teilenummer 8807<\/td>\n<td width=\"652\">ELT 345, 1000, ME406, C406-N, C406-N HM, C406-1, C406-1 HM, C406-2, C406-2 HM, B406-4 und G406-4<\/td>\n<\/tr>\n<tr>\n<td width=\"62\">Teilenummer 8808<\/td>\n<td width=\"652\"><a href=\"https:\/\/www.acrartex.com\/de\/products\/elt-345\/\">ELT 345<\/a> , <a href=\"https:\/\/www.acrartex.com\/de\/products\/elt-1000\/\">1000<\/a> , <a href=\"https:\/\/www.acrartex.com\/de\/products\/me406-elt\/\">ME406<\/a> , <a href=\"https:\/\/www.acrartex.com\/de\/products\/elt-3000\/\">ELT 3000,<\/a> <a href=\"https:\/\/www.acrartex.com\/de\/products\/elt-3000hm\/\">ELT 3000HM<\/a> , <a href=\"https:\/\/www.acrartex.com\/de\/products\/elt-4000\/\">ELT 4000<\/a> , <a href=\"https:\/\/www.acrartex.com\/de\/products\/elt-4000hm\/\">ELT 4000HM<\/a> , <a href=\"https:\/\/www.acrartex.com\/de\/products\/c406-n\/\">C406-N<\/a> , <a href=\"https:\/\/www.acrartex.com\/de\/products\/c406-n-hm\/\">C406-N HM<\/a> , <a href=\"https:\/\/www.acrartex.com\/de\/products\/c406-1\/\">C406-1<\/a> , <a href=\"https:\/\/www.acrartex.com\/de\/products\/c406-1-hm\/\">C406-1 HM<\/a> , <a href=\"https:\/\/www.acrartex.com\/de\/products\/c406-2\/\">C406-2<\/a> , <a href=\"https:\/\/www.acrartex.com\/de\/products\/c406-2-hm\/\">C406-2 HM<\/a> , <a href=\"https:\/\/www.acrartex.com\/de\/products\/b406-4\/\">B406-4<\/a> und <a href=\"https:\/\/www.acrartex.com\/de\/products\/g406-4-elt\/\">G406-4<\/a><\/td>\n<\/tr>\n<tr>\n<td width=\"62\">Teilenummer 8809<\/td>\n<td width=\"652\"><a href=\"https:\/\/www.acrartex.com\/de\/products\/elt-4000s\/\">ELT 4000S<\/a><\/td>\n<\/tr>\n<\/tbody>\n<\/table>\n<p>&nbsp;<\/p>\n<p>&nbsp;<\/p>\n","protected":false},"excerpt":{"rendered":"<p>Nutzen Sie die Vorteile fortschrittlicher Technologie mit dem ARTEX Programmer f\u00fcr ELTs \u2013 einer revolution\u00e4ren L\u00f6sung, die die Verwaltung und Programmierung Ihrer ARTEX-Notfallsender grundlegend ver\u00e4ndern wird. Das ARTEX FPT (Field Programming Tablet) basiert auf der Microsoft Surface-Plattform und ist ein hochmodernes Ger\u00e4t, das sich nahtlos in Ihre bestehenden ELTs im Feld integrieren l\u00e4sst und Ihren Betrieb um eine neue \u00c4ra der Effizienz und Zuverl\u00e4ssigkeit erweitert. <\/p>\n<p><span style=\"font-size: 11pt;\"><span style=\"font-family: Calibri,sans-serif;\"><a style=\"color: blue; text-decoration: underline;\" href=\"https:\/\/www.dropbox.com\/s\/fk04stqsp2hgk5f\/Prop%2065%20-%20DEHP.pdf?dl=0\"><span style=\"color: #000000;\">WARNUNG: PROP 65<\/span><\/a><\/span><\/span><\/p>\n<p>&nbsp;<\/p>\n","protected":false},"featured_media":85834,"template":"","meta":{"_acf_changed":false,"om_disable_all_campaigns":false},"product_brand":[],"product_cat":[6031,6032,5572,5570,8486],"product_tag":[15609,15453,15608,15607,15454,15456,15455,10984,10924],"class_list":{"0":"post-159590","1":"product","2":"type-product","3":"status-publish","4":"has-post-thumbnail","6":"product_cat-allgemeine-luftfahrt","7":"product_cat-business-jet-de","8":"product_cat-drehflugler","9":"product_cat-luftfahrt","10":"product_cat-verkehrsflugzeuge","11":"product_tag-artex-feldprogrammierer","12":"product_tag-artex-programmierer","13":"product_tag-artex-feldprogrammiertablett","14":"product_tag-artex-fpt-de","15":"product_tag-artex-tablet-de","16":"product_tag-artex-test-und-programmierset","17":"product_tag-artex-tps-de","18":"product_tag-elt-programmierer","19":"product_tag-tps-de","21":"first","22":"instock","23":"taxable","24":"shipping-taxable","25":"purchasable","26":"product-type-variable"},"acf":[],"_links":{"self":[{"href":"https:\/\/www.acrartex.com\/de\/wp-json\/wp\/v2\/product\/159590","targetHints":{"allow":["GET"]}}],"collection":[{"href":"https:\/\/www.acrartex.com\/de\/wp-json\/wp\/v2\/product"}],"about":[{"href":"https:\/\/www.acrartex.com\/de\/wp-json\/wp\/v2\/types\/product"}],"wp:featuredmedia":[{"embeddable":true,"href":"https:\/\/www.acrartex.com\/de\/wp-json\/wp\/v2\/media\/85834"}],"wp:attachment":[{"href":"https:\/\/www.acrartex.com\/de\/wp-json\/wp\/v2\/media?parent=159590"}],"wp:term":[{"taxonomy":"product_brand","embeddable":true,"href":"https:\/\/www.acrartex.com\/de\/wp-json\/wp\/v2\/product_brand?post=159590"},{"taxonomy":"product_cat","embeddable":true,"href":"https:\/\/www.acrartex.com\/de\/wp-json\/wp\/v2\/product_cat?post=159590"},{"taxonomy":"product_tag","embeddable":true,"href":"https:\/\/www.acrartex.com\/de\/wp-json\/wp\/v2\/product_tag?post=159590"}],"curies":[{"name":"wp","href":"https:\/\/api.w.org\/{rel}","templated":true}]}}