{"id":159453,"date":"2024-12-05T11:37:40","date_gmt":"2024-12-05T16:37:40","guid":{"rendered":"https:\/\/www.acrartex.com\/products\/remote-funktionsfeld\/"},"modified":"2026-03-06T09:09:16","modified_gmt":"2026-03-06T14:09:16","slug":"remote-funktionsfeld","status":"publish","type":"product","link":"https:\/\/www.acrartex.com\/de\/products\/remote-funktionsfeld\/","title":{"rendered":"Remote-Funktionsfeld"},"content":{"rendered":"<p>ARTEX , eine exklusive Marke von ACR Electronics und Branchenf\u00fchrer in der Luftfahrttechnologie, setzt weiterhin auf Innovation und unersch\u00fctterliche Zuverl\u00e4ssigkeit. Wir stellen Ihnen den ARTEX RFP vor \u2013 eine innovative Erg\u00e4nzung unserer Flugsicherheitsl\u00f6sungen. <\/p>\n<p>Der RFP Programmer ist ein robustes, benutzerfreundliches Unterst\u00fctzungstool f\u00fcr den <a href=\"https:\/\/www.acrartex.com\/de\/products\/elt-5000-distress-tracking-dt-fuer-gadss-konformitaet\/\">ARTEX ELT 5000<\/a> , das sowohl f\u00fcr den Einsatz im Labor als auch im Feld konzipiert wurde. F\u00fcr Flottenmanager, Fluggesellschaften und Dienstleister, die sich auf ARTEX ELT 5000 spezialisiert haben, dient dieses unverzichtbare Werkzeug nicht nur als ELT 5000 Programmierger\u00e4t, sondern tr\u00e4gt auch zur Optimierung der Abl\u00e4ufe und zur Steigerung der Effizienz bei.<\/p>\n<p>Das RFP-Kit enth\u00e4lt ein robustes Tablet, ein 25-Zoll-Schnittstellenkabel und die f\u00fcr Ihre Konfiguration erforderliche Software.<\/p>\n<p>Mit der RFP kann der Benutzer die folgenden Aktionen ausf\u00fchren:<\/p>\n<ul>\n<li>\u00dcberwachen Sie ARINC-Labels<\/li>\n<li>CCP-Switch \u00fcberwachen<\/li>\n<li>Akkulaufzeit<\/li>\n<li>F\u00fchren Sie eine Reihe von Selbsttests durch<\/li>\n<li>\u00dcberwachen von Ereignisprotokollen<\/li>\n<li>Protokolldaten herunterladen<\/li>\n<li>Selbsttestbericht herunterladen<\/li>\n<li>Summer stummschalten<\/li>\n<\/ul>\n<p>&nbsp;<\/p>\n<p><strong>ARTEX RFP-Hauptfunktionen:<\/strong><\/p>\n<p><a href=\"https:\/\/www.microsoft.com\/en-us\/surface\/business\/surface-go-4\"><strong>Basierend auf Microsoft Surface Tablets<\/strong><\/a> : Nutzt die Leistungsf\u00e4higkeit des Microsoft Surface Tablets und bietet eine benutzerfreundliche Oberfl\u00e4che sowie ein vertrautes, intuitives Benutzererlebnis. Nehmen Sie Ihr Englischunterrichtsprogramm mit auf Reisen und verbessern Sie so die Zug\u00e4nglichkeit und Flexibilit\u00e4t.<\/p>\n<p><strong>Intuitive Benutzeroberfl\u00e4che:<\/strong> Programmieren Sie Ihre ELTs m\u00fchelos mit unserer benutzerfreundlichen Oberfl\u00e4che. Schluss mit dem Entschl\u00fcsseln komplexer Men\u00fcs oder dem Kampf mit umst\u00e4ndlichen Schaltfl\u00e4chen. Mit dem ARTEX RFP wird die ELT-Programmierung zum Kinderspiel, spart Ihnen Zeit und reduziert das Fehlerpotenzial.  <\/p>\n<p><strong>Verbesserte Leistung:<\/strong> Mit dem ARTEX RFP k\u00f6nnen Sie pr\u00e4zise auf kritische Einstellungen zugreifen und diese \u00e4ndern und so sicherstellen, dass Ihre ELTs optimal funktionieren.<\/p>\n<p><strong>Umfassendes Datenmanagement:<\/strong> Behalten Sie den \u00dcberblick \u00fcber alle Ihre ELTs an einem Ort mit den umfassenden Datenmanagementfunktionen von ARTEX RFP. Speichern, Abrufen und \u00dcberpr\u00fcfen von Programmierdaten und -verlauf ganz einfach, um Compliance und Einsatzbereitschaft sicherzustellen. <\/p>\n<p><strong>Zukunftssichere Technologie:<\/strong> ARTEX ist ein vertrauensw\u00fcrdiger Name in der Luftfahrttechnologie, und der RFP-Programmierer f\u00fcr Surface Tablets ist so konzipiert, dass er sich Ihren Anforderungen anpasst. Erhalten Sie regelm\u00e4\u00dfige Software-Updates, um Branchenstandards und -vorschriften stets einzuhalten. <\/p>\n<p><strong>Programmierung:<\/strong> ARTEX RFP kann das gew\u00fcnschte Protokoll und die von GADSS ben\u00f6tigten Informationen gem\u00e4\u00df den Vorgaben von Cospas-Sarsat \u00fcber die enthaltene Schnittstelle programmieren.<\/p>\n<p><strong>Druckfunktion:<\/strong> ARTEX RFP kann einen Bericht zur Datensatzkonformit\u00e4t drucken.<\/p>\n","protected":false},"excerpt":{"rendered":"<p>Das RFP ist ein von ARTEX entwickeltes Wartungstool zur Unterst\u00fctzung der Wartung des ACR Electronics ARTEX ELT 5000 ( ELT -DT). Das ARTEX RFP bietet wichtige Konfigurations-, Wartungs- und Fehlerbehebungsfunktionen. Das Ger\u00e4t wird \u00fcber ein einziges Kabel entweder mit einem Remote-Interface-Panel oder direkt mit dem ELT -DT verbunden. Das RFP ist erforderlich, um die j\u00e4hrlichen ELT Testanforderungen f\u00fcr FAA- und EASA-zertifizierte Flugzeuge zu erf\u00fcllen.   <\/p>\n<p><span style=\"font-size: 11pt;\"><span style=\"font-family: Calibri,sans-serif;\"><a style=\"color: blue; text-decoration: underline;\" href=\"https:\/\/www.dropbox.com\/s\/fk04stqsp2hgk5f\/Prop%2065%20-%20DEHP.pdf?dl=0\"><span style=\"color: #000000;\">WARNUNG: PROP 65<\/span><\/a><\/span><\/span><\/p>\n","protected":false},"featured_media":159457,"template":"","meta":{"_acf_changed":false,"om_disable_all_campaigns":false},"product_brand":[],"product_cat":[6031,6032,5572,5570,8486],"product_tag":[15453,15458,15457,15459,15454,15456,15455,15461,10984,15460,10924],"class_list":{"0":"post-159453","1":"product","2":"type-product","3":"status-publish","4":"has-post-thumbnail","6":"product_cat-allgemeine-luftfahrt","7":"product_cat-business-jet-de","8":"product_cat-drehflugler","9":"product_cat-luftfahrt","10":"product_cat-verkehrsflugzeuge","11":"product_tag-artex-programmierer","12":"product_tag-artex-remote-funktionspanel","13":"product_tag-artex-rfp-de","14":"product_tag-artex-rfp-tablet-de","15":"product_tag-artex-tablet-de","16":"product_tag-artex-test-und-programmierset","17":"product_tag-artex-tps-de","18":"product_tag-elt-dt-programmierer","19":"product_tag-elt-programmierer","20":"product_tag-elt-5000-programmierer","21":"product_tag-tps-de","23":"first","24":"instock","25":"taxable","26":"shipping-taxable","27":"purchasable","28":"product-type-variable"},"acf":[],"_links":{"self":[{"href":"https:\/\/www.acrartex.com\/de\/wp-json\/wp\/v2\/product\/159453","targetHints":{"allow":["GET"]}}],"collection":[{"href":"https:\/\/www.acrartex.com\/de\/wp-json\/wp\/v2\/product"}],"about":[{"href":"https:\/\/www.acrartex.com\/de\/wp-json\/wp\/v2\/types\/product"}],"wp:featuredmedia":[{"embeddable":true,"href":"https:\/\/www.acrartex.com\/de\/wp-json\/wp\/v2\/media\/159457"}],"wp:attachment":[{"href":"https:\/\/www.acrartex.com\/de\/wp-json\/wp\/v2\/media?parent=159453"}],"wp:term":[{"taxonomy":"product_brand","embeddable":true,"href":"https:\/\/www.acrartex.com\/de\/wp-json\/wp\/v2\/product_brand?post=159453"},{"taxonomy":"product_cat","embeddable":true,"href":"https:\/\/www.acrartex.com\/de\/wp-json\/wp\/v2\/product_cat?post=159453"},{"taxonomy":"product_tag","embeddable":true,"href":"https:\/\/www.acrartex.com\/de\/wp-json\/wp\/v2\/product_tag?post=159453"}],"curies":[{"name":"wp","href":"https:\/\/api.w.org\/{rel}","templated":true}]}}