{"id":159409,"date":"2024-06-11T10:06:29","date_gmt":"2024-06-11T15:06:29","guid":{"rendered":"https:\/\/www.acrartex.com\/products\/exposure-olas-man-overboard-float-on-light-wasserdicht-handleuchte-und-mob-sender\/"},"modified":"2025-07-29T14:01:45","modified_gmt":"2025-07-29T19:01:45","slug":"exposure-olas-man-overboard-float-on-light-wasserdicht-handleuchte-und-mob-sender","status":"publish","type":"product","link":"https:\/\/www.acrartex.com\/de\/products\/exposure-olas-man-overboard-float-on-light-wasserdicht-handleuchte-und-mob-sender\/","title":{"rendered":"EXPOSURE OLAS Man Overboard Float On Light \u2013 Wasserdicht, Handleuchte und MOB Sender"},"content":{"rendered":"<div class=\"panel-block-row col-md-12 title-v7\">\n<div class=\"content-heading\">\n<h3 class=\"title\"><strong style=\"font-size: 16px;\">Verfolgen Sie OLAS -Sender direkt mit Ihrem Telefon \u2013 keine zus\u00e4tzliche Hardware erforderlich<\/strong><\/h3>\n<\/div>\n<\/div>\n<p>Die OLAS -App ist kostenlos f\u00fcr iOS- und Android-Ger\u00e4te erh\u00e4ltlich und erm\u00f6glicht die m\u00fchelose \u00dcberwachung von bis zu 6 OLAS Sendern. Sie ist ideal f\u00fcr Schiffe bis zu einer L\u00e4nge von 9 Metern und eine kosteng\u00fcnstige L\u00f6sung zur schnellen Selbstbergung \u2013 perfekt f\u00fcr Hochseesegelabenteuer allein oder mit kleiner Crew. <\/p>\n<p><strong>Bewegungsfreiheit und Sicherheit<\/strong><\/p>\n<p>Kombinieren Sie OLAS -Sender mit Guardian- oder N2K-Motorstoppsystemen, um sie als drahtlose Notausschalter zu nutzen. So k\u00f6nnen Motorboot- und RIB-Fahrer ihr Boot sofort stoppen, wenn Kapit\u00e4n oder Besatzung getrennt werden. So werden Unf\u00e4lle durch unbemannte, unkontrollierte Boote verhindert. Dies ist eine unverzichtbare Sicherheitsl\u00f6sung f\u00fcr alleingesteuerte Motorboote und Fischerboote und bietet Bewegungsfreiheit rund um das Boot w\u00e4hrend des Betriebs.  <\/p>\n<h3 class=\"subheading mt sm-mt size--default sm-size--default\">Tragbares \u00dcberbord-Alarmsystem<\/h3>\n<p>Kombinieren Sie OLAS -Sender mit dem OLAS Core, einem tragbaren 5-V-\u00dcberbordalarmsystem, das bis zu 25 Sender auf Schiffen bis zu 15 Metern L\u00e4nge \u00fcberwachen kann. Dieses System ist unverzichtbar f\u00fcr Benutzer, die Schiffe ohne installierte \u00dcberbordalarmsysteme besteigen, z. B. auf Charterreisen oder bei Schiffslieferungen mit kleiner Besatzung. <\/p>\n<p style=\"margin: 0in 0in 0.0001pt;\"><span style=\"font-size: 16px;\"><span style=\"line-height: 150%;\">  <\/span><\/span><\/p>\n<p style=\"text-align: justify; margin: 0in 0in 0.0001pt;\"><span style=\"font-size: 16px;\"><span style=\"line-height: 150%;\"><b>Hauptmerkmale:<\/b><\/span><\/span><\/p>\n<ul>\n<li style=\"text-align: justify; margin: 0in 0in 0.0001pt;\"><span style=\"font-size: 16px;\"><span style=\"line-height: 150%;\"><a name=\"_Hlk8669295\"><\/a>  Kostenlose OLAS Mobil-App-Integration<\/span><\/span><\/li>\n<li style=\"margin: 0in 0in 0.0001pt;\"><span style=\"font-size: 16px;\"><span style=\"line-height: 150%;\">LED-Taschenlampe (Niedrig\/Mittel\/Hoch)<\/span><\/span><\/li>\n<li style=\"margin: 0in 0in 0.0001pt;\"><span style=\"font-size: 16px;\"><span style=\"line-height: 150%;\">Wasseraktiviertes Stroboskop<\/span><\/span><\/li>\n<li style=\"margin: 0in 0in 0.0001pt;\"><span style=\"font-size: 16px;\"><span style=\"line-height: 150%;\">Wasserdicht (IP67)<\/span><\/span><\/li>\n<li style=\"margin: 0in 0in 0.0001pt;\"><span style=\"font-size: 16px;\"><span style=\"line-height: 150%;\">Schwimmf\u00e4hig<\/span><\/span><\/li>\n<li style=\"margin: 0in 0in 0.0001pt;\"><span style=\"font-size: 16px;\"><span style=\"line-height: 150%;\"><a name=\"_Hlk8669342\"><\/a>Bluetooth\u00ae 4.1-kompatibel<\/span><\/span><\/li>\n<li style=\"margin: 0in 0in 0.0001pt;\"><span style=\"font-size: 16px;\"><span style=\"line-height: 150%;\">Batteriestandsanzeige<\/span><\/span><\/li>\n<li style=\"margin: 0in 0in 0.0001pt;\"><span style=\"font-size: 16px;\"><span style=\"line-height: 150%;\">Schnellladung (3 Stunden)<\/span><\/span><\/li>\n<li style=\"margin: 0in 0in 0.0001pt;\"><span style=\"font-size: 16px;\"><span style=\"line-height: 150%;\">USB wiederaufladbar<\/span><\/span><\/li>\n<\/ul>\n","protected":false},"excerpt":{"rendered":"<p>Die OLAS Float-On ist eine wasserdichte, schwimmf\u00e4hige Taschenlampe mit integriertem OLAS Sender. Die einzigartige Integration der MOB Technologie (wasseraktiviertes Blitzlicht) von Exposure und OLAS Konnektivit\u00e4t in einem Produkt schafft ein multifunktionales Sicherheitsger\u00e4t f\u00fcr Anf\u00e4nger und erfahrene Bootsfahrer. Die Kombination aus Alarm und leistungsstarkem Blitzlicht sorgt daf\u00fcr, dass der MOB w\u00e4hrend der gesamten Rettungsaktion sichtbar bleibt.  <\/p>\n<p>Die OLAS Float-On werden von der OLAS Anwendung verfolgt, w\u00e4hrend sie sich an Bord vom Mobilger\u00e4t oder \u00fcber Core, Guardian und Extender befinden.<\/p>\n<p><strong>Vorteile OLAS Float-On:<\/strong> Wiederaufladbarer OLAS Sender, wasserdicht, schwimmend, durch Wasser aktiviertes Stroboskop (MOBT), Batterie-Feedback, \u00fcber USB wiederaufladbar. F\u00fcr die Funktion der OLAS App ist mindestens iOS 11 oder Android 5.1 erforderlich.<\/p>\n<p><strong>Im Lieferumfang enthalten:<\/strong> OLAS Float-On, Micro-USB-Ladekabel, Benutzerhandbuch<\/p>\n<p style=\"margin-top: 0in; margin-right: 0in; margin-left: 0in;\"><span style=\"font-size: 16px;\"><span style=\"background: white;\"><span style=\"line-height: 150%;\"> <\/span><\/span><\/span><\/p>\n<p style=\"margin-top: 0in; margin-right: 0in; margin-left: 0in;\"><a href=\"https:\/\/www.dropbox.com\/s\/fk04stqsp2hgk5f\/Prop%2065%20-%20DEHP.pdf?dl=0\">WARNUNG: PROP 65<\/a><\/p>\n<p>&nbsp;<\/p>\n<p>&nbsp;<\/p>\n","protected":false},"featured_media":159414,"template":"","meta":{"_acf_changed":false,"om_disable_all_campaigns":false},"product_brand":[],"product_cat":[6024,6023,6026,5636,6025],"product_tag":[12410,12426,11038,12396,12442,12382,11185,11825,11176,12080,11847,12456],"class_list":{"0":"post-159409","1":"product","2":"type-product","3":"status-publish","4":"has-post-thumbnail","6":"product_cat-in-kustennahe","7":"product_cat-inland-de","8":"product_cat-kommerziell","9":"product_cat-marine-de","10":"product_cat-vor-der-kuste","11":"product_tag-2982-de","12":"product_tag-besatzung-uber-bord","13":"product_tag-blitzlicht","14":"product_tag-bluetooth-de","15":"product_tag-cob-de","16":"product_tag-float-on-de","17":"product_tag-mann-uber-bord","18":"product_tag-mann-uber-bord-system","19":"product_tag-mob-de","20":"product_tag-mob-system-de","21":"product_tag-olas-de","22":"product_tag-taschenlampe","23":"pa_boat-size-0-20-de","24":"pa_boat-size-21-40-de","25":"pa_boat-size-40-80-de","26":"pa_boat-size-80-de","27":"pa_boat-type-charteryacht-de","28":"pa_boat-type-frachtschiff","29":"pa_boat-type-kommerzielle-fischerei","30":"pa_boat-type-motorboot","31":"pa_boat-type-schlepper","32":"pa_boat-type-segelboot","33":"pa_boat-type-sportcraft-de","34":"pa_boat-type-yacht-de","35":"pa_product-signalprodukte-de","37":"first","38":"instock","39":"taxable","40":"shipping-taxable","41":"purchasable","42":"product-type-simple"},"acf":[],"_links":{"self":[{"href":"https:\/\/www.acrartex.com\/de\/wp-json\/wp\/v2\/product\/159409","targetHints":{"allow":["GET"]}}],"collection":[{"href":"https:\/\/www.acrartex.com\/de\/wp-json\/wp\/v2\/product"}],"about":[{"href":"https:\/\/www.acrartex.com\/de\/wp-json\/wp\/v2\/types\/product"}],"wp:featuredmedia":[{"embeddable":true,"href":"https:\/\/www.acrartex.com\/de\/wp-json\/wp\/v2\/media\/159414"}],"wp:attachment":[{"href":"https:\/\/www.acrartex.com\/de\/wp-json\/wp\/v2\/media?parent=159409"}],"wp:term":[{"taxonomy":"product_brand","embeddable":true,"href":"https:\/\/www.acrartex.com\/de\/wp-json\/wp\/v2\/product_brand?post=159409"},{"taxonomy":"product_cat","embeddable":true,"href":"https:\/\/www.acrartex.com\/de\/wp-json\/wp\/v2\/product_cat?post=159409"},{"taxonomy":"product_tag","embeddable":true,"href":"https:\/\/www.acrartex.com\/de\/wp-json\/wp\/v2\/product_tag?post=159409"}],"curies":[{"name":"wp","href":"https:\/\/api.w.org\/{rel}","templated":true}]}}