{"id":159346,"date":"2024-04-16T10:16:43","date_gmt":"2024-04-16T15:16:43","guid":{"rendered":"https:\/\/www.acrartex.com\/products\/globalfix-v5-bootssicherheits-kits\/"},"modified":"2024-04-16T10:16:43","modified_gmt":"2024-04-16T15:16:43","slug":"globalfix-v5-bootssicherheits-kits","status":"publish","type":"product","link":"https:\/\/www.acrartex.com\/de\/products\/globalfix-v5-bootssicherheits-kits\/","title":{"rendered":"GlobalFix V5 Bootssicherheits-Kits"},"content":{"rendered":"<p>Wir pr\u00e4sentieren die NEUEN ACR GlobalFix V5 AIS RLS EPIRB Survival Kits f\u00fcr Boote \u2013 ein umfassendes und zuverl\u00e4ssiges Set an lebenswichtigen Ressourcen, das Ihre Sicherheit und Ihr \u00dcberleben in Notf\u00e4llen auf dem Wasser gew\u00e4hrleistet. Diese Kits sind sowohl f\u00fcr erfahrene Segler, begeisterte Angler als auch f\u00fcr wagemutige Segler geeignet und stellen eine unverzichtbare Erg\u00e4nzung Ihrer Bordausr\u00fcstung dar. <\/p>\n<p>Das <strong>Basis-<\/strong> Kit enth\u00e4lt die folgenden wesentlichen \u00dcberlebensprodukte ( <strong>2337.1<\/strong> ):<\/p>\n<ul>\n<li>GlobalFIX V5 AIS CAT. 2 EPIRB <a href=\"https:\/\/www.acrartex.com\/el\/products\/globalfix-v5-ais-epirb-%ce%bc%ce%b5-return-link-service-%ce%ba%ce%b1%ce%b9-%ce%b5%cf%86%ce%b1%cf%81%ce%bc%ce%bf%ce%b3%ce%ae-%ce%b3%ce%b9%ce%b1-%ce%ba%ce%b9%ce%bd%ce%b7%cf%84%ce%ac\/\">Mehr erfahren<\/a> <\/li>\n<li>RapidDitch Express Bag <a href=\"https:\/\/www.acrartex.com\/el\/products\/%cf%84%cf%83%ce%ac%ce%bd%cf%84%ce%b1-rapidditch-express\/\">Mehr erfahren<\/a><\/li>\n<\/ul>\n<p>Das <strong>Plus-<\/strong> Kit enth\u00e4lt die folgenden wichtigen \u00dcberlebensprodukte ( <strong>2338.1<\/strong> ):<\/p>\n<ul>\n<li>GlobalFIX V5 AIS CAT. 2 EPIRB <a href=\"https:\/\/www.acrartex.com\/el\/products\/globalfix-v5-ais-epirb-%ce%bc%ce%b5-return-link-service-%ce%ba%ce%b1%ce%b9-%ce%b5%cf%86%ce%b1%cf%81%ce%bc%ce%bf%ce%b3%ce%ae-%ce%b3%ce%b9%ce%b1-%ce%ba%ce%b9%ce%bd%ce%b7%cf%84%ce%ac\/\">Mehr erfahren<\/a> <\/li>\n<li>RapidDitch Express Bag <a href=\"https:\/\/www.acrartex.com\/el\/products\/%cf%84%cf%83%ce%ac%ce%bd%cf%84%ce%b1-rapidditch-express\/\">Mehr erfahren<\/a><\/li>\n<li>HemiLight \u21223 <a href=\"https:\/\/www.acrartex.com\/el\/products\/%cf%86%cf%89%cf%82-%cf%83%cf%89%cf%83%ce%b9%ce%b2%ce%af%ce%bf%cf%85-hemilight-3-med-%ce%ba%ce%b1%ce%b9-solas\/\">Mehr erfahren<\/a><\/li>\n<li>C-Strobe H2O SOLAS Blitzlicht <a href=\"https:\/\/www.acrartex.com\/products\/c-strobe-h20\/\">Mehr erfahren<\/a><\/li>\n<li>Signalspiegel<\/li>\n<li>WW-3 Res-Q\u2122 Pfeife <a href=\"https:\/\/www.acrartex.com\/el\/products\/%cf%83%cf%86%cf%85%cf%81%ce%af%cf%87%cf%84%cf%81%ce%b1-ww-3-resq\/\">Mehr erfahren<\/a><\/li>\n<\/ul>\n<p>Das <strong>Premium-<\/strong> Kit enth\u00e4lt die folgenden wichtigen \u00dcberlebensprodukte ( <strong>2341.1<\/strong> ):<\/p>\n<ul>\n<li>GlobalFIX V5 AIS Kat. 2 EPIRB mit Return Link Service und NFC Mobile App <a href=\"https:\/\/www.acrartex.com\/el\/products\/globalfix-v5-ais-epirb-%ce%bc%ce%b5-return-link-service-%ce%ba%ce%b1%ce%b9-%ce%b5%cf%86%ce%b1%cf%81%ce%bc%ce%bf%ce%b3%ce%ae-%ce%b3%ce%b9%ce%b1-%ce%ba%ce%b9%ce%bd%ce%b7%cf%84%ce%ac\/\">Mehr erfahren<\/a> <\/li>\n<li>ResQlink View RLS PLB 435 <a href=\"https:\/\/www.acrartex.com\/el\/products\/resqlink-view-personal-locator-beacon-rls\/\">Mehr erfahren<\/a><\/li>\n<li>Elektronisches Notsignal ResQflare (USCG-zertifiziert) <a href=\"https:\/\/www.acrartex.com\/el\/products\/resqflare-%ce%b7%ce%bb%ce%b5%ce%ba%cf%84%cf%81%ce%bf%ce%bd%ce%b9%ce%ba%ce%ae-%cf%86%cf%89%cf%84%ce%bf%ce%b2%ce%bf%ce%bb%ce%af%ce%b4%ce%b1-%ce%ad%ce%ba%cf%84%ce%b1%ce%ba%cf%84%ce%b7%cf%82-%ce%b1\/\">Mehr erfahren<\/a><\/li>\n<li>FireFly PRO Waterbug \u2013 SOLAS-zugelassenes Blitzlicht mit integrierter Wasseraktivierung. <a href=\"https:\/\/www.acrartex.com\/products\/firefly-pro-waterbug\/\">Mehr erfahren<\/a><\/li>\n<li>RapidDitch Express Bag <a href=\"https:\/\/www.acrartex.com\/el\/products\/%cf%84%cf%83%ce%ac%ce%bd%cf%84%ce%b1-rapidditch-express\/\">Mehr erfahren<\/a><\/li>\n<li>HemiLight \u21223 <a href=\"https:\/\/www.acrartex.com\/el\/products\/%cf%86%cf%89%cf%82-%cf%83%cf%89%cf%83%ce%b9%ce%b2%ce%af%ce%bf%cf%85-hemilight-3-med-%ce%ba%ce%b1%ce%b9-solas\/\">Mehr erfahren<\/a><\/li>\n<li>Signalspiegel<\/li>\n<li>WW-3 Res-Q\u2122 Pfeife <a href=\"https:\/\/www.acrartex.com\/el\/products\/%cf%83%cf%86%cf%85%cf%81%ce%af%cf%87%cf%84%cf%81%ce%b1-ww-3-resq\/\">Mehr erfahren<\/a><\/li>\n<\/ul>\n<p>Wir stellen das fortschrittlichste EPIRB ( <a href=\"https:\/\/www.acrartex.com\/de\/news\/was-ist-ein-epirb-oder-ein-notfunkfeuer-zur-positionsanzeige\/\">Emergency Position Indicating Radio Beacon<\/a> ) auf dem Markt vor. Das neue ACR GlobalFix V5 EPIRB kombiniert 406 MHz-Satellitenkonnektivit\u00e4t mit AIS -Funktionalit\u00e4t ( Automatic Identification System ). Wenn das EPIRB aktiviert wird, \u00fcbertr\u00e4gt es nicht nur Ihr Notsignal an das globale Satellitenrettungssystem <a href=\"https:\/\/www.cospas-sarsat.int\/en\/\">Cospas Sarsat<\/a> , sondern sendet auch eine AIS Sicherheitsmeldung auf VHF-Frequenzen, die von jedem AIS ausger\u00fcsteten Schiff in der N\u00e4he sofort gesehen werden kann. Zu den weiteren gro\u00dfartigen Funktionen geh\u00f6ren die RLS Technologie ( Return Link Service ), die dem Benutzer eine visuelle Best\u00e4tigung des Empfangs seiner Notmeldung liefert, ein 121,5 MHz-Zielsuchsignal sowie sichtbare und infrarote Blitzlichter zur einfachen Zielidentifizierung bei Nacht oder schlechter Sicht. Eine weitere neue Funktion ist Near Field Communication ( NFC ), mit der Benutzer ihr EPIRB mithilfe einer Smartphone-App \u00fcberwachen k\u00f6nnen. ACR ist der weltweit f\u00fchrende Anbieter von Sicherheits- und Rettungstechnologie f\u00fcr den Seeverkehr und die neue GlobalFix V5 GPS EPIRB mit AIS kombiniert die bekannte Haltbarkeit und Zuverl\u00e4ssigkeit mit fortschrittlicher Technologie zur Beschleunigung der Reaktionszeit bei Rettungseins\u00e4tzen.     <\/p>\n<h3><strong>Schnellere AIS EPIRB Rettungen durch die Kombination globaler und lokaler Rettung<\/strong><\/h3>\n<p>Die ACR GlobalFix V5 EPIRB bestimmt ihre Position \u00fcberall auf der Welt mithilfe von GNSS-Positionierungsnetzwerken ( GPS , Galileo, Glonass). Nach der Aktivierung \u00fcbertragen 406 MHz-Notruf\u00fcbertragungen die auf 100 Meter genaue GPS EPIRB Position (GPIRB) an das weltweite Such- und Rettungssatellitennetzwerk Cospas Sarsat. EPIRB Kennungen und Positionsinformationen werden \u00fcber das Satellitensystem an Bodenstationen weitergeleitet, die Rettungsma\u00dfnahmen einleiten. Mit der jetzt in die EPIRB integrierten fortschrittlichen AIS Technologie wird nach der Aktivierung ein AIS Signal gesendet, sodass in der N\u00e4he befindliche Schiffe mit einem AIS Transponder sofort \u00fcber die Position des Bootes informiert werden. Mit AIS ausger\u00fcstete Schiffe innerhalb der VHF-Reichweite des Leuchtfeuers sehen auf ihren Bildschirmen eine Sicherheitsmeldung einschlie\u00dflich der MMSI-Schiffsidentifikation. Schiffe in dem Gebiet, in dem die EPIRB aktiviert wurde, k\u00f6nnen dann sofort mit Rettungs- und Bergungsma\u00dfnahmen beginnen, ohne auf eine Notfallreaktion der zust\u00e4ndigen SAR-Beh\u00f6rde warten zu m\u00fcssen. AIS erm\u00f6glicht es lokalen Einsatzkr\u00e4ften au\u00dferdem, den Standort der EPIRB einfach zu bestimmen, da dieser als AIS Ziel auf ihrem Borddisplay angezeigt wird. Schiffe in der N\u00e4he mit integriertem AIS k\u00f6nnen durch Auswahl des AIS Ziels direkt zur EPIRB navigieren.        Dieser unglaubliche technologische Fortschritt wird die Genesungszeiten verk\u00fcrzen und mit Sicherheit Leben retten.<\/p>\n<h3><strong>Smartphone-Konnektivit\u00e4t mittels Near Field Communication ( NFC )<\/strong><\/h3>\n<p><a href=\"https:\/\/www.youtube.com\/watch?v=WqE0ag4yqG4\">NFC Technologie ( Near Field Communication )<\/a> erm\u00f6glicht Benutzern den Zugriff auf EPIRB -Diagnose \u00fcber ihr Smartphone. Wird ein Smartphone neben den GlobalFix V5 Emergency Positioning Indicating Radio Beacon gehalten, \u00f6ffnet sich automatisch die ACR -Produkt-App und bietet Zugriff auf die Beacon-Daten. Zu den Statusinformationen der Beacons in der App z\u00e4hlen die aktuelle Akkulaufzeit, die Anzahl der durchgef\u00fchrten Selbsttests, die Anzahl der durchgef\u00fchrten GNSS-Tests und die Zeit, die die EPIRB aktiviert war. Detaillierte Informationen zu jedem vom Ger\u00e4t durchgef\u00fchrten Selbsttest und GNSS-Test sind ebenfalls verf\u00fcgbar. GNSS-Tests zeigen eine Kartenansicht mit dem genauen Ort des vorherigen Tests, Datum und Uhrzeit des Tests, wie lange die EPIRB f\u00fcr die GNSS-Koordinaten ben\u00f6tigte, die Anzahl der f\u00fcr diese Fixierung verwendeten Satelliten und die Genauigkeit der Fixierung. Durch die einfache App-Konnektivit\u00e4t mit NFC k\u00f6nnen Benutzer den Status aller EPIRB -Funktionen einfach \u00fcberpr\u00fcfen, um sicherzustellen, dass sie richtig funktionieren.     <\/p>\n<h3><strong>Return Link Service ( RLS )<\/strong><\/h3>\n<p>Return Link Service informiert den Ausl\u00f6senden der EPIRB \u00fcber die Zustellung der Notmeldung. Ein \u00fcber das Galileo-Satellitennetzwerk gesendetes RLS Signal best\u00e4tigt die \u00dcbermittlung der Notmeldung sowie den genauen Standort und die Kennung des Senders. Ein gut sichtbares blaues Blinklicht zeigt den erfolgreichen Empfang der Return Link-Meldung vom Galileo-Satellitennetzwerk durch die EPIRB an. Das beruhigende Gef\u00fchl, dass Rettungskr\u00e4fte wissen, dass eine EPIRB aktiviert wurde und ihren Standort kennen, tr\u00e4gt dazu bei, den Stress in Notsituationen zu reduzieren.   <\/p>\n<p>ACR ist spezialisiert auf elektronische Rettungsger\u00e4te und andere lebensrettende Produkte f\u00fcr Berufs- und Freizeitseeleute. Dank AIS bietet die innovative neue ACR GlobalFix V5 EPIRB den einfachsten und schnellsten Weg zur Rettung. Der Return Link Service vermittelt ein sicheres Gef\u00fchl, da Sie wissen, dass Ihre Notmeldung empfangen wurde. Near Field Communication bietet Zugriff auf Daten und Produktfunktionen, die bisher keinem EPIRB Kunden zur Verf\u00fcgung standen. Dank der neuen und erweiterten Funktionen ist die GlobalFix V5 EPIRB ideal f\u00fcr Seefahrer, egal ob sie K\u00fcstenfahrten, Offshore-Arbeiten oder Ozean\u00fcberquerungen durchf\u00fchren.   <\/p>\n","protected":false},"excerpt":{"rendered":"<h4><span style=\"color: #000000;\"><strong>Mit Stolz in den USA hergestellt!<\/strong><\/span><\/h4>\n<p><a href=\"https:\/\/www.dropbox.com\/s\/fk04stqsp2hgk5f\/Prop%2065%20-%20DEHP.pdf?dl=0\">WARNUNG: PROP 65<\/a><\/p>\n","protected":false},"featured_media":88813,"template":"","meta":{"_acf_changed":false,"om_disable_all_campaigns":false},"product_brand":[],"product_cat":[6024,6023,6026,5636,14693,6025,2923],"product_tag":[9373,8514,15363,9374,11427,15367,15369,15366,15365,15364,15368,13013,8032,7033,9189,12513,15370],"class_list":{"0":"post-159346","1":"product","2":"type-product","3":"status-publish","4":"has-post-thumbnail","6":"product_cat-in-kustennahe","7":"product_cat-inland-de","8":"product_cat-kommerziell","9":"product_cat-marine-de","10":"product_cat-marine-sicherheitskits","11":"product_cat-vor-der-kuste","12":"product_cat-nicht-kategorisiert","13":"product_tag-406-epirb-de","14":"product_tag-406-mhz-beacon-de","15":"product_tag-acr-406-epirb-de","16":"product_tag-acr-globalfix-de","17":"product_tag-acr-ortungsgerat","18":"product_tag-ais-beacon-de","19":"product_tag-ais-epirb-de","20":"product_tag-ais-sicherheitskit","21":"product_tag-bootfahren","22":"product_tag-boots-uberlebenskit","23":"product_tag-bootssicherheitsset","24":"product_tag-globale-rettung","25":"product_tag-halblicht","26":"product_tag-sicherheit-beim-bootfahren","27":"product_tag-sicherheitstasche-fur-boote","28":"product_tag-signalfackeln","29":"product_tag-stobe-de","31":"first","32":"instock","33":"taxable","34":"shipping-taxable","35":"purchasable","36":"product-type-variable"},"acf":[],"_links":{"self":[{"href":"https:\/\/www.acrartex.com\/de\/wp-json\/wp\/v2\/product\/159346","targetHints":{"allow":["GET"]}}],"collection":[{"href":"https:\/\/www.acrartex.com\/de\/wp-json\/wp\/v2\/product"}],"about":[{"href":"https:\/\/www.acrartex.com\/de\/wp-json\/wp\/v2\/types\/product"}],"wp:featuredmedia":[{"embeddable":true,"href":"https:\/\/www.acrartex.com\/de\/wp-json\/wp\/v2\/media\/88813"}],"wp:attachment":[{"href":"https:\/\/www.acrartex.com\/de\/wp-json\/wp\/v2\/media?parent=159346"}],"wp:term":[{"taxonomy":"product_brand","embeddable":true,"href":"https:\/\/www.acrartex.com\/de\/wp-json\/wp\/v2\/product_brand?post=159346"},{"taxonomy":"product_cat","embeddable":true,"href":"https:\/\/www.acrartex.com\/de\/wp-json\/wp\/v2\/product_cat?post=159346"},{"taxonomy":"product_tag","embeddable":true,"href":"https:\/\/www.acrartex.com\/de\/wp-json\/wp\/v2\/product_tag?post=159346"}],"curies":[{"name":"wp","href":"https:\/\/api.w.org\/{rel}","templated":true}]}}