{"id":159323,"date":"2024-06-11T10:23:22","date_gmt":"2024-06-11T15:23:22","guid":{"rendered":"https:\/\/www.acrartex.com\/products\/exposure-olas-multi-engine-anschluss\/"},"modified":"2024-06-11T10:23:22","modified_gmt":"2024-06-11T15:23:22","slug":"exposure-olas-multi-engine-anschluss","status":"publish","type":"product","link":"https:\/\/www.acrartex.com\/de\/products\/exposure-olas-multi-engine-anschluss\/","title":{"rendered":"EXPOSURE OLAS Multi-Engine-Anschluss"},"content":{"rendered":"","protected":false},"excerpt":{"rendered":"<p>Der OLAS Multi Engine Connector ist f\u00fcr den Betrieb mit bis zu drei Au\u00dfenbordmotoren ausgelegt. Er ist f\u00fcr den Betrieb mit dem OLAS N2K NMEA 2000 Wireless Engine Kill Switch und Mann-\u00fcber-Bord-Alarmsystem oder dem OLAS Guardian Wireless Engine Kill Switch und Mann-\u00fcber-Bord-Alarmsystem konzipiert. Dieses Zubeh\u00f6r wird am h\u00e4ufigsten bei Yamaha-Booten mit zwei- und dreimotorigem Antrieb ben\u00f6tigt und verbindet die mehreren Motoren zu einem Notausschaltersystem.  <\/p>\n<p>Anweisungen zur Verdrahtung finden Sie im Verdrahtungsdiagramm f\u00fcr den Mehrfachmotoranschluss, das als eines der Produktbilder auf dieser Produktseite enthalten ist.<\/p>\n<p class=\"x\" style=\"margin: 0in; text-align: start; margin-right: 0in; margin-left: 0in;\"><span style=\"font-size: 12pt;\"><span style=\"background: white;\"> <\/span><\/span><\/p>\n<p class=\"x\" style=\"margin: 0in; text-align: start; margin-right: 0in; margin-left: 0in;\"><a href=\"https:\/\/www.dropbox.com\/s\/fk04stqsp2hgk5f\/Prop%2065%20-%20DEHP.pdf?dl=0\">WARNUNG: PROP 65<\/a><\/p>\n","protected":false},"featured_media":159324,"template":"","meta":{"_acf_changed":false,"om_disable_all_campaigns":false},"product_brand":[],"product_cat":[6024,6023,6026,5636,6025],"product_tag":[15310,15308,15316,15320,15314,15312,15318,15322],"class_list":{"0":"post-159323","1":"product","2":"type-product","3":"status-publish","4":"has-post-thumbnail","6":"product_cat-in-kustennahe","7":"product_cat-inland-de","8":"product_cat-kommerziell","9":"product_cat-marine-de","10":"product_cat-vor-der-kuste","11":"product_tag-mehrmotoren-kabelbaum","12":"product_tag-multi-engine-anschluss","13":"product_tag-olas-guardian-mehrmotoren-gurtzeug","14":"product_tag-olas-guardian-multi-engine-anschluss","15":"product_tag-olas-mec-de","16":"product_tag-olas-mehrmotorenanschluss","17":"product_tag-olas-n2k-mehrmotoren-kabelbaum","18":"product_tag-olas-n2k-multi-engine-anschluss","20":"first","21":"instock","22":"taxable","23":"shipping-taxable","24":"purchasable","25":"product-type-simple"},"acf":[],"_links":{"self":[{"href":"https:\/\/www.acrartex.com\/de\/wp-json\/wp\/v2\/product\/159323","targetHints":{"allow":["GET"]}}],"collection":[{"href":"https:\/\/www.acrartex.com\/de\/wp-json\/wp\/v2\/product"}],"about":[{"href":"https:\/\/www.acrartex.com\/de\/wp-json\/wp\/v2\/types\/product"}],"wp:featuredmedia":[{"embeddable":true,"href":"https:\/\/www.acrartex.com\/de\/wp-json\/wp\/v2\/media\/159324"}],"wp:attachment":[{"href":"https:\/\/www.acrartex.com\/de\/wp-json\/wp\/v2\/media?parent=159323"}],"wp:term":[{"taxonomy":"product_brand","embeddable":true,"href":"https:\/\/www.acrartex.com\/de\/wp-json\/wp\/v2\/product_brand?post=159323"},{"taxonomy":"product_cat","embeddable":true,"href":"https:\/\/www.acrartex.com\/de\/wp-json\/wp\/v2\/product_cat?post=159323"},{"taxonomy":"product_tag","embeddable":true,"href":"https:\/\/www.acrartex.com\/de\/wp-json\/wp\/v2\/product_tag?post=159323"}],"curies":[{"name":"wp","href":"https:\/\/api.w.org\/{rel}","templated":true}]}}