{"id":159238,"date":"2024-08-16T14:02:09","date_gmt":"2024-08-16T19:02:09","guid":{"rendered":"https:\/\/www.acrartex.com\/products\/exposure-olas-n2k-mann-ueber-bord-notalarm-kabelloser-motor-notschalter\/"},"modified":"2026-03-06T08:44:55","modified_gmt":"2026-03-06T13:44:55","slug":"exposure-olas-n2k-mann-ueber-bord-notalarm-kabelloser-motor-notschalter","status":"publish","type":"product","link":"https:\/\/www.acrartex.com\/de\/products\/exposure-olas-n2k-mann-ueber-bord-notalarm-kabelloser-motor-notschalter\/","title":{"rendered":"EXPOSURE OLAS N2K \u2013 Mann-\u00fcber-Bord-Notalarm, kabelloser Motor-Notschalter"},"content":{"rendered":"<h3>Verfolgen Sie problemlos mehrere Sender oder einzelne Tags<\/h3>\n<p>Der OLAS N2K ist gro\u00dffl\u00e4chig einsetzbar und kann bis zu 25 OLAS -Sender rund um Schiffe mit einer L\u00e4nge von bis zu 30 Metern orten. Egal, ob Sie ein gro\u00dfes Motorschiff oder ein Segelschiff besitzen \u2013 mit diesem Ger\u00e4t sind Sie bestens versorgt. Alternativ kann er zur Ortung eines einzelnen Tags auf einem Motorboot eingesetzt werden und stellt sicher, dass der Motor sofort stoppt, wenn das Steuer \u00fcber Bord f\u00e4llt.  <\/p>\n<h3><\/h3>\n<h3>Lieferung mit wiederaufladbarem OLAS T2-Sender.<\/h3>\n<p>Der OLAS T2 ist ein wasserdichter, kompakter und wiederaufladbarer OLAS Sender. Integrierte Vibrations- und Lichtanzeigen sorgen f\u00fcr eine benutzerfreundliche Statusanzeige des Tags. <\/p>\n<ul>\n<li>Lieferung mit Handschlaufe und Umh\u00e4ngeband<\/li>\n<li>Vibrationsalarm bei niedrigem Batteriestand.<\/li>\n<li>\u00dcber 7 Tage Laufzeit mit einer einzigen Ladung.<\/li>\n<li>2 Stunden Ladezeit.<\/li>\n<li>Motor-Smart-Lock-Steuerung.<\/li>\n<\/ul>\n<h3><\/h3>\n<h3>Verpassen Sie nie wieder ein Mann-\u00fcber-Bord-Ereignis<\/h3>\n<p>Mit dem OLAS N2K k\u00f6nnen Sie schnell auf eine Mann-\u00fcber-Bord-Situation reagieren, da der MOB Verlustpunkt automatisch auf dem Plotter gespeichert wird. Sie m\u00fcssen sich nicht mehr auf Ihr Ged\u00e4chtnis verlassen und riskieren kein Vergessen. Bei Verlust eines OLAS Tags und vermutetem \u00dcberbordgehen werden mehrere Alarme gleichzeitig ausgel\u00f6st, was Ihnen maximale Sicherheit und Aufmerksamkeit bietet.  <\/p>\n<p>&nbsp;<\/p>\n<p>MOB PGN \u2013 Die Meldung \u201eMann \u00fcber Bord\u201c (PGN 127233) wird im NMEA 2000-Netzwerk ausgegeben. Jedes angeschlossene MOB -Ger\u00e4t, das so programmiert ist, dass es auf die MOB -PGN reagiert, wird ausgel\u00f6st. <\/p>\n<p>&nbsp;<\/p>\n<p>AIS -Sicherheitsmeldung (PGN 129802) \u2013 Dieser Alarm emuliert die Meldung, die von einem EPIRB oder SART-Ger\u00e4t mit AIS VHF-Unterst\u00fctzung empfangen w\u00fcrde. Die Meldung ist nur intern und wird nicht vom Schiff aus gesendet. Die Meldung enth\u00e4lt die GPS Position des Schiffes zum Zeitpunkt der Alarmausl\u00f6sung. Der Kartenplotter kann dann die MOB Markierung setzen.   <\/p>\n<p>&nbsp;<\/p>\n<h3>Drahtloser Notausschalter f\u00fcr beispiellose Sicherheit<\/h3>\n<p>Ein drahtloser Notausschalter ist ein wichtiges Sicherheitsmerkmal auf jedem Motorboot, und der OLAS N2K bietet in dieser Hinsicht au\u00dfergew\u00f6hnliche Funktionalit\u00e4t. Hier erfahren Sie, warum ein drahtloser Notausschalter so vorteilhaft ist: <\/p>\n<ul>\n<li>Sicherheit des Bedieners: Wenn der Bediener \u00fcber Bord f\u00e4llt oder unerwartet vom Boot geschleudert wird, schaltet der OLAS N2K den Motor automatisch ab, wodurch Unf\u00e4lle verhindert und Rettungseins\u00e4tze erleichtert werden.<\/li>\n<li>Not-Aus: In Gefahrensituationen wie Kollisionen erm\u00f6glicht der kabellose Notausschalter ein sofortiges Abschalten des Motors und verhindert so weitere Sch\u00e4den oder Verletzungen.<\/li>\n<li>Schutz der Besatzung: Erweitern Sie die Sicherheitsvorteile f\u00fcr Passagiere und Besatzungsmitglieder, indem Sie sie mit separaten Tags ausstatten, die bei Bedarf auch den Motor stoppen k\u00f6nnen.<\/li>\n<li>Einhaltung gesetzlicher Vorschriften: Viele Wassersportbeh\u00f6rden schreiben in bestimmten Situationen den Einsatz von Notausschaltern vor. Der OLAS N2K gew\u00e4hrleistet die Einhaltung dieser Vorschriften und vermeidet Bu\u00dfgelder oder Strafen. <\/li>\n<\/ul>\n<p>&nbsp;<\/p>\n<h3>Einfache Installation und Integration f\u00fcr MOB -Warnungen<\/h3>\n<p>Dank der NMEA 2000-Anbindung ist die Installation des OLAS N2K kinderleicht. Er l\u00e4sst sich nahtlos in das bestehende NMEA 2000-Netzwerk Ihres Schiffes integrieren und erm\u00f6glicht so eine unkomplizierte Einrichtung. Der OLAS N2K ist mit einer Vielzahl von Kartenplottern und Multifunktionsdisplays kompatibel und erm\u00f6glicht Ihnen die einfache Anzeige und Reaktion auf Warnmeldungen.  <\/p>\n<p>&nbsp;<\/p>\n<h3>Anpassbare Tag-Modi f\u00fcr mehr Flexibilit\u00e4t<\/h3>\n<p>Der OLAS N2K bietet drei benutzerw\u00e4hlbare Tag-Modi, mit denen Sie das Ger\u00e4t an Ihre individuellen Bed\u00fcrfnisse anpassen k\u00f6nnen. Mit der OLAS -App k\u00f6nnen Sie m\u00fchelos zwischen den Modi wechseln. Hier ist eine \u00dcbersicht der Tag-Modi:  <\/p>\n<ul>\n<li>Standardmodus: Ideal f\u00fcr gr\u00f6\u00dfere Motor- und Segelschiffe. Dieser Modus l\u00f6st Alarme f\u00fcr die verbleibende Besatzung aus und schaltet gleichzeitig den Motor ab. So wird sichergestellt, dass alle benachrichtigt werden und das Schiff unter Kontrolle ist. <\/li>\n<li>Crew-Tag-Modus: Empfohlen f\u00fcr Besatzung und Passagiere auf Motor- und Segelbooten. Dieser Modus alarmiert die verbleibende Besatzung, ohne den Motor abzustellen. Er erm\u00f6glicht sofortige Rettungsma\u00dfnahmen. <\/li>\n<li>Helm-Tag-Modus: Dieser Modus wurde speziell f\u00fcr Motorboote unter 10,7 m entwickelt und fungiert als Notstopp-Funktion. Er stoppt das Boot, wenn der Tag eine einstellbare Entfernung vom Hub \u00fcberschreitet. In diesem Modus kann der Benutzer das Boot verlassen und wieder zur\u00fcckkehren, ohne den Alarm auszul\u00f6sen. Er l\u00f6st keine MOB Alarme aus und sollte nicht als MOB Alarmsystem verwendet werden.  <\/li>\n<\/ul>\n<h3><\/h3>\n<h3>Leistungsstarke OLAS -App-Funktionen f\u00fcr zus\u00e4tzliche Sicherheit<\/h3>\n<p>Die OLAS -App bietet zus\u00e4tzliche Funktionen, die Ihre Sicherheit auf dem Wasser weiter erh\u00f6hen:<\/p>\n<ul>\n<li>Solo-Modus: F\u00fcr Bootsfahrer, die in K\u00fcstenn\u00e4he oder auf Schiffen mit Offshore-Konnektivit\u00e4t unterwegs sind, erm\u00f6glicht der Solo-Modus automatische SOS-Nachrichten. Im Falle eines MOB -Ereignisses wird eine Notruf-SMS mit wichtigen Informationen zu Ihrem Schiff an Ihre zuvor eingegebene Notrufnummer gesendet. <\/li>\n<li>R\u00fcckverfolgung und zuletzt gesehener Standort: Die OLAS App generiert einen leicht verst\u00e4ndlichen Richtungspfeil und eine Entfernungsaufzeichnung, um Rettungskr\u00e4ften die R\u00fcckkehr zum MOB Standort zu erleichtern. Breiten- und L\u00e4ngengrad des MOB Alarms werden ebenfalls angezeigt, was eine effektive Koordination mit Rettungsdiensten oder Schiffen in der N\u00e4he erm\u00f6glicht. <\/li>\n<li>Automatische UKW-Mayday-Informationen: Die App generiert automatisch ein UKW-Skript mit den Informationen zu Ihrem Schiff und den zuletzt gesehenen Standortdaten. Dies gew\u00e4hrleistet einen pr\u00e4zisen Mayday-Ruf \u00fcber UKW und maximiert Ihre Chancen auf eine schnelle Rettung. <\/li>\n<\/ul>\n<p>&nbsp;<\/p>\n<p><strong>Im Lieferumfang enthalten:<\/strong> OLAS N2K, NMEA 2000-Verbindungskabel (1&nbsp;m), Steuerschalter aus Edelstahl (0,5&nbsp;m), Motoranschlusskabel (0,5&nbsp;m) + 3&nbsp;Marinestecker, OLAS T2-Tag + USB-Ladeger\u00e4t + Silikonband + Umh\u00e4ngeband, Benutzerhandbuch.<\/p>\n","protected":false},"excerpt":{"rendered":"<p>Verbessern Sie Ihr Bootserlebnis und sorgen Sie mit dem OLAS N2K f\u00fcr Ihre Sicherheit und die Ihrer Crew. Dieses bemerkenswerte Ger\u00e4t dient als MOB Alarm, drahtloser Motor-Notausschalter oder beides. Durch die Integration in das NMEA 2000-Netzwerk bietet es eine umfassende Sicherheitsl\u00f6sung. Es gew\u00e4hrleistet die schnelle und effektive Kommunikation MOB -Warnungen \u00fcber die Schiffssysteme und verbessert so die allgemeine Sicherheit und Reaktionsf\u00e4higkeit der Crew. <\/p>\n<p>&nbsp;<\/p>\n<h4 class=\"Title\">Produktkompatibilit\u00e4t:<\/h4>\n<div class=\"Content\" data-height-match-group=\"\"><span class=\"FeatureName\">OLAS T2,<\/span> <span class=\"FeatureName\">OLAS Tag, OLAS FloatOn und OLAS Extender<\/span><\/div>\n<div data-height-match-group=\"\"><\/div>\n<div data-height-match-group=\"\"><a href=\"https:\/\/www.dropbox.com\/s\/fk04stqsp2hgk5f\/Prop%2065%20-%20DEHP.pdf?dl=0\">WARNUNG: PROP 65<\/a><\/div>\n<p>&nbsp;<\/p>\n","protected":false},"featured_media":163620,"template":"","meta":{"_acf_changed":false,"om_disable_all_campaigns":false},"product_brand":[],"product_cat":[6024,6023,6026,5636,6025],"product_tag":[12396,15109,14885,15115,15119,12237,15105,15103,11176,11878,15111,11868,15095,15097,15107,15099,15101,15113,11847,14898,15117,15093,15121],"class_list":{"0":"post-159238","1":"product","2":"type-product","3":"status-publish","4":"has-post-thumbnail","6":"product_cat-in-kustennahe","7":"product_cat-inland-de","8":"product_cat-kommerziell","9":"product_cat-marine-de","10":"product_cat-vor-der-kuste","11":"product_tag-bluetooth-de","12":"product_tag-drahtlose-motorabschaltung","13":"product_tag-exposure-de","14":"product_tag-kartenplotter","15":"product_tag-kartenplotter-fur-boote","16":"product_tag-mann-uber-bord-de","17":"product_tag-mann-uber-bord-alarm-de","18":"product_tag-mann-uber-bord-alarm","19":"product_tag-mob-de","20":"product_tag-motor-abgestellt","21":"product_tag-motor-ausschalter","22":"product_tag-motor-notausschalter","23":"product_tag-n2k-de","24":"product_tag-nmea-2000-de","25":"product_tag-nmea-mob-alarm-de","26":"product_tag-nmea2000-de","27":"product_tag-notausschalter","28":"product_tag-notruf-fur-boote","29":"product_tag-olas-de","30":"product_tag-olas-bluetooth-de","31":"product_tag-seekartenplotter","32":"product_tag-uscg-de","33":"product_tag-yachtkartenplotter","35":"first","36":"instock","37":"taxable","38":"shipping-taxable","39":"purchasable","40":"product-type-simple"},"acf":[],"_links":{"self":[{"href":"https:\/\/www.acrartex.com\/de\/wp-json\/wp\/v2\/product\/159238","targetHints":{"allow":["GET"]}}],"collection":[{"href":"https:\/\/www.acrartex.com\/de\/wp-json\/wp\/v2\/product"}],"about":[{"href":"https:\/\/www.acrartex.com\/de\/wp-json\/wp\/v2\/types\/product"}],"wp:featuredmedia":[{"embeddable":true,"href":"https:\/\/www.acrartex.com\/de\/wp-json\/wp\/v2\/media\/163620"}],"wp:attachment":[{"href":"https:\/\/www.acrartex.com\/de\/wp-json\/wp\/v2\/media?parent=159238"}],"wp:term":[{"taxonomy":"product_brand","embeddable":true,"href":"https:\/\/www.acrartex.com\/de\/wp-json\/wp\/v2\/product_brand?post=159238"},{"taxonomy":"product_cat","embeddable":true,"href":"https:\/\/www.acrartex.com\/de\/wp-json\/wp\/v2\/product_cat?post=159238"},{"taxonomy":"product_tag","embeddable":true,"href":"https:\/\/www.acrartex.com\/de\/wp-json\/wp\/v2\/product_tag?post=159238"}],"curies":[{"name":"wp","href":"https:\/\/api.w.org\/{rel}","templated":true}]}}