{"id":159171,"date":"2024-06-11T14:16:22","date_gmt":"2024-06-11T19:16:22","guid":{"rendered":"https:\/\/www.acrartex.com\/products\/exposure-olas-core-kompaktes-tragbares-ueberbord-alarm-und-notlichtsystem\/"},"modified":"2025-11-26T07:05:45","modified_gmt":"2025-11-26T12:05:45","slug":"exposure-olas-core-kompaktes-tragbares-ueberbord-alarm-und-notlichtsystem","status":"publish","type":"product","link":"https:\/\/www.acrartex.com\/de\/products\/exposure-olas-core-kompaktes-tragbares-ueberbord-alarm-und-notlichtsystem\/","title":{"rendered":"EXPOSURE OLAS CORE \u2013 Kompaktes tragbares \u00dcberbord-Alarm- und Notlichtsystem"},"content":{"rendered":"<h3 class=\"title\">Was es bewirkt<\/h3>\n<p>Der Core verfolgt drahtlos OLAS -Sender rund um das Schiff. F\u00e4llt eine Person mit einem Sender \u00fcber Bord, wird der eingebaute Alarm ausgel\u00f6st. Ein leistungsstarkes rotes Notfalllicht gibt innerhalb von 4 Sekunden eine optische Anzeige und beleuchtet die Umgebung. <\/p>\n<p>Der Core l\u00f6st nicht nur den Alarm aus, sondern verbindet sich auch mit der kostenlosen mobilen OLAS -Anwendung und bietet einen leicht lesbaren Pfeil zur\u00fcck zur Alarmposition sowie wichtige Informationen zur letzten bekannten MOB -Position und automatisch ausgef\u00fcllte VHF-Eingabeaufforderungsbildschirme, um die Besatzung w\u00e4hrend des Stresses einer Bergungsoperation zu unterst\u00fctzen.<\/p>\n<p>&nbsp;<\/p>\n<h3>Warum den OLAS CORE verwenden?<\/h3>\n<p>Der Core gibt Kapit\u00e4nen die volle Gewissheit, dass im Falle eines MOB -Vorfalls die gesamte Besatzung sofort alarmiert wird und sofortige Rettungsma\u00dfnahmen ergreifen kann.<\/p>\n<p>Der Verlust eines Besatzungsmitglieds \u00fcber Bord ist der schlimmste Albtraum eines jeden Seglers. Je gr\u00f6\u00dfer das Boot, desto schwieriger kann es sein, sofort zu erkennen, dass ein MOB Vorfall stattgefunden hat, insbesondere im Dunkeln, wenn sich Besatzungsmitglieder vor dem Mast befinden. <\/p>\n<p>Selbst unter harmlosen Bedingungen kann es leicht passieren. Das Tragen einer physischen Leine ist zwar ratsam, aber nicht immer praktikabel. Tats\u00e4chlich hat sich gezeigt, dass ein \u00dcberbordfallen an einer Leine keine \u00dcberlebensgarantie darstellt, wenn das Boot mit voller Geschwindigkeit unterwegs ist und der Skipper den Vorfall nicht sofort bemerkt. <\/p>\n<p>&nbsp;<\/p>\n<h3>F\u00fcr wen ist es geeignet?<\/h3>\n<p>Der Core verbindet sich \u00fcber tragbare OLAS Tag-Sender mit 25 Besatzungsmitgliedern und bildet so eine virtuelle Lebensader. Gr\u00f6\u00dfere Schiffe k\u00f6nnen mit einem OLAS Extender ausgestattet werden, der die Reichweite von 15 auf 30 Meter erh\u00f6ht. Geeignet f\u00fcr alle, die auf dem Wasser unterwegs sind und zus\u00e4tzliche Sicherheit und ein gutes Gef\u00fchl suchen. Die OLAS -Tags sind kompakt, leicht und verf\u00fcgen \u00fcber austauschbare Batterien. Sie eignen sich f\u00fcr Erwachsene, Kinder, Haustiere oder wichtige Gegenst\u00e4nde, die \u00fcber Bord fallen k\u00f6nnten.   <\/p>\n<p>&nbsp;<\/p>\n<h3>Kernvorteile<\/h3>\n<div class=\"col-sm-6 col-xs-12\">\n<p><strong>OLAS -Integration  <\/strong><\/p>\n<p>Alle OLAS Sendeger\u00e4te, die OLAS -Tags und das OLAS Float-On-LED-Licht in Reichweite k\u00f6nnen vom CORE verfolgt werden. Dadurch kann sich die Besatzung frei auf dem Deck bewegen und darauf vertrauen, dass sie bei einem MOB -Vorfall sofort von einem Fr\u00fchwarnsystem benachrichtigt wird, sodass eine schnelle Bergung erfolgen kann.<\/p>\n<p><strong>Verbindet sich mit 25 OLAS -Sendern ( OLAS -Tags oder OLAS Float-On)<\/strong><\/p>\n<p>Durch den Anschluss von bis zu 25 OLAS -Sendern kann der CORE auch an Bord gr\u00f6\u00dferer Schiffe eingesetzt werden. OLAS -Sender sind nicht nur f\u00fcr die Besatzung konzipiert. Durch einfaches Anbringen eines Senders an Objekten wie MOB Schwimmhilfen, dem Hund oder einem Yachttender k\u00f6nnen Sie jederzeit erkennen, ob etwas verloren gegangen ist. <\/p>\n<p><strong>Extender-kompatibel<\/strong><\/p>\n<p>Ein OLAS Extender, der ebenfalls \u00fcber 5 V USB mit Strom versorgt wird und \u00fcber einen internen Akku verf\u00fcgt, kann zur Abdeckung von Bereichen eingesetzt werden, in denen das Sendersignal m\u00f6glicherweise blockiert ist. Dies erm\u00f6glicht vollst\u00e4ndige Skalierbarkeit und Portabilit\u00e4t f\u00fcr Schiffe bis zu 80 Fu\u00df L\u00e4nge. <\/p>\n<p><strong>Tragbar mit geringem Stromverbrauch \u2013 5 V USB<\/strong><\/p>\n<p>Das tragbare Modul wird \u00fcber eine 5-V-USB-Stromversorgung mit Strom versorgt, sodass es auf verschiedenen Schiffen verwendet werden kann, ohne dass eine feste Verkabelung erforderlich ist.<\/p>\n<\/div>\n<div class=\"col-sm-6 col-xs-12\">\n<p><strong>Eingebauter Alarm<\/strong><\/p>\n<p>Ein 85-dB-Alarm signalisiert, dass ein OLAS Sender die Reichweite verl\u00e4sst. Der CORE kann mit der OLAS -App verkn\u00fcpft werden, sodass Alarme an zwei Stellen auf dem Schiff platziert werden k\u00f6nnen. <\/p>\n<p><strong>Eingebautes Notlicht<\/strong><\/p>\n<p>Ein leistungsstarkes rotes Notfalllicht leuchtet auf und bietet eine klare visuelle Anzeige eines Alarms. Gleichzeitig dient es als Licht, um den Bereich zu beleuchten und so nachts die Bergung zu erleichtern.<\/p>\n<p><strong>System-Feedback<\/strong><\/p>\n<p>Der CORE zeigt w\u00e4hrend des Einrichtungsvorgangs deutlich an, wie viele OLAS Sender angeschlossen sind. Sender k\u00f6nnen entweder \u00fcber die mobile App oder durch einen einfachen integrierten Umschaltvorgang zum System hinzugef\u00fcgt\/entfernt werden. <\/p>\n<\/div>\n<h3>Funktionen der mobilen App<\/h3>\n<p>Der Core l\u00e4sst sich einfach \u00fcber die OLAS -App bedienen, die kostenlos im App Store f\u00fcr iOS und im Google Play Store f\u00fcr Android heruntergeladen werden kann. Die OLAS -App ben\u00f6tigt mindestens iOS 11 oder Android 5.1. Die OLAS -App ist ein leistungsstarkes Tool zur Steuerung der Core-Funktionen und zur schnellen Rettung. Die App bietet folgende Funktionen:   <\/p>\n<ul>\n<li>\u00dcberwachen Sie alle OLAS Sender, die verfolgt werden.<\/li>\n<li>Passen Sie die Namen OLAS -Sender an, um deren Zuordnung zu vereinfachen.<\/li>\n<li>\u00dcberpr\u00fcfen Sie den Batteriestatus f\u00fcr OLAS -Sender<\/li>\n<li>Neue OLAS -Sender zum System hinzuf\u00fcgen<\/li>\n<li>Passen Sie die Zeit zwischen 2 und 15 Sekunden an, bevor der Core auf einen \u00fcber Bord gegangenen Sender reagiert, und erm\u00f6glichen Sie so mehr Freiheit bei gr\u00f6\u00dferen Schiffen.<\/li>\n<li>Der externe Alarmmodus aktiviert den eingebauten Schalter, bis er manuell deaktiviert wird. Dadurch k\u00f6nnen externe Hochleistungsalarme in Reihe geschaltet werden. <\/li>\n<li>Den Alarmzustand unterbrechen<\/li>\n<li>Ausl\u00f6sen des externen Alarms, wenn sich ein Tag-Tr\u00e4ger au\u00dferhalb der Reichweite des Core und Ihres Mobilger\u00e4ts befindet.<\/li>\n<li>Passen Sie die Zeit an, bevor der Abschaltschalter oder Alarm ausgel\u00f6st wird \u2013 f\u00fcr mehr Freiheit<\/li>\n<li>Alarm und Vibration mit maximaler Lautst\u00e4rke auf Ihrem Mobiltelefon, synchronisiert mit dem Core.<\/li>\n<li>Anzeige, welcher Sender den Alarm ausgel\u00f6st hat.<\/li>\n<li>Notieren Sie den GPS -Standort des Alarmausl\u00f6sers. \u2022 Klare F\u00fchrung zur\u00fcck zum GPS -Standort des Alarmausl\u00f6sers.<\/li>\n<li>Klare Anzeige der Uhrzeit und GPS Standorts des Alarmausl\u00f6sers sowie des aktuellen Standorts des Benutzers.<\/li>\n<li>VHF-Notfallskript mit automatisch eingegebenen GPS -Koordinaten und benutzerdefinierten Schiffsinformationen im Solo-Modus.<\/li>\n<li>Entwickelt f\u00fcr alleinige Bootsfahrten innerhalb der 2G-Mobilfunkreichweite oder Offshore-WLAN. Der Solo-Modus sendet automatisch eine SMS mit Ihrem Standort und der Uhrzeit des Vorfalls an eine benutzerdefinierte Nummer. Bei erfolgreicher Selbstrettung wird automatisch eine SMS gesendet, die den Alarm abbricht.  <\/li>\n<\/ul>\n<h3 class=\"title\">Aufbau und Montage<\/h3>\n<ul>\n<li>USB-Anschluss \u2013 einfach an eine beliebige 5-V-USB-Stromversorgung anschlie\u00dfen und mit der Verfolgung beginnen (Hinweis: Aufgrund des geringen Stromverbrauchs nicht mit allen tragbaren Powerbanks kompatibel)<\/li>\n<li>Automatisches Einschalten.<\/li>\n<li>Keine Verbindungswarnung \u2013 automatische Warnung, wenn keine OLAS Sender in Reichweite sind, und Aufforderung zur Einrichtung.<\/li>\n<li>Befestigungsl\u00f6cher f\u00fcr dauerhafte Befestigung \u2022 Bandnut f\u00fcr semipermanente Befestigung.<\/li>\n<\/ul>\n","protected":false},"excerpt":{"rendered":"<p>Der Core ist ein kompaktes, tragbares \u00dcberbordalarm- und Notlichtsystem. Es reagiert innerhalb von 2 Sekunden, wenn eine Person \u00fcber Bord f\u00e4llt, und l\u00e4sst sich problemlos zwischen Schiffen umschalten, ohne dass eine zeit- und kostenintensive Kabelinstallation erforderlich ist. Der Core kann mit bis zu 25 OLAS -Sendern verbunden werden und deckt ein Schiff bis zu 15 Metern ab.  <\/p>\n<p><a href=\"https:\/\/www.dropbox.com\/s\/fk04stqsp2hgk5f\/Prop%2065%20-%20DEHP.pdf?dl=0\">WARNUNG: PROP 65<\/a><\/p>\n","protected":false},"featured_media":164631,"template":"","meta":{"_acf_changed":false,"om_disable_all_campaigns":false},"product_brand":[],"product_cat":[6024,6023,6026,5636,6025],"product_tag":[12396,14889,11835,11185,11825,11176],"class_list":{"0":"post-159171","1":"product","2":"type-product","3":"status-publish","4":"has-post-thumbnail","6":"product_cat-in-kustennahe","7":"product_cat-inland-de","8":"product_cat-kommerziell","9":"product_cat-marine-de","10":"product_cat-vor-der-kuste","11":"product_tag-bluetooth-de","12":"product_tag-bluetooth-mann-uber-bord-alarm","13":"product_tag-gps-ortung","14":"product_tag-mann-uber-bord","15":"product_tag-mann-uber-bord-system","16":"product_tag-mob-de","17":"pa_product-signalprodukte-de","18":"pa_terrain-flusse-feuchtgebiete-seen-de","20":"first","21":"instock","22":"taxable","23":"shipping-taxable","24":"purchasable","25":"product-type-simple"},"acf":[],"_links":{"self":[{"href":"https:\/\/www.acrartex.com\/de\/wp-json\/wp\/v2\/product\/159171","targetHints":{"allow":["GET"]}}],"collection":[{"href":"https:\/\/www.acrartex.com\/de\/wp-json\/wp\/v2\/product"}],"about":[{"href":"https:\/\/www.acrartex.com\/de\/wp-json\/wp\/v2\/types\/product"}],"wp:featuredmedia":[{"embeddable":true,"href":"https:\/\/www.acrartex.com\/de\/wp-json\/wp\/v2\/media\/164631"}],"wp:attachment":[{"href":"https:\/\/www.acrartex.com\/de\/wp-json\/wp\/v2\/media?parent=159171"}],"wp:term":[{"taxonomy":"product_brand","embeddable":true,"href":"https:\/\/www.acrartex.com\/de\/wp-json\/wp\/v2\/product_brand?post=159171"},{"taxonomy":"product_cat","embeddable":true,"href":"https:\/\/www.acrartex.com\/de\/wp-json\/wp\/v2\/product_cat?post=159171"},{"taxonomy":"product_tag","embeddable":true,"href":"https:\/\/www.acrartex.com\/de\/wp-json\/wp\/v2\/product_tag?post=159171"}],"curies":[{"name":"wp","href":"https:\/\/api.w.org\/{rel}","templated":true}]}}