{"id":159168,"date":"2024-08-16T14:07:16","date_gmt":"2024-08-16T19:07:16","guid":{"rendered":"https:\/\/www.acrartex.com\/products\/exposure-olas-t2-tragbarer-und-wasserdichter-wiederaufladbarer-tag-mann-ueber-bord-alarmsender\/"},"modified":"2025-07-24T13:09:48","modified_gmt":"2025-07-24T18:09:48","slug":"exposure-olas-t2-tragbarer-und-wasserdichter-wiederaufladbarer-tag-mann-ueber-bord-alarmsender","status":"publish","type":"product","link":"https:\/\/www.acrartex.com\/de\/products\/exposure-olas-t2-tragbarer-und-wasserdichter-wiederaufladbarer-tag-mann-ueber-bord-alarmsender\/","title":{"rendered":"EXPOSURE OLAS T2 Tragbarer und wasserdichter wiederaufladbarer Tag \u2013 Mann-\u00fcber-Bord-Alarmsender"},"content":{"rendered":"<p>In Kombination mit dem OLAS Guardian oder dem OLAS N2K kann der T2 bei Verwendung mit OLAS Smart Lock auch zum Stoppen und Verriegeln Ihrer Motoren verwendet werden.<\/p>\n<p>Die OLAS T2 Tags sind mit allen OLAS Empf\u00e4ngern kompatibel. Sekunden nach der Verbindungsunterbrechung des Tags mit einem OLAS Empf\u00e4nger wird die Besatzung alarmiert. Bei bestehender Verbindung wird der MOB Rettungsbildschirm in der OLAS App aktiviert. <\/p>\n<p>Verfolgen Sie mehrere Tags, passen Sie die Namen an und \u00fcberwachen Sie die Akkulaufzeit in der OLAS App. Bis zu sechs OLAS T2 k\u00f6nnen direkt mit der mobilen OLAS App verfolgt werden. Bis zu 25 OLAS T2 k\u00f6nnen \u00fcber die OLAS Empf\u00e4nger, den Guardian oder den Core verfolgt werden.  <\/p>\n<p><strong>Verfolgen Sie OLAS -Sender direkt mit Ihrem Telefon \u2013 keine zus\u00e4tzliche Hardware erforderlich:<\/strong><\/p>\n<p>Die OLAS -App ist kostenlos f\u00fcr iOS- und Android-Ger\u00e4te erh\u00e4ltlich und erm\u00f6glicht die m\u00fchelose \u00dcberwachung von bis zu 6 OLAS Sendern. Sie ist ideal f\u00fcr Schiffe bis zu einer L\u00e4nge von 9 Metern und eine kosteng\u00fcnstige L\u00f6sung zur schnellen Selbstbergung \u2013 perfekt f\u00fcr Hochseesegelabenteuer allein oder mit kleiner Crew. <\/p>\n<p><strong>Freie Bewegung und gleichzeitig Sicherheit:<\/strong><\/p>\n<p>Kombinieren Sie OLAS -Sender mit Guardian- oder N2K-Motorstoppsystemen, um sie als drahtlose Notausschalter zu nutzen. So k\u00f6nnen Motorboot- und RIB-Fahrer ihr Boot sofort stoppen, wenn Kapit\u00e4n oder Besatzung getrennt werden. So werden Unf\u00e4lle durch unbemannte, unkontrollierte Boote verhindert. Dies ist eine unverzichtbare Sicherheitsl\u00f6sung f\u00fcr alleingesteuerte Motorboote und Fischerboote und bietet Bewegungsfreiheit rund um das Boot w\u00e4hrend des Betriebs.  <\/p>\n","protected":false},"excerpt":{"rendered":"<p>Der OLAS T2 ist ein wasserdichter, kompakter und wiederaufladbarer Sender, der von jedem OLAS Empf\u00e4nger geortet werden kann. Integrierte Vibrations- und Lichtanzeigen gew\u00e4hrleisten die Statusanzeige w\u00e4hrend des gesamten Betriebs. <\/p>\n<p>Wenn die Besatzung das Schiff verl\u00e4sst oder \u00fcber Bord geht, wird Alarm ausgel\u00f6st. OLAS bietet der verbleibenden Besatzung klare Anweisungen und unterst\u00fctzt so die erfolgreiche Bergung MOB und die Kommunikation mit den Rettungskr\u00e4ften. F\u00fcr mehr Flexibilit\u00e4t wird das T2 mit einem Silikonarmband und einem Sicherheitshalsband mit Silikonhalterung geliefert.  <\/p>\n<p><a href=\"https:\/\/www.dropbox.com\/s\/fk04stqsp2hgk5f\/Prop%2065%20-%20DEHP.pdf?dl=0\">WARNUNG: PROP 65<\/a><\/p>\n","protected":false},"featured_media":159188,"template":"","meta":{"_acf_changed":false,"om_disable_all_campaigns":false},"product_brand":[],"product_cat":[6024,6023,6026,5636,6025],"product_tag":[14916,14889,14920,14885,11847,14882,14898,14888,14893,14901,14924,14926,14913,14908,14904],"class_list":{"0":"post-159168","1":"product","2":"type-product","3":"status-publish","4":"has-post-thumbnail","6":"product_cat-in-kustennahe","7":"product_cat-inland-de","8":"product_cat-kommerziell","9":"product_cat-marine-de","10":"product_cat-vor-der-kuste","11":"product_tag-bluetooth-mann-uber-bord","12":"product_tag-bluetooth-mann-uber-bord-alarm","13":"product_tag-drahtloser-sender","14":"product_tag-exposure-de","15":"product_tag-olas-de","16":"product_tag-olas-tag-de","17":"product_tag-olas-bluetooth-de","18":"product_tag-olas-t2-de","19":"product_tag-olas-uhr","20":"product_tag-olas-sender-de","21":"product_tag-tragbarer-mob-sender","22":"product_tag-tragbares-mann-uber-bord-signal","23":"product_tag-wiederaufladbar","24":"product_tag-wiederaufladbarer-mann-uber-bord-sender","25":"product_tag-wiederaufladbares-etikett","27":"first","28":"instock","29":"taxable","30":"shipping-taxable","31":"purchasable","32":"product-type-simple"},"acf":[],"_links":{"self":[{"href":"https:\/\/www.acrartex.com\/de\/wp-json\/wp\/v2\/product\/159168","targetHints":{"allow":["GET"]}}],"collection":[{"href":"https:\/\/www.acrartex.com\/de\/wp-json\/wp\/v2\/product"}],"about":[{"href":"https:\/\/www.acrartex.com\/de\/wp-json\/wp\/v2\/types\/product"}],"wp:featuredmedia":[{"embeddable":true,"href":"https:\/\/www.acrartex.com\/de\/wp-json\/wp\/v2\/media\/159188"}],"wp:attachment":[{"href":"https:\/\/www.acrartex.com\/de\/wp-json\/wp\/v2\/media?parent=159168"}],"wp:term":[{"taxonomy":"product_brand","embeddable":true,"href":"https:\/\/www.acrartex.com\/de\/wp-json\/wp\/v2\/product_brand?post=159168"},{"taxonomy":"product_cat","embeddable":true,"href":"https:\/\/www.acrartex.com\/de\/wp-json\/wp\/v2\/product_cat?post=159168"},{"taxonomy":"product_tag","embeddable":true,"href":"https:\/\/www.acrartex.com\/de\/wp-json\/wp\/v2\/product_tag?post=159168"}],"curies":[{"name":"wp","href":"https:\/\/api.w.org\/{rel}","templated":true}]}}