{"id":159056,"date":"2024-10-30T08:21:41","date_gmt":"2024-10-30T13:21:41","guid":{"rendered":"https:\/\/www.acrartex.com\/products\/resqflare-pro-elektronische-led-notfackel-fuer-boote-mit-hoher-intensitaet\/"},"modified":"2026-03-06T10:49:39","modified_gmt":"2026-03-06T15:49:39","slug":"resqflare-pro-elektronische-led-notfackel-fuer-boote-mit-hoher-intensitaet","status":"publish","type":"product","link":"https:\/\/www.acrartex.com\/de\/products\/resqflare-pro-elektronische-led-notfackel-fuer-boote-mit-hoher-intensitaet\/","title":{"rendered":"ResQFlare PRO \u2013 Elektronische LED-Notfackel f\u00fcr Boote mit hoher Intensit\u00e4t"},"content":{"rendered":"<p>Die schwimmf\u00e4hige elektronische Bootsfackel ResQFlare PRO erf\u00fcllt die Anforderungen der RTCM 13200.0 und ist als elektronisches visuelles Notsignalger\u00e4t (eVDSD) klassifiziert. Sie nutzt mehrfarbige SOS-Notsignale, um eine h\u00f6here Leuchtkraft und eine deutlich bessere Lichtverteilung zu erzielen. Die Verwendung von rot-orangen und cyanfarbenen LEDs sorgt f\u00fcr verbesserte Sichtbarkeit auf dem Wasser, w\u00e4hrend die zus\u00e4tzliche Infrarot-Komponente (IR) die Sichtbarkeit bei Nachtsichtger\u00e4ten im Rettungsdienst weiter verbessert. <\/p>\n<p>Die elektronische Bootsfackel ResQFlare PRO erleichtert die Rettung, indem sie das f\u00fcr den internationalen Morsecode f\u00fcr SOS charakteristische Blinkmuster aussendet, wobei das erste \u201eS\u201c durch drei rot-orange LED-Blinken dargestellt wird, gefolgt vom \u201eO\u201c, das durch drei cyanfarbene LED-Blinken dargestellt wird, und dem abschlie\u00dfenden \u201eS\u201c, das durch weitere drei rot-orange LED-Blinken dargestellt wird. Gleichzeitig mit den sichtbaren rot-orangen und cyanfarben blinkenden LEDs blinkt die IR-Komponente dasselbe SOS-Muster, das f\u00fcr die Sichtbarkeit mit Nachtsichtger\u00e4ten (NVG) optimiert ist. Am beeindruckendsten ist vielleicht, dass das ResQFlare PRO trotz der gro\u00dfen Anzahl sichtbarer und IR-Blinksignale, der hohen Lichtintensit\u00e4t und des erreichten erheblichen Lichtverteilungsbereichs (Leuchtwinkel \u2265 180\u00b0) immer noch eine beeindruckende Betriebslebensdauer von mindestens drei Stunden erreicht (und damit die RTCM-Anforderungen um 50 % \u00fcbertrifft).  <\/p>\n<p><strong>HINWEIS: Befestigen Sie vor dem Einlegen der Batterien das Oberteil mithilfe der beigef\u00fcgten Kordel (unter dem Klettverschluss) am Befestigungspunkt unten am Batteriefach.<\/strong><\/p>\n<h4>Im Leistungsumfang enthalten<\/h4>\n<p>Die ResQFlare PRO Bootsfackel erf\u00fcllt auch die Anforderungen gem\u00e4\u00df <a href=\"https:\/\/www.ecfr.gov\/current\/title-46\/chapter-I\/subchapter-Q\/part-161\/subpart-161.013?toc=1\">46 CFR 161.013<\/a> und ist als zugelassenes visuelles Nachtnotsignal klassifiziert. Da eine Notflagge, die den Anforderungen von <a href=\"https:\/\/www.ecfr.gov\/current\/title-46\/chapter-I\/subchapter-Q\/part-160\/subpart-160.072\">46 CFR 160.072<\/a> entspricht, im Lieferumfang jedes ResQFlare PRO enthalten ist, wird den Benutzern auch ein zugelassenes visuelles Notsignal f\u00fcr den Tag zur Verf\u00fcgung gestellt (die Anforderung zum Mitf\u00fchren zugelassener visueller Notsignale f\u00fcr Tag und Nacht findet sich in 33 CFR Teil 175).<\/p>\n<p>Die mitgelieferte Notflagge bietet zahlreiche Signalisierungsm\u00f6glichkeiten bei Tageslicht. Sie kann am Mast befestigt oder einfach so hoch wie m\u00f6glich gehisst werden. Sie kann auch von Hand gehisst, an Gegenst\u00e4nden wie Bootshaken, Paddel oder Angelrute befestigt und geschwenkt oder flach auf dem Deck ausgelegt werden, um Flugzeuge anzulocken. Die Flagge sollte nur als Tagessignal verwendet werden. Bei korrekter Auslage sollte das schwarze Quadrat \u00fcber dem schwarzen Kreis liegen.   <\/p>\n<p>Neben der Seenotflagge sind auch eine Halterung und das dazugeh\u00f6rige Befestigungsmaterial im Lieferumfang enthalten, sodass der ResQFlare PRO bei Bedarf jederzeit griffbereit ist. Unter dem schwarzen Klettverschluss in der Mitte des Produkts befindet sich au\u00dferdem ein 1 Meter langes Trageband. Mit diesem Trageband kann der ResQFlare PRO im Notfall an einer Person oder einem Rettungsflo\u00df befestigt werden.  <\/p>\n<h4>Bef\u00f6rderungsanforderungen<\/h4>\n<p>In den USA* k\u00f6nnen Bootsfahrer durch das gemeinsame Mitf\u00fchren der ResQFlare PRO-Bootsfackel und der Notflagge auf die Pflicht zu traditionellen pyrotechnischen Leuchtsignalen verzichten, wenn sie sich auf Freizeitbooten bis zu einer L\u00e4nge von 65 Fu\u00df, auf den Gro\u00dfen Seen, in einem Umkreis von 12 Meilen um US-Gew\u00e4sser oder auf Gew\u00e4ssern mit einem mindestens drei Kilometer breiten Durchgang zum Meer befinden. Boote unter 16 Fu\u00df L\u00e4nge m\u00fcssen tags\u00fcber kein optisches Notsignal mitf\u00fchren, m\u00fcssen aber dennoch ein optisches Notsignal f\u00fcr die Nacht mitf\u00fchren. Damit ist die ResQFlare PRO auch f\u00fcr Boote dieser Gr\u00f6\u00dfe eine mehr als praktikable Alternative zu pyrotechnischen Leuchtsignalen. <\/p>\n<p>Hinweis: In Kanada kann das ResQFlare PRO anstelle von pyrotechnischen Leuchtraketen auf Sportbooten mitgef\u00fchrt werden (Richtlinie TP 13585 E), sofern ein zugelassenes Rauchsignal (zur Alarmierung am Tag) mitgef\u00fchrt wird.<\/p>\n<p>Mit einer gleichm\u00e4\u00dfigen Lichtverteilung \u00fcber einen betr\u00e4chtlichen Bereich** und einer 15-mal l\u00e4ngeren Brenndauer als bei durchschnittlichen pyrotechnischen Leuchtfackeln*** ist die elektronische Leuchtfackel ResQFlare PRO eindeutig die \u201ehellste\u201c Wahl, die man treffen kann.<\/p>\n<p>&nbsp;<\/p>\n<p>*F\u00fcr Zulassungen in anderen L\u00e4ndern beachten Sie bitte die Anforderungen der jeweiligen nationalen Beh\u00f6rde, um deren spezifische Akzeptanz eines eVDSD gem\u00e4\u00df RTCM 13200.00 zu erfahren.<\/p>\n<p>**Leuchtwinkel \u2265 180\u00b0<\/p>\n<p>***Basierend auf dem Transport von 4 pyrotechnischen Leuchtraketen mit einer durchschnittlichen Brenndauer von jeweils 3 Minuten<\/p>\n<p>&nbsp;<\/p>\n<p>Weitere Informationen zu elektronischen Leuchtfackeln (E-Flares) f\u00fcr den Schiffsverkehr finden Sie in unserem Blog-Artikel \u00fcber die <a href=\"https:\/\/www.acrartex.com\/de\/news\/gesetzliche-anforderungen-fuer-elektronische-bootsfackeln\/\">gesetzlichen Anforderungen f\u00fcr elektronische Leuchtfackeln f\u00fcr Boote.<\/a><\/p>\n<p>&nbsp;<\/p>\n<h4><strong>Funktionen und Vorteile:<\/strong><\/h4>\n<p>&nbsp;<\/p>\n<ul>\n<li>Erf\u00fcllt den RTCM-Standard 13200.0 f\u00fcr eVDSDs<\/li>\n<li>Die elektronische Bootsfackel ResQFlare PRO und die mitgelieferte Notflagge k\u00f6nnen, wenn sie zusammen mitgef\u00fchrt werden, als Ersatz f\u00fcr die Bef\u00f6rderung pyrotechnischer Fackeln der USCG (nur USA) gelten.<\/li>\n<li>Helles Licht in alle Richtungen (360\u00b0 Sichtbarkeit und Leuchtwinkel \u2265 180\u00b0)<\/li>\n<li>Richtet sich automatisch auf und schwimmt im Wasser (kein Auftriebs-\/Schwimmring erforderlich)<\/li>\n<li>Sichtbar \u00fcber 8 Meilen<\/li>\n<li>Vom Benutzer austauschbare 123-Lithiumbatterien (x8 \u2013 nicht im Lieferumfang enthalten)<\/li>\n<li>Maximale Lichtintensit\u00e4t&gt; 170 cd<\/li>\n<li>Durchschnittliche effektive Lichtintensit\u00e4t von 50 cd<\/li>\n<li>Die Betriebsdauer von 3 Stunden (bei mindestens 50 cd durchschnittlicher effektiver Lichtintensit\u00e4t) \u00fcbertrifft die RTCM-Anforderungen um 50 %<\/li>\n<li>Langlebiges Design: Getestet nach geltenden Umweltleistungsstandards in Bezug auf trockene Hitze, feuchte Hitze, niedrige Temperaturen, Thermoschock, St\u00fcrze, Vibrationen, Sonneneinstrahlung, Regen und Spritzwasser, Korrosion und EMV (gem\u00e4\u00df IEC 60945)<\/li>\n<li>Wasserdicht (IP67)<\/li>\n<li>Zertifiziert nach USCG 161.013 als visuelles Notsignal f\u00fcr die Nacht<\/li>\n<li>Enth\u00e4lt eine Notflagge (zertifiziert gem\u00e4\u00df USCG 160.072 als visuelles Notsignal am Tag), eine Montagehalterung und ein 1 m langes Schl\u00fcsselband (verborgen unter dem Klettverschluss)<\/li>\n<\/ul>\n<p>&nbsp;<\/p>\n<h4><strong> <\/strong><strong>Vorteile der elektronischen Bootsfackel ResQFlare PRO gegen\u00fcber herk\u00f6mmlichen pyrotechnischen Fackeln:<\/strong><\/h4>\n<p>&nbsp;<\/p>\n<ul>\n<li>Kein Ablaufdatum<\/li>\n<li>Familiensicher (keine brennende Flamme)<\/li>\n<li>Einfach zu bedienen (so dass im Notfall sogar Ihre Kinder und Bootsanf\u00e4nger es bedienen k\u00f6nnen)<\/li>\n<li>Keine Probleme mit den bestehenden strengen Entsorgungsvorschriften f\u00fcr pyrotechnische Leuchtraketen (rechtlich als gef\u00e4hrliche Stoffe eingestuft)<\/li>\n<li>Wasserdicht und schwimmf\u00e4hig<\/li>\n<li>Einmaliger Kauf (geringere Kosten \u00fcber die gesamte Lebensdauer des Produkts)<\/li>\n<li>2 verschiedene Methoden der Notsignalisierung in einem Produkt \u2013 Mehrfarbiges LED-Blitzlicht und Infrarot-LED-Blitzlicht<\/li>\n<li>M\u00f6glichkeit, die Betriebsdauer des Produkts im Notfall durch Batteriewechsel zu verl\u00e4ngern<\/li>\n<\/ul>\n","protected":false},"excerpt":{"rendered":"<p>Als Weiterentwicklung elektronischer Leuchtfackeln von ACR Electronics bietet die elektronische Bootsfackel ResQFlare PRO modernste SOS-Notsignaltechnologie. Durch die Verwendung rot-orangefarbener und cyanfarbener LEDs in Kombination mit einer Infrarot-Komponente (IR) bietet die ResQFlare PRO eine lange Brenndauer und gleichzeitig eine deutlich verbesserte Sichtbarkeit. <\/p>\n<p>Der ResQFlare PRO und die dazugeh\u00f6rige Flagge werden mit der mitgelieferten Tagesnotflagge verkauft und sind zertifiziert, um die geltenden Anforderungen der US-K\u00fcstenwache zu erf\u00fcllen. Sie k\u00f6nnen in den USA anstelle herk\u00f6mmlicher pyrotechnischer Leuchtraketen mitgef\u00fchrt werden.<\/p>\n<p><a href=\"https:\/\/www.dropbox.com\/s\/0ezw0kexbm120vv\/Prop%2065%20-%20Lead%20and%20Lead%20Compounds.pdf?dl=0\">WARNUNG: PROP 65<\/a><\/p>\n","protected":false},"featured_media":165555,"template":"","meta":{"_acf_changed":false,"om_disable_all_campaigns":false},"product_brand":[],"product_cat":[5687,6024,6023,5636,14693,6022,6558,7777,6025],"product_tag":[12435,12493,12504,12421,12406,12450,12551,12536,12475,12584,12524,13850,12463,13860,12574,12564,12513],"class_list":{"0":"post-159056","1":"product","2":"type-product","3":"status-publish","4":"has-post-thumbnail","6":"product_cat-im-freien","7":"product_cat-in-kustennahe","8":"product_cat-inland-de","9":"product_cat-marine-de","10":"product_cat-marine-sicherheitskits","11":"product_cat-militar-de","12":"product_cat-sicherheitszubehor","13":"product_cat-signalprodukte-de","14":"product_cat-vor-der-kuste","15":"product_tag-aufflackern","16":"product_tag-bootsfackel","17":"product_tag-bootsfackeln","18":"product_tag-e-flare-de","19":"product_tag-elektronisches-leuchtsignal","20":"product_tag-fackeln","21":"product_tag-handfackel","22":"product_tag-led-fackel","23":"product_tag-led-notsignal","24":"product_tag-leuchtpistole","25":"product_tag-marine-fackel","26":"product_tag-notfackeln","27":"product_tag-notsignal-de-2","28":"product_tag-orion-flare-de","29":"product_tag-rauchfackel","30":"product_tag-rote-fackel","31":"product_tag-signalfackeln","33":"first","34":"instock","35":"taxable","36":"shipping-taxable","37":"purchasable","38":"product-type-simple"},"acf":[],"_links":{"self":[{"href":"https:\/\/www.acrartex.com\/de\/wp-json\/wp\/v2\/product\/159056","targetHints":{"allow":["GET"]}}],"collection":[{"href":"https:\/\/www.acrartex.com\/de\/wp-json\/wp\/v2\/product"}],"about":[{"href":"https:\/\/www.acrartex.com\/de\/wp-json\/wp\/v2\/types\/product"}],"wp:featuredmedia":[{"embeddable":true,"href":"https:\/\/www.acrartex.com\/de\/wp-json\/wp\/v2\/media\/165555"}],"wp:attachment":[{"href":"https:\/\/www.acrartex.com\/de\/wp-json\/wp\/v2\/media?parent=159056"}],"wp:term":[{"taxonomy":"product_brand","embeddable":true,"href":"https:\/\/www.acrartex.com\/de\/wp-json\/wp\/v2\/product_brand?post=159056"},{"taxonomy":"product_cat","embeddable":true,"href":"https:\/\/www.acrartex.com\/de\/wp-json\/wp\/v2\/product_cat?post=159056"},{"taxonomy":"product_tag","embeddable":true,"href":"https:\/\/www.acrartex.com\/de\/wp-json\/wp\/v2\/product_tag?post=159056"}],"curies":[{"name":"wp","href":"https:\/\/api.w.org\/{rel}","templated":true}]}}