{"id":159042,"date":"2025-06-25T13:09:22","date_gmt":"2025-06-25T18:09:22","guid":{"rendered":"https:\/\/www.acrartex.com\/products\/neu-acr-dry-bag-leicht-wasserdicht-schwimmfaehig-und-kompakt-fuer-outdoor-abenteuer\/"},"modified":"2025-06-25T13:09:22","modified_gmt":"2025-06-25T18:09:22","slug":"neu-acr-dry-bag-leicht-wasserdicht-schwimmfaehig-und-kompakt-fuer-outdoor-abenteuer","status":"publish","type":"product","link":"https:\/\/www.acrartex.com\/de\/products\/neu-acr-dry-bag-leicht-wasserdicht-schwimmfaehig-und-kompakt-fuer-outdoor-abenteuer\/","title":{"rendered":"NEU! ACR Dry Bag \u2013 Leicht, wasserdicht, schwimmf\u00e4hig und kompakt f\u00fcr Outdoor-Abenteuer"},"content":{"rendered":"<p><strong>Kompakter wasserdichter Trockensack<\/strong><\/p>\n<p data-start=\"201\" data-end=\"599\">Perfekt f\u00fcr Paddleboarding, Kajakfahren, Strandausfl\u00fcge oder jedes Outdoor-Abenteuer: Dieser kleine, wasserdichte Dry Bag sch\u00fctzt Ihre wichtigsten Dinge sicher, trocken und vor den Elementen. Er besteht aus strapazierf\u00e4higen, wasserdichten Materialien und verf\u00fcgt \u00fcber einen Rollverschluss, der Wasser, Sand und Schmutz abh\u00e4lt. Leicht und schwimmf\u00e4hig, schwimmt er sogar, wenn er ins Wasser f\u00e4llt \u2013 ideal f\u00fcr den Einsatz auf Seen, Fl\u00fcssen oder im Meer.  <\/p>\n<p data-start=\"601\" data-end=\"838\">Egal, ob Sie Ihr Telefon, Ihre Schl\u00fcssel, Snacks oder Wechselkleidung einpacken, dieser Trockensack ist praktisch und sorgt f\u00fcr ein sicheres Gef\u00fchl. Befestigen Sie ihn an Ihrer Ausr\u00fcstung oder tragen Sie ihn alleine \u2013 Ihre Sachen bleiben trocken, egal wohin Ihre Reise Sie f\u00fchrt. <\/p>\n<p data-start=\"840\" data-end=\"857\"><strong data-start=\"840\" data-end=\"857\">Hauptmerkmale:<\/strong><\/p>\n<ul data-start=\"858\" data-end=\"1135\">\n<li data-start=\"858\" data-end=\"913\">\n<p data-start=\"860\" data-end=\"913\">100 % wasserdichtes Design mit sicherem Rollverschluss<\/p>\n<\/li>\n<li data-start=\"914\" data-end=\"980\">\n<p data-start=\"916\" data-end=\"980\">Schwimmt sicher auf dem Wasser \u2013 perfekt zum Paddeln und Kajakfahren<\/p>\n<\/li>\n<li data-start=\"981\" data-end=\"1024\">\n<p data-start=\"983\" data-end=\"1024\">Leicht und kompakt f\u00fcr einfaches Reisen<\/p>\n<\/li>\n<li data-start=\"1025\" data-end=\"1078\">\n<p data-start=\"1027\" data-end=\"1078\">Robuste Konstruktion f\u00fcr den Au\u00dfenbereich<\/p>\n<\/li>\n<li data-start=\"1079\" data-end=\"1135\">\n<p data-start=\"1081\" data-end=\"1135\">Ideal, um Wertsachen bei jedem Abenteuer trocken zu halten<\/p>\n<\/li>\n<\/ul>\n","protected":false},"excerpt":{"rendered":"<p>Bewahren Sie Ihre wichtigsten Utensilien trocken und sicher auf mit diesem kompakten, <strong>wasserdichten<\/strong> Dry Bag \u2013 perfekt f\u00fcr Paddleboarding, Kajakfahren, Strandausfl\u00fcge und all Ihre Outdoor-Abenteuer. Diese wasserdichte Aufbewahrungsl\u00f6sung dient gleichzeitig als schwimmende Ausr\u00fcstungstasche und bietet leichten Schutz ohne viel Platz. Robust f\u00fcr jede Reise \u2013 ein langlebiger Reisebegleiter, auf den Sie sich verlassen k\u00f6nnen. Ob auf dem Wasser oder auf der Piste, dieser unverzichtbare Teil Ihrer Abenteuerausr\u00fcstung schwimmt f\u00fcr zus\u00e4tzliche Sicherheit.   <\/p>\n<p data-start=\"712\" data-end=\"728\">\n","protected":false},"featured_media":159043,"template":"","meta":{"_acf_changed":false,"om_disable_all_campaigns":false},"product_brand":[],"product_cat":[5687,5636],"product_tag":[14674,14677,9191,6334,14675,14673,14676,14678],"class_list":{"0":"post-159042","1":"product","2":"type-product","3":"status-publish","4":"has-post-thumbnail","6":"product_cat-im-freien","7":"product_cat-marine-de","8":"product_tag-kompakt-de","9":"product_tag-leicht","10":"product_tag-schwimmende-tasche","11":"product_tag-schwimmfahig","12":"product_tag-trockensack-zum-wandern","13":"product_tag-wasserdichter-trockensack","14":"product_tag-wassergrundlagen","15":"product_tag-wassersporttasche","17":"first","18":"instock","19":"featured","20":"taxable","21":"shipping-taxable","22":"purchasable","23":"product-type-simple"},"acf":[],"_links":{"self":[{"href":"https:\/\/www.acrartex.com\/de\/wp-json\/wp\/v2\/product\/159042","targetHints":{"allow":["GET"]}}],"collection":[{"href":"https:\/\/www.acrartex.com\/de\/wp-json\/wp\/v2\/product"}],"about":[{"href":"https:\/\/www.acrartex.com\/de\/wp-json\/wp\/v2\/types\/product"}],"wp:featuredmedia":[{"embeddable":true,"href":"https:\/\/www.acrartex.com\/de\/wp-json\/wp\/v2\/media\/159043"}],"wp:attachment":[{"href":"https:\/\/www.acrartex.com\/de\/wp-json\/wp\/v2\/media?parent=159042"}],"wp:term":[{"taxonomy":"product_brand","embeddable":true,"href":"https:\/\/www.acrartex.com\/de\/wp-json\/wp\/v2\/product_brand?post=159042"},{"taxonomy":"product_cat","embeddable":true,"href":"https:\/\/www.acrartex.com\/de\/wp-json\/wp\/v2\/product_cat?post=159042"},{"taxonomy":"product_tag","embeddable":true,"href":"https:\/\/www.acrartex.com\/de\/wp-json\/wp\/v2\/product_tag?post=159042"}],"curies":[{"name":"wp","href":"https:\/\/api.w.org\/{rel}","templated":true}]}}